{"id":3133,"date":"2023-02-05T14:17:22","date_gmt":"2023-02-05T13:17:22","guid":{"rendered":"https:\/\/maybeless-sugar.ch\/mehr-erfahren\/"},"modified":"2026-04-21T11:31:27","modified_gmt":"2026-04-21T09:31:27","slug":"mehr-erfahren","status":"publish","type":"page","link":"https:\/\/maybeless-sugar.ch\/de\/mehr-erfahren\/","title":{"rendered":"Mehr erfahren"},"content":{"rendered":"\n<div style=\"height:85px\" aria-hidden=\"true\" class=\"wp-block-spacer\"><\/div>\n<h1 class=\"has-text-align-center wp-block-post-title has-text-color has-custom-pink-color\">Mehr erfahren<\/h1>\n<div style=\"height:130px\" aria-hidden=\"true\" class=\"wp-block-spacer\"><\/div>\n\n<div class=\"wp-block-columns is-style-no-margin is-layout-flex wp-container-core-columns-is-layout-9d6595d7 wp-block-columns-is-layout-flex\">\n<div class=\"wp-block-column is-layout-flow wp-block-column-is-layout-flow\">\n<figure class=\"wp-block-image size-large\"><img decoding=\"async\" src=\"https:\/\/maybeless-sugar.ch\/wp-content\/uploads\/2025\/03\/MBLS_cards_DE-819x1024.png\" alt=\"\" class=\"wp-image-367\"\/><\/figure>\n<\/div>\n\n\n\n<div class=\"wp-block-column is-layout-flow wp-block-column-is-layout-flow\">\n<h2 class=\"wp-block-heading has-custom-pink-color has-text-color\">Was ist<br\/>MAYbe Less Sugar?<\/h2>\n\n\n\n<p>MAYbe Less Sugar ist eine Aktion, die in der Schweiz im Mai stattfindet.<br\/>Sie l\u00e4dt dazu ein, sich \u00fcber Zuckerzusatz zu informieren, wo und wie viel Zucker wir konsumieren, warum und wie wir ihn reduzieren k\u00f6nnen.<\/p>\n\n\n\n<div style=\"height:100px\" aria-hidden=\"true\" class=\"wp-block-spacer\"><\/div>\n\n\n\n<h2 class=\"wp-block-heading has-custom-pink-color has-text-color\">Wie funktioniert<br\/>?<\/h2>\n\n\n\n<p>Es ist ganz einfach. Wenn ich mich bei MAYbe Less Sugar anmelde, erfahre ich, wie viel Zuckerzusatz ich zu mir nehme, kann an Veranstaltungen teilnehmen und erhalte Tipps und Tricks, wie ich die Erfahrung machen kann, weniger s\u00fc\u00df zu essen und zu trinken. <\/p>\n\n\n\n<p>Nach dem Erfolg der j\u00e4hrlichen Ausgaben seit 2023, werden wir uns im Mai 2026 wiedersehen. Bis es wieder so weit ist, stehen Ihnen unsere Website und der Online-Rechner weiterhin zur Verf\u00fcgung: Sie verraten Ihnen, wie viel Zuckerzusatz Sie essen. Und nat\u00fcrlich haben wir viele Tipps f\u00fcr Sie, um Nahrungsmittel und Getr\u00e4nke mit weniger Zucker zu erproben!<\/p>\n\n\n\n<div class=\"wp-block-buttons is-layout-flex wp-block-buttons-is-layout-flex\">\n<div class=\"wp-block-button\"><a class=\"wp-block-button__link has-custom-pink-background-color has-background wp-element-button\" href=\"https:\/\/maybeless-sugar.ch\/de\/ich-mache-mit\/\">Ich melde mich an<\/a><\/div>\n<\/div>\n\n\n\n<div style=\"height:50px\" aria-hidden=\"true\" class=\"wp-block-spacer\"><\/div>\n<\/div>\n<\/div>\n\n<h2 class=\"wp-block-heading has-text-align-center tm-fat has-custom-pink-color has-text-color\">Warum sollte<br\/>daran teilnehmen?<\/h2>\n\n<h5 class=\"wp-block-heading has-text-align-center\">Wir haben bei ehemaligen Teilnehmenden nachgefragt<\/h5>\n\n<div style=\"height:60px\" aria-hidden=\"true\" class=\"wp-block-spacer\"><\/div>\n\n<div class=\"wp-block-columns is-layout-flex wp-container-core-columns-is-layout-9d6595d7 wp-block-columns-is-layout-flex\">\n<div class=\"wp-block-column is-layout-flow wp-block-column-is-layout-flow\">\n<style>.embed-container { position: relative; padding-bottom: 56.25%; height: 0; overflow: hidden; max-width: 100%; } .embed-container iframe, .embed-container object, .embed-container embed { position: absolute; top: 0; left: 0; width: 100%; height: 100%; }<\/style><div class=\"embed-container\"><iframe src=\"https:\/\/www.youtube.com\/embed\/vlKujm7TuYo\" frameborder=\"0\" allowfullscreen=\"\"><\/iframe><\/div>\n<\/div>\n\n\n\n<div class=\"wp-block-column is-layout-flow wp-block-column-is-layout-flow\">\n<style>.embed-container { position: relative; padding-bottom: 56.25%; height: 0; overflow: hidden; max-width: 100%; } .embed-container iframe, .embed-container object, .embed-container embed { position: absolute; top: 0; left: 0; width: 100%; height: 100%; }<\/style><div class=\"embed-container\"><iframe src=\"https:\/\/www.youtube.com\/embed\/_HYjTAEu2mg\" frameborder=\"0\" allowfullscreen=\"\"><\/iframe><\/div>\n<\/div>\n\n\n\n<div class=\"wp-block-column is-layout-flow wp-block-column-is-layout-flow\">\n<style>.embed-container { position: relative; padding-bottom: 56.25%; height: 0; overflow: hidden; max-width: 100%; } .embed-container iframe, .embed-container object, .embed-container embed { position: absolute; top: 0; left: 0; width: 100%; height: 100%; }<\/style><div class=\"embed-container\"><iframe src=\"https:\/\/www.youtube.com\/embed\/u1Ga21YqKjU\" frameborder=\"0\" allowfullscreen=\"\"><\/iframe><\/div>\n<\/div>\n<\/div>\n<div id=\"block-grid_testimonials-block_a4edac382cb763df7423f339321c7fed\" class=\"block-testimonial \">\n\t\t<div class=\"grid grid-cols-1 gap-10 md:grid-cols-2 lg:grid-cols-3\">\n\t\t\t\t\t<div class=\"relative pb-20 p-7 rounded-2xl bg-custom-pink\/40\">\n\t\t\t\t<h4 class=\"text-custom-pink\">Dominique<\/h4>\n\t\t\t\t<div class=\"relative z-20\"><!-- wp:paragraph {\"translatedWithWPMLTM\":\"1\"} -->\n<p>Mir ist klar, dass wir nicht wirklich wissen, was wir konsumieren. Ich wollte wissen, ob ich zu viel Zuckerzusatz zu mir nehme.<\/p>\n<!-- \/wp:paragraph --><\/div>\n\t\t\t\t<i class=\"absolute z-10 text-6xl fa-solid fa-quote-right bottom-5 right-7 text-custom-pink\"><\/i>\n\t\t\t<\/div>\n\t\t\t\t\t<div class=\"relative pb-20 p-7 rounded-2xl bg-custom-pink\/40\">\n\t\t\t\t<h4 class=\"text-custom-pink\">Alice<\/h4>\n\t\t\t\t<div class=\"relative z-20\"><!-- wp:paragraph {\"translatedWithWPMLTM\":\"1\"} -->\n<p>Mit dem Rechner habe ich gesehen, dass ich es geschafft habe, meinen Zuckerkonsum zu reduzieren, und ich bin superstolz.<\/p>\n<!-- \/wp:paragraph --><\/div>\n\t\t\t\t<i class=\"absolute z-10 text-6xl fa-solid fa-quote-right bottom-5 right-7 text-custom-pink\"><\/i>\n\t\t\t<\/div>\n\t\t\t\t\t<div class=\"relative pb-20 p-7 rounded-2xl bg-custom-pink\/40\">\n\t\t\t\t<h4 class=\"text-custom-pink\">Ema<\/h4>\n\t\t\t\t<div class=\"relative z-20\"><!-- wp:paragraph {\"translatedWithWPMLTM\":\"1\"} -->\n<p>Wenn ich Limonade im K\u00fchlschrank habe, trinke ich sie. Ich habe meiner Familie vorgeschlagen, sich ebenfalls anzumelden, damit wir uns gegenseitig helfen k\u00f6nnen, unsere Gewohnheiten zu \u00e4ndern, und das ist sehr motivierend.<\/p>\n<!-- \/wp:paragraph --><\/div>\n\t\t\t\t<i class=\"absolute z-10 text-6xl fa-solid fa-quote-right bottom-5 right-7 text-custom-pink\"><\/i>\n\t\t\t<\/div>\n\t\t\t<\/div>\n<\/div>\n<div style=\"height:100px\" aria-hidden=\"true\" class=\"wp-block-spacer\"><\/div>\n\n<h2 class=\"wp-block-heading has-text-align-center tm-fat has-custom-pink-color has-text-color\">Wer kann an <br\/>teilnehmen?<\/h2>\n\n<p class=\"has-text-align-center\">Die Aktion MAYbe Less Sugar ist kostenlos und steht jedem offen.<br\/>Gute Nachrichten! Ich kann Familienmitglieder, Freundinnen und Kollegen einladen, auch mitzumachen. <br\/>Gemeinsam ist es einfacher und macht mehr Spass!<\/p>\n\n<div style=\"height:20px\" aria-hidden=\"true\" class=\"wp-block-spacer\"><\/div>\n\n<div class=\"wp-block-buttons is-content-justification-center is-layout-flex wp-container-core-buttons-is-layout-16018d1d wp-block-buttons-is-layout-flex\">\n<div class=\"wp-block-button\"><a class=\"wp-block-button__link has-custom-pink-background-color has-background wp-element-button\" href=\"https:\/\/maybeless-sugar.ch\/de\/ich-mache-mit\/\">ICH MACHE MIT<\/a><\/div>\n<\/div>\n\n<div style=\"height:60px\" aria-hidden=\"true\" class=\"wp-block-spacer\"><\/div>\n\n<div class=\"wp-block-columns alignfull is-style-no-padding is-layout-flex wp-container-core-columns-is-layout-9d6595d7 wp-block-columns-is-layout-flex\">\n<div class=\"wp-block-column has-gray-light-background-color has-background is-layout-flow wp-block-column-is-layout-flow\">\n<div class=\"wp-block-cover\"><span aria-hidden=\"true\" class=\"wp-block-cover__background has-custom-pink-background-color has-background-dim-100 has-background-dim\"><\/span><div class=\"wp-block-cover__inner-container is-layout-flow wp-block-cover-is-layout-flow\">\n<figure class=\"wp-block-image aligncenter size-large is-resized\"><img decoding=\"async\" src=\"https:\/\/maybeless-sugar.ch\/wp-content\/uploads\/2024\/04\/MBLS_logo_v_w@2x-2-150x150.png\" alt=\"\" class=\"wp-image-255\" style=\"width:350px\"\/><\/figure>\n<\/div><\/div>\n<\/div>\n\n\n\n<div class=\"wp-block-column is-layout-flow wp-block-column-is-layout-flow\">\n<div class=\"wp-block-cover p-12\"><span aria-hidden=\"true\" class=\"wp-block-cover__background has-custom-pink-background-color has-background-dim\"><\/span><div class=\"wp-block-cover__inner-container is-layout-flow wp-block-cover-is-layout-flow\">\n<h3 class=\"wp-block-heading has-text-align-center has-custom-pink-color has-text-color\">Was ist, wenn ich an Essst\u00f6rungen, Diabetes, \u00dcbergewicht oder Fettleibigkeit leide?<\/h3>\n\n\n\n<p class=\"has-text-align-center has-gray-dark-color has-text-color\">Es besteht keine Gefahr, wenn Sie mitmachen. Doch eine Teilnahme ersetzt keine professionelle Behandlung. Bei Diabetes sollten Sie mit Ihrem behandelnden Arzt sprechen, bevor Sie Ihren Zuckerkonsum reduzieren. Kontakte werden in der Rubrik &#8222;Wie geht es weiter?&#8220; angeboten.<\/p>\n\n\n\n<div style=\"height:41px\" aria-hidden=\"true\" class=\"wp-block-spacer\"><\/div>\n\n\n\n<div class=\"wp-block-buttons is-content-justification-center is-layout-flex wp-container-core-buttons-is-layout-16018d1d wp-block-buttons-is-layout-flex\">\n<div class=\"wp-block-button\"><a class=\"wp-block-button__link has-custom-pink-color has-white-background-color has-text-color has-background wp-element-button\" href=\"https:\/\/maybeless-sugar.ch\/de\/und-danach\/\">Und danach?<\/a><\/div>\n<\/div>\n<\/div><\/div>\n<\/div>\n\n\n\n<div class=\"wp-block-column has-gray-light-background-color has-background is-layout-flow wp-block-column-is-layout-flow\">\n<div class=\"wp-block-cover is-light p-12\"><span aria-hidden=\"true\" class=\"wp-block-cover__background has-gray-light-background-color has-background-dim-100 has-background-dim\"><\/span><div class=\"wp-block-cover__inner-container is-layout-flow wp-block-cover-is-layout-flow\">\n<h3 class=\"wp-block-heading has-text-align-center has-custom-pink-color has-text-color\">Zuckerzusatz:<br\/>Was ist das?<\/h3>\n\n\n\n<p class=\"has-text-align-center\">Unter Zuckerzusatz versteht man Haushaltzucker (Saccharose, Sucrose), Fructose, <em>Glucosesirup<\/em>, Honig, Isoglucose und andere isolierte Zuckerarten oder deren Verwendung bei der Herstellung von Getr\u00e4nken und Nahrungsmitteln.<\/p>\n\n\n\n<div class=\"wp-block-buttons is-content-justification-center is-layout-flex wp-container-core-buttons-is-layout-16018d1d wp-block-buttons-is-layout-flex\">\n<div class=\"wp-block-button\"><a class=\"wp-block-button__link has-custom-pink-color has-white-background-color has-text-color has-background wp-element-button\" href=\"https:\/\/maybeless-sugar.ch\/de\/im-detail\/\">Im Detail<\/a><\/div>\n<\/div>\n<\/div><\/div>\n<\/div>\n<\/div>\n\n<div style=\"height:180px\" aria-hidden=\"true\" class=\"wp-block-spacer\"><\/div>\n\n<figure class=\"wp-block-image size-full is-resized is-style-offset-y\"><img decoding=\"async\" width=\"504\" height=\"499\" src=\"https:\/\/maybeless-sugar.ch\/wp-content\/uploads\/2023\/02\/AdobeStock_311426745_retouche.png\" alt=\"\" class=\"wp-image-316\" style=\"width:380px\" srcset=\"https:\/\/maybeless-sugar.ch\/wp-content\/uploads\/2023\/02\/AdobeStock_311426745_retouche.png 504w, https:\/\/maybeless-sugar.ch\/wp-content\/uploads\/2023\/02\/AdobeStock_311426745_retouche-300x297.png 300w, https:\/\/maybeless-sugar.ch\/wp-content\/uploads\/2023\/02\/AdobeStock_311426745_retouche-150x150.png 150w\" sizes=\"(max-width: 504px) 100vw, 504px\" \/><\/figure>\n\n<div class=\"wp-block-group is-style-rounded has-custom-pink-background-color has-background is-layout-constrained wp-block-group-is-layout-constrained\">\n<div style=\"height:100px\" aria-hidden=\"true\" class=\"wp-block-spacer\"><\/div>\n\n\n\n<h2 class=\"wp-block-heading has-text-align-center has-white-color has-text-color\">Wer steht hinter<br\/>MAYbe Less Sugar?<\/h2>\n\n\n\n<p class=\"has-text-align-center has-white-color has-text-color\">MAYbe Less Sugar wird von einer gro\u00dfen Anzahl von Partnern<br\/>aus dem Gesundheitsbereich in der ganzen Schweiz gestartet.<\/p>\n\n\n\n<div class=\"wp-block-buttons is-content-justification-center is-layout-flex wp-container-core-buttons-is-layout-16018d1d wp-block-buttons-is-layout-flex\">\n<div class=\"wp-block-button\"><a class=\"wp-block-button__link has-custom-pink-color has-white-background-color has-text-color has-background wp-element-button\" href=\"https:\/\/maybeless-sugar.ch\/de\/ueber-uns\/\">\u00dcber uns<\/a><\/div>\n<\/div>\n\n\n\n<div style=\"height:100px\" aria-hidden=\"true\" class=\"wp-block-spacer\"><\/div>\n<\/div>\n\n<figure class=\"wp-block-image alignright size-large is-resized is-style-offset-y\"><img decoding=\"async\" width=\"904\" height=\"1024\" src=\"https:\/\/maybeless-sugar.ch\/wp-content\/uploads\/2023\/02\/AdobeStock_267728344-reverse-904x1024.png\" alt=\"\" class=\"wp-image-540\" style=\"width:400px\" srcset=\"https:\/\/maybeless-sugar.ch\/wp-content\/uploads\/2023\/02\/AdobeStock_267728344-reverse-904x1024.png 904w, https:\/\/maybeless-sugar.ch\/wp-content\/uploads\/2023\/02\/AdobeStock_267728344-reverse-265x300.png 265w, https:\/\/maybeless-sugar.ch\/wp-content\/uploads\/2023\/02\/AdobeStock_267728344-reverse-768x870.png 768w, https:\/\/maybeless-sugar.ch\/wp-content\/uploads\/2023\/02\/AdobeStock_267728344-reverse-1355x1536.png 1355w, https:\/\/maybeless-sugar.ch\/wp-content\/uploads\/2023\/02\/AdobeStock_267728344-reverse-1807x2048.png 1807w\" sizes=\"(max-width: 904px) 100vw, 904px\" \/><\/figure>\n\n<div style=\"height:250px\" aria-hidden=\"true\" class=\"wp-block-spacer\"><\/div>\n","protected":false},"excerpt":{"rendered":"<p>Was istMAYbe Less Sugar? MAYbe Less Sugar ist eine Aktion, die in der Schweiz im Mai stattfindet.Sie l\u00e4dt dazu ein, sich \u00fcber Zuckerzusatz zu informieren, wo und wie viel Zucker wir konsumieren, warum und wie wir ihn reduzieren k\u00f6nnen. Wie funktioniert? Es ist ganz einfach. Wenn ich mich bei MAYbe Less Sugar anmelde, erfahre ich, [&hellip;]<\/p>\n","protected":false},"author":7241,"featured_media":0,"parent":0,"menu_order":0,"comment_status":"closed","ping_status":"closed","template":"","meta":{"_acf_changed":false,"footnotes":""},"class_list":["post-3133","page","type-page","status-publish","hentry"],"acf":[],"yoast_head":"<!-- This site is optimized with the Yoast SEO plugin v27.5 - https:\/\/yoast.com\/product\/yoast-seo-wordpress\/ -->\n<title>Mehr erfahren - Maybeless sugar<\/title>\n<meta name=\"robots\" content=\"index, follow, max-snippet:-1, max-image-preview:large, max-video-preview:-1\" \/>\n<link rel=\"canonical\" href=\"https:\/\/maybeless-sugar.ch\/de\/mehr-erfahren\/\" \/>\n<meta property=\"og:locale\" content=\"de_DE\" \/>\n<meta property=\"og:type\" content=\"article\" \/>\n<meta property=\"og:title\" content=\"Mehr erfahren - Maybeless sugar\" \/>\n<meta property=\"og:description\" content=\"Was istMAYbe Less Sugar? MAYbe Less Sugar ist eine Aktion, die in der Schweiz im Mai stattfindet.Sie l\u00e4dt dazu ein, sich \u00fcber Zuckerzusatz zu informieren, wo und wie viel Zucker wir konsumieren, warum und wie wir ihn reduzieren k\u00f6nnen. Wie funktioniert? Es ist ganz einfach. Wenn ich mich bei MAYbe Less Sugar anmelde, erfahre ich, [&hellip;]\" \/>\n<meta property=\"og:url\" content=\"https:\/\/maybeless-sugar.ch\/de\/mehr-erfahren\/\" \/>\n<meta property=\"og:site_name\" content=\"Maybeless sugar\" \/>\n<meta property=\"article:modified_time\" content=\"2026-04-21T09:31:27+00:00\" \/>\n<meta property=\"og:image\" content=\"https:\/\/maybeless-sugar.ch\/wp-content\/uploads\/2023\/02\/MBLS_cards.png\" \/>\n\t<meta property=\"og:image:width\" content=\"933\" \/>\n\t<meta property=\"og:image:height\" content=\"1270\" \/>\n\t<meta property=\"og:image:type\" content=\"image\/png\" \/>\n<meta name=\"twitter:card\" content=\"summary_large_image\" \/>\n<meta name=\"twitter:label1\" content=\"Gesch\u00e4tzte Lesezeit\" \/>\n\t<meta name=\"twitter:data1\" content=\"3\u00a0Minuten\" \/>\n<script type=\"application\/ld+json\" class=\"yoast-schema-graph\">{\"@context\":\"https:\\\/\\\/schema.org\",\"@graph\":[{\"@type\":\"WebPage\",\"@id\":\"https:\\\/\\\/maybeless-sugar.ch\\\/de\\\/mehr-erfahren\\\/\",\"url\":\"https:\\\/\\\/maybeless-sugar.ch\\\/de\\\/mehr-erfahren\\\/\",\"name\":\"Mehr erfahren - Maybeless sugar\",\"isPartOf\":{\"@id\":\"https:\\\/\\\/maybeless-sugar.ch\\\/de\\\/#website\"},\"primaryImageOfPage\":{\"@id\":\"https:\\\/\\\/maybeless-sugar.ch\\\/de\\\/mehr-erfahren\\\/#primaryimage\"},\"image\":{\"@id\":\"https:\\\/\\\/maybeless-sugar.ch\\\/de\\\/mehr-erfahren\\\/#primaryimage\"},\"thumbnailUrl\":\"https:\\\/\\\/maybeless-sugar.ch\\\/wp-content\\\/uploads\\\/2025\\\/03\\\/MBLS_cards_DE-819x1024.png\",\"datePublished\":\"2023-02-05T13:17:22+00:00\",\"dateModified\":\"2026-04-21T09:31:27+00:00\",\"breadcrumb\":{\"@id\":\"https:\\\/\\\/maybeless-sugar.ch\\\/de\\\/mehr-erfahren\\\/#breadcrumb\"},\"inLanguage\":\"de\",\"potentialAction\":[{\"@type\":\"ReadAction\",\"target\":[\"https:\\\/\\\/maybeless-sugar.ch\\\/de\\\/mehr-erfahren\\\/\"]}]},{\"@type\":\"ImageObject\",\"inLanguage\":\"de\",\"@id\":\"https:\\\/\\\/maybeless-sugar.ch\\\/de\\\/mehr-erfahren\\\/#primaryimage\",\"url\":\"https:\\\/\\\/maybeless-sugar.ch\\\/wp-content\\\/uploads\\\/2025\\\/03\\\/MBLS_cards_DE-819x1024.png\",\"contentUrl\":\"https:\\\/\\\/maybeless-sugar.ch\\\/wp-content\\\/uploads\\\/2025\\\/03\\\/MBLS_cards_DE-819x1024.png\"},{\"@type\":\"BreadcrumbList\",\"@id\":\"https:\\\/\\\/maybeless-sugar.ch\\\/de\\\/mehr-erfahren\\\/#breadcrumb\",\"itemListElement\":[{\"@type\":\"ListItem\",\"position\":1,\"name\":\"Home\",\"item\":\"https:\\\/\\\/maybeless-sugar.ch\\\/de\\\/home-2023\\\/\"},{\"@type\":\"ListItem\",\"position\":2,\"name\":\"Mehr erfahren\"}]},{\"@type\":\"WebSite\",\"@id\":\"https:\\\/\\\/maybeless-sugar.ch\\\/de\\\/#website\",\"url\":\"https:\\\/\\\/maybeless-sugar.ch\\\/de\\\/\",\"name\":\"Maybeless sugar\",\"description\":\"Doux mois de mai moins sucr\u00e9\",\"publisher\":{\"@id\":\"https:\\\/\\\/maybeless-sugar.ch\\\/de\\\/#organization\"},\"potentialAction\":[{\"@type\":\"SearchAction\",\"target\":{\"@type\":\"EntryPoint\",\"urlTemplate\":\"https:\\\/\\\/maybeless-sugar.ch\\\/de\\\/?s={search_term_string}\"},\"query-input\":{\"@type\":\"PropertyValueSpecification\",\"valueRequired\":true,\"valueName\":\"search_term_string\"}}],\"inLanguage\":\"de\"},{\"@type\":\"Organization\",\"@id\":\"https:\\\/\\\/maybeless-sugar.ch\\\/de\\\/#organization\",\"name\":\"Maybeless sugar\",\"url\":\"https:\\\/\\\/maybeless-sugar.ch\\\/de\\\/\",\"logo\":{\"@type\":\"ImageObject\",\"inLanguage\":\"de\",\"@id\":\"https:\\\/\\\/maybeless-sugar.ch\\\/de\\\/#\\\/schema\\\/logo\\\/image\\\/\",\"url\":\"https:\\\/\\\/maybeless-sugar.ch\\\/wp-content\\\/uploads\\\/2025\\\/03\\\/MAYBELESSSUGAR_logo_all_v_w.png\",\"contentUrl\":\"https:\\\/\\\/maybeless-sugar.ch\\\/wp-content\\\/uploads\\\/2025\\\/03\\\/MAYBELESSSUGAR_logo_all_v_w.png\",\"width\":2025,\"height\":1471,\"caption\":\"Maybeless sugar\"},\"image\":{\"@id\":\"https:\\\/\\\/maybeless-sugar.ch\\\/de\\\/#\\\/schema\\\/logo\\\/image\\\/\"}}]}<\/script>\n<!-- \/ Yoast SEO plugin. -->","yoast_head_json":{"title":"Mehr erfahren - Maybeless sugar","robots":{"index":"index","follow":"follow","max-snippet":"max-snippet:-1","max-image-preview":"max-image-preview:large","max-video-preview":"max-video-preview:-1"},"canonical":"https:\/\/maybeless-sugar.ch\/de\/mehr-erfahren\/","og_locale":"de_DE","og_type":"article","og_title":"Mehr erfahren - Maybeless sugar","og_description":"Was istMAYbe Less Sugar? MAYbe Less Sugar ist eine Aktion, die in der Schweiz im Mai stattfindet.Sie l\u00e4dt dazu ein, sich \u00fcber Zuckerzusatz zu informieren, wo und wie viel Zucker wir konsumieren, warum und wie wir ihn reduzieren k\u00f6nnen. Wie funktioniert? Es ist ganz einfach. Wenn ich mich bei MAYbe Less Sugar anmelde, erfahre ich, [&hellip;]","og_url":"https:\/\/maybeless-sugar.ch\/de\/mehr-erfahren\/","og_site_name":"Maybeless sugar","article_modified_time":"2026-04-21T09:31:27+00:00","og_image":[{"width":933,"height":1270,"url":"https:\/\/maybeless-sugar.ch\/wp-content\/uploads\/2023\/02\/MBLS_cards.png","type":"image\/png"}],"twitter_card":"summary_large_image","twitter_misc":{"Gesch\u00e4tzte Lesezeit":"3\u00a0Minuten"},"schema":{"@context":"https:\/\/schema.org","@graph":[{"@type":"WebPage","@id":"https:\/\/maybeless-sugar.ch\/de\/mehr-erfahren\/","url":"https:\/\/maybeless-sugar.ch\/de\/mehr-erfahren\/","name":"Mehr erfahren - Maybeless sugar","isPartOf":{"@id":"https:\/\/maybeless-sugar.ch\/de\/#website"},"primaryImageOfPage":{"@id":"https:\/\/maybeless-sugar.ch\/de\/mehr-erfahren\/#primaryimage"},"image":{"@id":"https:\/\/maybeless-sugar.ch\/de\/mehr-erfahren\/#primaryimage"},"thumbnailUrl":"https:\/\/maybeless-sugar.ch\/wp-content\/uploads\/2025\/03\/MBLS_cards_DE-819x1024.png","datePublished":"2023-02-05T13:17:22+00:00","dateModified":"2026-04-21T09:31:27+00:00","breadcrumb":{"@id":"https:\/\/maybeless-sugar.ch\/de\/mehr-erfahren\/#breadcrumb"},"inLanguage":"de","potentialAction":[{"@type":"ReadAction","target":["https:\/\/maybeless-sugar.ch\/de\/mehr-erfahren\/"]}]},{"@type":"ImageObject","inLanguage":"de","@id":"https:\/\/maybeless-sugar.ch\/de\/mehr-erfahren\/#primaryimage","url":"https:\/\/maybeless-sugar.ch\/wp-content\/uploads\/2025\/03\/MBLS_cards_DE-819x1024.png","contentUrl":"https:\/\/maybeless-sugar.ch\/wp-content\/uploads\/2025\/03\/MBLS_cards_DE-819x1024.png"},{"@type":"BreadcrumbList","@id":"https:\/\/maybeless-sugar.ch\/de\/mehr-erfahren\/#breadcrumb","itemListElement":[{"@type":"ListItem","position":1,"name":"Home","item":"https:\/\/maybeless-sugar.ch\/de\/home-2023\/"},{"@type":"ListItem","position":2,"name":"Mehr erfahren"}]},{"@type":"WebSite","@id":"https:\/\/maybeless-sugar.ch\/de\/#website","url":"https:\/\/maybeless-sugar.ch\/de\/","name":"Maybeless sugar","description":"Doux mois de mai moins sucr\u00e9","publisher":{"@id":"https:\/\/maybeless-sugar.ch\/de\/#organization"},"potentialAction":[{"@type":"SearchAction","target":{"@type":"EntryPoint","urlTemplate":"https:\/\/maybeless-sugar.ch\/de\/?s={search_term_string}"},"query-input":{"@type":"PropertyValueSpecification","valueRequired":true,"valueName":"search_term_string"}}],"inLanguage":"de"},{"@type":"Organization","@id":"https:\/\/maybeless-sugar.ch\/de\/#organization","name":"Maybeless sugar","url":"https:\/\/maybeless-sugar.ch\/de\/","logo":{"@type":"ImageObject","inLanguage":"de","@id":"https:\/\/maybeless-sugar.ch\/de\/#\/schema\/logo\/image\/","url":"https:\/\/maybeless-sugar.ch\/wp-content\/uploads\/2025\/03\/MAYBELESSSUGAR_logo_all_v_w.png","contentUrl":"https:\/\/maybeless-sugar.ch\/wp-content\/uploads\/2025\/03\/MAYBELESSSUGAR_logo_all_v_w.png","width":2025,"height":1471,"caption":"Maybeless sugar"},"image":{"@id":"https:\/\/maybeless-sugar.ch\/de\/#\/schema\/logo\/image\/"}}]}},"_links":{"self":[{"href":"https:\/\/maybeless-sugar.ch\/de\/wp-json\/wp\/v2\/pages\/3133","targetHints":{"allow":["GET"]}}],"collection":[{"href":"https:\/\/maybeless-sugar.ch\/de\/wp-json\/wp\/v2\/pages"}],"about":[{"href":"https:\/\/maybeless-sugar.ch\/de\/wp-json\/wp\/v2\/types\/page"}],"author":[{"embeddable":true,"href":"https:\/\/maybeless-sugar.ch\/de\/wp-json\/wp\/v2\/users\/7241"}],"replies":[{"embeddable":true,"href":"https:\/\/maybeless-sugar.ch\/de\/wp-json\/wp\/v2\/comments?post=3133"}],"version-history":[{"count":1,"href":"https:\/\/maybeless-sugar.ch\/de\/wp-json\/wp\/v2\/pages\/3133\/revisions"}],"predecessor-version":[{"id":9059,"href":"https:\/\/maybeless-sugar.ch\/de\/wp-json\/wp\/v2\/pages\/3133\/revisions\/9059"}],"wp:attachment":[{"href":"https:\/\/maybeless-sugar.ch\/de\/wp-json\/wp\/v2\/media?parent=3133"}],"curies":[{"name":"wp","href":"https:\/\/api.w.org\/{rel}","templated":true}]}}