{"id":3157,"date":"2023-03-30T06:43:06","date_gmt":"2023-03-30T04:43:06","guid":{"rendered":"https:\/\/maybeless-sugar.ch\/allgemeine-geschaeftsbedingungen\/"},"modified":"2026-04-21T08:48:52","modified_gmt":"2026-04-21T06:48:52","slug":"allgemeine-geschaeftsbedingungen","status":"publish","type":"page","link":"https:\/\/maybeless-sugar.ch\/de\/allgemeine-geschaeftsbedingungen\/","title":{"rendered":"Allgemeine Gesch\u00e4ftsbedingungen"},"content":{"rendered":"\n<p><strong>Rechtliche Hinweise<\/strong><\/p>\n\n<h3 class=\"wp-block-heading\">Haftungsausschluss<\/h3>\n\n<p>Die Inhalte dieser Website sind ein unverbindliches Informationsangebot. Obwohl wir die Informationen regelm\u00e4ssig auf Richtigkeit und Aktualit\u00e4t pr\u00fcfen, lehnen wir, soweit gesetzlich zul\u00e4ssig, jede Haftung f\u00fcr unerw\u00fcnschte Folgen aus dem Gebrauch dieser Informationen ab. Von unserer Haftung ausgeschlossen sind namentlich die Garantie f\u00fcr die st\u00e4ndige Verf\u00fcgbarkeit unseres Online-Angebotes sowie Sch\u00e4den (z. B. wegen Verbindungsunterbruch oder sch\u00e4dlicher Software), die durch die Benutzung unserer Website entstehen k\u00f6nnten.<\/p>\n\n<p>Unsere Webseite enth\u00e4lt Links zu Angeboten von Dritten. Sie benutzen diese Links auf eigenes Risiko. F\u00fcr die Inhalte dieser Webseiten \u00fcbernehmen wir keine Verantwortung.<\/p>\n\n<h3 class=\"wp-block-heading\">Webstatistik<\/h3>\n\n<p>Statistische Auswertungen helfen uns, unser Online-Angebot zu verbessern. Deshalb bearbeiten wir Daten \u00fcber die Nutzung dieser Webseite in anonymisierter Form und geben diese an Dritte weiter (siehe unten: \u00abAnonyme Auswertung des Nutzungsverhaltens\u00bb). Die \u00fcbrigen Daten, die bei der Verwendung dieser Website erzeugt werden (z. B. Angaben in Kontaktformularen), bearbeiten wir nur, soweit es f\u00fcr die von Ihnen gew\u00fcnschte Dienstleistung n\u00f6tig ist. Diese Daten geben wir nicht an Dritte weiter.<\/p>\n\n<h3 class=\"wp-block-heading\">E-Mail und Kontaktformulare<\/h3>\n\n<p>Der Zugang zu dieser Webseite sowie Eingaben in Kontaktformularen und anderen Eingabefeldern \u00fcber das Internet erfolgen verschl\u00fcsselt. E-Mail ist hingegen keine generell verschl\u00fcsselte Methode, um Informationen zu \u00fcbermitteln. Deshalb k\u00f6nnten Ihre E-Mails an MAYbe Less Sugar von Dritten gelesen oder ver\u00e4ndert werden. Die Kommunikation per E-Mail ist im Gesch\u00e4ftsverkehr dennoch \u00fcblich.<\/p>\n\n<p>Wenn Sie Ihre Anfrage per E-Mail oder Kontaktformular versenden, erkl\u00e4ren Sie sich damit einverstanden, dass wir per E-Mail mit Ihnen Kontakt aufnehmen d\u00fcrfen. Wenn Sie nicht per E-Mail kontaktiert werden m\u00f6chten, halten Sie dies in Ihrer Anfrage jeweils ausdr\u00fccklich fest. Geben Sie uns die Kontaktdaten an, \u00fcber welche wir Sie erreichen k\u00f6nnen (z. B. eine Telefonnummer oder Postadresse).<\/p>\n\n<h3 class=\"wp-block-heading\">Anonyme Auswertung des Nutzungsverhaltens<\/h3>\n\n<p>Diese Website benutzt Google Analytics, einen Webanalysedienst der Google Inc. (\u00abGoogle\u00bb).  Google Analytics verwendet sogenannte <em>Cookies<\/em>, das sind Textdateien, die auf Ihrem Computer gespeichert werden und die eine Analyse der Benutzung der Website durch Sie erm\u00f6glichen. Die durch <em>Cookies<\/em> erzeugten Informationen \u00fcber Ihre Benutzung dieser Website werden in der Regel an einen Server von Google in den USA \u00fcbertragen und dort gespeichert. Im Fall der Aktivierung der IP-Anonymisierung auf dieser Webseite, wird Ihre IP-Adresse von Google jedoch innerhalb von Mitgliedstaaten der Europ\u00e4ischen Union oder in anderen Vertragsstaaten des Abkommens \u00fcber den Europ\u00e4ischen Wirtschaftsraum zuvor gek\u00fcrzt. Nur in Ausnahmef\u00e4llen wird die volle IP-Adresse an einen Server von Google in den USA \u00fcbertragen und dort gek\u00fcrzt. Im Auftrag des Betreibers dieser Website wird Google die Informationen verwenden, um die Nutzung der Website auszuwerten, um Reports \u00fcber die Websiteaktivit\u00e4ten zusammenzustellen und um weitere mit der Website- und der Internetnutzung verbundene Dienstleistungen zu erbringen. Diese Informationen sind f\u00fcr den Betreiber der Website bestimmt. Die im Rahmen von Google Analytics von Ihrem Browser \u00fcbermittelte IP-Adresse wird nicht mit anderen Daten von Google zusammengef\u00fchrt. Sie k\u00f6nnen die Speicherung der Cookies durch eine entsprechende Einstellung Ihrer Browser-Software verhindern. Wir weisen Sie jedoch darauf hin, dass Sie in diesem Fall gegebenenfalls nicht alle Funktionen dieser Website vollumf\u00e4nglich nutzen k\u00f6nnen. Sie k\u00f6nnen dar\u00fcber hinaus die Erfassung der durch das Cookie erzeugten und auf Ihre Nutzung der Website bezogenen Daten (inkl. Ihrer IP-Adresse) an Google sowie die Verarbeitung dieser Daten durch Google verhindern, indem Sie das unter dem folgenden Link verf\u00fcgbare Browser-Plugin herunterladen und installieren.<\/p>\n\n<p>Der aktuelle Link ist: <a href=\"http:\/\/tools.google.com\/dlpage\/gaoptout?hl=fr\">https:\/\/tools.google.com\/dlpage\/gaoptout?hl=de<\/a><\/p>\n\n<p>Google Analytics Bedingungen: <a href=\"http:\/\/www.google.com\/analytics\/terms\/fr.html\">http:\/\/www.google.com\/analytics\/terms\/de.html<\/a><\/p>\n\n<h3 class=\"wp-block-heading\">Newsletter<\/h3>\n\n<p>F\u00fcr den Versand unseres Newsletters erfassen wir bei der Anmeldung Ihre Email-Adresse. Diese wird lediglich f\u00fcr die Zwecke des Newsletters verwendet.<\/p>\n\n<p>Zudem ist f\u00fcr die Anmeldung ein sogenanntes Double Opt-In notwendig. Das bedeutet, dass zus\u00e4tzlich zur Eingabe der Daten die E-Mail-Adresse durch Klick auf einen Link best\u00e4tigt werden muss, der Ihnen per E-Mail zugestellt wird. So wird sichergestellt, dass die Daten von der Besitzerin oder vom Besitzer der Identit\u00e4t eingegeben werden. Es ist jederzeit m\u00f6glich, sich mit sofortiger Wirkung und ohne Angabe des Grundes vom Newsletter abzumelden. Die Abmeldung ist durch Anklicken des Abmeldelinks m\u00f6glich, der unten in jedem Newsletter enthalten ist.<\/p>\n\n<p>Der Versand der Newsletter erfolgt mittels \u00abInfomaniak\u00bb, einer Newsletter-Versandplattform eines Unternehmens nach schweizerischem Recht mit Sitz in Genf, Rue Eug\u00e8ne Marziano 24, 1227 Les Acacias (GE).  Die E-Mail-Adressen und weitere hier beschriebene Daten unserer Abonnentinnen und Abonnenten werden auf den Servern von Infomaniak gespeichert. Infomaniak verwendet diese Informationen zum Versand und zur Auswertung der Newsletter in unserem Auftrag. Infomaniak nutzt diese Daten zudem zur Auswertung der Leistungen und zur Optimierung der eigenen Dienste. Die Daten werden nicht an Dritte weitergegeben oder f\u00fcr Marketingzwecke genutzt. Infomaniak ist zudem verpflichtet, die EU-Datenschutzvorgaben einzuhalten. Une plateforme d&#8217;envoi newsletter, soci\u00e9t\u00e9 de droit suisse bas\u00e9e \u00e0 Gen\u00e8ve, Rue Eug\u00e8ne Marziano 25, 1227 Les Acacias (GE).<\/p>\n\n<p>Des Weiteren stimmen wir durch die Nutzung von Infomaniak automatisch dem \u00abData Processing Addendum\u00bb (DPA) zu. Damit verpflichtet sich Infomaniak, die EU-Datenschutzbestimmungen einzuhalten, die Daten der Abonnentinnen und Abonnenten zu sch\u00fctzen und insbesondere nicht an Dritte weiterzugeben. Die Datenschutzbestimmungen von Infomaniak k\u00f6nnen Sie <a href=\"https:\/\/www.infomaniak.com\/fr\/cgv\/politique-de-confidentialite\">hier<\/a> einsehen.<\/p>\n\n<h3 class=\"wp-block-heading\">Geistiges Eigentum<\/h3>\n\n<p>H\u00f6r- und sichtbare Elemente (Bild und Ton) dieser Webseite sind Eigentum von trivial mass. Diese Elemente d\u00fcrfen deshalb grunds\u00e4tzlich nicht f\u00fcr andere Zwecke als zur Bekanntmachung der Kampagne MAYbe Less Sugar durch unsere Partner und Medien genutzt werden. <\/p>\n\n<h3 class=\"wp-block-heading\">Kontakt:<\/h3>\n\n<p>Wenn Sie Fragen zum Datenschutz im Zusammenhang mit dieser Website haben, k\u00f6nnen Sie sich unter unten aufgef\u00fchrten Kontaktdaten an trivial mass wenden.<\/p>\n\n<h2 class=\"wp-block-heading\">Impressum<\/h2>\n\n<p><strong>Textes<\/strong>\u00a0:\u00a0<a href=\"https:\/\/maybeless-sugar.ch\/de\/ueber-uns\/\">MAYbe Less Sugar<\/a>\u00a0<\/p>\n\n<p><strong>Die Kampagne<\/strong> MAYbe Less Sugar wurde durch die Dry-January-Kampagne inspiriert und in Zusammenarbeit mit Unisant\u00e9 von diab\u00e8tevaud entwickelt.<\/p>\n\n<p><strong>Webentwicklung<\/strong>: <a href=\"https:\/\/trivialmass.ch\/\">trivial mass<\/a><\/p>\n\n<p><strong><a href=\"https:\/\/dryjanuary.ch\/fr\/impressum\">E-Mail-Kontakt<\/a><\/strong>: <a href=\"mailto:contact@trivialmass.ch\">contact@trivialmass.ch<\/a> <\/p>\n\n<div style=\"height:100px\" aria-hidden=\"true\" class=\"wp-block-spacer\"><\/div>\n","protected":false},"excerpt":{"rendered":"<p>Rechtliche Hinweise Haftungsausschluss Die Inhalte dieser Website sind ein unverbindliches Informationsangebot. Obwohl wir die Informationen regelm\u00e4ssig auf Richtigkeit und Aktualit\u00e4t pr\u00fcfen, lehnen wir, soweit gesetzlich zul\u00e4ssig, jede Haftung f\u00fcr unerw\u00fcnschte Folgen aus dem Gebrauch dieser Informationen ab. Von unserer Haftung ausgeschlossen sind namentlich die Garantie f\u00fcr die st\u00e4ndige Verf\u00fcgbarkeit unseres Online-Angebotes sowie Sch\u00e4den (z. B. [&hellip;]<\/p>\n","protected":false},"author":7241,"featured_media":0,"parent":0,"menu_order":0,"comment_status":"closed","ping_status":"closed","template":"","meta":{"_acf_changed":false,"footnotes":""},"class_list":["post-3157","page","type-page","status-publish","hentry"],"acf":[],"yoast_head":"<!-- This site is optimized with the Yoast SEO plugin v27.5 - https:\/\/yoast.com\/product\/yoast-seo-wordpress\/ -->\n<title>Allgemeine Gesch\u00e4ftsbedingungen - Maybeless sugar<\/title>\n<meta name=\"robots\" content=\"index, follow, max-snippet:-1, max-image-preview:large, max-video-preview:-1\" \/>\n<link rel=\"canonical\" href=\"https:\/\/maybeless-sugar.ch\/de\/allgemeine-geschaeftsbedingungen\/\" \/>\n<meta property=\"og:locale\" content=\"de_DE\" \/>\n<meta property=\"og:type\" content=\"article\" \/>\n<meta property=\"og:title\" content=\"Allgemeine Gesch\u00e4ftsbedingungen - Maybeless sugar\" \/>\n<meta property=\"og:description\" content=\"Rechtliche Hinweise Haftungsausschluss Die Inhalte dieser Website sind ein unverbindliches Informationsangebot. Obwohl wir die Informationen regelm\u00e4ssig auf Richtigkeit und Aktualit\u00e4t pr\u00fcfen, lehnen wir, soweit gesetzlich zul\u00e4ssig, jede Haftung f\u00fcr unerw\u00fcnschte Folgen aus dem Gebrauch dieser Informationen ab. Von unserer Haftung ausgeschlossen sind namentlich die Garantie f\u00fcr die st\u00e4ndige Verf\u00fcgbarkeit unseres Online-Angebotes sowie Sch\u00e4den (z. B. [&hellip;]\" \/>\n<meta property=\"og:url\" content=\"https:\/\/maybeless-sugar.ch\/de\/allgemeine-geschaeftsbedingungen\/\" \/>\n<meta property=\"og:site_name\" content=\"Maybeless sugar\" \/>\n<meta property=\"article:modified_time\" content=\"2026-04-21T06:48:52+00:00\" \/>\n<meta name=\"twitter:card\" content=\"summary_large_image\" \/>\n<meta name=\"twitter:label1\" content=\"Gesch\u00e4tzte Lesezeit\" \/>\n\t<meta name=\"twitter:data1\" content=\"5\u00a0Minuten\" \/>\n<script type=\"application\/ld+json\" class=\"yoast-schema-graph\">{\"@context\":\"https:\\\/\\\/schema.org\",\"@graph\":[{\"@type\":\"WebPage\",\"@id\":\"https:\\\/\\\/maybeless-sugar.ch\\\/de\\\/allgemeine-geschaeftsbedingungen\\\/\",\"url\":\"https:\\\/\\\/maybeless-sugar.ch\\\/de\\\/allgemeine-geschaeftsbedingungen\\\/\",\"name\":\"Allgemeine Gesch\u00e4ftsbedingungen - Maybeless sugar\",\"isPartOf\":{\"@id\":\"https:\\\/\\\/maybeless-sugar.ch\\\/de\\\/#website\"},\"datePublished\":\"2023-03-30T04:43:06+00:00\",\"dateModified\":\"2026-04-21T06:48:52+00:00\",\"breadcrumb\":{\"@id\":\"https:\\\/\\\/maybeless-sugar.ch\\\/de\\\/allgemeine-geschaeftsbedingungen\\\/#breadcrumb\"},\"inLanguage\":\"de\",\"potentialAction\":[{\"@type\":\"ReadAction\",\"target\":[\"https:\\\/\\\/maybeless-sugar.ch\\\/de\\\/allgemeine-geschaeftsbedingungen\\\/\"]}]},{\"@type\":\"BreadcrumbList\",\"@id\":\"https:\\\/\\\/maybeless-sugar.ch\\\/de\\\/allgemeine-geschaeftsbedingungen\\\/#breadcrumb\",\"itemListElement\":[{\"@type\":\"ListItem\",\"position\":1,\"name\":\"Home\",\"item\":\"https:\\\/\\\/maybeless-sugar.ch\\\/de\\\/home-2023\\\/\"},{\"@type\":\"ListItem\",\"position\":2,\"name\":\"Allgemeine Gesch\u00e4ftsbedingungen\"}]},{\"@type\":\"WebSite\",\"@id\":\"https:\\\/\\\/maybeless-sugar.ch\\\/de\\\/#website\",\"url\":\"https:\\\/\\\/maybeless-sugar.ch\\\/de\\\/\",\"name\":\"Maybeless sugar\",\"description\":\"Doux mois de mai moins sucr\u00e9\",\"publisher\":{\"@id\":\"https:\\\/\\\/maybeless-sugar.ch\\\/de\\\/#organization\"},\"potentialAction\":[{\"@type\":\"SearchAction\",\"target\":{\"@type\":\"EntryPoint\",\"urlTemplate\":\"https:\\\/\\\/maybeless-sugar.ch\\\/de\\\/?s={search_term_string}\"},\"query-input\":{\"@type\":\"PropertyValueSpecification\",\"valueRequired\":true,\"valueName\":\"search_term_string\"}}],\"inLanguage\":\"de\"},{\"@type\":\"Organization\",\"@id\":\"https:\\\/\\\/maybeless-sugar.ch\\\/de\\\/#organization\",\"name\":\"Maybeless sugar\",\"url\":\"https:\\\/\\\/maybeless-sugar.ch\\\/de\\\/\",\"logo\":{\"@type\":\"ImageObject\",\"inLanguage\":\"de\",\"@id\":\"https:\\\/\\\/maybeless-sugar.ch\\\/de\\\/#\\\/schema\\\/logo\\\/image\\\/\",\"url\":\"https:\\\/\\\/maybeless-sugar.ch\\\/wp-content\\\/uploads\\\/2025\\\/03\\\/MAYBELESSSUGAR_logo_all_v_w.png\",\"contentUrl\":\"https:\\\/\\\/maybeless-sugar.ch\\\/wp-content\\\/uploads\\\/2025\\\/03\\\/MAYBELESSSUGAR_logo_all_v_w.png\",\"width\":2025,\"height\":1471,\"caption\":\"Maybeless sugar\"},\"image\":{\"@id\":\"https:\\\/\\\/maybeless-sugar.ch\\\/de\\\/#\\\/schema\\\/logo\\\/image\\\/\"}}]}<\/script>\n<!-- \/ Yoast SEO plugin. -->","yoast_head_json":{"title":"Allgemeine Gesch\u00e4ftsbedingungen - Maybeless sugar","robots":{"index":"index","follow":"follow","max-snippet":"max-snippet:-1","max-image-preview":"max-image-preview:large","max-video-preview":"max-video-preview:-1"},"canonical":"https:\/\/maybeless-sugar.ch\/de\/allgemeine-geschaeftsbedingungen\/","og_locale":"de_DE","og_type":"article","og_title":"Allgemeine Gesch\u00e4ftsbedingungen - Maybeless sugar","og_description":"Rechtliche Hinweise Haftungsausschluss Die Inhalte dieser Website sind ein unverbindliches Informationsangebot. Obwohl wir die Informationen regelm\u00e4ssig auf Richtigkeit und Aktualit\u00e4t pr\u00fcfen, lehnen wir, soweit gesetzlich zul\u00e4ssig, jede Haftung f\u00fcr unerw\u00fcnschte Folgen aus dem Gebrauch dieser Informationen ab. Von unserer Haftung ausgeschlossen sind namentlich die Garantie f\u00fcr die st\u00e4ndige Verf\u00fcgbarkeit unseres Online-Angebotes sowie Sch\u00e4den (z. B. [&hellip;]","og_url":"https:\/\/maybeless-sugar.ch\/de\/allgemeine-geschaeftsbedingungen\/","og_site_name":"Maybeless sugar","article_modified_time":"2026-04-21T06:48:52+00:00","twitter_card":"summary_large_image","twitter_misc":{"Gesch\u00e4tzte Lesezeit":"5\u00a0Minuten"},"schema":{"@context":"https:\/\/schema.org","@graph":[{"@type":"WebPage","@id":"https:\/\/maybeless-sugar.ch\/de\/allgemeine-geschaeftsbedingungen\/","url":"https:\/\/maybeless-sugar.ch\/de\/allgemeine-geschaeftsbedingungen\/","name":"Allgemeine Gesch\u00e4ftsbedingungen - Maybeless sugar","isPartOf":{"@id":"https:\/\/maybeless-sugar.ch\/de\/#website"},"datePublished":"2023-03-30T04:43:06+00:00","dateModified":"2026-04-21T06:48:52+00:00","breadcrumb":{"@id":"https:\/\/maybeless-sugar.ch\/de\/allgemeine-geschaeftsbedingungen\/#breadcrumb"},"inLanguage":"de","potentialAction":[{"@type":"ReadAction","target":["https:\/\/maybeless-sugar.ch\/de\/allgemeine-geschaeftsbedingungen\/"]}]},{"@type":"BreadcrumbList","@id":"https:\/\/maybeless-sugar.ch\/de\/allgemeine-geschaeftsbedingungen\/#breadcrumb","itemListElement":[{"@type":"ListItem","position":1,"name":"Home","item":"https:\/\/maybeless-sugar.ch\/de\/home-2023\/"},{"@type":"ListItem","position":2,"name":"Allgemeine Gesch\u00e4ftsbedingungen"}]},{"@type":"WebSite","@id":"https:\/\/maybeless-sugar.ch\/de\/#website","url":"https:\/\/maybeless-sugar.ch\/de\/","name":"Maybeless sugar","description":"Doux mois de mai moins sucr\u00e9","publisher":{"@id":"https:\/\/maybeless-sugar.ch\/de\/#organization"},"potentialAction":[{"@type":"SearchAction","target":{"@type":"EntryPoint","urlTemplate":"https:\/\/maybeless-sugar.ch\/de\/?s={search_term_string}"},"query-input":{"@type":"PropertyValueSpecification","valueRequired":true,"valueName":"search_term_string"}}],"inLanguage":"de"},{"@type":"Organization","@id":"https:\/\/maybeless-sugar.ch\/de\/#organization","name":"Maybeless sugar","url":"https:\/\/maybeless-sugar.ch\/de\/","logo":{"@type":"ImageObject","inLanguage":"de","@id":"https:\/\/maybeless-sugar.ch\/de\/#\/schema\/logo\/image\/","url":"https:\/\/maybeless-sugar.ch\/wp-content\/uploads\/2025\/03\/MAYBELESSSUGAR_logo_all_v_w.png","contentUrl":"https:\/\/maybeless-sugar.ch\/wp-content\/uploads\/2025\/03\/MAYBELESSSUGAR_logo_all_v_w.png","width":2025,"height":1471,"caption":"Maybeless sugar"},"image":{"@id":"https:\/\/maybeless-sugar.ch\/de\/#\/schema\/logo\/image\/"}}]}},"_links":{"self":[{"href":"https:\/\/maybeless-sugar.ch\/de\/wp-json\/wp\/v2\/pages\/3157","targetHints":{"allow":["GET"]}}],"collection":[{"href":"https:\/\/maybeless-sugar.ch\/de\/wp-json\/wp\/v2\/pages"}],"about":[{"href":"https:\/\/maybeless-sugar.ch\/de\/wp-json\/wp\/v2\/types\/page"}],"author":[{"embeddable":true,"href":"https:\/\/maybeless-sugar.ch\/de\/wp-json\/wp\/v2\/users\/7241"}],"replies":[{"embeddable":true,"href":"https:\/\/maybeless-sugar.ch\/de\/wp-json\/wp\/v2\/comments?post=3157"}],"version-history":[{"count":1,"href":"https:\/\/maybeless-sugar.ch\/de\/wp-json\/wp\/v2\/pages\/3157\/revisions"}],"predecessor-version":[{"id":9020,"href":"https:\/\/maybeless-sugar.ch\/de\/wp-json\/wp\/v2\/pages\/3157\/revisions\/9020"}],"wp:attachment":[{"href":"https:\/\/maybeless-sugar.ch\/de\/wp-json\/wp\/v2\/media?parent=3157"}],"curies":[{"name":"wp","href":"https:\/\/api.w.org\/{rel}","templated":true}]}}