{"id":3598,"date":"2024-04-28T16:04:19","date_gmt":"2024-04-28T14:04:19","guid":{"rendered":"https:\/\/maybeless-sugar.ch\/?page_id=3598"},"modified":"2026-04-21T11:53:36","modified_gmt":"2026-04-21T09:53:36","slug":"nuetzliche-links","status":"publish","type":"page","link":"https:\/\/maybeless-sugar.ch\/de\/nuetzliche-links\/","title":{"rendered":"N\u00fctzliche Links"},"content":{"rendered":"\n<div class=\"wp-block-group is-style-rounded has-gray-light-background-color has-background is-layout-constrained wp-block-group-is-layout-constrained\">\n<div class=\"wp-block-columns is-style-no-margin is-layout-flex wp-container-core-columns-is-layout-9d6595d7 wp-block-columns-is-layout-flex\">\n<div class=\"wp-block-column is-layout-flow wp-block-column-is-layout-flow\">\n<h3 class=\"wp-block-heading has-custom-pink-color has-text-color\">Mehr erfahren:<\/h3>\n\n\n\n<div id=\"accordion-block_46aa989fc0855b40f08681930768bac3\" class=\"block-accordion tab mb-10\">\n    <input type=\"checkbox\" id=\"tab-block_46aa989fc0855b40f08681930768bac3\" >\n    <label class=\"flex flex-col tab-label\" for=\"tab-block_46aa989fc0855b40f08681930768bac3\">\n        <span class=\"border-t-[3px] pr-10 border-t-primary pt-4 cursor-pointer font-display title\">Mehr erfahren \u00fcber Zucker und Zuckerzusatz<\/span>\n            <\/label>\n    <div class=\"tab-content\">\n        \n\n<p>Artikel in <a href=\"https:\/\/www.d-journal.ch\/ernaehrung-und-kueche-rezepte-keine\/zucker-ist-nicht-gleich-zucker-und-zucker-heisst-nicht-immer-zucker\/\" target=\"_blank\" rel=\"noreferrer noopener\">D-journal<\/a><\/p>\n\n\n\n<p>Dokumentation von <a href=\"https:\/\/gesundheitsfoerderung.ch\/kantonale-aktionsprogramme\/themen-und-publikationen\/themen\/zucker-suessgetraenke-suessstoffe\" target=\"_blank\" rel=\"noreferrer noopener\">Gesundheitsf\u00f6rderung Schweiz<\/a><\/p>\n\n\n\n<p>Die <a href=\"https:\/\/yuka.io\/\" target=\"_blank\" rel=\"noreferrer noopener\">Yuka-App<\/a> gibt Ihnen durch Scannen des Barcodes Auskunft \u00fcber die Zusammensetzung von Nahrungsmitteln.<\/p>\n\n\n\n<p>Artikel in <a href=\"https:\/\/bellevue.nzz.ch\/kochen-geniessen\/auf-zucker-verzichten-die-auswirkungen-vom-ersten-schock-zur-normalitaet-ld.1873927\" target=\"_blank\" rel=\"noreferrer noopener\">Bellevue<\/a><\/p>\n\n\n    <\/div>\n<\/div>\n\n\n\n\n\n\n<div id=\"accordion-block_d4a1ba4c297d363b5d9f4b56654a46e1\" class=\"block-accordion tab mb-10\">\n    <input type=\"checkbox\" id=\"tab-block_d4a1ba4c297d363b5d9f4b56654a46e1\" >\n    <label class=\"flex flex-col tab-label\" for=\"tab-block_d4a1ba4c297d363b5d9f4b56654a46e1\">\n        <span class=\"border-t-[3px] pr-10 border-t-primary pt-4 cursor-pointer font-display title\">SRF &#8211; Video zu Zucker<\/span>\n            <\/label>\n    <div class=\"tab-content\">\n        \n\n<p><a href=\"https:\/\/www.srf.ch\/wissen\/gesundheit\/dok-film-zucker-die-suesse-droge\" target=\"_blank\" rel=\"noreferrer noopener\">Zucker &#8211; Die s\u00fcsse Droge<\/a><\/p>\n\n\n\n<p><a href=\"https:\/\/www.srf.ch\/wissen\/gesundheit\/experiment-zuckerfrei-1-3-einen-monat-ohne-extrazucker-das-experiment-beginnt\" target=\"_blank\" rel=\"noreferrer noopener\">Einen Monat ohne Extrazucker<\/a><\/p>\n\n\n\n<p><a href=\"https:\/\/www.srf.ch\/play\/tv\/kultur-webvideos\/video\/versteckter-zucker---die-groessten-zuckerfallen?urn=urn:srf:video:359713cd-99dc-419a-87a5-8278baf7462e\" target=\"_blank\" rel=\"noreferrer noopener\">Versteckter Zucker \u2013 die gr\u00f6ssten Zuckerfallen<\/a><\/p>\n\n\n    <\/div>\n<\/div>\n\n\n\n\n\n\n<div id=\"accordion-block_6f83a0d03206607d1e17f0063aa06550\" class=\"block-accordion tab mb-10\">\n    <input type=\"checkbox\" id=\"tab-block_6f83a0d03206607d1e17f0063aa06550\" checked>\n    <label class=\"flex flex-col tab-label\" for=\"tab-block_6f83a0d03206607d1e17f0063aa06550\">\n        <span class=\"border-t-[3px] pr-10 border-t-primary pt-4 cursor-pointer font-display title\">ARTE-Reportage<\/span>\n            <\/label>\n    <div class=\"tab-content\">\n        \n\n<p><a href=\"https:\/\/youtu.be\/Lq4F8aSX0RY?si=4CvGwvvDo7mK7aUl\" target=\"_blank\" rel=\"noreferrer noopener\">Macht uns Zucker dumm?<\/a><\/p>\n\n\n\n<p><a href=\"https:\/\/www.arte.tv\/de\/videos\/117798-000-A\/fix-und-fertig-wenn-essen-suechtig-macht\/\">Fix und fertig: Wenn Essen s\u00fcchtig <\/a><a href=\"https:\/\/www.arte.tv\/de\/videos\/117798-000-A\/fix-und-fertig-wenn-essen-suechtig-macht\/\" target=\"_blank\" rel=\"noreferrer noopener\">macht<\/a><\/p>\n\n\n    <\/div>\n<\/div>\n\n\n\n<\/div>\n\n\n\n<div class=\"wp-block-column is-layout-flow wp-block-column-is-layout-flow\">\n<h3 class=\"wp-block-heading has-custom-pink-color has-text-color\">Ben\u00f6tigen Sie Hilfe? <\/h3>\n\n\n\n<div id=\"accordion-block_15b0e2c0ca4468c2f7c07b3bed65e621\" class=\"block-accordion tab mb-10\">\n    <input type=\"checkbox\" id=\"tab-block_15b0e2c0ca4468c2f7c07b3bed65e621\" >\n    <label class=\"flex flex-col tab-label\" for=\"tab-block_15b0e2c0ca4468c2f7c07b3bed65e621\">\n        <span class=\"border-t-[3px] pr-10 border-t-primary pt-4 cursor-pointer font-display title\">Zentrum f\u00fcr Fettleibigkeit<\/span>\n            <\/label>\n    <div class=\"tab-content\">\n        \n\n<p>Eine Expert:in in der N\u00e4he <a href=\"https:\/\/uebergewicht-experten.ch\/\" target=\"_blank\" rel=\"noreferrer noopener\">finden<\/a>.<\/p>\n\n\n    <\/div>\n<\/div>\n\n\n\n\n\n\n<div id=\"accordion-block_0bc39d894feed927d572cd4f39974bb4\" class=\"block-accordion tab mb-10\">\n    <input type=\"checkbox\" id=\"tab-block_0bc39d894feed927d572cd4f39974bb4\" >\n    <label class=\"flex flex-col tab-label\" for=\"tab-block_0bc39d894feed927d572cd4f39974bb4\">\n        <span class=\"border-t-[3px] pr-10 border-t-primary pt-4 cursor-pointer font-display title\">Allianz Adipositas Schweiz<\/span>\n            <\/label>\n    <div class=\"tab-content\">\n        \n\n<p>Zur <a href=\"https:\/\/www.allianzadipositasschweiz.ch\/adipositas\/adipositas-in-der-schweiz\" target=\"_blank\" rel=\"noreferrer noopener\">Website<\/a><\/p>\n\n\n\n<p><a href=\"https:\/\/hcp-locator-mlplfhud-app.azurewebsites.net\/api\/file\/resources\/prepare-to-visit-guide\/prepare.de.pdf\" target=\"_blank\" rel=\"noreferrer noopener\">Fragen<\/a>, die Sie einer Expert:in beim ersten Termin stellen k\u00f6nnen.<\/p>\n\n\n    <\/div>\n<\/div>\n\n\n\n\n\n\n<div id=\"accordion-block_65bf519555a0b2d2a84088ca1aa6e650\" class=\"block-accordion tab mb-10\">\n    <input type=\"checkbox\" id=\"tab-block_65bf519555a0b2d2a84088ca1aa6e650\" >\n    <label class=\"flex flex-col tab-label\" for=\"tab-block_65bf519555a0b2d2a84088ca1aa6e650\">\n        <span class=\"border-t-[3px] pr-10 border-t-primary pt-4 cursor-pointer font-display title\">Bulimie Anorexie<\/span>\n            <\/label>\n    <div class=\"tab-content\">\n        \n\n<p><a href=\"https:\/\/sges-ssta-ssda.ch\/\" target=\"_blank\" rel=\"noreferrer noopener\">Schweizerische Gesellschaft f\u00fcr Essst\u00f6rungen (SGES)<\/a><\/p>\n\n\n    <\/div>\n<\/div>\n\n\n\n\n\n\n<div id=\"accordion-block_d4cc2d30294372b49558319fcf4ab47f\" class=\"block-accordion tab mb-10\">\n    <input type=\"checkbox\" id=\"tab-block_d4cc2d30294372b49558319fcf4ab47f\" >\n    <label class=\"flex flex-col tab-label\" for=\"tab-block_d4cc2d30294372b49558319fcf4ab47f\">\n        <span class=\"border-t-[3px] pr-10 border-t-primary pt-4 cursor-pointer font-display title\">Ben\u00f6tigen Sie weitere Informationen?<\/span>\n            <\/label>\n    <div class=\"tab-content\">\n        \n\n<p>Kontaktieren Sie uns unter <a href=\"mailto:info@maybeless-sugar.ch\" target=\"_blank\" rel=\"noreferrer noopener\">info@maybeless-sugar.ch<\/a><\/p>\n\n\n    <\/div>\n<\/div>\n\n\n\n<\/div>\n<\/div>\n<\/div>\n\n\n\n<div style=\"height:100px\" aria-hidden=\"true\" class=\"wp-block-spacer\"><\/div>\n\n\n\n<h2 class=\"wp-block-heading has-custom-pink-color has-text-color\">Unterrichtsmaterial rund um Zucker<\/h2>\n\n\n\n<p>&gt; Schweizerische Gesellschaft f\u00fcr Ern\u00e4hrung (SGE): <a href=\"https:\/\/maybeless-sugar.ch\/wp-content\/uploads\/2024\/05\/SSN_Merkblatt_Zuckerarten-und-zugesetzter_Zucker-2021.pdf\" target=\"_blank\" rel=\"noreferrer noopener\">Zuckerzusatz: wie viel und wo?<\/a><\/p>\n\n\n\n<p>&gt; Schweizerische Gesellschaft f\u00fcr Ern\u00e4hrung (SGE): <a href=\"https:\/\/maybeless-sugar.ch\/wp-content\/uploads\/2024\/05\/SGE_Poster-Zucker-2.pdf\" target=\"_blank\" rel=\"noreferrer noopener\">Poster Zuckerzusatz: was, wie viel, wo und empfohlene H\u00f6chstmenge?<\/a><\/p>\n\n\n\n<p>&gt; Gesundheitsf\u00f6rderung Schweiz: <a href=\"https:\/\/maybeless-sugar.ch\/wp-content\/uploads\/2024\/05\/GFCH_Zucker_weniger_ist_mehr.pdf\" target=\"_blank\" rel=\"noreferrer noopener\">Zucker und Zuckerzus\u00e4tze: Was, wo und wie viel? Alternativen ?<\/a><\/p>\n\n\n\n<p>&gt; Bundesamt f\u00fcr Lebensmittelsicherheit und Veterin\u00e4rwesen (BLV): <a href=\"https:\/\/maybeless-sugar.ch\/wp-content\/uploads\/2023\/05\/jeu-sucres-scaled-e1685461368373.jpg\" target=\"_blank\" rel=\"noreferrer noopener\">\u00ab<\/a><a href=\"https:\/\/maybeless-sugar.ch\/wp-content\/uploads\/2024\/05\/Leitfaden-zur-Definition-und-Berechnung-des-zugesetzten-Zuckers.pdf\" target=\"_blank\" rel=\"noreferrer noopener\">Leitfaden zur Definition und Berechnung des Zuckersatzes<\/a> (BLV)<a href=\"https:\/\/maybeless-sugar.ch\/wp-content\/uploads\/2023\/05\/jeu-sucres-scaled-e1685461368373.jpg\" target=\"_blank\" rel=\"noreferrer noopener\">\u00bb<\/a><\/p>\n\n\n\n<p>> MAYbe Less Sugar: <a href=\"https:\/\/maybeless-sugar.ch\/wp-content\/uploads\/2025\/04\/MAYBELESSSUGAR_product_list_DE.pdf\" target=\"_blank\" rel=\"noreferrer noopener\">Produktliste des Online-Rechners und Menge an Zuckerzusatz<\/a><\/p>\n\n\n\n<div style=\"height:100px\" aria-hidden=\"true\" class=\"wp-block-spacer\"><\/div>\n\n\n\n<p><\/p>\n","protected":false},"excerpt":{"rendered":"<p>Mehr erfahren: Ben\u00f6tigen Sie Hilfe? Unterrichtsmaterial rund um Zucker &gt; Schweizerische Gesellschaft f\u00fcr Ern\u00e4hrung (SGE): Zuckerzusatz: wie viel und wo? &gt; Schweizerische Gesellschaft f\u00fcr Ern\u00e4hrung (SGE): Poster Zuckerzusatz: was, wie viel, wo und empfohlene H\u00f6chstmenge? &gt; Gesundheitsf\u00f6rderung Schweiz: Zucker und Zuckerzus\u00e4tze: Was, wo und wie viel? Alternativen ? &gt; Bundesamt f\u00fcr Lebensmittelsicherheit und Veterin\u00e4rwesen (BLV): [&hellip;]<\/p>\n","protected":false},"author":7200,"featured_media":0,"parent":0,"menu_order":0,"comment_status":"closed","ping_status":"closed","template":"","meta":{"_acf_changed":false,"footnotes":""},"class_list":["post-3598","page","type-page","status-publish","hentry"],"acf":[],"yoast_head":"<!-- This site is optimized with the Yoast SEO plugin v27.5 - https:\/\/yoast.com\/product\/yoast-seo-wordpress\/ -->\n<title>N\u00fctzliche Links - Maybeless sugar<\/title>\n<meta name=\"robots\" content=\"index, follow, max-snippet:-1, max-image-preview:large, max-video-preview:-1\" \/>\n<link rel=\"canonical\" href=\"https:\/\/maybeless-sugar.ch\/de\/nuetzliche-links\/\" \/>\n<meta property=\"og:locale\" content=\"de_DE\" \/>\n<meta property=\"og:type\" content=\"article\" \/>\n<meta property=\"og:title\" content=\"N\u00fctzliche Links - Maybeless sugar\" \/>\n<meta property=\"og:description\" content=\"Mehr erfahren: Ben\u00f6tigen Sie Hilfe? Unterrichtsmaterial rund um Zucker &gt; Schweizerische Gesellschaft f\u00fcr Ern\u00e4hrung (SGE): Zuckerzusatz: wie viel und wo? &gt; Schweizerische Gesellschaft f\u00fcr Ern\u00e4hrung (SGE): Poster Zuckerzusatz: was, wie viel, wo und empfohlene H\u00f6chstmenge? &gt; Gesundheitsf\u00f6rderung Schweiz: Zucker und Zuckerzus\u00e4tze: Was, wo und wie viel? Alternativen ? &gt; Bundesamt f\u00fcr Lebensmittelsicherheit und Veterin\u00e4rwesen (BLV): [&hellip;]\" \/>\n<meta property=\"og:url\" content=\"https:\/\/maybeless-sugar.ch\/de\/nuetzliche-links\/\" \/>\n<meta property=\"og:site_name\" content=\"Maybeless sugar\" \/>\n<meta property=\"article:modified_time\" content=\"2026-04-21T09:53:36+00:00\" \/>\n<meta name=\"twitter:card\" content=\"summary_large_image\" \/>\n<meta name=\"twitter:label1\" content=\"Gesch\u00e4tzte Lesezeit\" \/>\n\t<meta name=\"twitter:data1\" content=\"1\u00a0Minute\" \/>\n<script type=\"application\/ld+json\" class=\"yoast-schema-graph\">{\"@context\":\"https:\\\/\\\/schema.org\",\"@graph\":[{\"@type\":\"WebPage\",\"@id\":\"https:\\\/\\\/maybeless-sugar.ch\\\/de\\\/nuetzliche-links\\\/\",\"url\":\"https:\\\/\\\/maybeless-sugar.ch\\\/de\\\/nuetzliche-links\\\/\",\"name\":\"N\u00fctzliche Links - Maybeless sugar\",\"isPartOf\":{\"@id\":\"https:\\\/\\\/maybeless-sugar.ch\\\/de\\\/#website\"},\"datePublished\":\"2024-04-28T14:04:19+00:00\",\"dateModified\":\"2026-04-21T09:53:36+00:00\",\"breadcrumb\":{\"@id\":\"https:\\\/\\\/maybeless-sugar.ch\\\/de\\\/nuetzliche-links\\\/#breadcrumb\"},\"inLanguage\":\"de\",\"potentialAction\":[{\"@type\":\"ReadAction\",\"target\":[\"https:\\\/\\\/maybeless-sugar.ch\\\/de\\\/nuetzliche-links\\\/\"]}]},{\"@type\":\"BreadcrumbList\",\"@id\":\"https:\\\/\\\/maybeless-sugar.ch\\\/de\\\/nuetzliche-links\\\/#breadcrumb\",\"itemListElement\":[{\"@type\":\"ListItem\",\"position\":1,\"name\":\"Home\",\"item\":\"https:\\\/\\\/maybeless-sugar.ch\\\/de\\\/home-2023\\\/\"},{\"@type\":\"ListItem\",\"position\":2,\"name\":\"N\u00fctzliche Links\"}]},{\"@type\":\"WebSite\",\"@id\":\"https:\\\/\\\/maybeless-sugar.ch\\\/de\\\/#website\",\"url\":\"https:\\\/\\\/maybeless-sugar.ch\\\/de\\\/\",\"name\":\"Maybeless sugar\",\"description\":\"Doux mois de mai moins sucr\u00e9\",\"publisher\":{\"@id\":\"https:\\\/\\\/maybeless-sugar.ch\\\/de\\\/#organization\"},\"potentialAction\":[{\"@type\":\"SearchAction\",\"target\":{\"@type\":\"EntryPoint\",\"urlTemplate\":\"https:\\\/\\\/maybeless-sugar.ch\\\/de\\\/?s={search_term_string}\"},\"query-input\":{\"@type\":\"PropertyValueSpecification\",\"valueRequired\":true,\"valueName\":\"search_term_string\"}}],\"inLanguage\":\"de\"},{\"@type\":\"Organization\",\"@id\":\"https:\\\/\\\/maybeless-sugar.ch\\\/de\\\/#organization\",\"name\":\"Maybeless sugar\",\"url\":\"https:\\\/\\\/maybeless-sugar.ch\\\/de\\\/\",\"logo\":{\"@type\":\"ImageObject\",\"inLanguage\":\"de\",\"@id\":\"https:\\\/\\\/maybeless-sugar.ch\\\/de\\\/#\\\/schema\\\/logo\\\/image\\\/\",\"url\":\"https:\\\/\\\/maybeless-sugar.ch\\\/wp-content\\\/uploads\\\/2025\\\/03\\\/MAYBELESSSUGAR_logo_all_v_w.png\",\"contentUrl\":\"https:\\\/\\\/maybeless-sugar.ch\\\/wp-content\\\/uploads\\\/2025\\\/03\\\/MAYBELESSSUGAR_logo_all_v_w.png\",\"width\":2025,\"height\":1471,\"caption\":\"Maybeless sugar\"},\"image\":{\"@id\":\"https:\\\/\\\/maybeless-sugar.ch\\\/de\\\/#\\\/schema\\\/logo\\\/image\\\/\"}}]}<\/script>\n<!-- \/ Yoast SEO plugin. -->","yoast_head_json":{"title":"N\u00fctzliche Links - Maybeless sugar","robots":{"index":"index","follow":"follow","max-snippet":"max-snippet:-1","max-image-preview":"max-image-preview:large","max-video-preview":"max-video-preview:-1"},"canonical":"https:\/\/maybeless-sugar.ch\/de\/nuetzliche-links\/","og_locale":"de_DE","og_type":"article","og_title":"N\u00fctzliche Links - Maybeless sugar","og_description":"Mehr erfahren: Ben\u00f6tigen Sie Hilfe? Unterrichtsmaterial rund um Zucker &gt; Schweizerische Gesellschaft f\u00fcr Ern\u00e4hrung (SGE): Zuckerzusatz: wie viel und wo? &gt; Schweizerische Gesellschaft f\u00fcr Ern\u00e4hrung (SGE): Poster Zuckerzusatz: was, wie viel, wo und empfohlene H\u00f6chstmenge? &gt; Gesundheitsf\u00f6rderung Schweiz: Zucker und Zuckerzus\u00e4tze: Was, wo und wie viel? Alternativen ? &gt; Bundesamt f\u00fcr Lebensmittelsicherheit und Veterin\u00e4rwesen (BLV): [&hellip;]","og_url":"https:\/\/maybeless-sugar.ch\/de\/nuetzliche-links\/","og_site_name":"Maybeless sugar","article_modified_time":"2026-04-21T09:53:36+00:00","twitter_card":"summary_large_image","twitter_misc":{"Gesch\u00e4tzte Lesezeit":"1\u00a0Minute"},"schema":{"@context":"https:\/\/schema.org","@graph":[{"@type":"WebPage","@id":"https:\/\/maybeless-sugar.ch\/de\/nuetzliche-links\/","url":"https:\/\/maybeless-sugar.ch\/de\/nuetzliche-links\/","name":"N\u00fctzliche Links - Maybeless sugar","isPartOf":{"@id":"https:\/\/maybeless-sugar.ch\/de\/#website"},"datePublished":"2024-04-28T14:04:19+00:00","dateModified":"2026-04-21T09:53:36+00:00","breadcrumb":{"@id":"https:\/\/maybeless-sugar.ch\/de\/nuetzliche-links\/#breadcrumb"},"inLanguage":"de","potentialAction":[{"@type":"ReadAction","target":["https:\/\/maybeless-sugar.ch\/de\/nuetzliche-links\/"]}]},{"@type":"BreadcrumbList","@id":"https:\/\/maybeless-sugar.ch\/de\/nuetzliche-links\/#breadcrumb","itemListElement":[{"@type":"ListItem","position":1,"name":"Home","item":"https:\/\/maybeless-sugar.ch\/de\/home-2023\/"},{"@type":"ListItem","position":2,"name":"N\u00fctzliche Links"}]},{"@type":"WebSite","@id":"https:\/\/maybeless-sugar.ch\/de\/#website","url":"https:\/\/maybeless-sugar.ch\/de\/","name":"Maybeless sugar","description":"Doux mois de mai moins sucr\u00e9","publisher":{"@id":"https:\/\/maybeless-sugar.ch\/de\/#organization"},"potentialAction":[{"@type":"SearchAction","target":{"@type":"EntryPoint","urlTemplate":"https:\/\/maybeless-sugar.ch\/de\/?s={search_term_string}"},"query-input":{"@type":"PropertyValueSpecification","valueRequired":true,"valueName":"search_term_string"}}],"inLanguage":"de"},{"@type":"Organization","@id":"https:\/\/maybeless-sugar.ch\/de\/#organization","name":"Maybeless sugar","url":"https:\/\/maybeless-sugar.ch\/de\/","logo":{"@type":"ImageObject","inLanguage":"de","@id":"https:\/\/maybeless-sugar.ch\/de\/#\/schema\/logo\/image\/","url":"https:\/\/maybeless-sugar.ch\/wp-content\/uploads\/2025\/03\/MAYBELESSSUGAR_logo_all_v_w.png","contentUrl":"https:\/\/maybeless-sugar.ch\/wp-content\/uploads\/2025\/03\/MAYBELESSSUGAR_logo_all_v_w.png","width":2025,"height":1471,"caption":"Maybeless sugar"},"image":{"@id":"https:\/\/maybeless-sugar.ch\/de\/#\/schema\/logo\/image\/"}}]}},"_links":{"self":[{"href":"https:\/\/maybeless-sugar.ch\/de\/wp-json\/wp\/v2\/pages\/3598","targetHints":{"allow":["GET"]}}],"collection":[{"href":"https:\/\/maybeless-sugar.ch\/de\/wp-json\/wp\/v2\/pages"}],"about":[{"href":"https:\/\/maybeless-sugar.ch\/de\/wp-json\/wp\/v2\/types\/page"}],"author":[{"embeddable":true,"href":"https:\/\/maybeless-sugar.ch\/de\/wp-json\/wp\/v2\/users\/7200"}],"replies":[{"embeddable":true,"href":"https:\/\/maybeless-sugar.ch\/de\/wp-json\/wp\/v2\/comments?post=3598"}],"version-history":[{"count":1,"href":"https:\/\/maybeless-sugar.ch\/de\/wp-json\/wp\/v2\/pages\/3598\/revisions"}],"predecessor-version":[{"id":8107,"href":"https:\/\/maybeless-sugar.ch\/de\/wp-json\/wp\/v2\/pages\/3598\/revisions\/8107"}],"wp:attachment":[{"href":"https:\/\/maybeless-sugar.ch\/de\/wp-json\/wp\/v2\/media?parent=3598"}],"curies":[{"name":"wp","href":"https:\/\/api.w.org\/{rel}","templated":true}]}}