{"id":5701,"date":"2025-04-29T10:54:44","date_gmt":"2025-04-29T08:54:44","guid":{"rendered":"https:\/\/maybeless-sugar.ch\/?page_id=5701"},"modified":"2025-04-29T10:55:15","modified_gmt":"2025-04-29T08:55:15","slug":"wettbewerb","status":"publish","type":"page","link":"https:\/\/maybeless-sugar.ch\/de\/wettbewerb\/","title":{"rendered":"Wettbewerb &#8222;MAYbe Less Sugar&#8220; 2025"},"content":{"rendered":"\n<p class=\"has-text-align-center has-custom-green-color has-gray-light-background-color has-text-color has-background has-link-color has-regular-font-size wp-elements-0d4ca8762d039169be431a16e54cfba8\">Alle Personen, die an der Aktion \u00abMAYbe Less Sugar\u00bb teilnehmen, einen Account er\u00f6ffnen und an mindestens 5 Tagen den Zucker-Rechner nutzen, nehmen automatisch an unserer Verlosung teil. <em>Viel Gl\u00fcck!<\/em><\/p>\n\n<div style=\"height:20px\" aria-hidden=\"true\" class=\"wp-block-spacer\"><\/div>\n\n<h2 class=\"wp-block-heading\">Zu gewinnen gibt es folgende Preise<\/h2>\n\n<div style=\"height:30px\" aria-hidden=\"true\" class=\"wp-block-spacer\"><\/div>\n\n<h3 class=\"wp-block-heading\">1x Hektoliter Eptinger Mineralwasser (100 Liter)<\/h3>\n\n<div class=\"wp-block-media-text has-media-on-the-right is-stacked-on-mobile\" style=\"grid-template-columns:auto 22%\"><div class=\"wp-block-media-text__content\">\n<p class=\"has-text-align-left\">Die Mineralquelle Eptingen AG ist ein traditionsreiches Schweizer Familienunternehmen. Seit \u00fcber 125 Jahren wird das Mineralwasser mit den meisten Mineralien in Eptingen im Kanton Baselland abgef\u00fcllt. <\/p>\n\n\n\n<figure class=\"wp-block-image aligncenter size-full is-resized\"><a href=\"https:\/\/www.eptinger.ch\/\" target=\"_blank\" rel=\" noreferrer noopener\"><img decoding=\"async\" width=\"887\" height=\"341\" src=\"https:\/\/maybeless-sugar.ch\/wp-content\/uploads\/2025\/03\/eptinger-logo.png\" alt=\"\" class=\"wp-image-5645\" style=\"width:205px;height:auto\" srcset=\"https:\/\/maybeless-sugar.ch\/wp-content\/uploads\/2025\/03\/eptinger-logo.png 887w, https:\/\/maybeless-sugar.ch\/wp-content\/uploads\/2025\/03\/eptinger-logo-300x115.png 300w, https:\/\/maybeless-sugar.ch\/wp-content\/uploads\/2025\/03\/eptinger-logo-768x295.png 768w\" sizes=\"(max-width: 887px) 100vw, 887px\" \/><\/a><\/figure>\n<\/div><figure class=\"wp-block-media-text__media\"><img decoding=\"async\" width=\"729\" height=\"1024\" src=\"https:\/\/maybeless-sugar.ch\/wp-content\/uploads\/2025\/03\/bild-eptinger-729x1024.jpg\" alt=\"\" class=\"wp-image-5641 size-full\" srcset=\"https:\/\/maybeless-sugar.ch\/wp-content\/uploads\/2025\/03\/bild-eptinger-729x1024.jpg 729w, https:\/\/maybeless-sugar.ch\/wp-content\/uploads\/2025\/03\/bild-eptinger-214x300.jpg 214w, https:\/\/maybeless-sugar.ch\/wp-content\/uploads\/2025\/03\/bild-eptinger-768x1078.jpg 768w, https:\/\/maybeless-sugar.ch\/wp-content\/uploads\/2025\/03\/bild-eptinger.jpg 909w\" sizes=\"(max-width: 729px) 100vw, 729px\" \/><\/figure><\/div>\n\n<div style=\"height:30px\" aria-hidden=\"true\" class=\"wp-block-spacer\"><\/div>\n\n<h3 class=\"wp-block-heading\">2 Tageskarten f\u00fcr das Skigebiet Corviglia (St. Moritz)<\/h3>\n\n<p>(g\u00fcltig bis Ende Wintersaison 2025\/2026)<\/p>\n\n<div class=\"wp-block-media-text is-stacked-on-mobile\" style=\"grid-template-columns:39% auto\"><figure class=\"wp-block-media-text__media\"><img decoding=\"async\" width=\"1024\" height=\"683\" src=\"https:\/\/maybeless-sugar.ch\/wp-content\/uploads\/2025\/03\/bild-st.-moritz-1024x683.jpg\" alt=\"\" class=\"wp-image-5650 size-full\" srcset=\"https:\/\/maybeless-sugar.ch\/wp-content\/uploads\/2025\/03\/bild-st.-moritz-1024x683.jpg 1024w, https:\/\/maybeless-sugar.ch\/wp-content\/uploads\/2025\/03\/bild-st.-moritz-300x200.jpg 300w, https:\/\/maybeless-sugar.ch\/wp-content\/uploads\/2025\/03\/bild-st.-moritz-768x512.jpg 768w, https:\/\/maybeless-sugar.ch\/wp-content\/uploads\/2025\/03\/bild-st.-moritz-1536x1025.jpg 1536w, https:\/\/maybeless-sugar.ch\/wp-content\/uploads\/2025\/03\/bild-st.-moritz.jpg 1920w\" sizes=\"(max-width: 1024px) 100vw, 1024px\" \/><\/figure><div class=\"wp-block-media-text__content\">\n<p>Die Engadin St. Moritz Mountains AG betreibt als Bergbahnunternehmen die Bahnen und Bergerlebnisangebote auf Corviglia und Muottas Muragl im wohl sch\u00f6nsten B\u00fcndner Hochtal &#8211; dem Engadin. W\u00e4hrend Corviglia ein echtes Paradies f\u00fcr Wintersportler sowie Biker und Wanderer ist, sch\u00e4tzen aktive Geniesser vor allem den entspannten Weitblick und die Kulinarik auf Muottas Muragl.  <\/p>\n\n\n\n<div class=\"wp-block-columns is-layout-flex wp-container-core-columns-is-layout-9d6595d7 wp-block-columns-is-layout-flex\">\n<div class=\"wp-block-column is-vertically-aligned-bottom is-layout-flow wp-block-column-is-layout-flow\">\n<p>Engadin St. Moritz Mountains AG \/ Federico Sette <\/p>\n<\/div>\n\n\n\n<div class=\"wp-block-column is-layout-flow wp-block-column-is-layout-flow\">\n<figure class=\"wp-block-image aligncenter size-large is-resized\"><a href=\"https:\/\/www.mountains.ch\/en\/\" target=\"_blank\" rel=\" noreferrer noopener\"><img decoding=\"async\" width=\"1024\" height=\"341\" src=\"https:\/\/maybeless-sugar.ch\/wp-content\/uploads\/2025\/03\/logo-st.-moritz-1024x341.png\" alt=\"\" class=\"wp-image-5654\" style=\"width:244px;height:auto\" srcset=\"https:\/\/maybeless-sugar.ch\/wp-content\/uploads\/2025\/03\/logo-st.-moritz-1024x341.png 1024w, https:\/\/maybeless-sugar.ch\/wp-content\/uploads\/2025\/03\/logo-st.-moritz-300x100.png 300w, https:\/\/maybeless-sugar.ch\/wp-content\/uploads\/2025\/03\/logo-st.-moritz-768x256.png 768w, https:\/\/maybeless-sugar.ch\/wp-content\/uploads\/2025\/03\/logo-st.-moritz-1536x512.png 1536w, https:\/\/maybeless-sugar.ch\/wp-content\/uploads\/2025\/03\/logo-st.-moritz-2048x682.png 2048w\" sizes=\"(max-width: 1024px) 100vw, 1024px\" \/><\/a><\/figure>\n<\/div>\n<\/div>\n<\/div><\/div>\n\n<div style=\"height:30px\" aria-hidden=\"true\" class=\"wp-block-spacer\"><\/div>\n\n<h3 class=\"wp-block-heading\">3 Gutscheine von Bookfactory \u00e0 je CHF 50.-<\/h3>\n\n<div class=\"wp-block-media-text has-media-on-the-right is-stacked-on-mobile\" style=\"grid-template-columns:auto 35%\"><div class=\"wp-block-media-text__content\">\n<p>Die sch\u00f6nsten Kapitel des Lebens \u2013 ein Fotobuch von Bookfactory! Halte deine Abenteuer in hochwertigen Fotoprodukten von Bookfactory fest. Bookfactory fertigt deine Produkte mit viel Sorgfalt in der Schweiz.  <\/p>\n\n\n\n<figure class=\"wp-block-image aligncenter size-large is-resized\"><a href=\"https:\/\/www.bookfactory.ch\/fr\" target=\"_blank\" rel=\" noreferrer noopener\"><img decoding=\"async\" width=\"1024\" height=\"724\" src=\"https:\/\/maybeless-sugar.ch\/wp-content\/uploads\/2025\/03\/logo-bookfactory-1024x724.png\" alt=\"\" class=\"wp-image-5664\" style=\"width:224px;height:auto\" srcset=\"https:\/\/maybeless-sugar.ch\/wp-content\/uploads\/2025\/03\/logo-bookfactory-1024x724.png 1024w, https:\/\/maybeless-sugar.ch\/wp-content\/uploads\/2025\/03\/logo-bookfactory-300x212.png 300w, https:\/\/maybeless-sugar.ch\/wp-content\/uploads\/2025\/03\/logo-bookfactory-768x543.png 768w, https:\/\/maybeless-sugar.ch\/wp-content\/uploads\/2025\/03\/logo-bookfactory-1536x1086.png 1536w, https:\/\/maybeless-sugar.ch\/wp-content\/uploads\/2025\/03\/logo-bookfactory-2048x1448.png 2048w\" sizes=\"(max-width: 1024px) 100vw, 1024px\" \/><\/a><\/figure>\n<\/div><figure class=\"wp-block-media-text__media\"><img decoding=\"async\" width=\"660\" height=\"450\" src=\"https:\/\/maybeless-sugar.ch\/wp-content\/uploads\/2025\/03\/bild-bookfactory.jpg\" alt=\"\" class=\"wp-image-5660 size-full\" srcset=\"https:\/\/maybeless-sugar.ch\/wp-content\/uploads\/2025\/03\/bild-bookfactory.jpg 660w, https:\/\/maybeless-sugar.ch\/wp-content\/uploads\/2025\/03\/bild-bookfactory-300x205.jpg 300w\" sizes=\"(max-width: 660px) 100vw, 660px\" \/><\/figure><\/div>\n\n<div style=\"height:30px\" aria-hidden=\"true\" class=\"wp-block-spacer\"><\/div>\n\n<h3 class=\"wp-block-heading\">1 Gutschein von Veloplus \u00e0 CHF 50.-<\/h3>\n\n<div class=\"wp-block-media-text is-stacked-on-mobile\" style=\"grid-template-columns:43% auto\"><figure class=\"wp-block-media-text__media\"><img decoding=\"async\" width=\"1024\" height=\"502\" src=\"https:\/\/maybeless-sugar.ch\/wp-content\/uploads\/2025\/03\/bild-veloplus-1024x502.jpg\" alt=\"\" class=\"wp-image-5668 size-full\" srcset=\"https:\/\/maybeless-sugar.ch\/wp-content\/uploads\/2025\/03\/bild-veloplus-1024x502.jpg 1024w, https:\/\/maybeless-sugar.ch\/wp-content\/uploads\/2025\/03\/bild-veloplus-300x147.jpg 300w, https:\/\/maybeless-sugar.ch\/wp-content\/uploads\/2025\/03\/bild-veloplus-768x376.jpg 768w, https:\/\/maybeless-sugar.ch\/wp-content\/uploads\/2025\/03\/bild-veloplus-1536x752.jpg 1536w, https:\/\/maybeless-sugar.ch\/wp-content\/uploads\/2025\/03\/bild-veloplus.jpg 1760w\" sizes=\"(max-width: 1024px) 100vw, 1024px\" \/><\/figure><div class=\"wp-block-media-text__content\">\n<p class=\"has-text-align-left\">Veloplus ist die Nr. 1 f\u00fcr Velozubeh\u00f6r, Velos und E-Bikes in der Schweiz und steht seit 1987 f\u00fcr Vertrauen, Qualit\u00e4t, Innovation, Nachhaltigkeit und unsere Passion f\u00fcr das Velofahren. An schweizweit 11 Standorten in Basel, Bern, Biel, Emmenbr\u00fccke, Ostermundigen, St. Gallen, Steinhausen, Wetzikon, Winterthur, Z\u00fcrich HB und Z\u00fcrich Oerlikon ist Veloplus f\u00fcr dich da.  <\/p>\n\n\n\n<figure class=\"wp-block-image aligncenter size-full is-resized\"><a href=\"https:\/\/www.veloplus.ch\/\" target=\"_blank\" rel=\" noreferrer noopener\"><img decoding=\"async\" width=\"284\" height=\"109\" src=\"https:\/\/maybeless-sugar.ch\/wp-content\/uploads\/2025\/03\/logo-veloplus.jpg\" alt=\"\" class=\"wp-image-5672\" style=\"width:156px;height:auto\"\/><\/a><\/figure>\n<\/div><\/div>\n\n<div style=\"height:100px\" aria-hidden=\"true\" class=\"wp-block-spacer\"><\/div>\n\n<h3 class=\"wp-block-heading\">Disclaimer und Teilnahmebedinungen<\/h3>\n\n<p>Der Wettbewerb l\u00e4uft bis Ende Mai 2025. Die Gewinnerinnen oder Gewinner werden bis am 9. Juni 2025 per Email benachrichtigt und m\u00fcssen sich innerhalb 72 Stunden melden. Wenn sich die Gewinnerin oder der Gewinner innerhalb der oben-genannten Frist nicht auf die Gewinnbenachrichtigung per E-Mail hin meldet, f\u00fchrt dies zum Verlust des Gewinnanspruchs. Mit der Teilnahme an einem Wettbewerb akzeptieren die Teilnehmenden zudem die folgenden allgemeinen Teilnahmebedingungen:   <\/p>\n\n<ul class=\"wp-block-list\">\n<li>Veranstalterin dieses Wettbewerbs ist diab\u00e8tevaud.<\/li>\n\n\n\n<li>Teilnahmeberechtigt sind ausschliesslich \u200enat\u00fcrliche Personen mit Wohnsitz in der Schweiz, welche das 18. Altersjahr erreicht haben.<\/li>\n\n\n\n<li>\u00dcber den Wettbewerb wird keine Korrespondenz gef\u00fchrt. Der \u200eRechtsweg ist ausgeschlossen. <\/li>\n\n\n\n<li>Die Barauszahlung oder der Umtausch des Gewinns ist nicht \u200em\u00f6glich.\u200e Sofern der Gewinn per Post versendet wird, \u00fcbernimmt diab\u00e8tevaud keine Haftung f\u00fcr den Postweg. <\/li>\n\n\n\n<li>diab\u00e8tevaud verwendet die Personendaten einzig f\u00fcr den Wettbewerb.<\/li>\n<\/ul>\n\n<p><\/p>\n","protected":false},"excerpt":{"rendered":"<p>Alle Personen, die an der Aktion \u00abMAYbe Less Sugar\u00bb teilnehmen, einen Account er\u00f6ffnen und an mindestens 5 Tagen den Zucker-Rechner nutzen, nehmen automatisch an unserer Verlosung teil. Viel Gl\u00fcck! Zu gewinnen gibt es folgende Preise 1x Hektoliter Eptinger Mineralwasser (100 Liter) 2 Tageskarten f\u00fcr das Skigebiet Corviglia (St. Moritz) (g\u00fcltig bis Ende Wintersaison 2025\/2026) 3 [&hellip;]<\/p>\n","protected":false},"author":11124,"featured_media":0,"parent":0,"menu_order":0,"comment_status":"closed","ping_status":"closed","template":"","meta":{"_acf_changed":false,"footnotes":""},"class_list":["post-5701","page","type-page","status-publish","hentry"],"acf":[],"yoast_head":"<!-- This site is optimized with the Yoast SEO plugin v27.5 - https:\/\/yoast.com\/product\/yoast-seo-wordpress\/ -->\n<title>Wettbewerb &quot;MAYbe Less Sugar&quot; 2025 - Maybeless sugar<\/title>\n<meta name=\"robots\" content=\"index, follow, max-snippet:-1, max-image-preview:large, max-video-preview:-1\" \/>\n<link rel=\"canonical\" href=\"https:\/\/maybeless-sugar.ch\/de\/wettbewerb\/\" \/>\n<meta property=\"og:locale\" content=\"de_DE\" \/>\n<meta property=\"og:type\" content=\"article\" \/>\n<meta property=\"og:title\" content=\"Wettbewerb &quot;MAYbe Less Sugar&quot; 2025 - Maybeless sugar\" \/>\n<meta property=\"og:description\" content=\"Alle Personen, die an der Aktion \u00abMAYbe Less Sugar\u00bb teilnehmen, einen Account er\u00f6ffnen und an mindestens 5 Tagen den Zucker-Rechner nutzen, nehmen automatisch an unserer Verlosung teil. Viel Gl\u00fcck! Zu gewinnen gibt es folgende Preise 1x Hektoliter Eptinger Mineralwasser (100 Liter) 2 Tageskarten f\u00fcr das Skigebiet Corviglia (St. Moritz) (g\u00fcltig bis Ende Wintersaison 2025\/2026) 3 [&hellip;]\" \/>\n<meta property=\"og:url\" content=\"https:\/\/maybeless-sugar.ch\/de\/wettbewerb\/\" \/>\n<meta property=\"og:site_name\" content=\"Maybeless sugar\" \/>\n<meta property=\"article:modified_time\" content=\"2025-04-29T08:55:15+00:00\" \/>\n<meta property=\"og:image\" content=\"https:\/\/maybeless-sugar.ch\/wp-content\/uploads\/2025\/03\/eptinger-logo.png\" \/>\n\t<meta property=\"og:image:width\" content=\"887\" \/>\n\t<meta property=\"og:image:height\" content=\"341\" \/>\n\t<meta property=\"og:image:type\" content=\"image\/png\" \/>\n<meta name=\"twitter:card\" content=\"summary_large_image\" \/>\n<meta name=\"twitter:label1\" content=\"Gesch\u00e4tzte Lesezeit\" \/>\n\t<meta name=\"twitter:data1\" content=\"4\u00a0Minuten\" \/>\n<script type=\"application\/ld+json\" class=\"yoast-schema-graph\">{\"@context\":\"https:\\\/\\\/schema.org\",\"@graph\":[{\"@type\":\"WebPage\",\"@id\":\"https:\\\/\\\/maybeless-sugar.ch\\\/de\\\/wettbewerb\\\/\",\"url\":\"https:\\\/\\\/maybeless-sugar.ch\\\/de\\\/wettbewerb\\\/\",\"name\":\"Wettbewerb \\\"MAYbe Less Sugar\\\" 2025 - Maybeless sugar\",\"isPartOf\":{\"@id\":\"https:\\\/\\\/maybeless-sugar.ch\\\/de\\\/#website\"},\"primaryImageOfPage\":{\"@id\":\"https:\\\/\\\/maybeless-sugar.ch\\\/de\\\/wettbewerb\\\/#primaryimage\"},\"image\":{\"@id\":\"https:\\\/\\\/maybeless-sugar.ch\\\/de\\\/wettbewerb\\\/#primaryimage\"},\"thumbnailUrl\":\"https:\\\/\\\/maybeless-sugar.ch\\\/wp-content\\\/uploads\\\/2025\\\/03\\\/eptinger-logo.png\",\"datePublished\":\"2025-04-29T08:54:44+00:00\",\"dateModified\":\"2025-04-29T08:55:15+00:00\",\"breadcrumb\":{\"@id\":\"https:\\\/\\\/maybeless-sugar.ch\\\/de\\\/wettbewerb\\\/#breadcrumb\"},\"inLanguage\":\"de\",\"potentialAction\":[{\"@type\":\"ReadAction\",\"target\":[\"https:\\\/\\\/maybeless-sugar.ch\\\/de\\\/wettbewerb\\\/\"]}]},{\"@type\":\"ImageObject\",\"inLanguage\":\"de\",\"@id\":\"https:\\\/\\\/maybeless-sugar.ch\\\/de\\\/wettbewerb\\\/#primaryimage\",\"url\":\"https:\\\/\\\/maybeless-sugar.ch\\\/wp-content\\\/uploads\\\/2025\\\/03\\\/eptinger-logo.png\",\"contentUrl\":\"https:\\\/\\\/maybeless-sugar.ch\\\/wp-content\\\/uploads\\\/2025\\\/03\\\/eptinger-logo.png\"},{\"@type\":\"BreadcrumbList\",\"@id\":\"https:\\\/\\\/maybeless-sugar.ch\\\/de\\\/wettbewerb\\\/#breadcrumb\",\"itemListElement\":[{\"@type\":\"ListItem\",\"position\":1,\"name\":\"Home\",\"item\":\"https:\\\/\\\/maybeless-sugar.ch\\\/de\\\/home-2023\\\/\"},{\"@type\":\"ListItem\",\"position\":2,\"name\":\"Wettbewerb \u00ab\u00a0MAYbe Less Sugar\u00a0\u00bb 2025\"}]},{\"@type\":\"WebSite\",\"@id\":\"https:\\\/\\\/maybeless-sugar.ch\\\/de\\\/#website\",\"url\":\"https:\\\/\\\/maybeless-sugar.ch\\\/de\\\/\",\"name\":\"Maybeless sugar\",\"description\":\"Doux mois de mai moins sucr\u00e9\",\"publisher\":{\"@id\":\"https:\\\/\\\/maybeless-sugar.ch\\\/de\\\/#organization\"},\"potentialAction\":[{\"@type\":\"SearchAction\",\"target\":{\"@type\":\"EntryPoint\",\"urlTemplate\":\"https:\\\/\\\/maybeless-sugar.ch\\\/de\\\/?s={search_term_string}\"},\"query-input\":{\"@type\":\"PropertyValueSpecification\",\"valueRequired\":true,\"valueName\":\"search_term_string\"}}],\"inLanguage\":\"de\"},{\"@type\":\"Organization\",\"@id\":\"https:\\\/\\\/maybeless-sugar.ch\\\/de\\\/#organization\",\"name\":\"Maybeless sugar\",\"url\":\"https:\\\/\\\/maybeless-sugar.ch\\\/de\\\/\",\"logo\":{\"@type\":\"ImageObject\",\"inLanguage\":\"de\",\"@id\":\"https:\\\/\\\/maybeless-sugar.ch\\\/de\\\/#\\\/schema\\\/logo\\\/image\\\/\",\"url\":\"https:\\\/\\\/maybeless-sugar.ch\\\/wp-content\\\/uploads\\\/2025\\\/03\\\/MAYBELESSSUGAR_logo_all_v_w.png\",\"contentUrl\":\"https:\\\/\\\/maybeless-sugar.ch\\\/wp-content\\\/uploads\\\/2025\\\/03\\\/MAYBELESSSUGAR_logo_all_v_w.png\",\"width\":2025,\"height\":1471,\"caption\":\"Maybeless sugar\"},\"image\":{\"@id\":\"https:\\\/\\\/maybeless-sugar.ch\\\/de\\\/#\\\/schema\\\/logo\\\/image\\\/\"}}]}<\/script>\n<!-- \/ Yoast SEO plugin. -->","yoast_head_json":{"title":"Wettbewerb \"MAYbe Less Sugar\" 2025 - Maybeless sugar","robots":{"index":"index","follow":"follow","max-snippet":"max-snippet:-1","max-image-preview":"max-image-preview:large","max-video-preview":"max-video-preview:-1"},"canonical":"https:\/\/maybeless-sugar.ch\/de\/wettbewerb\/","og_locale":"de_DE","og_type":"article","og_title":"Wettbewerb \"MAYbe Less Sugar\" 2025 - Maybeless sugar","og_description":"Alle Personen, die an der Aktion \u00abMAYbe Less Sugar\u00bb teilnehmen, einen Account er\u00f6ffnen und an mindestens 5 Tagen den Zucker-Rechner nutzen, nehmen automatisch an unserer Verlosung teil. Viel Gl\u00fcck! Zu gewinnen gibt es folgende Preise 1x Hektoliter Eptinger Mineralwasser (100 Liter) 2 Tageskarten f\u00fcr das Skigebiet Corviglia (St. Moritz) (g\u00fcltig bis Ende Wintersaison 2025\/2026) 3 [&hellip;]","og_url":"https:\/\/maybeless-sugar.ch\/de\/wettbewerb\/","og_site_name":"Maybeless sugar","article_modified_time":"2025-04-29T08:55:15+00:00","og_image":[{"width":887,"height":341,"url":"https:\/\/maybeless-sugar.ch\/wp-content\/uploads\/2025\/03\/eptinger-logo.png","type":"image\/png"}],"twitter_card":"summary_large_image","twitter_misc":{"Gesch\u00e4tzte Lesezeit":"4\u00a0Minuten"},"schema":{"@context":"https:\/\/schema.org","@graph":[{"@type":"WebPage","@id":"https:\/\/maybeless-sugar.ch\/de\/wettbewerb\/","url":"https:\/\/maybeless-sugar.ch\/de\/wettbewerb\/","name":"Wettbewerb \"MAYbe Less Sugar\" 2025 - Maybeless sugar","isPartOf":{"@id":"https:\/\/maybeless-sugar.ch\/de\/#website"},"primaryImageOfPage":{"@id":"https:\/\/maybeless-sugar.ch\/de\/wettbewerb\/#primaryimage"},"image":{"@id":"https:\/\/maybeless-sugar.ch\/de\/wettbewerb\/#primaryimage"},"thumbnailUrl":"https:\/\/maybeless-sugar.ch\/wp-content\/uploads\/2025\/03\/eptinger-logo.png","datePublished":"2025-04-29T08:54:44+00:00","dateModified":"2025-04-29T08:55:15+00:00","breadcrumb":{"@id":"https:\/\/maybeless-sugar.ch\/de\/wettbewerb\/#breadcrumb"},"inLanguage":"de","potentialAction":[{"@type":"ReadAction","target":["https:\/\/maybeless-sugar.ch\/de\/wettbewerb\/"]}]},{"@type":"ImageObject","inLanguage":"de","@id":"https:\/\/maybeless-sugar.ch\/de\/wettbewerb\/#primaryimage","url":"https:\/\/maybeless-sugar.ch\/wp-content\/uploads\/2025\/03\/eptinger-logo.png","contentUrl":"https:\/\/maybeless-sugar.ch\/wp-content\/uploads\/2025\/03\/eptinger-logo.png"},{"@type":"BreadcrumbList","@id":"https:\/\/maybeless-sugar.ch\/de\/wettbewerb\/#breadcrumb","itemListElement":[{"@type":"ListItem","position":1,"name":"Home","item":"https:\/\/maybeless-sugar.ch\/de\/home-2023\/"},{"@type":"ListItem","position":2,"name":"Wettbewerb \u00ab\u00a0MAYbe Less Sugar\u00a0\u00bb 2025"}]},{"@type":"WebSite","@id":"https:\/\/maybeless-sugar.ch\/de\/#website","url":"https:\/\/maybeless-sugar.ch\/de\/","name":"Maybeless sugar","description":"Doux mois de mai moins sucr\u00e9","publisher":{"@id":"https:\/\/maybeless-sugar.ch\/de\/#organization"},"potentialAction":[{"@type":"SearchAction","target":{"@type":"EntryPoint","urlTemplate":"https:\/\/maybeless-sugar.ch\/de\/?s={search_term_string}"},"query-input":{"@type":"PropertyValueSpecification","valueRequired":true,"valueName":"search_term_string"}}],"inLanguage":"de"},{"@type":"Organization","@id":"https:\/\/maybeless-sugar.ch\/de\/#organization","name":"Maybeless sugar","url":"https:\/\/maybeless-sugar.ch\/de\/","logo":{"@type":"ImageObject","inLanguage":"de","@id":"https:\/\/maybeless-sugar.ch\/de\/#\/schema\/logo\/image\/","url":"https:\/\/maybeless-sugar.ch\/wp-content\/uploads\/2025\/03\/MAYBELESSSUGAR_logo_all_v_w.png","contentUrl":"https:\/\/maybeless-sugar.ch\/wp-content\/uploads\/2025\/03\/MAYBELESSSUGAR_logo_all_v_w.png","width":2025,"height":1471,"caption":"Maybeless sugar"},"image":{"@id":"https:\/\/maybeless-sugar.ch\/de\/#\/schema\/logo\/image\/"}}]}},"_links":{"self":[{"href":"https:\/\/maybeless-sugar.ch\/de\/wp-json\/wp\/v2\/pages\/5701","targetHints":{"allow":["GET"]}}],"collection":[{"href":"https:\/\/maybeless-sugar.ch\/de\/wp-json\/wp\/v2\/pages"}],"about":[{"href":"https:\/\/maybeless-sugar.ch\/de\/wp-json\/wp\/v2\/types\/page"}],"author":[{"embeddable":true,"href":"https:\/\/maybeless-sugar.ch\/de\/wp-json\/wp\/v2\/users\/11124"}],"replies":[{"embeddable":true,"href":"https:\/\/maybeless-sugar.ch\/de\/wp-json\/wp\/v2\/comments?post=5701"}],"version-history":[{"count":0,"href":"https:\/\/maybeless-sugar.ch\/de\/wp-json\/wp\/v2\/pages\/5701\/revisions"}],"wp:attachment":[{"href":"https:\/\/maybeless-sugar.ch\/de\/wp-json\/wp\/v2\/media?parent=5701"}],"curies":[{"name":"wp","href":"https:\/\/api.w.org\/{rel}","templated":true}]}}