{"id":6493,"date":"2025-09-23T09:31:38","date_gmt":"2025-09-23T07:31:38","guid":{"rendered":"https:\/\/maybeless-sugar.ch\/politique-de-confidentialite\/"},"modified":"2025-10-21T08:43:36","modified_gmt":"2025-10-21T06:43:36","slug":"politique-de-confidentialite","status":"publish","type":"page","link":"https:\/\/maybeless-sugar.ch\/de\/politique-de-confidentialite\/","title":{"rendered":"Politik der Vertraulichkeit"},"content":{"rendered":"\n<p>Datenschutzerkl\u00e4rung<br\/>Zuletzt aktualisiert am 23-Sep-2025<br\/>Inkrafttreten am 23-Sep-2025<\/p>\n\n<p>Diese Datenschutzrichtlinie beschreibt die Richtlinien von Diab\u00e8te Vaud, Avenue de Provence 4, Vaud 1007 Lausanne, Schweiz, E-Mail: info@diabetevaud.ch, Telefon: 021 657 19 20 \u00fcber die Erfassung, Verwendung und Weitergabe Ihrer Daten, die wir bei der Nutzung unserer Website ( https:\/\/maybeless-sugar.ch ) erfassen. (der &#8222;Dienst&#8220;). Indem Sie auf den Service zugreifen oder ihn nutzen, erkl\u00e4ren Sie sich mit der Erfassung, Verwendung und Weitergabe Ihrer Daten in \u00dcbereinstimmung mit dieser Datenschutzrichtlinie einverstanden. Wenn Sie damit nicht einverstanden sind, bitten wir Sie, den Service nicht zu nutzen.<br\/>Wir k\u00f6nnen diese Datenschutzrichtlinie jederzeit ohne vorherige Ank\u00fcndigung \u00e4ndern und werden die \u00fcberarbeitete Datenschutzrichtlinie im Service ver\u00f6ffentlichen. Die ge\u00e4nderte Richtlinie tritt 180 Tage nach der Ver\u00f6ffentlichung der ge\u00e4nderten Richtlinie im Service in Kraft, und wenn Sie nach diesem Zeitpunkt weiterhin auf den Service zugreifen oder ihn nutzen, erkl\u00e4ren Sie sich mit der ge\u00e4nderten Datenschutzrichtlinie einverstanden. Wir empfehlen Ihnen daher, diese Seite regelm\u00e4\u00dfig zu \u00fcberpr\u00fcfen.     <\/p>\n\n<p>Informationen, die wir sammeln:<br\/>Wir werden die folgenden pers\u00f6nlichen Informationen \u00fcber Sie sammeln und verarbeiten:<\/p>\n\n<p>Name<br\/>E-Mail<br\/>Handy<br\/>Geburtsdatum<br\/>Adresse<br\/>Alter<br\/>Gewicht<br\/>alle anderen im Formular abgefragten Informationen.<\/p>\n\n<p>Wie wir Ihre Informationen sammeln:<br\/>Wir sammeln\/erhalten Informationen \u00fcber Sie auf folgende Weise:<\/p>\n\n<p>Wenn ein Benutzer das Registrierungsformular ausf\u00fcllt oder auf andere Weise pers\u00f6nliche Daten \u00fcbermittelt<br\/>Interaktion mit der Website<br\/>Aus \u00f6ffentlichen Quellen<\/p>\n\n<p>Wie wir Ihre Informationen verwenden:<br\/>Wir werden die Informationen, die wir \u00fcber Sie sammeln, f\u00fcr die folgenden Zwecke verwenden:<\/p>\n\n<p>Erstellung eines Benutzerkontos<br\/>Wenn wir Ihre Daten f\u00fcr andere Zwecke verwenden m\u00f6chten, werden wir Sie um Ihre Zustimmung bitten und Ihre Daten nur nach Erhalt Ihrer Zustimmung und dann nur f\u00fcr den\/die Zweck(e) verwenden, f\u00fcr den\/die Sie Ihre Zustimmung erteilt haben, es sei denn, wir sind gesetzlich zu etwas anderem verpflichtet.<\/p>\n\n<p>Wie wir Ihre Daten weitergeben:<br\/>Wir werden Ihre pers\u00f6nlichen Daten nicht an Dritte weitergeben, ohne Ihre Zustimmung einzuholen, au\u00dfer unter den unten beschriebenen, begrenzten Umst\u00e4nden:<\/p>\n\n<p>Analytik<br\/>Datenerhebung &amp; -verarbeitung<br\/>Wir verlangen von diesen Dritten, dass sie die personenbezogenen Daten, die wir an sie weitergeben, nur f\u00fcr den Zweck verwenden, f\u00fcr den sie weitergegeben wurden, und sie nicht l\u00e4nger aufbewahren, als es f\u00fcr die Erf\u00fcllung des besagten Zwecks erforderlich ist.<br\/>Wir k\u00f6nnen Ihre personenbezogenen Daten auch aus folgenden Gr\u00fcnden weitergeben: (1) um geltendem Recht, Vorschriften, Gerichtsbeschl\u00fcssen oder anderen rechtlichen Verfahren zu entsprechen; (2) um Ihre Vereinbarungen mit uns, einschlie\u00dflich dieser Datenschutzrichtlinie, durchzusetzen; oder (3) um auf Klagen zu reagieren, dass Ihre Nutzung des Dienstes die Rechte Dritter verletzt. Falls der Dienst oder unser Unternehmen mit einem anderen Unternehmen fusioniert oder \u00fcbernommen wird, geh\u00f6ren Ihre Daten zu den Verm\u00f6genswerten, die auf den neuen Eigent\u00fcmer \u00fcbertragen werden. <\/p>\n\n<p>Aufbewahrung Ihrer Daten:<br\/>Wir bewahren Ihre pers\u00f6nlichen Daten bei uns f\u00fcr 90 Tage bis 2 Jahre auf, nachdem Nutzer ihre Konten gek\u00fcndigt haben, oder so lange, wie wir sie ben\u00f6tigen, um die Zwecke zu erf\u00fcllen, f\u00fcr die sie, wie in dieser Datenschutzrichtlinie beschrieben, erhoben wurden. Es kann sein, dass wir bestimmte Daten l\u00e4nger aufbewahren m\u00fcssen, z.B. f\u00fcr Aufzeichnungen\/Berichte in \u00dcbereinstimmung mit geltendem Recht oder aus anderen legitimen Gr\u00fcnden, wie z.B. zur Durchsetzung gesetzlicher Rechte, zur Betrugsbek\u00e4mpfung usw. Anonyme Restdaten und zusammengefasste Daten, die Sie nicht (direkt oder indirekt) identifizieren, k\u00f6nnen auf unbestimmte Zeit gespeichert werden.  <\/p>\n\n<p>Ihre Rechte:<br\/>Je nach geltendem Recht haben Sie das Recht, auf Ihre personenbezogenen Daten zuzugreifen und sie zu berichtigen oder zu l\u00f6schen oder eine Kopie Ihrer personenbezogenen Daten zu erhalten, die aktive Verarbeitung Ihrer Daten einzuschr\u00e4nken oder ihr zu widersprechen, uns zu bitten, Ihre personenbezogenen Daten an eine andere Stelle weiterzugeben (zu portieren), die von Ihnen erteilte Zustimmung zur Verarbeitung Ihrer Daten zu widerrufen, das Recht, eine Beschwerde bei einer gesetzlichen Beh\u00f6rde einzureichen, sowie weitere Rechte, die nach geltendem Recht relevant sein k\u00f6nnen. Um diese Rechte auszu\u00fcben, k\u00f6nnen Sie uns an compte@trivialmass.com schreiben. Wir werden Ihre Anfrage in \u00dcbereinstimmung mit dem anwendbaren Recht beantworten.<br\/>Sie k\u00f6nnen sich von der Direktmarketing-Kommunikation oder dem Profiling, das wir zu Marketingzwecken durchf\u00fchren, abmelden, indem Sie uns an compte@trivialmass.com schreiben.<br\/>Bitte beachten Sie, dass Sie m\u00f6glicherweise nicht in der Lage sind, auf die Dienste zuzugreifen oder diese zu nutzen, f\u00fcr die Ihre Daten angefordert wurden, wenn Sie uns nicht gestatten, die erforderlichen personenbezogenen Daten zu sammeln oder zu verarbeiten, oder wenn Sie Ihre Zustimmung zur Verarbeitung dieser Daten f\u00fcr die erforderlichen Zwecke zur\u00fcckziehen.  <\/p>\n\n<p>Cookies usw.<br\/>Um mehr dar\u00fcber zu erfahren, wie wir diese verwenden und welche M\u00f6glichkeiten Sie in Bezug auf diese Tracking-Technologien haben, lesen Sie bitte unsere <a href=\"https:\/\/maybeless-sugar.ch\/de\/allgemeine-geschaeftsbedingungen\/\">Cookie-Richtlinie<\/a>.<\/p>\n\n<p>Sicherheit:<br\/>Die Sicherheit Ihrer Daten ist uns wichtig und wir werden angemessene Sicherheitsma\u00dfnahmen ergreifen, um den Verlust, den Missbrauch oder die unbefugte \u00c4nderung Ihrer Daten unter unserer Kontrolle zu verhindern. In Anbetracht der inh\u00e4renten Risiken k\u00f6nnen wir jedoch keine absolute Sicherheit garantieren. Folglich k\u00f6nnen wir die Sicherheit von Informationen, die Sie uns \u00fcbermitteln, weder gew\u00e4hrleisten noch garantieren, und Sie tun dies auf eigenes Risiko. <\/p>\n\n<p>Beschwerde-\/Datenschutzbeauftragter:<br\/>Wenn Sie Fragen oder Bedenken bez\u00fcglich der Verarbeitung Ihrer bei uns vorhandenen Daten haben, k\u00f6nnen Sie sich per E-Mail an unseren Beschwerdebeauftragten wenden: Diab\u00e8te Vaud, Avenue de Provence 4, E-Mail: compte@trivialmass.com. Wir werden Ihre Bedenken in \u00dcbereinstimmung mit dem geltenden Recht behandeln. <\/p>\n\n<p>Datenschutzrichtlinie generiert mit CookieYes.<\/p>\n","protected":false},"excerpt":{"rendered":"<p>Datenschutzerkl\u00e4rungZuletzt aktualisiert am 23-Sep-2025Inkrafttreten am 23-Sep-2025 Diese Datenschutzrichtlinie beschreibt die Richtlinien von Diab\u00e8te Vaud, Avenue de Provence 4, Vaud 1007 Lausanne, Schweiz, E-Mail: info@diabetevaud.ch, Telefon: 021 657 19 20 \u00fcber die Erfassung, Verwendung und Weitergabe Ihrer Daten, die wir bei der Nutzung unserer Website ( https:\/\/maybeless-sugar.ch ) erfassen. (der &#8222;Dienst&#8220;). Indem Sie auf den Service [&hellip;]<\/p>\n","protected":false},"author":7241,"featured_media":0,"parent":0,"menu_order":0,"comment_status":"closed","ping_status":"closed","template":"","meta":{"_acf_changed":false,"footnotes":""},"class_list":["post-6493","page","type-page","status-publish","hentry"],"acf":[],"yoast_head":"<!-- This site is optimized with the Yoast SEO plugin v26.5 - https:\/\/yoast.com\/wordpress\/plugins\/seo\/ -->\n<title>Politik der Vertraulichkeit - Maybeless sugar<\/title>\n<meta name=\"robots\" content=\"index, follow, max-snippet:-1, max-image-preview:large, max-video-preview:-1\" \/>\n<link rel=\"canonical\" href=\"https:\/\/maybeless-sugar.ch\/de\/politique-de-confidentialite\/\" \/>\n<meta property=\"og:locale\" content=\"de_DE\" \/>\n<meta property=\"og:type\" content=\"article\" \/>\n<meta property=\"og:title\" content=\"Politik der Vertraulichkeit - Maybeless sugar\" \/>\n<meta property=\"og:description\" content=\"Datenschutzerkl\u00e4rungZuletzt aktualisiert am 23-Sep-2025Inkrafttreten am 23-Sep-2025 Diese Datenschutzrichtlinie beschreibt die Richtlinien von Diab\u00e8te Vaud, Avenue de Provence 4, Vaud 1007 Lausanne, Schweiz, E-Mail: info@diabetevaud.ch, Telefon: 021 657 19 20 \u00fcber die Erfassung, Verwendung und Weitergabe Ihrer Daten, die wir bei der Nutzung unserer Website ( https:\/\/maybeless-sugar.ch ) erfassen. (der &#8222;Dienst&#8220;). Indem Sie auf den Service [&hellip;]\" \/>\n<meta property=\"og:url\" content=\"https:\/\/maybeless-sugar.ch\/de\/politique-de-confidentialite\/\" \/>\n<meta property=\"og:site_name\" content=\"Maybeless sugar\" \/>\n<meta property=\"article:modified_time\" content=\"2025-10-21T06:43:36+00:00\" \/>\n<meta name=\"twitter:card\" content=\"summary_large_image\" \/>\n<meta name=\"twitter:label1\" content=\"Gesch\u00e4tzte Lesezeit\" \/>\n\t<meta name=\"twitter:data1\" content=\"5\u00a0Minuten\" \/>\n<script type=\"application\/ld+json\" class=\"yoast-schema-graph\">{\"@context\":\"https:\/\/schema.org\",\"@graph\":[{\"@type\":\"WebPage\",\"@id\":\"https:\/\/maybeless-sugar.ch\/de\/politique-de-confidentialite\/\",\"url\":\"https:\/\/maybeless-sugar.ch\/de\/politique-de-confidentialite\/\",\"name\":\"Politik der Vertraulichkeit - Maybeless sugar\",\"isPartOf\":{\"@id\":\"https:\/\/maybeless-sugar.ch\/de\/#website\"},\"datePublished\":\"2025-09-23T07:31:38+00:00\",\"dateModified\":\"2025-10-21T06:43:36+00:00\",\"breadcrumb\":{\"@id\":\"https:\/\/maybeless-sugar.ch\/de\/politique-de-confidentialite\/#breadcrumb\"},\"inLanguage\":\"de\",\"potentialAction\":[{\"@type\":\"ReadAction\",\"target\":[\"https:\/\/maybeless-sugar.ch\/de\/politique-de-confidentialite\/\"]}]},{\"@type\":\"BreadcrumbList\",\"@id\":\"https:\/\/maybeless-sugar.ch\/de\/politique-de-confidentialite\/#breadcrumb\",\"itemListElement\":[{\"@type\":\"ListItem\",\"position\":1,\"name\":\"Home\",\"item\":\"https:\/\/maybeless-sugar.ch\/de\/\"},{\"@type\":\"ListItem\",\"position\":2,\"name\":\"Politik der Vertraulichkeit\"}]},{\"@type\":\"WebSite\",\"@id\":\"https:\/\/maybeless-sugar.ch\/de\/#website\",\"url\":\"https:\/\/maybeless-sugar.ch\/de\/\",\"name\":\"Maybeless sugar\",\"description\":\"Doux mois de mai moins sucr\u00e9\",\"publisher\":{\"@id\":\"https:\/\/maybeless-sugar.ch\/de\/#organization\"},\"potentialAction\":[{\"@type\":\"SearchAction\",\"target\":{\"@type\":\"EntryPoint\",\"urlTemplate\":\"https:\/\/maybeless-sugar.ch\/de\/?s={search_term_string}\"},\"query-input\":{\"@type\":\"PropertyValueSpecification\",\"valueRequired\":true,\"valueName\":\"search_term_string\"}}],\"inLanguage\":\"de\"},{\"@type\":\"Organization\",\"@id\":\"https:\/\/maybeless-sugar.ch\/de\/#organization\",\"name\":\"Maybeless sugar\",\"url\":\"https:\/\/maybeless-sugar.ch\/de\/\",\"logo\":{\"@type\":\"ImageObject\",\"inLanguage\":\"de\",\"@id\":\"https:\/\/maybeless-sugar.ch\/de\/#\/schema\/logo\/image\/\",\"url\":\"https:\/\/maybeless-sugar.ch\/wp-content\/uploads\/2025\/03\/MAYBELESSSUGAR_logo_all_v_w.png\",\"contentUrl\":\"https:\/\/maybeless-sugar.ch\/wp-content\/uploads\/2025\/03\/MAYBELESSSUGAR_logo_all_v_w.png\",\"width\":2025,\"height\":1471,\"caption\":\"Maybeless sugar\"},\"image\":{\"@id\":\"https:\/\/maybeless-sugar.ch\/de\/#\/schema\/logo\/image\/\"}}]}<\/script>\n<!-- \/ Yoast SEO plugin. -->","yoast_head_json":{"title":"Politik der Vertraulichkeit - Maybeless sugar","robots":{"index":"index","follow":"follow","max-snippet":"max-snippet:-1","max-image-preview":"max-image-preview:large","max-video-preview":"max-video-preview:-1"},"canonical":"https:\/\/maybeless-sugar.ch\/de\/politique-de-confidentialite\/","og_locale":"de_DE","og_type":"article","og_title":"Politik der Vertraulichkeit - Maybeless sugar","og_description":"Datenschutzerkl\u00e4rungZuletzt aktualisiert am 23-Sep-2025Inkrafttreten am 23-Sep-2025 Diese Datenschutzrichtlinie beschreibt die Richtlinien von Diab\u00e8te Vaud, Avenue de Provence 4, Vaud 1007 Lausanne, Schweiz, E-Mail: info@diabetevaud.ch, Telefon: 021 657 19 20 \u00fcber die Erfassung, Verwendung und Weitergabe Ihrer Daten, die wir bei der Nutzung unserer Website ( https:\/\/maybeless-sugar.ch ) erfassen. (der &#8222;Dienst&#8220;). Indem Sie auf den Service [&hellip;]","og_url":"https:\/\/maybeless-sugar.ch\/de\/politique-de-confidentialite\/","og_site_name":"Maybeless sugar","article_modified_time":"2025-10-21T06:43:36+00:00","twitter_card":"summary_large_image","twitter_misc":{"Gesch\u00e4tzte Lesezeit":"5\u00a0Minuten"},"schema":{"@context":"https:\/\/schema.org","@graph":[{"@type":"WebPage","@id":"https:\/\/maybeless-sugar.ch\/de\/politique-de-confidentialite\/","url":"https:\/\/maybeless-sugar.ch\/de\/politique-de-confidentialite\/","name":"Politik der Vertraulichkeit - Maybeless sugar","isPartOf":{"@id":"https:\/\/maybeless-sugar.ch\/de\/#website"},"datePublished":"2025-09-23T07:31:38+00:00","dateModified":"2025-10-21T06:43:36+00:00","breadcrumb":{"@id":"https:\/\/maybeless-sugar.ch\/de\/politique-de-confidentialite\/#breadcrumb"},"inLanguage":"de","potentialAction":[{"@type":"ReadAction","target":["https:\/\/maybeless-sugar.ch\/de\/politique-de-confidentialite\/"]}]},{"@type":"BreadcrumbList","@id":"https:\/\/maybeless-sugar.ch\/de\/politique-de-confidentialite\/#breadcrumb","itemListElement":[{"@type":"ListItem","position":1,"name":"Home","item":"https:\/\/maybeless-sugar.ch\/de\/"},{"@type":"ListItem","position":2,"name":"Politik der Vertraulichkeit"}]},{"@type":"WebSite","@id":"https:\/\/maybeless-sugar.ch\/de\/#website","url":"https:\/\/maybeless-sugar.ch\/de\/","name":"Maybeless sugar","description":"Doux mois de mai moins sucr\u00e9","publisher":{"@id":"https:\/\/maybeless-sugar.ch\/de\/#organization"},"potentialAction":[{"@type":"SearchAction","target":{"@type":"EntryPoint","urlTemplate":"https:\/\/maybeless-sugar.ch\/de\/?s={search_term_string}"},"query-input":{"@type":"PropertyValueSpecification","valueRequired":true,"valueName":"search_term_string"}}],"inLanguage":"de"},{"@type":"Organization","@id":"https:\/\/maybeless-sugar.ch\/de\/#organization","name":"Maybeless sugar","url":"https:\/\/maybeless-sugar.ch\/de\/","logo":{"@type":"ImageObject","inLanguage":"de","@id":"https:\/\/maybeless-sugar.ch\/de\/#\/schema\/logo\/image\/","url":"https:\/\/maybeless-sugar.ch\/wp-content\/uploads\/2025\/03\/MAYBELESSSUGAR_logo_all_v_w.png","contentUrl":"https:\/\/maybeless-sugar.ch\/wp-content\/uploads\/2025\/03\/MAYBELESSSUGAR_logo_all_v_w.png","width":2025,"height":1471,"caption":"Maybeless sugar"},"image":{"@id":"https:\/\/maybeless-sugar.ch\/de\/#\/schema\/logo\/image\/"}}]}},"_links":{"self":[{"href":"https:\/\/maybeless-sugar.ch\/de\/wp-json\/wp\/v2\/pages\/6493","targetHints":{"allow":["GET"]}}],"collection":[{"href":"https:\/\/maybeless-sugar.ch\/de\/wp-json\/wp\/v2\/pages"}],"about":[{"href":"https:\/\/maybeless-sugar.ch\/de\/wp-json\/wp\/v2\/types\/page"}],"author":[{"embeddable":true,"href":"https:\/\/maybeless-sugar.ch\/de\/wp-json\/wp\/v2\/users\/7241"}],"replies":[{"embeddable":true,"href":"https:\/\/maybeless-sugar.ch\/de\/wp-json\/wp\/v2\/comments?post=6493"}],"version-history":[{"count":0,"href":"https:\/\/maybeless-sugar.ch\/de\/wp-json\/wp\/v2\/pages\/6493\/revisions"}],"wp:attachment":[{"href":"https:\/\/maybeless-sugar.ch\/de\/wp-json\/wp\/v2\/media?parent=6493"}],"curies":[{"name":"wp","href":"https:\/\/api.w.org\/{rel}","templated":true}]}}