{"id":7204,"date":"2025-09-23T09:31:38","date_gmt":"2025-09-23T07:31:38","guid":{"rendered":"https:\/\/maybeless-sugar.ch\/politica-de-privacidad\/"},"modified":"2026-01-15T08:02:10","modified_gmt":"2026-01-15T07:02:10","slug":"politica-de-privacidad","status":"publish","type":"page","link":"https:\/\/maybeless-sugar.ch\/es\/politica-de-privacidad\/","title":{"rendered":"Pol\u00edtica de privacidad"},"content":{"rendered":"\n<p>Pol\u00edtica de privacidad<br\/>\u00daltima actualizaci\u00f3n: 23 de septiembre de 2025<br\/>Fecha de entrada en vigor: 23 de septiembre de 2025<\/p>\n\n<p>Esta Pol\u00edtica de privacidad describe las pol\u00edticas de Diab\u00e8te Vaud, Avenue de Provence 4, 1007 Lausana, Suiza, correo electr\u00f3nico: <a>info@diabetevaud.ch,<\/a> tel\u00e9fono: 021 657 19 20, relativas a la recopilaci\u00f3n, uso y divulgaci\u00f3n de la informaci\u00f3n del usuario cuando visita nuestra web <a href=\"https:\/\/maybeless-sugar.ch\/es\/\">(https:\/\/maybeless-sugar.ch)<\/a>(el \u00abServicio\u00bb).<br\/>Al acceder o utilizar el Servicio, el usuario estar\u00e1 dando su consentimiento para la recopilaci\u00f3n, uso y divulgaci\u00f3n de su informaci\u00f3n, de conformidad con esta Pol\u00edtica de privacidad. Si no quieres dar tu consentimiento, no accedas ni utilices el Servicio. <\/p>\n\n<p>Nos reservamos el derecho a modificar esta Pol\u00edtica de privacidad en cualquier momento sin previo aviso. La versi\u00f3n revisada se publicar\u00e1 en el Servicio y entrar\u00e1 en vigor 180 d\u00edas despu\u00e9s de su publicaci\u00f3n. El uso continuado del Servicio despu\u00e9s de ese momento constituir\u00e1 una aceptaci\u00f3n de la Pol\u00edtica revisada. Por lo tanto, recomendamos consultar esta p\u00e1gina con regularidad.   <\/p>\n\n<h3 class=\"wp-block-heading\">Informaci\u00f3n que recogemos<\/h3>\n\n<p>Recogemos y procesamos la siguiente informaci\u00f3n personal:<\/p>\n\n<ul class=\"wp-block-list\">\n<li>Nombre<\/li>\n\n\n\n<li>Direcci\u00f3n de correo electr\u00f3nico<\/li>\n\n\n\n<li>N\u00famero de tel\u00e9fono m\u00f3vil<\/li>\n\n\n\n<li>Fecha de nacimiento<\/li>\n\n\n\n<li>Direcci\u00f3n<\/li>\n\n\n\n<li>Edad<\/li>\n\n\n\n<li>Peso<\/li>\n\n\n\n<li>Cualquier otra informaci\u00f3n solicitada en el formulario<\/li>\n<\/ul>\n\n<p><\/p>\n\n<h3 class=\"wp-block-heading\">C\u00f3mo recogemos la informaci\u00f3n<\/h3>\n\n<p>Recogemos informaci\u00f3n del usuario de las siguientes formas:<\/p>\n\n<ul class=\"wp-block-list\">\n<li>Cuando rellena el formulario de inscripci\u00f3n o env\u00eda informaci\u00f3n personal<\/li>\n\n\n\n<li>Cuando interact\u00faa con el sitio web<\/li>\n\n\n\n<li>A partir de fuentes p\u00fablicas<\/li>\n<\/ul>\n\n<p><\/p>\n\n<h3 class=\"wp-block-heading\">C\u00f3mo utilizamos la informaci\u00f3n del usuario<\/h3>\n\n<p>Utilizamos la informaci\u00f3n recogida para las siguientes finalidades:<\/p>\n\n<ul class=\"wp-block-list\">\n<li>Crear una cuenta de usuario<\/li>\n<\/ul>\n\n<p><\/p>\n\n<p>Si deseamos utilizar la informaci\u00f3n del usuario para otras finalidades, le pediremos su consentimiento previo y solo utilizaremos los datos para las finalidades fines para las que nos haya dado su consentimiento, salvo que la ley exija lo contrario.<\/p>\n\n<h3 class=\"wp-block-heading\">Cesi\u00f3n de informaci\u00f3n<\/h3>\n\n<p>No transferiremos la informaci\u00f3n personal del usuario a terceros sin su consentimiento, excepto en los siguientes casos limitados:<\/p>\n\n<ul class=\"wp-block-list\">\n<li>An\u00e1lisis estad\u00edstico<\/li>\n\n\n\n<li>Recogida y tratamiento de datos<\/li>\n<\/ul>\n\n<p><\/p>\n\n<p>Estos terceros est\u00e1n obligados a utilizar la informaci\u00f3n personal solo para las finalidades para las que se les haya transmitido y a no conservarla m\u00e1s tiempo del necesario.<\/p>\n\n<p>Tambi\u00e9n podemos divulgar la informaci\u00f3n personal del usuario para:<\/p>\n\n<ol class=\"wp-block-list\">\n<li>Cumplir la ley, un reglamento o una sentencia judicial;<\/li>\n\n\n\n<li>Hacer cumplir nuestros acuerdos, incluida esta Pol\u00edtica de privacidad;<\/li>\n\n\n\n<li>Responder a reclamaciones que indiquen que el uso del Servicio por parte del usuario infringe los derechos de un tercero.<\/li>\n<\/ol>\n\n<p><\/p>\n\n<p>En caso de fusi\u00f3n o adquisici\u00f3n de nuestra empresa, los datos del usuario se podr\u00e1n transferir al nuevo adquirente.<\/p>\n\n<h3 class=\"wp-block-heading\">Conservaci\u00f3n de la informaci\u00f3n<\/h3>\n\n<p>Conservaremos la informaci\u00f3n personal del usuario durante un periodo de entre 90 d\u00edas a 2 a\u00f1os tras la eliminaci\u00f3n de su cuenta, o durante el tiempo que sea necesario para cumplir las finalidades establecidas en esta Pol\u00edtica.<br\/>Ciertos datos se podr\u00e1n conservar durante periodos m\u00e1s largos con finalidades legales, contables o de prevenci\u00f3n del fraude.<br\/>La informaci\u00f3n an\u00f3nima o agregada, que no permite identificar al usuario directa o indirectamente, se puede conservar indefinidamente.<\/p>\n\n<h3 class=\"wp-block-heading\">Derechos del usuario<\/h3>\n\n<p>En funci\u00f3n de la legislaci\u00f3n aplicable, el usuario puede tener derecho a acceder, rectificar, suprimir o recibir una copia de sus datos personales, limitar u oponerse al tratamiento, solicitar su transferencia a otra organizaci\u00f3n o retirar el consentimiento. Puedes ejercer estos derechos escribiendo a <a>info@diabetevaud.ch.<\/a><br\/>Responderemos a tu solicitud de conformidad con la ley. <\/p>\n\n<p>Tambi\u00e9n puedes oponerte a recibir comunicaciones de marketing directo o a la elaboraci\u00f3n de perfiles con fines de marketing poni\u00e9ndote en contacto con nosotros en la misma direcci\u00f3n.<\/p>\n\n<p>Ten en cuenta que si te niega a autorizarnos a recoger o procesar determinados datos es posible que no puedas acceder a ciertos servicios.<\/p>\n\n<h3 class=\"wp-block-heading\">Cookies y tecnolog\u00edas similares<\/h3>\n\n<p>Para saber m\u00e1s sobre nuestro uso de las cookies y las opciones disponibles, consulta nuestra <a href=\"https:\/\/maybeless-sugar.ch\/es\/?page_id=7364\">Pol\u00edtica de cookies.<\/a><\/p>\n\n<h3 class=\"wp-block-heading\">Seguridad<\/h3>\n\n<p>La seguridad de la informaci\u00f3n del usuario es importante para nosotros. Tomamos medidas razonables para evitar la p\u00e9rdida, el uso indebido o la modificaci\u00f3n no autorizada de los datos. Sin embargo, como ning\u00fan sistema es completamente seguro, no podemos garantizar la seguridad absoluta de la informaci\u00f3n transmitida a trav\u00e9s del Servicio. Por lo tanto, el usuario lo har\u00e1 por su cuenta y riesgo.   <\/p>\n\n<h3 class=\"wp-block-heading\">Responsable de Protecci\u00f3n de datos \/ Reclamaciones<\/h3>\n\n<p>Si tienes alguna pregunta o duda sobre el tratamiento de tus datos, puedes ponerte en contacto con nuestro responsable en:<br\/><strong>Diab\u00e8te Vaud<\/strong><br\/>Avenue de Provence 4<br\/>Email: <a>info@diabetevaud.ch<\/a><\/p>\n\n<p>Procesaremos tu solicitud de conformidad con la legislaci\u00f3n aplicable.<\/p>\n\n<p><\/p>\n","protected":false},"excerpt":{"rendered":"<p>Pol\u00edtica de privacidad\u00daltima actualizaci\u00f3n: 23 de septiembre de 2025Fecha de entrada en vigor: 23 de septiembre de 2025 Esta Pol\u00edtica de privacidad describe las pol\u00edticas de Diab\u00e8te Vaud, Avenue de Provence 4, 1007 Lausana, Suiza, correo electr\u00f3nico: info@diabetevaud.ch, tel\u00e9fono: 021 657 19 20, relativas a la recopilaci\u00f3n, uso y divulgaci\u00f3n de la informaci\u00f3n del usuario [&hellip;]<\/p>\n","protected":false},"author":7241,"featured_media":0,"parent":0,"menu_order":0,"comment_status":"closed","ping_status":"closed","template":"","meta":{"_acf_changed":false,"footnotes":""},"class_list":["post-7204","page","type-page","status-publish","hentry"],"acf":[],"yoast_head":"<!-- This site is optimized with the Yoast SEO plugin v26.5 - https:\/\/yoast.com\/wordpress\/plugins\/seo\/ -->\n<title>Pol\u00edtica de privacidad - Maybeless sugar<\/title>\n<meta name=\"robots\" content=\"index, follow, max-snippet:-1, max-image-preview:large, max-video-preview:-1\" \/>\n<link rel=\"canonical\" href=\"https:\/\/maybeless-sugar.ch\/es\/politica-de-privacidad\/\" \/>\n<meta property=\"og:locale\" content=\"es_ES\" \/>\n<meta property=\"og:type\" content=\"article\" \/>\n<meta property=\"og:title\" content=\"Pol\u00edtica de privacidad - Maybeless sugar\" \/>\n<meta property=\"og:description\" content=\"Pol\u00edtica de privacidad\u00daltima actualizaci\u00f3n: 23 de septiembre de 2025Fecha de entrada en vigor: 23 de septiembre de 2025 Esta Pol\u00edtica de privacidad describe las pol\u00edticas de Diab\u00e8te Vaud, Avenue de Provence 4, 1007 Lausana, Suiza, correo electr\u00f3nico: info@diabetevaud.ch, tel\u00e9fono: 021 657 19 20, relativas a la recopilaci\u00f3n, uso y divulgaci\u00f3n de la informaci\u00f3n del usuario [&hellip;]\" \/>\n<meta property=\"og:url\" content=\"https:\/\/maybeless-sugar.ch\/es\/politica-de-privacidad\/\" \/>\n<meta property=\"og:site_name\" content=\"Maybeless sugar\" \/>\n<meta property=\"article:modified_time\" content=\"2026-01-15T07:02:10+00:00\" \/>\n<meta name=\"twitter:card\" content=\"summary_large_image\" \/>\n<meta name=\"twitter:label1\" content=\"Tiempo de lectura\" \/>\n\t<meta name=\"twitter:data1\" content=\"4 minutos\" \/>\n<script type=\"application\/ld+json\" class=\"yoast-schema-graph\">{\"@context\":\"https:\/\/schema.org\",\"@graph\":[{\"@type\":\"WebPage\",\"@id\":\"https:\/\/maybeless-sugar.ch\/es\/politica-de-privacidad\/\",\"url\":\"https:\/\/maybeless-sugar.ch\/es\/politica-de-privacidad\/\",\"name\":\"Pol\u00edtica de privacidad - Maybeless sugar\",\"isPartOf\":{\"@id\":\"https:\/\/maybeless-sugar.ch\/es\/#website\"},\"datePublished\":\"2025-09-23T07:31:38+00:00\",\"dateModified\":\"2026-01-15T07:02:10+00:00\",\"breadcrumb\":{\"@id\":\"https:\/\/maybeless-sugar.ch\/es\/politica-de-privacidad\/#breadcrumb\"},\"inLanguage\":\"es\",\"potentialAction\":[{\"@type\":\"ReadAction\",\"target\":[\"https:\/\/maybeless-sugar.ch\/es\/politica-de-privacidad\/\"]}]},{\"@type\":\"BreadcrumbList\",\"@id\":\"https:\/\/maybeless-sugar.ch\/es\/politica-de-privacidad\/#breadcrumb\",\"itemListElement\":[{\"@type\":\"ListItem\",\"position\":1,\"name\":\"Home\",\"item\":\"https:\/\/maybeless-sugar.ch\/es\/\"},{\"@type\":\"ListItem\",\"position\":2,\"name\":\"Pol\u00edtica de privacidad\"}]},{\"@type\":\"WebSite\",\"@id\":\"https:\/\/maybeless-sugar.ch\/es\/#website\",\"url\":\"https:\/\/maybeless-sugar.ch\/es\/\",\"name\":\"Maybeless sugar\",\"description\":\"Doux mois de mai moins sucr\u00e9\",\"potentialAction\":[{\"@type\":\"SearchAction\",\"target\":{\"@type\":\"EntryPoint\",\"urlTemplate\":\"https:\/\/maybeless-sugar.ch\/es\/?s={search_term_string}\"},\"query-input\":{\"@type\":\"PropertyValueSpecification\",\"valueRequired\":true,\"valueName\":\"search_term_string\"}}],\"inLanguage\":\"es\"}]}<\/script>\n<!-- \/ Yoast SEO plugin. -->","yoast_head_json":{"title":"Pol\u00edtica de privacidad - Maybeless sugar","robots":{"index":"index","follow":"follow","max-snippet":"max-snippet:-1","max-image-preview":"max-image-preview:large","max-video-preview":"max-video-preview:-1"},"canonical":"https:\/\/maybeless-sugar.ch\/es\/politica-de-privacidad\/","og_locale":"es_ES","og_type":"article","og_title":"Pol\u00edtica de privacidad - Maybeless sugar","og_description":"Pol\u00edtica de privacidad\u00daltima actualizaci\u00f3n: 23 de septiembre de 2025Fecha de entrada en vigor: 23 de septiembre de 2025 Esta Pol\u00edtica de privacidad describe las pol\u00edticas de Diab\u00e8te Vaud, Avenue de Provence 4, 1007 Lausana, Suiza, correo electr\u00f3nico: info@diabetevaud.ch, tel\u00e9fono: 021 657 19 20, relativas a la recopilaci\u00f3n, uso y divulgaci\u00f3n de la informaci\u00f3n del usuario [&hellip;]","og_url":"https:\/\/maybeless-sugar.ch\/es\/politica-de-privacidad\/","og_site_name":"Maybeless sugar","article_modified_time":"2026-01-15T07:02:10+00:00","twitter_card":"summary_large_image","twitter_misc":{"Tiempo de lectura":"4 minutos"},"schema":{"@context":"https:\/\/schema.org","@graph":[{"@type":"WebPage","@id":"https:\/\/maybeless-sugar.ch\/es\/politica-de-privacidad\/","url":"https:\/\/maybeless-sugar.ch\/es\/politica-de-privacidad\/","name":"Pol\u00edtica de privacidad - Maybeless sugar","isPartOf":{"@id":"https:\/\/maybeless-sugar.ch\/es\/#website"},"datePublished":"2025-09-23T07:31:38+00:00","dateModified":"2026-01-15T07:02:10+00:00","breadcrumb":{"@id":"https:\/\/maybeless-sugar.ch\/es\/politica-de-privacidad\/#breadcrumb"},"inLanguage":"es","potentialAction":[{"@type":"ReadAction","target":["https:\/\/maybeless-sugar.ch\/es\/politica-de-privacidad\/"]}]},{"@type":"BreadcrumbList","@id":"https:\/\/maybeless-sugar.ch\/es\/politica-de-privacidad\/#breadcrumb","itemListElement":[{"@type":"ListItem","position":1,"name":"Home","item":"https:\/\/maybeless-sugar.ch\/es\/"},{"@type":"ListItem","position":2,"name":"Pol\u00edtica de privacidad"}]},{"@type":"WebSite","@id":"https:\/\/maybeless-sugar.ch\/es\/#website","url":"https:\/\/maybeless-sugar.ch\/es\/","name":"Maybeless sugar","description":"Doux mois de mai moins sucr\u00e9","potentialAction":[{"@type":"SearchAction","target":{"@type":"EntryPoint","urlTemplate":"https:\/\/maybeless-sugar.ch\/es\/?s={search_term_string}"},"query-input":{"@type":"PropertyValueSpecification","valueRequired":true,"valueName":"search_term_string"}}],"inLanguage":"es"}]}},"_links":{"self":[{"href":"https:\/\/maybeless-sugar.ch\/es\/wp-json\/wp\/v2\/pages\/7204","targetHints":{"allow":["GET"]}}],"collection":[{"href":"https:\/\/maybeless-sugar.ch\/es\/wp-json\/wp\/v2\/pages"}],"about":[{"href":"https:\/\/maybeless-sugar.ch\/es\/wp-json\/wp\/v2\/types\/page"}],"author":[{"embeddable":true,"href":"https:\/\/maybeless-sugar.ch\/es\/wp-json\/wp\/v2\/users\/7241"}],"replies":[{"embeddable":true,"href":"https:\/\/maybeless-sugar.ch\/es\/wp-json\/wp\/v2\/comments?post=7204"}],"version-history":[{"count":0,"href":"https:\/\/maybeless-sugar.ch\/es\/wp-json\/wp\/v2\/pages\/7204\/revisions"}],"wp:attachment":[{"href":"https:\/\/maybeless-sugar.ch\/es\/wp-json\/wp\/v2\/media?parent=7204"}],"curies":[{"name":"wp","href":"https:\/\/api.w.org\/{rel}","templated":true}]}}