{"id":7356,"date":"2023-03-08T12:54:36","date_gmt":"2023-03-08T11:54:36","guid":{"rendered":"https:\/\/maybeless-sugar.ch\/agenda\/"},"modified":"2026-03-31T15:55:22","modified_gmt":"2026-03-31T13:55:22","slug":"agenda","status":"publish","type":"page","link":"https:\/\/maybeless-sugar.ch\/es\/agenda\/","title":{"rendered":"Agenda"},"content":{"rendered":"\n<div style=\"height:100px\" aria-hidden=\"true\" class=\"wp-block-spacer\"><\/div>\n\n<h2 class=\"wp-block-heading\">Mirando hacia 2025<\/h2>\n\n<p>En mayo de 2025 se celebr\u00f3 en toda Suiza la 3\u00aa edici\u00f3n de MAYbe Less Sugar. Gracias a todos los socios y personas implicadas en este maravilloso mes de mayo de 2025.   <\/p>\n\n<p>\u00a1La 4\u00aa edici\u00f3n de MAYbe Less Sugar tendr\u00e1 lugar en mayo de 2026!<\/p>\n\n<p>El informe final sobre la edici\u00f3n de 2024 puede consultarse <a href=\"https:\/\/maybeless-sugar.ch\/wp-content\/uploads\/2024\/09\/Rapport_Evaluation_MBLS_2024_VF.pdf\">aqu\u00ed<\/a>.  <\/p>\n\n<div style=\"height:100px\" aria-hidden=\"true\" class=\"wp-block-spacer\"><\/div>\n\n<h2 class=\"wp-block-heading\">Mirando hacia 2024  <\/h2>\n\n<p>\u00a1Menuda 2\u00aa edici\u00f3n! La edici\u00f3n 2024 de MAYbe Less Sugar tuvo lugar en mayo en la Suiza franc\u00f3fona y german\u00f3fona, y atrajo a m\u00e1s de 11.000 personas a trav\u00e9s de la campa\u00f1a digital y a 16.000 a trav\u00e9s de los eventos. MAYbe Less Sugar no ser\u00eda posible sin los numerosos socios, y queremos agradecerles de todo coraz\u00f3n su implicaci\u00f3n en esta campa\u00f1a de salud p\u00fablica. Nos vemos en mayo de 2025 para la 3\u00aa edici\u00f3n de MAYbe Less Sugar.     <\/p>\n\n<p>El informe final sobre la edici\u00f3n de 2024 puede consultarse <a href=\"https:\/\/maybeless-sugar.ch\/wp-content\/uploads\/2024\/09\/Rapport_Evaluation_MBLS_2024_VF.pdf\">aqu\u00ed<\/a>.  <\/p>\n\n<div style=\"height:100px\" aria-hidden=\"true\" class=\"wp-block-spacer\"><\/div>\n\n<h2 class=\"wp-block-heading\">Volver a 2023<\/h2>\n\n<p>La primera edici\u00f3n de MAYbe Less Sugar tuvo lugar en mayo de 2023 en la Suiza franc\u00f3fona, y en todo el mundo, a trav\u00e9s de nuestra p\u00e1gina web y de la campa\u00f1a en las redes sociales.<\/p>\n\n<p>En total, casi <strong>7.000 personas se inscribieron para participar<\/strong>. Enhorabuena y gracias, as\u00ed como a los socios de MAYbe Less Sugar y a todas las personas y organizaciones que contribuyeron a su \u00e9xito. Presentamos los primeros resultados el 3 de junio de 2023. Esta acci\u00f3n ha contribuido a situar el az\u00facar en el centro del debate y a concienciar sobre el consumo excesivo de az\u00facar, que afecta a una de cada dos personas en Suiza.     <\/p>\n\n<p>Lee el <a href=\"https:\/\/maybeless-sugar.ch\/wp-content\/uploads\/2023\/06\/Communique-de-presse-resultats-MAYbe-Less-Sugar.pdf\" target=\"_blank\" rel=\"noreferrer noopener\">comunicado de prensa del 3 de junio de 2023<\/a><\/p>\n\n<div class=\"wp-block-buttons is-layout-flex wp-block-buttons-is-layout-flex\">\n<div class=\"wp-block-button\"><a class=\"wp-block-button__link wp-element-button\" href=\"https:\/\/youtu.be\/JDbeoepXmUA\" target=\"_blank\" rel=\"noreferrer noopener\">Presentaci\u00f3n de los resultados<\/a><\/div>\n<\/div>\n\n<div style=\"height:100px\" aria-hidden=\"true\" class=\"wp-block-spacer\"><\/div>\n\n<div class=\"wp-block-buttons is-content-justification-center is-layout-flex wp-container-core-buttons-is-layout-16018d1d wp-block-buttons-is-layout-flex\">\n<div class=\"wp-block-button\"><a class=\"wp-block-button__link wp-element-button\" href=\"https:\/\/maybeless-sugar.ch\/es\/accion-de-apoyo\/\">Apoyo<\/a><\/div>\n<\/div>\n\n<div style=\"height:100px\" aria-hidden=\"true\" class=\"wp-block-spacer\"><\/div>\n","protected":false},"excerpt":{"rendered":"<p>Mirando hacia 2025 En mayo de 2025 se celebr\u00f3 en toda Suiza la 3\u00aa edici\u00f3n de MAYbe Less Sugar. Gracias a todos los socios y personas implicadas en este maravilloso mes de mayo de 2025. \u00a1La 4\u00aa edici\u00f3n de MAYbe Less Sugar tendr\u00e1 lugar en mayo de 2026! El informe final sobre la edici\u00f3n de [&hellip;]<\/p>\n","protected":false},"author":41,"featured_media":7357,"parent":0,"menu_order":0,"comment_status":"closed","ping_status":"closed","template":"","meta":{"_acf_changed":false,"footnotes":""},"class_list":["post-7356","page","type-page","status-publish","has-post-thumbnail","hentry"],"acf":[],"yoast_head":"<!-- This site is optimized with the Yoast SEO plugin v26.5 - https:\/\/yoast.com\/wordpress\/plugins\/seo\/ -->\n<title>Agenda - Maybeless sugar<\/title>\n<meta name=\"robots\" content=\"index, follow, max-snippet:-1, max-image-preview:large, max-video-preview:-1\" \/>\n<link rel=\"canonical\" href=\"https:\/\/maybeless-sugar.ch\/es\/agenda\/\" \/>\n<meta property=\"og:locale\" content=\"es_ES\" \/>\n<meta property=\"og:type\" content=\"article\" \/>\n<meta property=\"og:title\" content=\"Agenda - Maybeless sugar\" \/>\n<meta property=\"og:description\" content=\"Mirando hacia 2025 En mayo de 2025 se celebr\u00f3 en toda Suiza la 3\u00aa edici\u00f3n de MAYbe Less Sugar. Gracias a todos los socios y personas implicadas en este maravilloso mes de mayo de 2025. \u00a1La 4\u00aa edici\u00f3n de MAYbe Less Sugar tendr\u00e1 lugar en mayo de 2026! El informe final sobre la edici\u00f3n de [&hellip;]\" \/>\n<meta property=\"og:url\" content=\"https:\/\/maybeless-sugar.ch\/es\/agenda\/\" \/>\n<meta property=\"og:site_name\" content=\"Maybeless sugar\" \/>\n<meta property=\"article:modified_time\" content=\"2026-03-31T13:55:22+00:00\" \/>\n<meta property=\"og:image\" content=\"https:\/\/maybeless-sugar.ch\/wp-content\/uploads\/2024\/03\/kiosque-ouchy-1.jpeg\" \/>\n\t<meta property=\"og:image:width\" content=\"1600\" \/>\n\t<meta property=\"og:image:height\" content=\"1200\" \/>\n\t<meta property=\"og:image:type\" content=\"image\/jpeg\" \/>\n<meta name=\"twitter:card\" content=\"summary_large_image\" \/>\n<meta name=\"twitter:label1\" content=\"Tiempo de lectura\" \/>\n\t<meta name=\"twitter:data1\" content=\"1 minuto\" \/>\n<script type=\"application\/ld+json\" class=\"yoast-schema-graph\">{\"@context\":\"https:\/\/schema.org\",\"@graph\":[{\"@type\":\"WebPage\",\"@id\":\"https:\/\/maybeless-sugar.ch\/es\/agenda\/\",\"url\":\"https:\/\/maybeless-sugar.ch\/es\/agenda\/\",\"name\":\"Agenda - Maybeless sugar\",\"isPartOf\":{\"@id\":\"https:\/\/maybeless-sugar.ch\/es\/#website\"},\"primaryImageOfPage\":{\"@id\":\"https:\/\/maybeless-sugar.ch\/es\/agenda\/#primaryimage\"},\"image\":{\"@id\":\"https:\/\/maybeless-sugar.ch\/es\/agenda\/#primaryimage\"},\"thumbnailUrl\":\"https:\/\/maybeless-sugar.ch\/wp-content\/uploads\/2024\/03\/kiosque-ouchy-1.jpeg\",\"datePublished\":\"2023-03-08T11:54:36+00:00\",\"dateModified\":\"2026-03-31T13:55:22+00:00\",\"breadcrumb\":{\"@id\":\"https:\/\/maybeless-sugar.ch\/es\/agenda\/#breadcrumb\"},\"inLanguage\":\"es\",\"potentialAction\":[{\"@type\":\"ReadAction\",\"target\":[\"https:\/\/maybeless-sugar.ch\/es\/agenda\/\"]}]},{\"@type\":\"ImageObject\",\"inLanguage\":\"es\",\"@id\":\"https:\/\/maybeless-sugar.ch\/es\/agenda\/#primaryimage\",\"url\":\"https:\/\/maybeless-sugar.ch\/wp-content\/uploads\/2024\/03\/kiosque-ouchy-1.jpeg\",\"contentUrl\":\"https:\/\/maybeless-sugar.ch\/wp-content\/uploads\/2024\/03\/kiosque-ouchy-1.jpeg\",\"width\":1600,\"height\":1200},{\"@type\":\"BreadcrumbList\",\"@id\":\"https:\/\/maybeless-sugar.ch\/es\/agenda\/#breadcrumb\",\"itemListElement\":[{\"@type\":\"ListItem\",\"position\":1,\"name\":\"Home\",\"item\":\"https:\/\/maybeless-sugar.ch\/es\/\"},{\"@type\":\"ListItem\",\"position\":2,\"name\":\"Agenda\"}]},{\"@type\":\"WebSite\",\"@id\":\"https:\/\/maybeless-sugar.ch\/es\/#website\",\"url\":\"https:\/\/maybeless-sugar.ch\/es\/\",\"name\":\"Maybeless sugar\",\"description\":\"Doux mois de mai moins sucr\u00e9\",\"potentialAction\":[{\"@type\":\"SearchAction\",\"target\":{\"@type\":\"EntryPoint\",\"urlTemplate\":\"https:\/\/maybeless-sugar.ch\/es\/?s={search_term_string}\"},\"query-input\":{\"@type\":\"PropertyValueSpecification\",\"valueRequired\":true,\"valueName\":\"search_term_string\"}}],\"inLanguage\":\"es\"}]}<\/script>\n<!-- \/ Yoast SEO plugin. -->","yoast_head_json":{"title":"Agenda - Maybeless sugar","robots":{"index":"index","follow":"follow","max-snippet":"max-snippet:-1","max-image-preview":"max-image-preview:large","max-video-preview":"max-video-preview:-1"},"canonical":"https:\/\/maybeless-sugar.ch\/es\/agenda\/","og_locale":"es_ES","og_type":"article","og_title":"Agenda - Maybeless sugar","og_description":"Mirando hacia 2025 En mayo de 2025 se celebr\u00f3 en toda Suiza la 3\u00aa edici\u00f3n de MAYbe Less Sugar. Gracias a todos los socios y personas implicadas en este maravilloso mes de mayo de 2025. \u00a1La 4\u00aa edici\u00f3n de MAYbe Less Sugar tendr\u00e1 lugar en mayo de 2026! El informe final sobre la edici\u00f3n de [&hellip;]","og_url":"https:\/\/maybeless-sugar.ch\/es\/agenda\/","og_site_name":"Maybeless sugar","article_modified_time":"2026-03-31T13:55:22+00:00","og_image":[{"width":1600,"height":1200,"url":"https:\/\/maybeless-sugar.ch\/wp-content\/uploads\/2024\/03\/kiosque-ouchy-1.jpeg","type":"image\/jpeg"}],"twitter_card":"summary_large_image","twitter_misc":{"Tiempo de lectura":"1 minuto"},"schema":{"@context":"https:\/\/schema.org","@graph":[{"@type":"WebPage","@id":"https:\/\/maybeless-sugar.ch\/es\/agenda\/","url":"https:\/\/maybeless-sugar.ch\/es\/agenda\/","name":"Agenda - Maybeless sugar","isPartOf":{"@id":"https:\/\/maybeless-sugar.ch\/es\/#website"},"primaryImageOfPage":{"@id":"https:\/\/maybeless-sugar.ch\/es\/agenda\/#primaryimage"},"image":{"@id":"https:\/\/maybeless-sugar.ch\/es\/agenda\/#primaryimage"},"thumbnailUrl":"https:\/\/maybeless-sugar.ch\/wp-content\/uploads\/2024\/03\/kiosque-ouchy-1.jpeg","datePublished":"2023-03-08T11:54:36+00:00","dateModified":"2026-03-31T13:55:22+00:00","breadcrumb":{"@id":"https:\/\/maybeless-sugar.ch\/es\/agenda\/#breadcrumb"},"inLanguage":"es","potentialAction":[{"@type":"ReadAction","target":["https:\/\/maybeless-sugar.ch\/es\/agenda\/"]}]},{"@type":"ImageObject","inLanguage":"es","@id":"https:\/\/maybeless-sugar.ch\/es\/agenda\/#primaryimage","url":"https:\/\/maybeless-sugar.ch\/wp-content\/uploads\/2024\/03\/kiosque-ouchy-1.jpeg","contentUrl":"https:\/\/maybeless-sugar.ch\/wp-content\/uploads\/2024\/03\/kiosque-ouchy-1.jpeg","width":1600,"height":1200},{"@type":"BreadcrumbList","@id":"https:\/\/maybeless-sugar.ch\/es\/agenda\/#breadcrumb","itemListElement":[{"@type":"ListItem","position":1,"name":"Home","item":"https:\/\/maybeless-sugar.ch\/es\/"},{"@type":"ListItem","position":2,"name":"Agenda"}]},{"@type":"WebSite","@id":"https:\/\/maybeless-sugar.ch\/es\/#website","url":"https:\/\/maybeless-sugar.ch\/es\/","name":"Maybeless sugar","description":"Doux mois de mai moins sucr\u00e9","potentialAction":[{"@type":"SearchAction","target":{"@type":"EntryPoint","urlTemplate":"https:\/\/maybeless-sugar.ch\/es\/?s={search_term_string}"},"query-input":{"@type":"PropertyValueSpecification","valueRequired":true,"valueName":"search_term_string"}}],"inLanguage":"es"}]}},"_links":{"self":[{"href":"https:\/\/maybeless-sugar.ch\/es\/wp-json\/wp\/v2\/pages\/7356","targetHints":{"allow":["GET"]}}],"collection":[{"href":"https:\/\/maybeless-sugar.ch\/es\/wp-json\/wp\/v2\/pages"}],"about":[{"href":"https:\/\/maybeless-sugar.ch\/es\/wp-json\/wp\/v2\/types\/page"}],"author":[{"embeddable":true,"href":"https:\/\/maybeless-sugar.ch\/es\/wp-json\/wp\/v2\/users\/41"}],"replies":[{"embeddable":true,"href":"https:\/\/maybeless-sugar.ch\/es\/wp-json\/wp\/v2\/comments?post=7356"}],"version-history":[{"count":5,"href":"https:\/\/maybeless-sugar.ch\/es\/wp-json\/wp\/v2\/pages\/7356\/revisions"}],"predecessor-version":[{"id":8602,"href":"https:\/\/maybeless-sugar.ch\/es\/wp-json\/wp\/v2\/pages\/7356\/revisions\/8602"}],"wp:featuredmedia":[{"embeddable":true,"href":"https:\/\/maybeless-sugar.ch\/es\/wp-json\/wp\/v2\/media\/7357"}],"wp:attachment":[{"href":"https:\/\/maybeless-sugar.ch\/es\/wp-json\/wp\/v2\/media?parent=7356"}],"curies":[{"name":"wp","href":"https:\/\/api.w.org\/{rel}","templated":true}]}}