{"id":7364,"date":"2023-03-30T06:43:06","date_gmt":"2023-03-30T04:43:06","guid":{"rendered":"https:\/\/maybeless-sugar.ch\/condiciones-generales\/"},"modified":"2026-03-31T09:10:41","modified_gmt":"2026-03-31T07:10:41","slug":"condiciones-generales","status":"publish","type":"page","link":"https:\/\/maybeless-sugar.ch\/es\/condiciones-generales\/","title":{"rendered":"Condiciones generales"},"content":{"rendered":"\n<p><strong>Informaci\u00f3n legal<\/strong><\/p>\n\n<h3 class=\"wp-block-heading\">Exclusi\u00f3n de responsabilidad<\/h3>\n\n<p>El contenido de este sitio web constituye una oferta de informaci\u00f3n no vinculante. Aunque comprobamos regularmente la exactitud y actualizaci\u00f3n de la informaci\u00f3n que contiene, no aceptamos ninguna responsabilidad, en la medida permitida por la ley, por las consecuencias no deseadas derivadas del uso de esta informaci\u00f3n. En particular, no aceptamos ninguna responsabilidad por la falta de disponibilidad de nuestra oferta en l\u00ednea o por cualquier da\u00f1o (por ejemplo, debido a interrupciones de la conexi\u00f3n o programas maliciosos) derivado del uso de nuestra pagina web.  <\/p>\n\n<p>Nuestro sitio contiene enlaces a ofertas de terceros. Utiliza estos enlaces por tu cuenta y riesgo. No somos responsables del contenido de estos otros sitios.  <\/p>\n\n<h3 class=\"wp-block-heading\">Estad\u00edsticas<\/h3>\n\n<p>Las evaluaciones estad\u00edsticas nos ayudan a mejorar nuestra oferta en Internet. Con este fin, procesamos datos sobre el uso de este sitio de forma an\u00f3nima y los transmitimos a terceros (v\u00e9ase \u00abEvaluaci\u00f3n an\u00f3nima del comportamiento de los usuarios\u00bb m\u00e1s abajo). Otros datos generados al utilizar este sitio, como la informaci\u00f3n introducida en formularios de contacto, se procesan s\u00f3lo en la medida necesaria para prestar el servicio que solicitas. Estos datos no se transmiten a terceros.   <\/p>\n\n<h3 class=\"wp-block-heading\">Correo electr\u00f3nico y formulario de contacto<\/h3>\n\n<p>El acceso a este sitio y la introducci\u00f3n de informaci\u00f3n en formularios de contacto u otros campos de entrada est\u00e1n encriptados. No ocurre lo mismo con el correo electr\u00f3nico en general. Por tanto, es posible que los correos electr\u00f3nicos que env\u00edes al proyecto MAYbe Less Sugar puedan ser le\u00eddos o modificados por terceros. Sin embargo, el correo electr\u00f3nico sigue siendo un medio habitual de comunicaci\u00f3n.   <\/p>\n\n<p>Cuando env\u00edas una solicitud por correo electr\u00f3nico o formulario de contacto, declaras que aceptas que te respondamos por correo electr\u00f3nico. Si deseas recibir una respuesta de otra forma, especif\u00edcalo en tu solicitud e indica c\u00f3mo podemos ponernos en contacto contigo (por ejemplo, n\u00famero de tel\u00e9fono o direcci\u00f3n postal). <\/p>\n\n<h3 class=\"wp-block-heading\">Tratamiento an\u00f3nimo de los datos de uso<\/h3>\n\n<p>Este sitio web utiliza Google Analytics, un servicio de an\u00e1lisis web prestado por Google Inc (\u00abGoogle\u00bb).  Google Analytics utiliza <em>\u00abcookies\u00bb<\/em>, que son archivos de texto ubicados en tu ordenador, para ayudar al website a analizar el uso que hacen los usuarios del sitio web. La informaci\u00f3n que genera la <em>cookie<\/em> acerca de tu uso del sitio web es generalmente transmitida y archivada por Google en los servidores de Estados Unidos. Si se activa la anonimizaci\u00f3n de IP en este sitio web, tu direcci\u00f3n IP ser\u00e1 acortada primero por Google dentro de los Estados miembros de la Uni\u00f3n Europea y de los Estados miembros del Acuerdo sobre el Espacio Econ\u00f3mico Europeo. En casos muy raros, la direcci\u00f3n IP completa se transmite a un servidor en EE.UU. y luego se acorta. Google utilizar\u00e1 esta informaci\u00f3n con el fin de evaluar tu uso del sitio web, recopilar informes sobre la actividad del sitio web para los operadores del mismo y prestar otros servicios relacionados con la actividad del sitio web y el uso de Internet. Esta informaci\u00f3n est\u00e1 destinada al operador de este sitio. La direcci\u00f3n IP transmitida por tu navegador como parte de Google Analytics no est\u00e1 vinculada a otros datos de Google. Puedes evitar que se guarde la cookie configurando el software de tu navegador. Sin embargo, ten en cuenta que esto te impedir\u00e1 utilizar todas las funciones de este sitio web. Tambi\u00e9n puedes evitar que la cookie recopile informaci\u00f3n sobre tu uso de este sitio web (incluida tu direcci\u00f3n IP) y que esta informaci\u00f3n sea procesada por Google descargando e instalando el complemento disponible en el siguiente enlace.         <\/p>\n\n<p>El enlace actual es <a href=\"http:\/\/tools.google.com\/dlpage\/gaoptout?hl=fr\">https:\/\/tools.google.com\/dlpage\/gaoptout?hl=fr<\/a><\/p>\n\n<p>Condiciones de Google Analytics: http: <a href=\"http:\/\/www.google.com\/analytics\/terms\/fr.html\">\/\/www.google.com\/analytics\/terms\/fr.html<\/a><\/p>\n\n<h3 class=\"wp-block-heading\">Bolet\u00edn<\/h3>\n\n<p>Para enviarte el bolet\u00edn, recogemos tu direcci\u00f3n de correo electr\u00f3nico cuando te registras. Esta informaci\u00f3n s\u00f3lo se utiliza para los fines del bolet\u00edn. <\/p>\n\n<p>Adem\u00e1s, se requiere un \u00abdoble opt-in\u00bb para el registro. Esto significa que, adem\u00e1s de introducir los datos, tambi\u00e9n se debe confirmar la direcci\u00f3n de correo electr\u00f3nico haciendo clic en un enlace en el correo electr\u00f3nico correspondiente. Esto garantiza que los datos tambi\u00e9n son introducidos por el titular de tu identidad. Siempre es posible darse de baja del bolet\u00edn sin previo aviso y sin tener que dar razones. Para darte de baja, s\u00f3lo tienes que hacer clic en el enlace para darse de baja que aparece al final de cada bolet\u00edn.    <\/p>\n\n<p>Los boletines se env\u00edan a trav\u00e9s de \u00abInfomaniak\u00bb. Una plataforma de env\u00edo de boletines, una sociedad de derecho suizo con sede en Ginebra, Rue Eug\u00e8ne Marziano 25, 1227 Les Acacias (GE).  Las direcciones de correo electr\u00f3nico y otros datos de nuestros abonados aqu\u00ed descritos se almacenan en los servidores de Infomaniak. Infomaniak utiliza esta informaci\u00f3n para enviar y evaluar el bolet\u00edn informativo en nuestro nombre. Infomaniak tambi\u00e9n utiliza esta informaci\u00f3n para evaluar el rendimiento y optimizar sus propios servicios. Los datos no se transmitir\u00e1n a terceros ni se utilizar\u00e1n con fines de marketing. Infomaniak se compromete a cumplir la normativa europea sobre protecci\u00f3n de datos.    <\/p>\n\n<p>Adem\u00e1s, al utilizar Infomaniak, aceptamos autom\u00e1ticamente el \u00abAnexo sobre el tratamiento de datos\u00bb (APD). Con ello, Infomaniak se compromete a respetar la normativa europea de protecci\u00f3n de datos, a proteger los datos de nuestros abonados y, sobre todo, a no transmitirlos a terceros. La pol\u00edtica de privacidad de Infomaniak puede consultarse <a href=\"https:\/\/www.infomaniak.com\/fr\/cgv\/politique-de-confidentialite\">aqu\u00ed<\/a>.  <\/p>\n\n<h3 class=\"wp-block-heading\">Propiedad intelectual<\/h3>\n\n<p>Las im\u00e1genes y sonidos de este sitio web son propiedad de trivial mass. Por tanto, su uso est\u00e1 prohibido fuera de la promoci\u00f3n de la campa\u00f1a MAYbe Less Sugar por parte de los socios y los medios de comunicaci\u00f3n.   <\/p>\n\n<h3 class=\"wp-block-heading\">Contacto para preguntas<\/h3>\n\n<p>Si tienes alguna pregunta o solicitud sobre este tema, ponte en contacto con trivial mass, cuyos datos de contacto est\u00e1n disponibles a trav\u00e9s del enlace al pie de p\u00e1gina.<\/p>\n\n<h2 class=\"wp-block-heading\">Impresionante<\/h2>\n\n<p><strong>Textos<\/strong>: <a href=\"https:\/\/maybeless-sugar.ch\/es\/sobre-nosotros\/\">Quiz\u00e1s menos az\u00facar<\/a> <\/p>\n\n<p><strong>Concepto de la campa\u00f1a<\/strong>: La campa\u00f1a MAYbe Menos Az\u00facar fue desarrollada por diab\u00e8tevaud en colaboraci\u00f3n con Unisant\u00e9, y se inspir\u00f3 en la campa\u00f1a Enero Seco.<\/p>\n\n<p><strong>Desarrollo web<\/strong>: <a href=\"https:\/\/trivialmass.ch\/\">masa trivial<\/a><\/p>\n\n<p><strong><a href=\"https:\/\/dryjanuary.ch\/fr\/impressum\">Contacta con nosotros por correo electr\u00f3nico<\/a> <\/strong><a href=\"mailto:contact@trivialmass.ch\">contact@trivialmass.ch<\/a> <\/p>\n\n<div style=\"height:100px\" aria-hidden=\"true\" class=\"wp-block-spacer\"><\/div>\n\n<!-- Start CookieYes cookie policy -->\n<style>\n  a.cky-banner-element {\n    padding: 8px 30px;\n    background: #f8f9fa;\n    color: #858a8f;\n    border: 1px solid #dee2e6;\n    box-sizing: border-box;\n    border-radius: 2px;\n    cursor: pointer\n  }\n<\/style>\n<h1 class=\"cookie-policy-h1\">Pol\u00edtica de cookies<\/h1>\n<div class=\"cookie-policy-date-container\">\n  <p>Fecha de entrada en vigor: 25 de septiembre de 2025<\/p>\n  <p>\u00daltima actualizaci\u00f3n: 25 de septiembre de 2025<\/p>\n<\/div> <h2>\u00bfQu\u00e9 son las cookies?<\/h2>\n<div class=\"cookie-policy-p\">\n  <p>Esta pol\u00edtica explica qu\u00e9 son las cookies, c\u00f3mo las utilizamos, qu\u00e9 tipos de cookies utilizamos (es decir, la informaci\u00f3n que recopilamos utilizando cookies y c\u00f3mo se utiliza esta informaci\u00f3n) y c\u00f3mo gestionar tu configuraci\u00f3n de cookies.<\/p>\n  <p>Las cookies son peque\u00f1os archivos de texto que se utilizan para almacenar peque\u00f1as piezas de informaci\u00f3n. Se guardan en tu dispositivo cuando cargas un sitio web en tu navegador. Las cookies nos ayudan a garantizar que el sitio web funciona correctamente, a mejorar la seguridad, a mejorar la experiencia del usuario y a analizar el rendimiento para identificar elementos funcionales y \u00e1reas en las que se necesitan mejoras.  <\/p>\n<\/div> <h2>\u00bfC\u00f3mo utilizamos las cookies?<\/h2>\n<div class=\"cookie-policy-p\">\n  <p>Como la mayor\u00eda de los servicios en l\u00ednea, nuestro sitio web utiliza cookies propias y de terceros para diversos fines. Las cookies de origen son principalmente necesarias para que el sitio web funcione correctamente y no recogen ning\u00fan dato personal identificable. <\/p>\n  <p>Las cookies de terceros utilizadas en nuestro sitio web nos ayudan principalmente a comprender el rendimiento del sitio, hacer un seguimiento de c\u00f3mo interact\u00faas con \u00e9l, mantener la seguridad de nuestros servicios, ofrecer publicidad relevante y mejorar tu experiencia de usuario en general, optimizando al mismo tiempo la velocidad de tus futuras interacciones con nuestro sitio.<\/p>\n<\/div> <h2>Tipos de cookies que utilizamos<\/h2>\n<div class=\"cky-audit-table-element\"><\/div> <h2 style=\"margin-bottom: 20px\">Gestionar preferencias de cookies<\/h2><a class=\"cky-banner-element\">Preferencias de consentimiento<\/a><br\/><div>\n  <p>Puedes cambiar tu configuraci\u00f3n de cookies en cualquier momento haciendo clic en el bot\u00f3n \u00abPreferencias de consentimiento\u00bb de arriba. Esto te permitir\u00e1 volver al banner de consentimiento de cookies, actualizar tus preferencias o retirar tu consentimiento inmediatamente.   <\/p>\n  <p>Adem\u00e1s, los distintos navegadores ofrecen diferentes m\u00e9todos para bloquear y eliminar las cookies utilizadas por los sitios web. Puedes ajustar la configuraci\u00f3n de tu navegador para bloquear o eliminar las cookies. A continuaci\u00f3n encontrar\u00e1s enlaces a documentos de ayuda sobre c\u00f3mo gestionar y eliminar cookies en los principales navegadores web.  <\/p>\n  <p>Cromo: <a target=\"_blank\" rel=\"noopener noreferrer\" href=\"https:\/\/support.google.com\/accounts\/answer\/32050\">https:\/\/support.google.com\/accounts\/answer\/32050<\/a><\/p>\n  <p>Safari: <a target=\"_blank\" rel=\"noopener noreferrer\" href=\"https:\/\/support.apple.com\/en-in\/guide\/safari\/sfri11471\/mac\">https:\/\/support.apple.com\/en-in\/guide\/safari\/sfri11471\/mac<\/a><\/p>\n  <p>Firefox: <a target=\"_blank\" rel=\"noopener noreferrer\" href=\"https:\/\/support.mozilla.org\/en-US\/kb\/clear-cookies-and-site-data-firefox?redirectslug=delete-cookies-remove-info-websites-stored&#038;redirectlocale=en-US\">https:\/\/support.mozilla.org\/en-US\/kb\/clear-cookies-and-site-data-firefox?redirectslug=delete-cookies-remove-info-websites-stored&#038;redirectlocale=en-US<\/a><\/p>\n  <p>Internet Explorer: <a target=\"_blank\" rel=\"noopener noreferrer\" href=\"https:\/\/support.microsoft.com\/en-us\/topic\/how-to-delete-cookie-files-in-internet-explorer-bca9446f-d873-78de-77ba-d42645fa52fc\">https:\/\/support.microsoft.com\/en-us\/topic\/how-to-delete-cookie-files-in-internet-explorer-bca9446f-d873-78de-77ba-d42645fa52fc<\/a><\/p>\n  <p>Si utilizas otro navegador, consulta su documentaci\u00f3n oficial.<\/p>\n<\/div> <p class=\"cookie-policy-p\">  Pol\u00edtica <a target=\"_blank\" rel=\"noopener noreferrer\" href=\"https:\/\/www.cookieyes.com\/?utm_source=CP&#038;utm_medium=footer&#038;utm_campaign=UW\">de cookies generada por CookieYes &#8211; Generador de pol\u00edtica de cookies<\/a><\/p>\n<!-- End CookieYes cookie policy -->\n","protected":false},"excerpt":{"rendered":"<p>Informaci\u00f3n legal Exclusi\u00f3n de responsabilidad El contenido de este sitio web constituye una oferta de informaci\u00f3n no vinculante. Aunque comprobamos regularmente la exactitud y actualizaci\u00f3n de la informaci\u00f3n que contiene, no aceptamos ninguna responsabilidad, en la medida permitida por la ley, por las consecuencias no deseadas derivadas del uso de esta informaci\u00f3n. En particular, no [&hellip;]<\/p>\n","protected":false},"author":7241,"featured_media":0,"parent":0,"menu_order":0,"comment_status":"closed","ping_status":"closed","template":"","meta":{"_acf_changed":false,"footnotes":""},"class_list":["post-7364","page","type-page","status-publish","hentry"],"acf":[],"yoast_head":"<!-- This site is optimized with the Yoast SEO plugin v26.5 - https:\/\/yoast.com\/wordpress\/plugins\/seo\/ -->\n<title>Condiciones generales - Maybeless sugar<\/title>\n<meta name=\"robots\" content=\"index, follow, max-snippet:-1, max-image-preview:large, max-video-preview:-1\" \/>\n<link rel=\"canonical\" href=\"https:\/\/maybeless-sugar.ch\/es\/condiciones-generales\/\" \/>\n<meta property=\"og:locale\" content=\"es_ES\" \/>\n<meta property=\"og:type\" content=\"article\" \/>\n<meta property=\"og:title\" content=\"Condiciones generales - Maybeless sugar\" \/>\n<meta property=\"og:description\" content=\"Informaci\u00f3n legal Exclusi\u00f3n de responsabilidad El contenido de este sitio web constituye una oferta de informaci\u00f3n no vinculante. Aunque comprobamos regularmente la exactitud y actualizaci\u00f3n de la informaci\u00f3n que contiene, no aceptamos ninguna responsabilidad, en la medida permitida por la ley, por las consecuencias no deseadas derivadas del uso de esta informaci\u00f3n. En particular, no [&hellip;]\" \/>\n<meta property=\"og:url\" content=\"https:\/\/maybeless-sugar.ch\/es\/condiciones-generales\/\" \/>\n<meta property=\"og:site_name\" content=\"Maybeless sugar\" \/>\n<meta property=\"article:modified_time\" content=\"2026-03-31T07:10:41+00:00\" \/>\n<meta name=\"twitter:card\" content=\"summary_large_image\" \/>\n<meta name=\"twitter:label1\" content=\"Tiempo de lectura\" \/>\n\t<meta name=\"twitter:data1\" content=\"7 minutos\" \/>\n<script type=\"application\/ld+json\" class=\"yoast-schema-graph\">{\"@context\":\"https:\/\/schema.org\",\"@graph\":[{\"@type\":\"WebPage\",\"@id\":\"https:\/\/maybeless-sugar.ch\/es\/condiciones-generales\/\",\"url\":\"https:\/\/maybeless-sugar.ch\/es\/condiciones-generales\/\",\"name\":\"Condiciones generales - Maybeless sugar\",\"isPartOf\":{\"@id\":\"https:\/\/maybeless-sugar.ch\/es\/#website\"},\"datePublished\":\"2023-03-30T04:43:06+00:00\",\"dateModified\":\"2026-03-31T07:10:41+00:00\",\"breadcrumb\":{\"@id\":\"https:\/\/maybeless-sugar.ch\/es\/condiciones-generales\/#breadcrumb\"},\"inLanguage\":\"es\",\"potentialAction\":[{\"@type\":\"ReadAction\",\"target\":[\"https:\/\/maybeless-sugar.ch\/es\/condiciones-generales\/\"]}]},{\"@type\":\"BreadcrumbList\",\"@id\":\"https:\/\/maybeless-sugar.ch\/es\/condiciones-generales\/#breadcrumb\",\"itemListElement\":[{\"@type\":\"ListItem\",\"position\":1,\"name\":\"Home\",\"item\":\"https:\/\/maybeless-sugar.ch\/es\/\"},{\"@type\":\"ListItem\",\"position\":2,\"name\":\"Condiciones generales\"}]},{\"@type\":\"WebSite\",\"@id\":\"https:\/\/maybeless-sugar.ch\/es\/#website\",\"url\":\"https:\/\/maybeless-sugar.ch\/es\/\",\"name\":\"Maybeless sugar\",\"description\":\"Doux mois de mai moins sucr\u00e9\",\"potentialAction\":[{\"@type\":\"SearchAction\",\"target\":{\"@type\":\"EntryPoint\",\"urlTemplate\":\"https:\/\/maybeless-sugar.ch\/es\/?s={search_term_string}\"},\"query-input\":{\"@type\":\"PropertyValueSpecification\",\"valueRequired\":true,\"valueName\":\"search_term_string\"}}],\"inLanguage\":\"es\"}]}<\/script>\n<!-- \/ Yoast SEO plugin. -->","yoast_head_json":{"title":"Condiciones generales - Maybeless sugar","robots":{"index":"index","follow":"follow","max-snippet":"max-snippet:-1","max-image-preview":"max-image-preview:large","max-video-preview":"max-video-preview:-1"},"canonical":"https:\/\/maybeless-sugar.ch\/es\/condiciones-generales\/","og_locale":"es_ES","og_type":"article","og_title":"Condiciones generales - Maybeless sugar","og_description":"Informaci\u00f3n legal Exclusi\u00f3n de responsabilidad El contenido de este sitio web constituye una oferta de informaci\u00f3n no vinculante. Aunque comprobamos regularmente la exactitud y actualizaci\u00f3n de la informaci\u00f3n que contiene, no aceptamos ninguna responsabilidad, en la medida permitida por la ley, por las consecuencias no deseadas derivadas del uso de esta informaci\u00f3n. En particular, no [&hellip;]","og_url":"https:\/\/maybeless-sugar.ch\/es\/condiciones-generales\/","og_site_name":"Maybeless sugar","article_modified_time":"2026-03-31T07:10:41+00:00","twitter_card":"summary_large_image","twitter_misc":{"Tiempo de lectura":"7 minutos"},"schema":{"@context":"https:\/\/schema.org","@graph":[{"@type":"WebPage","@id":"https:\/\/maybeless-sugar.ch\/es\/condiciones-generales\/","url":"https:\/\/maybeless-sugar.ch\/es\/condiciones-generales\/","name":"Condiciones generales - Maybeless sugar","isPartOf":{"@id":"https:\/\/maybeless-sugar.ch\/es\/#website"},"datePublished":"2023-03-30T04:43:06+00:00","dateModified":"2026-03-31T07:10:41+00:00","breadcrumb":{"@id":"https:\/\/maybeless-sugar.ch\/es\/condiciones-generales\/#breadcrumb"},"inLanguage":"es","potentialAction":[{"@type":"ReadAction","target":["https:\/\/maybeless-sugar.ch\/es\/condiciones-generales\/"]}]},{"@type":"BreadcrumbList","@id":"https:\/\/maybeless-sugar.ch\/es\/condiciones-generales\/#breadcrumb","itemListElement":[{"@type":"ListItem","position":1,"name":"Home","item":"https:\/\/maybeless-sugar.ch\/es\/"},{"@type":"ListItem","position":2,"name":"Condiciones generales"}]},{"@type":"WebSite","@id":"https:\/\/maybeless-sugar.ch\/es\/#website","url":"https:\/\/maybeless-sugar.ch\/es\/","name":"Maybeless sugar","description":"Doux mois de mai moins sucr\u00e9","potentialAction":[{"@type":"SearchAction","target":{"@type":"EntryPoint","urlTemplate":"https:\/\/maybeless-sugar.ch\/es\/?s={search_term_string}"},"query-input":{"@type":"PropertyValueSpecification","valueRequired":true,"valueName":"search_term_string"}}],"inLanguage":"es"}]}},"_links":{"self":[{"href":"https:\/\/maybeless-sugar.ch\/es\/wp-json\/wp\/v2\/pages\/7364","targetHints":{"allow":["GET"]}}],"collection":[{"href":"https:\/\/maybeless-sugar.ch\/es\/wp-json\/wp\/v2\/pages"}],"about":[{"href":"https:\/\/maybeless-sugar.ch\/es\/wp-json\/wp\/v2\/types\/page"}],"author":[{"embeddable":true,"href":"https:\/\/maybeless-sugar.ch\/es\/wp-json\/wp\/v2\/users\/7241"}],"replies":[{"embeddable":true,"href":"https:\/\/maybeless-sugar.ch\/es\/wp-json\/wp\/v2\/comments?post=7364"}],"version-history":[{"count":5,"href":"https:\/\/maybeless-sugar.ch\/es\/wp-json\/wp\/v2\/pages\/7364\/revisions"}],"predecessor-version":[{"id":8377,"href":"https:\/\/maybeless-sugar.ch\/es\/wp-json\/wp\/v2\/pages\/7364\/revisions\/8377"}],"wp:attachment":[{"href":"https:\/\/maybeless-sugar.ch\/es\/wp-json\/wp\/v2\/media?parent=7364"}],"curies":[{"name":"wp","href":"https:\/\/api.w.org\/{rel}","templated":true}]}}