{"id":9339,"date":"2025-04-29T10:54:44","date_gmt":"2025-04-29T08:54:44","guid":{"rendered":"https:\/\/maybeless-sugar.ch\/concurso-maybe-less-sugar-2025\/"},"modified":"2026-05-06T10:19:14","modified_gmt":"2026-05-06T08:19:14","slug":"concurso-maybe-less-sugar-2025","status":"publish","type":"page","link":"https:\/\/maybeless-sugar.ch\/es\/concurso-maybe-less-sugar-2025\/","title":{"rendered":"Concurso \u00abMAYbe Less Sugar\u00bb 2025"},"content":{"rendered":"\n<p class=\"has-text-align-center has-custom-green-color has-gray-light-background-color has-text-color has-background has-link-color has-regular-font-size wp-elements-a0506295577083e19a6e18c311559f2a\">\u00danete a la acci\u00f3n \u00abMAYbe Menos Az\u00facar\u00bb e intenta ganar un premio: \u00a1crea una cuenta, utiliza la calculadora de az\u00facar durante 5 d\u00edas y entrar\u00e1s autom\u00e1ticamente en nuestro sorteo!  <em>Buena suerte.<\/em><\/p>\n\n<div style=\"height:20px\" aria-hidden=\"true\" class=\"wp-block-spacer\"><\/div>\n\n<h2 class=\"wp-block-heading\">Premios<\/h2>\n\n<div style=\"height:30px\" aria-hidden=\"true\" class=\"wp-block-spacer\"><\/div>\n\n<h3 class=\"wp-block-heading\">1x Hectolitro de agua mineral Eptinger (100 litros)<\/h3>\n\n<div class=\"wp-block-media-text has-media-on-the-right is-stacked-on-mobile\" style=\"grid-template-columns:auto 22%\"><div class=\"wp-block-media-text__content\">\n<p class=\"has-text-align-left\">Mineralquelle Eptingen AG es una empresa familiar suiza impregnada de tradici\u00f3n. El agua mineral m\u00e1s rica en minerales se embotella en Eptingen, en el cant\u00f3n de Basilea-Landschaft, desde hace m\u00e1s de 125 a\u00f1os. <\/p>\n\n\n\n<figure class=\"wp-block-image aligncenter size-full is-resized\"><a href=\"https:\/\/www.eptinger.ch\/\" target=\"_blank\" rel=\" noreferrer noopener\"><img decoding=\"async\" width=\"887\" height=\"341\" src=\"https:\/\/maybeless-sugar.ch\/wp-content\/uploads\/2025\/03\/eptinger-logo.png\" alt=\"\" class=\"wp-image-5645\" style=\"width:205px;height:auto\" srcset=\"https:\/\/maybeless-sugar.ch\/wp-content\/uploads\/2025\/03\/eptinger-logo.png 887w, https:\/\/maybeless-sugar.ch\/wp-content\/uploads\/2025\/03\/eptinger-logo-300x115.png 300w, https:\/\/maybeless-sugar.ch\/wp-content\/uploads\/2025\/03\/eptinger-logo-768x295.png 768w\" sizes=\"(max-width: 887px) 100vw, 887px\" \/><\/a><\/figure>\n<\/div><figure class=\"wp-block-media-text__media\"><img decoding=\"async\" width=\"729\" height=\"1024\" src=\"https:\/\/maybeless-sugar.ch\/wp-content\/uploads\/2025\/03\/bild-eptinger-729x1024.jpg\" alt=\"\" class=\"wp-image-5641 size-full\" srcset=\"https:\/\/maybeless-sugar.ch\/wp-content\/uploads\/2025\/03\/bild-eptinger-729x1024.jpg 729w, https:\/\/maybeless-sugar.ch\/wp-content\/uploads\/2025\/03\/bild-eptinger-214x300.jpg 214w, https:\/\/maybeless-sugar.ch\/wp-content\/uploads\/2025\/03\/bild-eptinger-768x1078.jpg 768w, https:\/\/maybeless-sugar.ch\/wp-content\/uploads\/2025\/03\/bild-eptinger.jpg 909w\" sizes=\"(max-width: 729px) 100vw, 729px\" \/><\/figure><\/div>\n\n<div style=\"height:30px\" aria-hidden=\"true\" class=\"wp-block-spacer\"><\/div>\n\n<h3 class=\"wp-block-heading\">2 forfaits de un d\u00eda para la estaci\u00f3n de esqu\u00ed de Corviglia (St. Moritz)<\/h3>\n\n<p>(v\u00e1lido hasta el final de la temporada de invierno 2025\/2026)<\/p>\n\n<div class=\"wp-block-media-text is-stacked-on-mobile\" style=\"grid-template-columns:39% auto\"><figure class=\"wp-block-media-text__media\"><img decoding=\"async\" width=\"1024\" height=\"683\" src=\"https:\/\/maybeless-sugar.ch\/wp-content\/uploads\/2025\/03\/bild-st.-moritz-1024x683.jpg\" alt=\"\" class=\"wp-image-5650 size-full\" srcset=\"https:\/\/maybeless-sugar.ch\/wp-content\/uploads\/2025\/03\/bild-st.-moritz-1024x683.jpg 1024w, https:\/\/maybeless-sugar.ch\/wp-content\/uploads\/2025\/03\/bild-st.-moritz-300x200.jpg 300w, https:\/\/maybeless-sugar.ch\/wp-content\/uploads\/2025\/03\/bild-st.-moritz-768x512.jpg 768w, https:\/\/maybeless-sugar.ch\/wp-content\/uploads\/2025\/03\/bild-st.-moritz-1536x1025.jpg 1536w, https:\/\/maybeless-sugar.ch\/wp-content\/uploads\/2025\/03\/bild-st.-moritz.jpg 1920w\" sizes=\"(max-width: 1024px) 100vw, 1024px\" \/><\/figure><div class=\"wp-block-media-text__content\">\n<p>Engadin St. Moritz Mountains AG es una empresa de remontes que explota los telef\u00e9ricos y las actividades de monta\u00f1a de Corviglia y Muottas Muragl, en el valle alto m\u00e1s hermoso de los Grisones: la Engadina. Mientras Corviglia es un aut\u00e9ntico para\u00edso para los aficionados a los deportes de invierno, los ciclistas de monta\u00f1a y los excursionistas, Muottas Muragl es apreciado por los epic\u00fareos activos por sus vistas panor\u00e1micas y su gastronom\u00eda.  <\/p>\n\n\n\n<div class=\"wp-block-columns is-layout-flex wp-container-core-columns-is-layout-9d6595d7 wp-block-columns-is-layout-flex\">\n<div class=\"wp-block-column is-vertically-aligned-bottom is-layout-flow wp-block-column-is-layout-flow\">\n<p>Engadin Monta\u00f1as de St. Moritz AG \/ Federico Sette <\/p>\n<\/div>\n\n\n\n<div class=\"wp-block-column is-layout-flow wp-block-column-is-layout-flow\">\n<figure class=\"wp-block-image aligncenter size-large is-resized\"><a href=\"https:\/\/www.mountains.ch\/en\/\" target=\"_blank\" rel=\" noreferrer noopener\"><img decoding=\"async\" width=\"1024\" height=\"341\" src=\"https:\/\/maybeless-sugar.ch\/wp-content\/uploads\/2025\/03\/logo-st.-moritz-1024x341.png\" alt=\"\" class=\"wp-image-5654\" style=\"width:244px;height:auto\" srcset=\"https:\/\/maybeless-sugar.ch\/wp-content\/uploads\/2025\/03\/logo-st.-moritz-1024x341.png 1024w, https:\/\/maybeless-sugar.ch\/wp-content\/uploads\/2025\/03\/logo-st.-moritz-300x100.png 300w, https:\/\/maybeless-sugar.ch\/wp-content\/uploads\/2025\/03\/logo-st.-moritz-768x256.png 768w, https:\/\/maybeless-sugar.ch\/wp-content\/uploads\/2025\/03\/logo-st.-moritz-1536x512.png 1536w, https:\/\/maybeless-sugar.ch\/wp-content\/uploads\/2025\/03\/logo-st.-moritz-2048x682.png 2048w\" sizes=\"(max-width: 1024px) 100vw, 1024px\" \/><\/a><\/figure>\n<\/div>\n<\/div>\n<\/div><\/div>\n\n<div style=\"height:30px\" aria-hidden=\"true\" class=\"wp-block-spacer\"><\/div>\n\n<h3 class=\"wp-block-heading\">3 vales Bookfactory de 50 CHF cada uno<\/h3>\n\n<div class=\"wp-block-media-text has-media-on-the-right is-stacked-on-mobile\" style=\"grid-template-columns:auto 35%\"><div class=\"wp-block-media-text__content\">\n<p>Los mejores cap\u00edtulos de la vida: \u00a1un \u00e1lbum de fotos de Bookfactory! Inmortaliza tus aventuras en productos fotogr\u00e1ficos de alta calidad de Bookfactory. Bookfactory fabrica sus productos con el m\u00e1ximo cuidado en Suiza.  <\/p>\n\n\n\n<figure class=\"wp-block-image aligncenter size-large is-resized\"><a href=\"https:\/\/www.bookfactory.ch\/fr\" target=\"_blank\" rel=\" noreferrer noopener\"><img decoding=\"async\" width=\"1024\" height=\"724\" src=\"https:\/\/maybeless-sugar.ch\/wp-content\/uploads\/2025\/03\/logo-bookfactory-1024x724.png\" alt=\"\" class=\"wp-image-5664\" style=\"width:224px;height:auto\" srcset=\"https:\/\/maybeless-sugar.ch\/wp-content\/uploads\/2025\/03\/logo-bookfactory-1024x724.png 1024w, https:\/\/maybeless-sugar.ch\/wp-content\/uploads\/2025\/03\/logo-bookfactory-300x212.png 300w, https:\/\/maybeless-sugar.ch\/wp-content\/uploads\/2025\/03\/logo-bookfactory-768x543.png 768w, https:\/\/maybeless-sugar.ch\/wp-content\/uploads\/2025\/03\/logo-bookfactory-1536x1086.png 1536w, https:\/\/maybeless-sugar.ch\/wp-content\/uploads\/2025\/03\/logo-bookfactory-2048x1448.png 2048w\" sizes=\"(max-width: 1024px) 100vw, 1024px\" \/><\/a><\/figure>\n<\/div><figure class=\"wp-block-media-text__media\"><img decoding=\"async\" width=\"660\" height=\"450\" src=\"https:\/\/maybeless-sugar.ch\/wp-content\/uploads\/2025\/03\/bild-bookfactory.jpg\" alt=\"\" class=\"wp-image-5660 size-full\" srcset=\"https:\/\/maybeless-sugar.ch\/wp-content\/uploads\/2025\/03\/bild-bookfactory.jpg 660w, https:\/\/maybeless-sugar.ch\/wp-content\/uploads\/2025\/03\/bild-bookfactory-300x205.jpg 300w\" sizes=\"(max-width: 660px) 100vw, 660px\" \/><\/figure><\/div>\n\n<div style=\"height:30px\" aria-hidden=\"true\" class=\"wp-block-spacer\"><\/div>\n\n<h3 class=\"wp-block-heading\">1x vale de 50 CHF para Veloplus<\/h3>\n\n<div class=\"wp-block-media-text is-stacked-on-mobile\" style=\"grid-template-columns:43% auto\"><figure class=\"wp-block-media-text__media\"><img decoding=\"async\" width=\"1024\" height=\"502\" src=\"https:\/\/maybeless-sugar.ch\/wp-content\/uploads\/2025\/03\/bild-veloplus-1024x502.jpg\" alt=\"\" class=\"wp-image-5668 size-full\" srcset=\"https:\/\/maybeless-sugar.ch\/wp-content\/uploads\/2025\/03\/bild-veloplus-1024x502.jpg 1024w, https:\/\/maybeless-sugar.ch\/wp-content\/uploads\/2025\/03\/bild-veloplus-300x147.jpg 300w, https:\/\/maybeless-sugar.ch\/wp-content\/uploads\/2025\/03\/bild-veloplus-768x376.jpg 768w, https:\/\/maybeless-sugar.ch\/wp-content\/uploads\/2025\/03\/bild-veloplus-1536x752.jpg 1536w, https:\/\/maybeless-sugar.ch\/wp-content\/uploads\/2025\/03\/bild-veloplus.jpg 1760w\" sizes=\"(max-width: 1024px) 100vw, 1024px\" \/><\/figure><div class=\"wp-block-media-text__content\">\n<p class=\"has-text-align-left\">Veloplus es el n\u00famero 1 en Suiza en accesorios para bicicletas, bicicletas y bicicletas el\u00e9ctricas. Desde 1987, Veloplus es sin\u00f3nimo de confianza, calidad, innovaci\u00f3n, durabilidad y pasi\u00f3n por el ciclismo. Veloplus est\u00e1 disponible en 11 puntos de Suiza: Basilea, Berna, Biel, Emmenbr\u00fccke, Ostermundigen, San Gall, Steinhausen, Wetzikon, Winterthur, Z\u00farich HB y Z\u00farich Oerlikon.  <\/p>\n\n\n\n<figure class=\"wp-block-image aligncenter size-full is-resized\"><a href=\"https:\/\/www.veloplus.ch\/\" target=\"_blank\" rel=\" noreferrer noopener\"><img decoding=\"async\" width=\"284\" height=\"109\" src=\"https:\/\/maybeless-sugar.ch\/wp-content\/uploads\/2025\/03\/logo-veloplus.jpg\" alt=\"\" class=\"wp-image-5672\" style=\"width:156px;height:auto\"\/><\/a><\/figure>\n<\/div><\/div>\n\n<div style=\"height:100px\" aria-hidden=\"true\" class=\"wp-block-spacer\"><\/div>\n\n<h3 class=\"wp-block-heading\">Descargo de responsabilidad y condiciones de participaci\u00f3n<\/h3>\n\n<p>El concurso durar\u00e1 hasta finales de mayo de 2025. Los ganadores ser\u00e1n notificados por correo electr\u00f3nico antes del 9 de junio de 2025 y deber\u00e1n responder en un plazo de 72 horas. Si el ganador no responde al correo electr\u00f3nico de notificaci\u00f3n del premio en el plazo mencionado, perder\u00e1 su derecho al premio. Al participar en un concurso, los concursantes aceptan tambi\u00e9n las siguientes condiciones generales de participaci\u00f3n:   <\/p>\n\n<ul class=\"wp-block-list\">\n<li>El concurso est\u00e1 organizado por diab\u00e8tevaud.<\/li>\n\n\n\n<li>S\u00f3lo pueden participar las personas f\u00edsicas mayores de 18 a\u00f1os y residentes en Suiza.<\/li>\n\n\n\n<li>No se mantendr\u00e1 correspondencia sobre el concurso. Queda excluido todo recurso legal. <\/li>\n\n\n\n<li>No es posible el pago en met\u00e1lico ni el canje del premio. Si el premio se env\u00eda por correo, diab\u00e8tevaud no se hace responsable de la entrega del correo. <\/li>\n\n\n\n<li>diab\u00e8tevaud s\u00f3lo utiliza los datos personales para los fines del concurso.<\/li>\n<\/ul>\n\n<p><\/p>\n","protected":false},"excerpt":{"rendered":"<p>\u00danete a la acci\u00f3n \u00abMAYbe Menos Az\u00facar\u00bb e intenta ganar un premio: \u00a1crea una cuenta, utiliza la calculadora de az\u00facar durante 5 d\u00edas y entrar\u00e1s autom\u00e1ticamente en nuestro sorteo! Buena suerte. Premios 1x Hectolitro de agua mineral Eptinger (100 litros) 2 forfaits de un d\u00eda para la estaci\u00f3n de esqu\u00ed de Corviglia (St. Moritz) (v\u00e1lido [&hellip;]<\/p>\n","protected":false},"author":11124,"featured_media":0,"parent":0,"menu_order":0,"comment_status":"closed","ping_status":"closed","template":"","meta":{"_acf_changed":false,"footnotes":""},"class_list":["post-9339","page","type-page","status-publish","hentry"],"acf":[],"yoast_head":"<!-- This site is optimized with the Yoast SEO plugin v27.5 - https:\/\/yoast.com\/product\/yoast-seo-wordpress\/ -->\n<title>Concurso &quot;MAYbe Less Sugar&quot; 2025 - Maybeless sugar<\/title>\n<meta name=\"robots\" content=\"index, follow, max-snippet:-1, max-image-preview:large, max-video-preview:-1\" \/>\n<link rel=\"canonical\" href=\"https:\/\/maybeless-sugar.ch\/es\/concurso-maybe-less-sugar-2025\/\" \/>\n<meta property=\"og:locale\" content=\"es_ES\" \/>\n<meta property=\"og:type\" content=\"article\" \/>\n<meta property=\"og:title\" content=\"Concurso &quot;MAYbe Less Sugar&quot; 2025 - Maybeless sugar\" \/>\n<meta property=\"og:description\" content=\"\u00danete a la acci\u00f3n \u00abMAYbe Menos Az\u00facar\u00bb e intenta ganar un premio: \u00a1crea una cuenta, utiliza la calculadora de az\u00facar durante 5 d\u00edas y entrar\u00e1s autom\u00e1ticamente en nuestro sorteo! Buena suerte. Premios 1x Hectolitro de agua mineral Eptinger (100 litros) 2 forfaits de un d\u00eda para la estaci\u00f3n de esqu\u00ed de Corviglia (St. Moritz) (v\u00e1lido [&hellip;]\" \/>\n<meta property=\"og:url\" content=\"https:\/\/maybeless-sugar.ch\/es\/concurso-maybe-less-sugar-2025\/\" \/>\n<meta property=\"og:site_name\" content=\"Maybeless sugar\" \/>\n<meta property=\"article:modified_time\" content=\"2026-05-06T08:19:14+00:00\" \/>\n<meta property=\"og:image\" content=\"https:\/\/maybeless-sugar.ch\/wp-content\/uploads\/2025\/03\/eptinger-logo.png\" \/>\n\t<meta property=\"og:image:width\" content=\"887\" \/>\n\t<meta property=\"og:image:height\" content=\"341\" \/>\n\t<meta property=\"og:image:type\" content=\"image\/png\" \/>\n<meta name=\"twitter:card\" content=\"summary_large_image\" \/>\n<meta name=\"twitter:label1\" content=\"Tiempo de lectura\" \/>\n\t<meta name=\"twitter:data1\" content=\"2 minutos\" \/>\n<script type=\"application\/ld+json\" class=\"yoast-schema-graph\">{\"@context\":\"https:\\\/\\\/schema.org\",\"@graph\":[{\"@type\":\"WebPage\",\"@id\":\"https:\\\/\\\/maybeless-sugar.ch\\\/es\\\/concurso-maybe-less-sugar-2025\\\/\",\"url\":\"https:\\\/\\\/maybeless-sugar.ch\\\/es\\\/concurso-maybe-less-sugar-2025\\\/\",\"name\":\"Concurso \\\"MAYbe Less Sugar\\\" 2025 - Maybeless sugar\",\"isPartOf\":{\"@id\":\"https:\\\/\\\/maybeless-sugar.ch\\\/es\\\/#website\"},\"primaryImageOfPage\":{\"@id\":\"https:\\\/\\\/maybeless-sugar.ch\\\/es\\\/concurso-maybe-less-sugar-2025\\\/#primaryimage\"},\"image\":{\"@id\":\"https:\\\/\\\/maybeless-sugar.ch\\\/es\\\/concurso-maybe-less-sugar-2025\\\/#primaryimage\"},\"thumbnailUrl\":\"https:\\\/\\\/maybeless-sugar.ch\\\/wp-content\\\/uploads\\\/2025\\\/03\\\/eptinger-logo.png\",\"datePublished\":\"2025-04-29T08:54:44+00:00\",\"dateModified\":\"2026-05-06T08:19:14+00:00\",\"breadcrumb\":{\"@id\":\"https:\\\/\\\/maybeless-sugar.ch\\\/es\\\/concurso-maybe-less-sugar-2025\\\/#breadcrumb\"},\"inLanguage\":\"es\",\"potentialAction\":[{\"@type\":\"ReadAction\",\"target\":[\"https:\\\/\\\/maybeless-sugar.ch\\\/es\\\/concurso-maybe-less-sugar-2025\\\/\"]}]},{\"@type\":\"ImageObject\",\"inLanguage\":\"es\",\"@id\":\"https:\\\/\\\/maybeless-sugar.ch\\\/es\\\/concurso-maybe-less-sugar-2025\\\/#primaryimage\",\"url\":\"https:\\\/\\\/maybeless-sugar.ch\\\/wp-content\\\/uploads\\\/2025\\\/03\\\/eptinger-logo.png\",\"contentUrl\":\"https:\\\/\\\/maybeless-sugar.ch\\\/wp-content\\\/uploads\\\/2025\\\/03\\\/eptinger-logo.png\"},{\"@type\":\"BreadcrumbList\",\"@id\":\"https:\\\/\\\/maybeless-sugar.ch\\\/es\\\/concurso-maybe-less-sugar-2025\\\/#breadcrumb\",\"itemListElement\":[{\"@type\":\"ListItem\",\"position\":1,\"name\":\"Home\",\"item\":\"https:\\\/\\\/maybeless-sugar.ch\\\/es\\\/\"},{\"@type\":\"ListItem\",\"position\":2,\"name\":\"Concurso \u00ab\u00a0MAYbe Less Sugar\u00a0\u00bb 2025\"}]},{\"@type\":\"WebSite\",\"@id\":\"https:\\\/\\\/maybeless-sugar.ch\\\/es\\\/#website\",\"url\":\"https:\\\/\\\/maybeless-sugar.ch\\\/es\\\/\",\"name\":\"Maybeless sugar\",\"description\":\"Doux mois de mai moins sucr\u00e9\",\"publisher\":{\"@id\":\"https:\\\/\\\/maybeless-sugar.ch\\\/es\\\/#organization\"},\"potentialAction\":[{\"@type\":\"SearchAction\",\"target\":{\"@type\":\"EntryPoint\",\"urlTemplate\":\"https:\\\/\\\/maybeless-sugar.ch\\\/es\\\/?s={search_term_string}\"},\"query-input\":{\"@type\":\"PropertyValueSpecification\",\"valueRequired\":true,\"valueName\":\"search_term_string\"}}],\"inLanguage\":\"es\"},{\"@type\":\"Organization\",\"@id\":\"https:\\\/\\\/maybeless-sugar.ch\\\/es\\\/#organization\",\"name\":\"Maybeless sugar\",\"url\":\"https:\\\/\\\/maybeless-sugar.ch\\\/es\\\/\",\"logo\":{\"@type\":\"ImageObject\",\"inLanguage\":\"es\",\"@id\":\"https:\\\/\\\/maybeless-sugar.ch\\\/es\\\/#\\\/schema\\\/logo\\\/image\\\/\",\"url\":\"https:\\\/\\\/maybeless-sugar.ch\\\/wp-content\\\/uploads\\\/2023\\\/02\\\/logo-white.svg\",\"contentUrl\":\"https:\\\/\\\/maybeless-sugar.ch\\\/wp-content\\\/uploads\\\/2023\\\/02\\\/logo-white.svg\",\"width\":129,\"height\":81,\"caption\":\"Maybeless sugar\"},\"image\":{\"@id\":\"https:\\\/\\\/maybeless-sugar.ch\\\/es\\\/#\\\/schema\\\/logo\\\/image\\\/\"}}]}<\/script>\n<!-- \/ Yoast SEO plugin. -->","yoast_head_json":{"title":"Concurso \"MAYbe Less Sugar\" 2025 - Maybeless sugar","robots":{"index":"index","follow":"follow","max-snippet":"max-snippet:-1","max-image-preview":"max-image-preview:large","max-video-preview":"max-video-preview:-1"},"canonical":"https:\/\/maybeless-sugar.ch\/es\/concurso-maybe-less-sugar-2025\/","og_locale":"es_ES","og_type":"article","og_title":"Concurso \"MAYbe Less Sugar\" 2025 - Maybeless sugar","og_description":"\u00danete a la acci\u00f3n \u00abMAYbe Menos Az\u00facar\u00bb e intenta ganar un premio: \u00a1crea una cuenta, utiliza la calculadora de az\u00facar durante 5 d\u00edas y entrar\u00e1s autom\u00e1ticamente en nuestro sorteo! Buena suerte. Premios 1x Hectolitro de agua mineral Eptinger (100 litros) 2 forfaits de un d\u00eda para la estaci\u00f3n de esqu\u00ed de Corviglia (St. Moritz) (v\u00e1lido [&hellip;]","og_url":"https:\/\/maybeless-sugar.ch\/es\/concurso-maybe-less-sugar-2025\/","og_site_name":"Maybeless sugar","article_modified_time":"2026-05-06T08:19:14+00:00","og_image":[{"width":887,"height":341,"url":"https:\/\/maybeless-sugar.ch\/wp-content\/uploads\/2025\/03\/eptinger-logo.png","type":"image\/png"}],"twitter_card":"summary_large_image","twitter_misc":{"Tiempo de lectura":"2 minutos"},"schema":{"@context":"https:\/\/schema.org","@graph":[{"@type":"WebPage","@id":"https:\/\/maybeless-sugar.ch\/es\/concurso-maybe-less-sugar-2025\/","url":"https:\/\/maybeless-sugar.ch\/es\/concurso-maybe-less-sugar-2025\/","name":"Concurso \"MAYbe Less Sugar\" 2025 - Maybeless sugar","isPartOf":{"@id":"https:\/\/maybeless-sugar.ch\/es\/#website"},"primaryImageOfPage":{"@id":"https:\/\/maybeless-sugar.ch\/es\/concurso-maybe-less-sugar-2025\/#primaryimage"},"image":{"@id":"https:\/\/maybeless-sugar.ch\/es\/concurso-maybe-less-sugar-2025\/#primaryimage"},"thumbnailUrl":"https:\/\/maybeless-sugar.ch\/wp-content\/uploads\/2025\/03\/eptinger-logo.png","datePublished":"2025-04-29T08:54:44+00:00","dateModified":"2026-05-06T08:19:14+00:00","breadcrumb":{"@id":"https:\/\/maybeless-sugar.ch\/es\/concurso-maybe-less-sugar-2025\/#breadcrumb"},"inLanguage":"es","potentialAction":[{"@type":"ReadAction","target":["https:\/\/maybeless-sugar.ch\/es\/concurso-maybe-less-sugar-2025\/"]}]},{"@type":"ImageObject","inLanguage":"es","@id":"https:\/\/maybeless-sugar.ch\/es\/concurso-maybe-less-sugar-2025\/#primaryimage","url":"https:\/\/maybeless-sugar.ch\/wp-content\/uploads\/2025\/03\/eptinger-logo.png","contentUrl":"https:\/\/maybeless-sugar.ch\/wp-content\/uploads\/2025\/03\/eptinger-logo.png"},{"@type":"BreadcrumbList","@id":"https:\/\/maybeless-sugar.ch\/es\/concurso-maybe-less-sugar-2025\/#breadcrumb","itemListElement":[{"@type":"ListItem","position":1,"name":"Home","item":"https:\/\/maybeless-sugar.ch\/es\/"},{"@type":"ListItem","position":2,"name":"Concurso \u00ab\u00a0MAYbe Less Sugar\u00a0\u00bb 2025"}]},{"@type":"WebSite","@id":"https:\/\/maybeless-sugar.ch\/es\/#website","url":"https:\/\/maybeless-sugar.ch\/es\/","name":"Maybeless sugar","description":"Doux mois de mai moins sucr\u00e9","publisher":{"@id":"https:\/\/maybeless-sugar.ch\/es\/#organization"},"potentialAction":[{"@type":"SearchAction","target":{"@type":"EntryPoint","urlTemplate":"https:\/\/maybeless-sugar.ch\/es\/?s={search_term_string}"},"query-input":{"@type":"PropertyValueSpecification","valueRequired":true,"valueName":"search_term_string"}}],"inLanguage":"es"},{"@type":"Organization","@id":"https:\/\/maybeless-sugar.ch\/es\/#organization","name":"Maybeless sugar","url":"https:\/\/maybeless-sugar.ch\/es\/","logo":{"@type":"ImageObject","inLanguage":"es","@id":"https:\/\/maybeless-sugar.ch\/es\/#\/schema\/logo\/image\/","url":"https:\/\/maybeless-sugar.ch\/wp-content\/uploads\/2023\/02\/logo-white.svg","contentUrl":"https:\/\/maybeless-sugar.ch\/wp-content\/uploads\/2023\/02\/logo-white.svg","width":129,"height":81,"caption":"Maybeless sugar"},"image":{"@id":"https:\/\/maybeless-sugar.ch\/es\/#\/schema\/logo\/image\/"}}]}},"_links":{"self":[{"href":"https:\/\/maybeless-sugar.ch\/es\/wp-json\/wp\/v2\/pages\/9339","targetHints":{"allow":["GET"]}}],"collection":[{"href":"https:\/\/maybeless-sugar.ch\/es\/wp-json\/wp\/v2\/pages"}],"about":[{"href":"https:\/\/maybeless-sugar.ch\/es\/wp-json\/wp\/v2\/types\/page"}],"author":[{"embeddable":true,"href":"https:\/\/maybeless-sugar.ch\/es\/wp-json\/wp\/v2\/users\/11124"}],"replies":[{"embeddable":true,"href":"https:\/\/maybeless-sugar.ch\/es\/wp-json\/wp\/v2\/comments?post=9339"}],"version-history":[{"count":1,"href":"https:\/\/maybeless-sugar.ch\/es\/wp-json\/wp\/v2\/pages\/9339\/revisions"}],"predecessor-version":[{"id":9341,"href":"https:\/\/maybeless-sugar.ch\/es\/wp-json\/wp\/v2\/pages\/9339\/revisions\/9341"}],"wp:attachment":[{"href":"https:\/\/maybeless-sugar.ch\/es\/wp-json\/wp\/v2\/media?parent=9339"}],"curies":[{"name":"wp","href":"https:\/\/api.w.org\/{rel}","templated":true}]}}