{"id":3192,"date":"2023-03-30T06:43:06","date_gmt":"2023-03-30T04:43:06","guid":{"rendered":"https:\/\/maybeless-sugar.ch\/termini-e-condizioni-generali\/"},"modified":"2026-04-21T08:52:30","modified_gmt":"2026-04-21T06:52:30","slug":"termini-e-condizioni-generali","status":"publish","type":"page","link":"https:\/\/maybeless-sugar.ch\/it\/termini-e-condizioni-generali\/","title":{"rendered":"Condizioni generali"},"content":{"rendered":"\n<p><strong>Note legali<\/strong><\/p>\n\n<h3 class=\"wp-block-heading\">Esclusione di responsabilit\u00e0<\/h3>\n\n<p>Il contenuto di questo sito costituisce un&#8217;offerta informativa non vincolante. Sebbene controlliamo regolarmente l&#8217;accuratezza e l&#8217;aggiornamento delle informazioni contenute, non ci assumiamo alcuna responsabilit\u00e0, nella misura massima consentita dalla legge, per eventuali conseguenze indesiderate derivanti dall&#8217;uso di tali informazioni. In particolare, non ci assumiamo alcuna responsabilit\u00e0 per l&#8217;indisponibilit\u00e0 della nostra offerta online o per eventuali danni (ad esempio a causa di interruzioni della connessione o di malware) derivanti dall&#8217;utilizzo del nostro sito.  <\/p>\n\n<p>Il nostro sito contiene link a offerte di terzi. L&#8217;utente utilizza questi link a proprio rischio e pericolo. Non siamo responsabili del contenuto di questi siti esterni.  <\/p>\n\n<h3 class=\"wp-block-heading\">Statistiche<\/h3>\n\n<p>Le valutazioni statistiche ci aiutano a migliorare la nostra offerta online. A tal fine, elaboriamo i dati sull&#8217;utilizzo di questo sito in forma anonima e li trasmettiamo a terzi (cfr. &#8220;Valutazione anonima del comportamento di utilizzo&#8221; di seguito). Altri dati generati durante l&#8217;utilizzo di questo sito, come le informazioni inserite nei moduli di contatto, vengono elaborati solo nella misura necessaria a fornire il servizio richiesto. Questi dati non vengono trasmessi a terzi.   <\/p>\n\n<h3 class=\"wp-block-heading\">E-mail e modulo di contatto<\/h3>\n\n<p>L&#8217;accesso a questo sito e l&#8217;inserimento di informazioni nei moduli di contatto o in altri campi di immissione sono criptati. Questo non \u00e8 il caso della posta elettronica in generale. Per questo motivo non si pu\u00f2 escludere che le e-mail inviate al progetto MAYbe Less Sugar possano essere lette o modificate da terzi. Tuttavia, la posta elettronica rimane un mezzo di comunicazione utilizzato regolarmente.   <\/p>\n\n<p>Quando inviate una richiesta tramite e-mail o modulo di contatto, dichiarate di accettare che vi rispondiamo via e-mail. Se desiderate ricevere una risposta in una forma diversa, siete pregati di specificarlo nella vostra richiesta e di indicare il modo in cui possiamo contattarvi (ad esempio, numero di telefono o indirizzo postale). <\/p>\n\n<h3 class=\"wp-block-heading\">Trattamento anonimo dei dati di utilizzo<\/h3>\n\n<p>Questo sito web utilizza Google Analytics, un servizio di analisi web fornito da Google Inc (&#8220;Google&#8221;).  Google Analytics utilizza dei <em>&#8220;cookie&#8221;<\/em>, ovvero dei file di testo che vengono depositati sul vostro computer per consentire al sito web di analizzare il modo in cui gli utenti utilizzano il sito. Le informazioni generate dal <em>cookie<\/em> sull&#8217;utilizzo di questo sito web da parte dell&#8217;utente vengono generalmente trasmesse e memorizzate da Google su un server negli Stati Uniti. Se su questo sito web \u00e8 attivata l&#8217;anonimizzazione dell&#8217;IP, il vostro indirizzo IP verr\u00e0 prima abbreviato da Google all&#8217;interno degli Stati membri dell&#8217;Unione europea e degli Stati membri dell&#8217;Accordo sullo Spazio economico europeo. In casi molto rari, l&#8217;indirizzo IP completo viene trasmesso al server negli Stati Uniti e poi abbreviato. Google utilizzer\u00e0 queste informazioni per valutare l&#8217;utilizzo del sito web da parte dell&#8217;utente, per compilare report sulle attivit\u00e0 del sito web per gli operatori del sito e per fornire altri servizi relativi alle attivit\u00e0 del sito web e all&#8217;utilizzo di Internet. Queste informazioni sono destinate all&#8217;operatore del sito. L&#8217;indirizzo IP trasmesso dal vostro browser nell&#8217;ambito di Google Analytics non viene associato ad altri dati di Google. \u00c8 possibile impedire il salvataggio dei cookie modificando le impostazioni del proprio browser. Si noti, tuttavia, che ci\u00f2 impedir\u00e0 di utilizzare tutte le funzioni di questo sito. Potete anche impedire che il cookie raccolga informazioni sul vostro utilizzo di questo sito web (compreso il vostro indirizzo IP) e che tali informazioni vengano elaborate da Google scaricando e installando il plug-in disponibile al seguente link.         <\/p>\n\n<p>Il link attuale \u00e8 <a href=\"http:\/\/tools.google.com\/dlpage\/gaoptout?hl=fr\">https:\/\/tools.google.com\/dlpage\/gaoptout?hl=fr<\/a><\/p>\n\n<p>Condizioni di Google Analytics: http: <a href=\"http:\/\/www.google.com\/analytics\/terms\/fr.html\">\/\/www.google.com\/analytics\/terms\/fr.html<\/a><\/p>\n\n<h3 class=\"wp-block-heading\">Newsletter<\/h3>\n\n<p>Per inviarvi la newsletter, raccogliamo il vostro indirizzo e-mail al momento della registrazione. Queste informazioni vengono utilizzate solo ai fini della newsletter. <\/p>\n\n<p>Anche per la registrazione \u00e8 richiesto il doppio opt-in. Ci\u00f2 significa che, oltre a inserire i dati, l&#8217;indirizzo e-mail deve essere confermato cliccando sul link contenuto in una e-mail corrispondente. In questo modo si garantisce che i dati siano inseriti anche dal titolare dell&#8217;identit\u00e0. \u00c8 possibile disdire la newsletter in qualsiasi momento senza preavviso e senza dover fornire motivazioni. Per annullare l&#8217;iscrizione \u00e8 sufficiente cliccare sul link di annullamento dell&#8217;iscrizione in fondo a ogni newsletter.    <\/p>\n\n<p>Le newsletter vengono inviate tramite &#8220;Infomaniak&#8221;, una piattaforma di invio di newsletter e societ\u00e0 di diritto svizzero con sede a Ginevra, Rue Eug\u00e8ne Marziano 25, 1227 Les Acacias (GE).  Gli indirizzi e-mail e gli altri dati dei nostri abbonati qui descritti sono memorizzati sui server di Infomaniak. Infomaniak utilizza queste informazioni per inviare e valutare la newsletter per nostro conto. Infomaniak utilizza queste informazioni anche per valutare le prestazioni e ottimizzare i propri servizi. I dati non saranno trasmessi a terzi o utilizzati per scopi di marketing. Infomaniak si impegna a rispettare le normative europee sulla protezione dei dati.    <\/p>\n\n<p>Inoltre, utilizzando Infomaniak, accettiamo automaticamente il &#8220;Data Processing Addendum&#8221; (DPA). In questo modo, Infomaniak si impegna a rispettare le normative europee sulla protezione dei dati, a proteggere i dati dei propri abbonati e soprattutto a non cederli a terzi. La politica di riservatezza di Infomaniak pu\u00f2 essere consultata <a href=\"https:\/\/www.infomaniak.com\/fr\/cgv\/politique-de-confidentialite\">qui<\/a>.  <\/p>\n\n<h3 class=\"wp-block-heading\">Propriet\u00e0 intellettuale<\/h3>\n\n<p>Le immagini e i suoni presenti su questo sito sono di propriet\u00e0 di trivial mass. Il loro uso \u00e8 quindi vietato al di fuori della promozione dell&#8217;iniziativa MAYbe Less Sugar da parte dei partner e dei media.   <\/p>\n\n<h3 class=\"wp-block-heading\">Contatto per domande<\/h3>\n\n<p>Per qualsiasi domanda o richiesta in merito, si prega di contattare trivial mass, i cui recapiti sono disponibili tramite il link a pi\u00e8 di pagina.<\/p>\n\n<h2 class=\"wp-block-heading\">Impressum<\/h2>\n\n<p><strong>Testi<\/strong> : <a href=\"https:\/\/maybeless-sugar.ch\/it\/chi-siamo\/\">MAYbe Less Sugar<\/a> <\/p>\n\n<p><strong>Concetto della campagna<\/strong>: la campagna MAYbe Less Sugar \u00e8 stata sviluppata da diab\u00e8tevaud in collaborazione con Unisant\u00e9 e si \u00e8 ispirata alla campagna Dry January.<\/p>\n\n<p><strong>Sviluppo web<\/strong>: <a href=\"https:\/\/trivialmass.ch\/\">trivial mass<\/a><\/p>\n\n<p><strong><a href=\"https:\/\/dryjanuary.ch\/fr\/impressum\">Contattateci via e-mail<\/a> <\/strong><a href=\"mailto:contact@trivialmass.ch\">contact@trivialmass.ch<\/a> <\/p>\n\n<div style=\"height:100px\" aria-hidden=\"true\" class=\"wp-block-spacer\"><\/div>\n","protected":false},"excerpt":{"rendered":"<p>Note legali Esclusione di responsabilit\u00e0 Il contenuto di questo sito costituisce un&#8217;offerta informativa non vincolante. Sebbene controlliamo regolarmente l&#8217;accuratezza e l&#8217;aggiornamento delle informazioni contenute, non ci assumiamo alcuna responsabilit\u00e0, nella misura massima consentita dalla legge, per eventuali conseguenze indesiderate derivanti dall&#8217;uso di tali informazioni. In particolare, non ci assumiamo alcuna responsabilit\u00e0 per l&#8217;indisponibilit\u00e0 della nostra [&hellip;]<\/p>\n","protected":false},"author":7241,"featured_media":0,"parent":0,"menu_order":0,"comment_status":"closed","ping_status":"closed","template":"","meta":{"_acf_changed":false,"footnotes":""},"class_list":["post-3192","page","type-page","status-publish","hentry"],"acf":[],"yoast_head":"<!-- This site is optimized with the Yoast SEO plugin v27.5 - https:\/\/yoast.com\/product\/yoast-seo-wordpress\/ -->\n<title>Condizioni generali - Maybeless sugar<\/title>\n<meta name=\"robots\" content=\"index, follow, max-snippet:-1, max-image-preview:large, max-video-preview:-1\" \/>\n<link rel=\"canonical\" href=\"https:\/\/maybeless-sugar.ch\/it\/termini-e-condizioni-generali\/\" \/>\n<meta property=\"og:locale\" content=\"it_IT\" \/>\n<meta property=\"og:type\" content=\"article\" \/>\n<meta property=\"og:title\" content=\"Condizioni generali - Maybeless sugar\" \/>\n<meta property=\"og:description\" content=\"Note legali Esclusione di responsabilit\u00e0 Il contenuto di questo sito costituisce un&#8217;offerta informativa non vincolante. Sebbene controlliamo regolarmente l&#8217;accuratezza e l&#8217;aggiornamento delle informazioni contenute, non ci assumiamo alcuna responsabilit\u00e0, nella misura massima consentita dalla legge, per eventuali conseguenze indesiderate derivanti dall&#8217;uso di tali informazioni. In particolare, non ci assumiamo alcuna responsabilit\u00e0 per l&#8217;indisponibilit\u00e0 della nostra [&hellip;]\" \/>\n<meta property=\"og:url\" content=\"https:\/\/maybeless-sugar.ch\/it\/termini-e-condizioni-generali\/\" \/>\n<meta property=\"og:site_name\" content=\"Maybeless sugar\" \/>\n<meta property=\"article:modified_time\" content=\"2026-04-21T06:52:30+00:00\" \/>\n<meta name=\"twitter:card\" content=\"summary_large_image\" \/>\n<meta name=\"twitter:label1\" content=\"Tempo di lettura stimato\" \/>\n\t<meta name=\"twitter:data1\" content=\"5 minuti\" \/>\n<script type=\"application\/ld+json\" class=\"yoast-schema-graph\">{\"@context\":\"https:\\\/\\\/schema.org\",\"@graph\":[{\"@type\":\"WebPage\",\"@id\":\"https:\\\/\\\/maybeless-sugar.ch\\\/it\\\/termini-e-condizioni-generali\\\/\",\"url\":\"https:\\\/\\\/maybeless-sugar.ch\\\/it\\\/termini-e-condizioni-generali\\\/\",\"name\":\"Condizioni generali - Maybeless sugar\",\"isPartOf\":{\"@id\":\"https:\\\/\\\/maybeless-sugar.ch\\\/it\\\/#website\"},\"datePublished\":\"2023-03-30T04:43:06+00:00\",\"dateModified\":\"2026-04-21T06:52:30+00:00\",\"breadcrumb\":{\"@id\":\"https:\\\/\\\/maybeless-sugar.ch\\\/it\\\/termini-e-condizioni-generali\\\/#breadcrumb\"},\"inLanguage\":\"it-IT\",\"potentialAction\":[{\"@type\":\"ReadAction\",\"target\":[\"https:\\\/\\\/maybeless-sugar.ch\\\/it\\\/termini-e-condizioni-generali\\\/\"]}]},{\"@type\":\"BreadcrumbList\",\"@id\":\"https:\\\/\\\/maybeless-sugar.ch\\\/it\\\/termini-e-condizioni-generali\\\/#breadcrumb\",\"itemListElement\":[{\"@type\":\"ListItem\",\"position\":1,\"name\":\"Home\",\"item\":\"https:\\\/\\\/maybeless-sugar.ch\\\/it\\\/\"},{\"@type\":\"ListItem\",\"position\":2,\"name\":\"Condizioni generali\"}]},{\"@type\":\"WebSite\",\"@id\":\"https:\\\/\\\/maybeless-sugar.ch\\\/it\\\/#website\",\"url\":\"https:\\\/\\\/maybeless-sugar.ch\\\/it\\\/\",\"name\":\"Maybeless sugar\",\"description\":\"Doux mois de mai moins sucr\u00e9\",\"publisher\":{\"@id\":\"https:\\\/\\\/maybeless-sugar.ch\\\/it\\\/#organization\"},\"potentialAction\":[{\"@type\":\"SearchAction\",\"target\":{\"@type\":\"EntryPoint\",\"urlTemplate\":\"https:\\\/\\\/maybeless-sugar.ch\\\/it\\\/?s={search_term_string}\"},\"query-input\":{\"@type\":\"PropertyValueSpecification\",\"valueRequired\":true,\"valueName\":\"search_term_string\"}}],\"inLanguage\":\"it-IT\"},{\"@type\":\"Organization\",\"@id\":\"https:\\\/\\\/maybeless-sugar.ch\\\/it\\\/#organization\",\"name\":\"Maybeless sugar\",\"url\":\"https:\\\/\\\/maybeless-sugar.ch\\\/it\\\/\",\"logo\":{\"@type\":\"ImageObject\",\"inLanguage\":\"it-IT\",\"@id\":\"https:\\\/\\\/maybeless-sugar.ch\\\/it\\\/#\\\/schema\\\/logo\\\/image\\\/\",\"url\":\"https:\\\/\\\/maybeless-sugar.ch\\\/wp-content\\\/uploads\\\/2025\\\/03\\\/MAYBELESSSUGAR_logo_ita_v_w-2.png\",\"contentUrl\":\"https:\\\/\\\/maybeless-sugar.ch\\\/wp-content\\\/uploads\\\/2025\\\/03\\\/MAYBELESSSUGAR_logo_ita_v_w-2.png\",\"width\":2043,\"height\":1494,\"caption\":\"Maybeless sugar\"},\"image\":{\"@id\":\"https:\\\/\\\/maybeless-sugar.ch\\\/it\\\/#\\\/schema\\\/logo\\\/image\\\/\"}}]}<\/script>\n<!-- \/ Yoast SEO plugin. -->","yoast_head_json":{"title":"Condizioni generali - Maybeless sugar","robots":{"index":"index","follow":"follow","max-snippet":"max-snippet:-1","max-image-preview":"max-image-preview:large","max-video-preview":"max-video-preview:-1"},"canonical":"https:\/\/maybeless-sugar.ch\/it\/termini-e-condizioni-generali\/","og_locale":"it_IT","og_type":"article","og_title":"Condizioni generali - Maybeless sugar","og_description":"Note legali Esclusione di responsabilit\u00e0 Il contenuto di questo sito costituisce un&#8217;offerta informativa non vincolante. Sebbene controlliamo regolarmente l&#8217;accuratezza e l&#8217;aggiornamento delle informazioni contenute, non ci assumiamo alcuna responsabilit\u00e0, nella misura massima consentita dalla legge, per eventuali conseguenze indesiderate derivanti dall&#8217;uso di tali informazioni. In particolare, non ci assumiamo alcuna responsabilit\u00e0 per l&#8217;indisponibilit\u00e0 della nostra [&hellip;]","og_url":"https:\/\/maybeless-sugar.ch\/it\/termini-e-condizioni-generali\/","og_site_name":"Maybeless sugar","article_modified_time":"2026-04-21T06:52:30+00:00","twitter_card":"summary_large_image","twitter_misc":{"Tempo di lettura stimato":"5 minuti"},"schema":{"@context":"https:\/\/schema.org","@graph":[{"@type":"WebPage","@id":"https:\/\/maybeless-sugar.ch\/it\/termini-e-condizioni-generali\/","url":"https:\/\/maybeless-sugar.ch\/it\/termini-e-condizioni-generali\/","name":"Condizioni generali - Maybeless sugar","isPartOf":{"@id":"https:\/\/maybeless-sugar.ch\/it\/#website"},"datePublished":"2023-03-30T04:43:06+00:00","dateModified":"2026-04-21T06:52:30+00:00","breadcrumb":{"@id":"https:\/\/maybeless-sugar.ch\/it\/termini-e-condizioni-generali\/#breadcrumb"},"inLanguage":"it-IT","potentialAction":[{"@type":"ReadAction","target":["https:\/\/maybeless-sugar.ch\/it\/termini-e-condizioni-generali\/"]}]},{"@type":"BreadcrumbList","@id":"https:\/\/maybeless-sugar.ch\/it\/termini-e-condizioni-generali\/#breadcrumb","itemListElement":[{"@type":"ListItem","position":1,"name":"Home","item":"https:\/\/maybeless-sugar.ch\/it\/"},{"@type":"ListItem","position":2,"name":"Condizioni generali"}]},{"@type":"WebSite","@id":"https:\/\/maybeless-sugar.ch\/it\/#website","url":"https:\/\/maybeless-sugar.ch\/it\/","name":"Maybeless sugar","description":"Doux mois de mai moins sucr\u00e9","publisher":{"@id":"https:\/\/maybeless-sugar.ch\/it\/#organization"},"potentialAction":[{"@type":"SearchAction","target":{"@type":"EntryPoint","urlTemplate":"https:\/\/maybeless-sugar.ch\/it\/?s={search_term_string}"},"query-input":{"@type":"PropertyValueSpecification","valueRequired":true,"valueName":"search_term_string"}}],"inLanguage":"it-IT"},{"@type":"Organization","@id":"https:\/\/maybeless-sugar.ch\/it\/#organization","name":"Maybeless sugar","url":"https:\/\/maybeless-sugar.ch\/it\/","logo":{"@type":"ImageObject","inLanguage":"it-IT","@id":"https:\/\/maybeless-sugar.ch\/it\/#\/schema\/logo\/image\/","url":"https:\/\/maybeless-sugar.ch\/wp-content\/uploads\/2025\/03\/MAYBELESSSUGAR_logo_ita_v_w-2.png","contentUrl":"https:\/\/maybeless-sugar.ch\/wp-content\/uploads\/2025\/03\/MAYBELESSSUGAR_logo_ita_v_w-2.png","width":2043,"height":1494,"caption":"Maybeless sugar"},"image":{"@id":"https:\/\/maybeless-sugar.ch\/it\/#\/schema\/logo\/image\/"}}]}},"_links":{"self":[{"href":"https:\/\/maybeless-sugar.ch\/it\/wp-json\/wp\/v2\/pages\/3192","targetHints":{"allow":["GET"]}}],"collection":[{"href":"https:\/\/maybeless-sugar.ch\/it\/wp-json\/wp\/v2\/pages"}],"about":[{"href":"https:\/\/maybeless-sugar.ch\/it\/wp-json\/wp\/v2\/types\/page"}],"author":[{"embeddable":true,"href":"https:\/\/maybeless-sugar.ch\/it\/wp-json\/wp\/v2\/users\/7241"}],"replies":[{"embeddable":true,"href":"https:\/\/maybeless-sugar.ch\/it\/wp-json\/wp\/v2\/comments?post=3192"}],"version-history":[{"count":1,"href":"https:\/\/maybeless-sugar.ch\/it\/wp-json\/wp\/v2\/pages\/3192\/revisions"}],"predecessor-version":[{"id":9021,"href":"https:\/\/maybeless-sugar.ch\/it\/wp-json\/wp\/v2\/pages\/3192\/revisions\/9021"}],"wp:attachment":[{"href":"https:\/\/maybeless-sugar.ch\/it\/wp-json\/wp\/v2\/media?parent=3192"}],"curies":[{"name":"wp","href":"https:\/\/api.w.org\/{rel}","templated":true}]}}