{"id":3196,"date":"2023-02-05T14:18:12","date_gmt":"2023-02-05T13:18:12","guid":{"rendered":"https:\/\/maybeless-sugar.ch\/e-poi\/"},"modified":"2025-03-10T10:29:30","modified_gmt":"2025-03-10T09:29:30","slug":"e-poi","status":"publish","type":"page","link":"https:\/\/maybeless-sugar.ch\/it\/e-poi\/","title":{"rendered":"E poi"},"content":{"rendered":"\n<div style=\"height:62px\" aria-hidden=\"true\" class=\"wp-block-spacer\"><\/div>\n\n<h3 class=\"wp-block-heading has-text-align-center has-custom-pink-color has-text-color\">E come sto continuando a cambiare le mie abitudini  <br\/>oltre a forse meno zucchero?  <\/h3>\n\n<div style=\"height:100px\" aria-hidden=\"true\" class=\"wp-block-spacer\"><\/div>\n\n<div class=\"wp-block-group is-style-rounded has-white-color has-custom-pink-background-color has-text-color has-background is-layout-constrained wp-block-group-is-layout-constrained\">\n<h3 class=\"wp-block-heading has-text-align-center\">Come posso utilizzare questo  <br\/>per continuare a vivere in modo pi\u00f9 sano?<\/h3>\n\n\n\n<div style=\"height:40px\" aria-hidden=\"true\" class=\"wp-block-spacer\"><\/div>\n\n\n\n<div class=\"wp-block-columns is-style-no-margin is-layout-flex wp-container-core-columns-is-layout-9d6595d7 wp-block-columns-is-layout-flex\">\n<div class=\"wp-block-column is-layout-flow wp-block-column-is-layout-flow\">\n<figure class=\"wp-block-image aligncenter size-large is-resized\"><img decoding=\"async\" src=\"https:\/\/maybeless-sugar.ch\/wp-content\/uploads\/2023\/05\/hexagon-check-solid-white.svg\" alt=\"\" class=\"wp-image-2186\" width=\"50\"\/><\/figure>\n\n\n\n<div style=\"height:20px\" aria-hidden=\"true\" class=\"wp-block-spacer\"><\/div>\n\n\n\n<p class=\"has-text-align-center is-style-no-margin\"><strong>Potrei aver individuato alcune marche di alimenti che contengono meno zucchero, che posso continuare a mangiare al posto degli equivalenti pi\u00f9 dolci.  <\/strong><\/p>\n\n\n\n<div style=\"height:20px\" aria-hidden=\"true\" class=\"wp-block-spacer\"><\/div>\n<\/div>\n\n\n\n<div class=\"wp-block-column is-layout-flow wp-block-column-is-layout-flow\">\n<figure class=\"wp-block-image aligncenter size-large is-resized\"><img decoding=\"async\" src=\"https:\/\/maybeless-sugar.ch\/wp-content\/uploads\/2023\/05\/toolbox-solid-white.svg\" alt=\"\" class=\"wp-image-2190\" width=\"50\"\/><\/figure>\n\n\n\n<div style=\"height:20px\" aria-hidden=\"true\" class=\"wp-block-spacer\"><\/div>\n\n\n\n<p class=\"has-text-align-center is-style-no-margin\"><strong>Potrei aver imparato a usare alcuni strumenti che prima non sapevo usare<\/strong>.<\/p>\n\n\n\n<div style=\"height:20px\" aria-hidden=\"true\" class=\"wp-block-spacer\"><\/div>\n<\/div>\n\n\n\n<div class=\"wp-block-column is-layout-flow wp-block-column-is-layout-flow\">\n<figure class=\"wp-block-image aligncenter size-large is-resized\"><img decoding=\"async\" src=\"https:\/\/maybeless-sugar.ch\/wp-content\/uploads\/2023\/05\/thought-bubble-solid-white.svg\" alt=\"\" class=\"wp-image-2208\" width=\"50\"\/><\/figure>\n\n\n\n<div style=\"height:20px\" aria-hidden=\"true\" class=\"wp-block-spacer\"><\/div>\n\n\n\n<p class=\"has-text-align-center\"><strong>Ponendomi obiettivi raggiungibili, ho capito che potevo farcela e che potevo divertirmi mangiando meno zucchero.<\/strong><br\/><strong>Quindi sono sulla strada giusta!<\/strong><\/p>\n\n\n\n<div style=\"height:20px\" aria-hidden=\"true\" class=\"wp-block-spacer\"><\/div>\n<\/div>\n<\/div>\n<\/div>\n\n<div style=\"height:100px\" aria-hidden=\"true\" class=\"wp-block-spacer\"><\/div>\n\n<div class=\"wp-block-columns is-layout-flex wp-container-core-columns-is-layout-9d6595d7 wp-block-columns-is-layout-flex\">\n<div class=\"wp-block-column is-layout-flow wp-block-column-is-layout-flow\" style=\"flex-basis:25%\"><\/div>\n\n\n\n<div class=\"wp-block-column is-layout-flow wp-block-column-is-layout-flow\" style=\"flex-basis:50%\">\n<p class=\"has-text-align-center\">In ogni caso, mi sono <strong>\n  <mark style=\"background-color:rgba(0, 0, 0, 0)\" class=\"has-inline-color has-custom-pink-color\">sono diventata consapevole del mio consumo di zuccheri aggiunti<\/mark>\n<\/strong> e del suo impatto sulla mia <strong>\n  <mark style=\"background-color:rgba(0, 0, 0, 0)\" class=\"has-inline-color has-custom-pink-color\">qualit\u00e0 della vita<\/mark>\n<\/strong> e sulla mia <strong>\n  <mark style=\"background-color:rgba(0, 0, 0, 0)\" class=\"has-inline-color has-custom-pink-color\">salute<\/mark>\n<\/strong>E questa \u00e8 la cosa pi\u00f9 importante. Cos\u00ec posso continuare a fare scelte informate e a scegliere come influenzare la mia salute.  <\/p>\n<\/div>\n\n\n\n<div class=\"wp-block-column is-layout-flow wp-block-column-is-layout-flow\" style=\"flex-basis:25%\"><\/div>\n<\/div>\n\n<div style=\"height:100px\" aria-hidden=\"true\" class=\"wp-block-spacer\"><\/div>\n\n<div class=\"wp-block-columns are-vertically-aligned-center is-style-no-padding is-layout-flex wp-container-core-columns-is-layout-9d6595d7 wp-block-columns-is-layout-flex\">\n<div class=\"wp-block-column is-layout-flow wp-block-column-is-layout-flow\" style=\"flex-basis:80px\"><\/div>\n\n\n\n<div class=\"wp-block-column is-vertically-aligned-center is-layout-flow wp-block-column-is-layout-flow\" style=\"flex-basis:220px\">\n<figure class=\"wp-block-image aligncenter is-style-no-margin\"><img decoding=\"async\" width=\"904\" height=\"1024\" src=\"https:\/\/maybeless-sugar.ch\/wp-content\/uploads\/2023\/02\/AdobeStock_267728344-reverse-904x1024.png\" alt=\"\" class=\"wp-image-540\" srcset=\"https:\/\/maybeless-sugar.ch\/wp-content\/uploads\/2023\/02\/AdobeStock_267728344-reverse-904x1024.png 904w, https:\/\/maybeless-sugar.ch\/wp-content\/uploads\/2023\/02\/AdobeStock_267728344-reverse-265x300.png 265w, https:\/\/maybeless-sugar.ch\/wp-content\/uploads\/2023\/02\/AdobeStock_267728344-reverse-768x870.png 768w, https:\/\/maybeless-sugar.ch\/wp-content\/uploads\/2023\/02\/AdobeStock_267728344-reverse-1355x1536.png 1355w, https:\/\/maybeless-sugar.ch\/wp-content\/uploads\/2023\/02\/AdobeStock_267728344-reverse-1807x2048.png 1807w\" sizes=\"(max-width: 904px) 100vw, 904px\" \/><\/figure>\n<\/div>\n\n\n\n<div class=\"wp-block-column is-layout-flow wp-block-column-is-layout-flow\" style=\"flex-basis:20px\"><\/div>\n\n\n\n<div class=\"wp-block-column is-vertically-aligned-center is-layout-flow wp-block-column-is-layout-flow\" style=\"flex-basis:62.2%\">\n<h2 class=\"wp-block-heading has-custom-pink-color has-text-color\">Per continuare il mio viaggio verso una vita meno dolce  <\/h2>\n\n\n\n<p class=\"is-style-no-margin\">  Posso pormi degli obiettivi personali per continuare a impegnarmi per migliorare la mia salute e il mio benessere! E perch\u00e9 non includere coloro che mi circondano e farne una missione condivisa? Tutto \u00e8 pi\u00f9 facile quando si rimane uniti!<\/p>\n<\/div>\n\n\n\n<div class=\"wp-block-column is-layout-flow wp-block-column-is-layout-flow\" style=\"flex-basis:80px\"><\/div>\n<\/div>\n\n<div style=\"height:100px\" aria-hidden=\"true\" class=\"wp-block-spacer\"><\/div>\n\n<div class=\"wp-block-group is-style-rounded has-gray-light-background-color has-background is-layout-constrained wp-block-group-is-layout-constrained\">\n<div class=\"wp-block-columns is-style-no-margin is-layout-flex wp-container-core-columns-is-layout-9d6595d7 wp-block-columns-is-layout-flex\">\n<div class=\"wp-block-column is-layout-flow wp-block-column-is-layout-flow\">\n<h3 class=\"wp-block-heading has-custom-pink-color has-text-color\">Per saperne di pi\u00f9:<\/h3>\n\n\n\n<div id=\"accordion-block_592e77f197ecbcde965747a5865c008d\" class=\"block-accordion tab mb-10\">\n    <input type=\"checkbox\" id=\"tab-block_592e77f197ecbcde965747a5865c008d\" >\n    <label class=\"flex flex-col tab-label\" for=\"tab-block_592e77f197ecbcde965747a5865c008d\">\n        <span class=\"border-t-[3px] pr-10 border-t-primary pt-4 cursor-pointer font-display title\">Per saperne di pi\u00f9 su zuccheri e zuccheri aggiunti<\/span>\n            <\/label>\n    <div class=\"tab-content\">\n        \n\n<p><a href=\"https:\/\/maybeless-sugar.ch\/wp-content\/uploads\/2023\/03\/Guide-pour-la-definition-et-le-calcul-des-sucres-ajoutes-4.pdf\">Guida<\/a> alla definizione e al calcolo degli zuccheri aggiunti secondo l&#8217;OSAV<\/p>\n\n\n\n<p><a href=\"https:\/\/www.sge-ssn.ch\/media\/Feuille_d_info_les_sucres-et-les_sucres_ajoutes-2021.pdf\">Societ\u00e0 Svizzera di Nutrizione<\/a><\/p>\n\n\n\n<p><a href=\"https:\/\/yuka.io\/\">Yuka<\/a>: questa app fornisce informazioni sulla qualit\u00e0 nutrizionale dei prodotti attraverso la scansione del loro codice a barre.<\/p>\n\n\n    <\/div>\n<\/div>\n\n\n\n\n\n\n<div id=\"accordion-block_0d6c64c7c87d1d6dd75b28af6e3cccf3\" class=\"block-accordion tab mb-10\">\n    <input type=\"checkbox\" id=\"tab-block_0d6c64c7c87d1d6dd75b28af6e3cccf3\" >\n    <label class=\"flex flex-col tab-label\" for=\"tab-block_0d6c64c7c87d1d6dd75b28af6e3cccf3\">\n        <span class=\"border-t-[3px] pr-10 border-t-primary pt-4 cursor-pointer font-display title\">Scoperta RTS  <\/span>\n                    <span class=\"subtitle\">Zucchero e salute<\/span>\n            <\/label>\n    <div class=\"tab-content\">\n        \n\n<p><a href=\"https:\/\/www.rts.ch\/decouverte\/sante-et-medecine\/corps-humain\/le-sucre\/\">Scoperta RTS<\/a><\/p>\n\n\n    <\/div>\n<\/div>\n\n\n\n\n\n\n<div id=\"accordion-block_9e9a92b6a0161dd98edc217f8cac24a7\" class=\"block-accordion tab mb-10\">\n    <input type=\"checkbox\" id=\"tab-block_9e9a92b6a0161dd98edc217f8cac24a7\" >\n    <label class=\"flex flex-col tab-label\" for=\"tab-block_9e9a92b6a0161dd98edc217f8cac24a7\">\n        <span class=\"border-t-[3px] pr-10 border-t-primary pt-4 cursor-pointer font-display title\">Film Sugarland<\/span>\n            <\/label>\n    <div class=\"tab-content\">\n        \n\n<p><a href=\"https:\/\/www.youtube.com\/watch?v=FFZKDAnIiy8\">Collegamento a Youtube<\/a><\/p>\n\n\n    <\/div>\n<\/div>\n\n\n\n<\/div>\n\n\n\n<div class=\"wp-block-column is-layout-flow wp-block-column-is-layout-flow\">\n<h3 class=\"wp-block-heading has-custom-pink-color has-text-color\">Hai bisogno di aiuto?  <\/h3>\n\n\n\n<div id=\"accordion-block_b2d4d48c48c287719f73e6314f6e60cd\" class=\"block-accordion tab mb-10\">\n    <input type=\"checkbox\" id=\"tab-block_b2d4d48c48c287719f73e6314f6e60cd\" >\n    <label class=\"flex flex-col tab-label\" for=\"tab-block_b2d4d48c48c287719f73e6314f6e60cd\">\n        <span class=\"border-t-[3px] pr-10 border-t-primary pt-4 cursor-pointer font-display title\">Centro obesit\u00e0 &#8211; RHNe<\/span>\n            <\/label>\n    <div class=\"tab-content\">\n        \n\n<p>Ci sentiamo <a href=\"https:\/\/www.rhne.ch\/centre-de-l-obesite\" target=\"_blank\" rel=\"noreferrer noopener\">!<\/a> <\/p>\n\n\n    <\/div>\n<\/div>\n\n\n\n\n\n\n<div id=\"accordion-block_8faab064763d74d39b9afe2f940d0b05\" class=\"block-accordion tab mb-10\">\n    <input type=\"checkbox\" id=\"tab-block_8faab064763d74d39b9afe2f940d0b05\" >\n    <label class=\"flex flex-col tab-label\" for=\"tab-block_8faab064763d74d39b9afe2f940d0b05\">\n        <span class=\"border-t-[3px] pr-10 border-t-primary pt-4 cursor-pointer font-display title\">Centro Obesit\u00e0 &#8211; CHUV<\/span>\n            <\/label>\n    <div class=\"tab-content\">\n        \n\n<p>Mettetevi <a href=\"https:\/\/www.chuv.ch\/fr\/obesite\/\" target=\"_blank\" rel=\"noreferrer noopener\">in contatto!<\/a><\/p>\n\n\n    <\/div>\n<\/div>\n\n\n\n\n\n\n<div id=\"accordion-block_3715c87057c8160b18f44ee2fd8151e3\" class=\"block-accordion tab mb-10\">\n    <input type=\"checkbox\" id=\"tab-block_3715c87057c8160b18f44ee2fd8151e3\" >\n    <label class=\"flex flex-col tab-label\" for=\"tab-block_3715c87057c8160b18f44ee2fd8151e3\">\n        <span class=\"border-t-[3px] pr-10 border-t-primary pt-4 cursor-pointer font-display title\">Associazione anoressia bulimia<\/span>\n            <\/label>\n    <div class=\"tab-content\">\n        \n\n<p>Contattateci <a href=\"https:\/\/boulimie-anorexie.ch\/\" target=\"_blank\" rel=\"noreferrer noopener\">!<\/a><\/p>\n\n\n    <\/div>\n<\/div>\n\n\n\n\n\n\n<div id=\"accordion-block_d87de39ad5558b24c25eea73cb5c091f\" class=\"block-accordion tab mb-10\">\n    <input type=\"checkbox\" id=\"tab-block_d87de39ad5558b24c25eea73cb5c091f\" >\n    <label class=\"flex flex-col tab-label\" for=\"tab-block_d87de39ad5558b24c25eea73cb5c091f\">\n        <span class=\"border-t-[3px] pr-10 border-t-primary pt-4 cursor-pointer font-display title\">Avete bisogno di ulteriori informazioni?<\/span>\n            <\/label>\n    <div class=\"tab-content\">\n        \n\n<p>Contatto MAYbe Less Sugar <a href=\"mailto:info@maybeless-sugar.ch\" target=\"_blank\" rel=\"noreferrer noopener\">Contact!<\/a><\/p>\n\n\n    <\/div>\n<\/div>\n\n\n\n<\/div>\n<\/div>\n<\/div>\n\n<div style=\"height:100px\" aria-hidden=\"true\" class=\"wp-block-spacer\"><\/div>\n\n<h2 class=\"wp-block-heading has-primary-color has-text-color\">Documenti educativi sugli zuccheri<\/h2>\n\n<ul class=\"wp-block-list\">\n<li><a href=\"https:\/\/maybeless-sugar.ch\/wp-content\/uploads\/2023\/05\/Sucres-et-sucres-ajoutes_SSN-2021.pdf\" target=\"_blank\" rel=\"noreferrer noopener\">Zuccheri aggiunti: quanti e dove?<\/a>  (Documento SSN-2021)<\/li>\n\n\n\n<li><a href=\"https:\/\/maybeless-sugar.ch\/wp-content\/uploads\/2023\/05\/Alternatives-aux-produits-avec-sucre-ajoute.pdf\" target=\"_blank\" rel=\"noreferrer noopener\">Zucchero e zuccheri aggiunti: cosa, dove e quanto? Alternative? (Documento PSS)<\/a><\/li>\n\n\n\n<li><a href=\"https:\/\/maybeless-sugar.ch\/wp-content\/uploads\/2023\/05\/Guide-pour-la-definition-et-le-calcul-des-sucres-ajoutes-7-1.pdf\">Guida alla definizione e al calcolo degli zuccheri aggiunti<\/a> (documento OSAV)<\/li>\n\n\n\n<li><a href=\"https:\/\/maybeless-sugar.ch\/wp-content\/uploads\/2023\/05\/jeu-sucres-scaled-e1685461368373.jpg\" target=\"_blank\" rel=\"noreferrer noopener\">Gioco FRC &#8220;Quanti quadratini di zucchero ci sono in questo prodotto?<\/a><\/li>\n\n\n\n<li><a href=\"https:\/\/maybeless-sugar.ch\/wp-content\/uploads\/2023\/05\/MAYBELESSSUGAR_product_list-web-1.pdf\">Elenco dei prodotti inclusi nel calcolatore MAYbe Less Sugar e quantit\u00e0 di zuccheri aggiunti<\/a><\/li>\n\n\n\n<li><a href=\"https:\/\/maybeless-sugar.ch\/wp-content\/uploads\/2023\/05\/Poster-sucres-ajoutes-combien-ou-et-quantites-max-.pdf\" target=\"_blank\" rel=\"noreferrer noopener\">Poster Zuccheri aggiunti: quali, quanti, dove e quantit\u00e0 massime consigliate?<\/a>  (documento SSN)<\/li>\n<\/ul>\n\n<div style=\"height:100px\" aria-hidden=\"true\" class=\"wp-block-spacer\"><\/div>\n","protected":false},"excerpt":{"rendered":"<p>E come sto continuando a cambiare le mie abitudini oltre a forse meno zucchero? Come posso utilizzare questo per continuare a vivere in modo pi\u00f9 sano? Potrei aver individuato alcune marche di alimenti che contengono meno zucchero, che posso continuare a mangiare al posto degli equivalenti pi\u00f9 dolci. Potrei aver imparato a usare alcuni strumenti [&hellip;]<\/p>\n","protected":false},"author":7241,"featured_media":0,"parent":0,"menu_order":0,"comment_status":"closed","ping_status":"closed","template":"","meta":{"_acf_changed":false,"footnotes":""},"class_list":["post-3196","page","type-page","status-publish","hentry"],"acf":[],"yoast_head":"<!-- This site is optimized with the Yoast SEO plugin v26.5 - https:\/\/yoast.com\/wordpress\/plugins\/seo\/ -->\n<title>E poi - Maybeless sugar<\/title>\n<meta name=\"robots\" content=\"index, follow, max-snippet:-1, max-image-preview:large, max-video-preview:-1\" \/>\n<link rel=\"canonical\" href=\"https:\/\/maybeless-sugar.ch\/it\/e-poi\/\" \/>\n<meta property=\"og:locale\" content=\"it_IT\" \/>\n<meta property=\"og:type\" content=\"article\" \/>\n<meta property=\"og:title\" content=\"E poi - Maybeless sugar\" \/>\n<meta property=\"og:description\" content=\"E come sto continuando a cambiare le mie abitudini oltre a forse meno zucchero? Come posso utilizzare questo per continuare a vivere in modo pi\u00f9 sano? Potrei aver individuato alcune marche di alimenti che contengono meno zucchero, che posso continuare a mangiare al posto degli equivalenti pi\u00f9 dolci. Potrei aver imparato a usare alcuni strumenti [&hellip;]\" \/>\n<meta property=\"og:url\" content=\"https:\/\/maybeless-sugar.ch\/it\/e-poi\/\" \/>\n<meta property=\"og:site_name\" content=\"Maybeless sugar\" \/>\n<meta property=\"article:modified_time\" content=\"2025-03-10T09:29:30+00:00\" \/>\n<meta name=\"twitter:card\" content=\"summary_large_image\" \/>\n<meta name=\"twitter:label1\" content=\"Tempo di lettura stimato\" \/>\n\t<meta name=\"twitter:data1\" content=\"3 minuti\" \/>\n<script type=\"application\/ld+json\" class=\"yoast-schema-graph\">{\"@context\":\"https:\/\/schema.org\",\"@graph\":[{\"@type\":\"WebPage\",\"@id\":\"https:\/\/maybeless-sugar.ch\/it\/e-poi\/\",\"url\":\"https:\/\/maybeless-sugar.ch\/it\/e-poi\/\",\"name\":\"E poi - Maybeless sugar\",\"isPartOf\":{\"@id\":\"https:\/\/maybeless-sugar.ch\/it\/#website\"},\"primaryImageOfPage\":{\"@id\":\"https:\/\/maybeless-sugar.ch\/it\/e-poi\/#primaryimage\"},\"image\":{\"@id\":\"https:\/\/maybeless-sugar.ch\/it\/e-poi\/#primaryimage\"},\"thumbnailUrl\":\"https:\/\/maybeless-sugar.ch\/wp-content\/uploads\/2023\/05\/hexagon-check-solid-white.svg\",\"datePublished\":\"2023-02-05T13:18:12+00:00\",\"dateModified\":\"2025-03-10T09:29:30+00:00\",\"breadcrumb\":{\"@id\":\"https:\/\/maybeless-sugar.ch\/it\/e-poi\/#breadcrumb\"},\"inLanguage\":\"it-IT\",\"potentialAction\":[{\"@type\":\"ReadAction\",\"target\":[\"https:\/\/maybeless-sugar.ch\/it\/e-poi\/\"]}]},{\"@type\":\"ImageObject\",\"inLanguage\":\"it-IT\",\"@id\":\"https:\/\/maybeless-sugar.ch\/it\/e-poi\/#primaryimage\",\"url\":\"https:\/\/maybeless-sugar.ch\/wp-content\/uploads\/2023\/05\/hexagon-check-solid-white.svg\",\"contentUrl\":\"https:\/\/maybeless-sugar.ch\/wp-content\/uploads\/2023\/05\/hexagon-check-solid-white.svg\"},{\"@type\":\"BreadcrumbList\",\"@id\":\"https:\/\/maybeless-sugar.ch\/it\/e-poi\/#breadcrumb\",\"itemListElement\":[{\"@type\":\"ListItem\",\"position\":1,\"name\":\"Home\",\"item\":\"https:\/\/maybeless-sugar.ch\/it\/\"},{\"@type\":\"ListItem\",\"position\":2,\"name\":\"E poi\"}]},{\"@type\":\"WebSite\",\"@id\":\"https:\/\/maybeless-sugar.ch\/it\/#website\",\"url\":\"https:\/\/maybeless-sugar.ch\/it\/\",\"name\":\"Maybeless sugar\",\"description\":\"Doux mois de mai moins sucr\u00e9\",\"publisher\":{\"@id\":\"https:\/\/maybeless-sugar.ch\/it\/#organization\"},\"potentialAction\":[{\"@type\":\"SearchAction\",\"target\":{\"@type\":\"EntryPoint\",\"urlTemplate\":\"https:\/\/maybeless-sugar.ch\/it\/?s={search_term_string}\"},\"query-input\":{\"@type\":\"PropertyValueSpecification\",\"valueRequired\":true,\"valueName\":\"search_term_string\"}}],\"inLanguage\":\"it-IT\"},{\"@type\":\"Organization\",\"@id\":\"https:\/\/maybeless-sugar.ch\/it\/#organization\",\"name\":\"Maybeless sugar\",\"url\":\"https:\/\/maybeless-sugar.ch\/it\/\",\"logo\":{\"@type\":\"ImageObject\",\"inLanguage\":\"it-IT\",\"@id\":\"https:\/\/maybeless-sugar.ch\/it\/#\/schema\/logo\/image\/\",\"url\":\"https:\/\/maybeless-sugar.ch\/wp-content\/uploads\/2025\/03\/MAYBELESSSUGAR_logo_ita_v_w-2.png\",\"contentUrl\":\"https:\/\/maybeless-sugar.ch\/wp-content\/uploads\/2025\/03\/MAYBELESSSUGAR_logo_ita_v_w-2.png\",\"width\":2043,\"height\":1494,\"caption\":\"Maybeless sugar\"},\"image\":{\"@id\":\"https:\/\/maybeless-sugar.ch\/it\/#\/schema\/logo\/image\/\"}}]}<\/script>\n<!-- \/ Yoast SEO plugin. -->","yoast_head_json":{"title":"E poi - Maybeless sugar","robots":{"index":"index","follow":"follow","max-snippet":"max-snippet:-1","max-image-preview":"max-image-preview:large","max-video-preview":"max-video-preview:-1"},"canonical":"https:\/\/maybeless-sugar.ch\/it\/e-poi\/","og_locale":"it_IT","og_type":"article","og_title":"E poi - Maybeless sugar","og_description":"E come sto continuando a cambiare le mie abitudini oltre a forse meno zucchero? Come posso utilizzare questo per continuare a vivere in modo pi\u00f9 sano? Potrei aver individuato alcune marche di alimenti che contengono meno zucchero, che posso continuare a mangiare al posto degli equivalenti pi\u00f9 dolci. Potrei aver imparato a usare alcuni strumenti [&hellip;]","og_url":"https:\/\/maybeless-sugar.ch\/it\/e-poi\/","og_site_name":"Maybeless sugar","article_modified_time":"2025-03-10T09:29:30+00:00","twitter_card":"summary_large_image","twitter_misc":{"Tempo di lettura stimato":"3 minuti"},"schema":{"@context":"https:\/\/schema.org","@graph":[{"@type":"WebPage","@id":"https:\/\/maybeless-sugar.ch\/it\/e-poi\/","url":"https:\/\/maybeless-sugar.ch\/it\/e-poi\/","name":"E poi - Maybeless sugar","isPartOf":{"@id":"https:\/\/maybeless-sugar.ch\/it\/#website"},"primaryImageOfPage":{"@id":"https:\/\/maybeless-sugar.ch\/it\/e-poi\/#primaryimage"},"image":{"@id":"https:\/\/maybeless-sugar.ch\/it\/e-poi\/#primaryimage"},"thumbnailUrl":"https:\/\/maybeless-sugar.ch\/wp-content\/uploads\/2023\/05\/hexagon-check-solid-white.svg","datePublished":"2023-02-05T13:18:12+00:00","dateModified":"2025-03-10T09:29:30+00:00","breadcrumb":{"@id":"https:\/\/maybeless-sugar.ch\/it\/e-poi\/#breadcrumb"},"inLanguage":"it-IT","potentialAction":[{"@type":"ReadAction","target":["https:\/\/maybeless-sugar.ch\/it\/e-poi\/"]}]},{"@type":"ImageObject","inLanguage":"it-IT","@id":"https:\/\/maybeless-sugar.ch\/it\/e-poi\/#primaryimage","url":"https:\/\/maybeless-sugar.ch\/wp-content\/uploads\/2023\/05\/hexagon-check-solid-white.svg","contentUrl":"https:\/\/maybeless-sugar.ch\/wp-content\/uploads\/2023\/05\/hexagon-check-solid-white.svg"},{"@type":"BreadcrumbList","@id":"https:\/\/maybeless-sugar.ch\/it\/e-poi\/#breadcrumb","itemListElement":[{"@type":"ListItem","position":1,"name":"Home","item":"https:\/\/maybeless-sugar.ch\/it\/"},{"@type":"ListItem","position":2,"name":"E poi"}]},{"@type":"WebSite","@id":"https:\/\/maybeless-sugar.ch\/it\/#website","url":"https:\/\/maybeless-sugar.ch\/it\/","name":"Maybeless sugar","description":"Doux mois de mai moins sucr\u00e9","publisher":{"@id":"https:\/\/maybeless-sugar.ch\/it\/#organization"},"potentialAction":[{"@type":"SearchAction","target":{"@type":"EntryPoint","urlTemplate":"https:\/\/maybeless-sugar.ch\/it\/?s={search_term_string}"},"query-input":{"@type":"PropertyValueSpecification","valueRequired":true,"valueName":"search_term_string"}}],"inLanguage":"it-IT"},{"@type":"Organization","@id":"https:\/\/maybeless-sugar.ch\/it\/#organization","name":"Maybeless sugar","url":"https:\/\/maybeless-sugar.ch\/it\/","logo":{"@type":"ImageObject","inLanguage":"it-IT","@id":"https:\/\/maybeless-sugar.ch\/it\/#\/schema\/logo\/image\/","url":"https:\/\/maybeless-sugar.ch\/wp-content\/uploads\/2025\/03\/MAYBELESSSUGAR_logo_ita_v_w-2.png","contentUrl":"https:\/\/maybeless-sugar.ch\/wp-content\/uploads\/2025\/03\/MAYBELESSSUGAR_logo_ita_v_w-2.png","width":2043,"height":1494,"caption":"Maybeless sugar"},"image":{"@id":"https:\/\/maybeless-sugar.ch\/it\/#\/schema\/logo\/image\/"}}]}},"_links":{"self":[{"href":"https:\/\/maybeless-sugar.ch\/it\/wp-json\/wp\/v2\/pages\/3196","targetHints":{"allow":["GET"]}}],"collection":[{"href":"https:\/\/maybeless-sugar.ch\/it\/wp-json\/wp\/v2\/pages"}],"about":[{"href":"https:\/\/maybeless-sugar.ch\/it\/wp-json\/wp\/v2\/types\/page"}],"author":[{"embeddable":true,"href":"https:\/\/maybeless-sugar.ch\/it\/wp-json\/wp\/v2\/users\/7241"}],"replies":[{"embeddable":true,"href":"https:\/\/maybeless-sugar.ch\/it\/wp-json\/wp\/v2\/comments?post=3196"}],"version-history":[{"count":0,"href":"https:\/\/maybeless-sugar.ch\/it\/wp-json\/wp\/v2\/pages\/3196\/revisions"}],"wp:attachment":[{"href":"https:\/\/maybeless-sugar.ch\/it\/wp-json\/wp\/v2\/media?parent=3196"}],"curies":[{"name":"wp","href":"https:\/\/api.w.org\/{rel}","templated":true}]}}