{"id":5146,"date":"2023-02-05T14:18:12","date_gmt":"2023-02-05T13:18:12","guid":{"rendered":"https:\/\/maybeless-sugar.ch\/e-dopo\/"},"modified":"2025-03-10T16:09:41","modified_gmt":"2025-03-10T15:09:41","slug":"e-dopo","status":"publish","type":"page","link":"https:\/\/maybeless-sugar.ch\/it\/e-dopo\/","title":{"rendered":"E dopo?"},"content":{"rendered":"\n<div style=\"height:62px\" aria-hidden=\"true\" class=\"wp-block-spacer\"><\/div>\n\n\n\n<h3 class=\"wp-block-heading has-text-align-center has-custom-pink-color has-text-color\">Come posso continuare a cambiare le mie abitudini su <br>dopo MAYbe Less Sugar?  <\/h3>\n\n\n\n<div style=\"height:100px\" aria-hidden=\"true\" class=\"wp-block-spacer\"><\/div>\n\n\n\n<div class=\"wp-block-group is-style-rounded has-white-color has-custom-pink-background-color has-text-color has-background is-layout-constrained wp-block-group-is-layout-constrained\">\n<h3 class=\"wp-block-heading has-text-align-center\">In che modo la partecipazione a <br>mi aiuter\u00e0 a vivere in modo pi\u00f9 sano in futuro?<\/h3>\n\n\n\n<div style=\"height:40px\" aria-hidden=\"true\" class=\"wp-block-spacer\"><\/div>\n\n\n\n<div class=\"wp-block-columns is-style-no-margin is-layout-flex wp-container-core-columns-is-layout-9d6595d7 wp-block-columns-is-layout-flex\">\n<div class=\"wp-block-column is-layout-flow wp-block-column-is-layout-flow\">\n<figure class=\"wp-block-image aligncenter size-large is-resized\"><img decoding=\"async\" width=\"512\" height=\"512\" src=\"https:\/\/maybeless-sugar.ch\/wp-content\/uploads\/2023\/05\/hexagon-check-solid-white.svg\" alt=\"\" class=\"wp-image-2186\" style=\"width:50px\"\/><\/figure>\n\n\n\n<div style=\"height:20px\" aria-hidden=\"true\" class=\"wp-block-spacer\"><\/div>\n\n\n\n<p class=\"has-text-align-center is-style-no-margin\"><strong>Grazie a MAYbe Less Sugar, puoi vedere quali alimenti e marche contengono meno zuccheri aggiunti e continuare ad acquistarli.  <\/strong><\/p>\n\n\n\n<div style=\"height:20px\" aria-hidden=\"true\" class=\"wp-block-spacer\"><\/div>\n<\/div>\n\n\n\n<div class=\"wp-block-column is-layout-flow wp-block-column-is-layout-flow\">\n<figure class=\"wp-block-image aligncenter size-large is-resized\"><img decoding=\"async\" width=\"512\" height=\"512\" src=\"https:\/\/maybeless-sugar.ch\/wp-content\/uploads\/2023\/05\/toolbox-solid-white.svg\" alt=\"\" class=\"wp-image-2190\" style=\"width:50px\"\/><\/figure>\n\n\n\n<div style=\"height:20px\" aria-hidden=\"true\" class=\"wp-block-spacer\"><\/div>\n\n\n\n<p class=\"has-text-align-center is-style-no-margin\"><strong>MAYbe Less Sugar ti aiuta con consigli, trucchi e ricette, fornendoti strumenti che prima non sapevi di avere.<\/strong><\/p>\n\n\n\n<div style=\"height:20px\" aria-hidden=\"true\" class=\"wp-block-spacer\"><\/div>\n<\/div>\n\n\n\n<div class=\"wp-block-column is-layout-flow wp-block-column-is-layout-flow\">\n<figure class=\"wp-block-image aligncenter size-large is-resized\"><img decoding=\"async\" width=\"512\" height=\"512\" src=\"https:\/\/maybeless-sugar.ch\/wp-content\/uploads\/2023\/05\/thought-bubble-solid-white.svg\" alt=\"\" class=\"wp-image-2208\" style=\"width:50px\"\/><\/figure>\n\n\n\n<div style=\"height:20px\" aria-hidden=\"true\" class=\"wp-block-spacer\"><\/div>\n\n\n\n<p class=\"has-text-align-center\"><strong>Imparerai che \u00e8 possibile raggiungere obiettivi realistici e che &#8220;meno zucchero&#8221; non \u00e8 sinonimo di &#8220;meno divertimento&#8221;.<\/strong><\/p>\n\n\n\n<div style=\"height:20px\" aria-hidden=\"true\" class=\"wp-block-spacer\"><\/div>\n<\/div>\n<\/div>\n<\/div>\n\n\n\n<div style=\"height:100px\" aria-hidden=\"true\" class=\"wp-block-spacer\"><\/div>\n\n\n\n<div class=\"wp-block-columns is-layout-flex wp-container-core-columns-is-layout-9d6595d7 wp-block-columns-is-layout-flex\">\n<div class=\"wp-block-column is-layout-flow wp-block-column-is-layout-flow\" style=\"flex-basis:25%\"><\/div>\n\n\n\n<div class=\"wp-block-column is-layout-flow wp-block-column-is-layout-flow\" style=\"flex-basis:50%\">\n<p class=\"has-text-align-center\">Con MAYbe Less Sugar ti rendi conto<strong><mark style=\"background-color:rgba(0, 0, 0, 0)\" class=\"has-inline-color has-custom-pink-color\"> che ti rendi conto della quantit\u00e0 di zuccheri aggiunti<\/mark><\/strong> che mangi e di come questo influisca sulla tua <strong><mark style=\"background-color:rgba(0, 0, 0, 0)\" class=\"has-inline-color has-custom-pink-color\">qualit\u00e0 della vita<\/mark><\/strong> e sulla tua <strong><mark style=\"background-color:rgba(0, 0, 0, 0)\" class=\"has-inline-color has-custom-pink-color\">salute<\/mark><\/strong> e sulla tua salute.  <\/p>\n<\/div>\n\n\n\n<div class=\"wp-block-column is-layout-flow wp-block-column-is-layout-flow\" style=\"flex-basis:25%\"><\/div>\n<\/div>\n\n\n\n<div style=\"height:100px\" aria-hidden=\"true\" class=\"wp-block-spacer\"><\/div>\n\n\n\n<div class=\"wp-block-columns are-vertically-aligned-center is-style-no-padding is-layout-flex wp-container-core-columns-is-layout-9d6595d7 wp-block-columns-is-layout-flex\">\n<div class=\"wp-block-column is-layout-flow wp-block-column-is-layout-flow\" style=\"flex-basis:80px\"><\/div>\n\n\n\n<div class=\"wp-block-column is-vertically-aligned-center is-layout-flow wp-block-column-is-layout-flow\" style=\"flex-basis:220px\">\n<figure class=\"wp-block-image aligncenter is-style-no-margin\"><img decoding=\"async\" width=\"904\" height=\"1024\" src=\"https:\/\/maybeless-sugar.ch\/wp-content\/uploads\/2023\/02\/AdobeStock_267728344-reverse-904x1024.png\" alt=\"\" class=\"wp-image-540\" srcset=\"https:\/\/maybeless-sugar.ch\/wp-content\/uploads\/2023\/02\/AdobeStock_267728344-reverse-904x1024.png 904w, https:\/\/maybeless-sugar.ch\/wp-content\/uploads\/2023\/02\/AdobeStock_267728344-reverse-265x300.png 265w, https:\/\/maybeless-sugar.ch\/wp-content\/uploads\/2023\/02\/AdobeStock_267728344-reverse-768x870.png 768w, https:\/\/maybeless-sugar.ch\/wp-content\/uploads\/2023\/02\/AdobeStock_267728344-reverse-1355x1536.png 1355w, https:\/\/maybeless-sugar.ch\/wp-content\/uploads\/2023\/02\/AdobeStock_267728344-reverse-1807x2048.png 1807w\" sizes=\"(max-width: 904px) 100vw, 904px\" \/><\/figure>\n<\/div>\n\n\n\n<div class=\"wp-block-column is-layout-flow wp-block-column-is-layout-flow\" style=\"flex-basis:20px\"><\/div>\n\n\n\n<div class=\"wp-block-column is-vertically-aligned-center is-layout-flow wp-block-column-is-layout-flow\" style=\"flex-basis:62.2%\">\n<h2 class=\"wp-block-heading has-custom-pink-color has-text-color\">I prossimi passi per una vita pi\u00f9 leggera e con meno zuccheri  <\/h2>\n\n\n\n<p class=\"is-style-no-margin\">Continua a lavorare e a prefiggerti obiettivi (realistici). Idealmente insieme ad amici e conoscenti. Perch\u00e9 raggiungere gli obiettivi insieme \u00e8 pi\u00f9 facile e divertente.    <\/p>\n<\/div>\n\n\n\n<div class=\"wp-block-column is-layout-flow wp-block-column-is-layout-flow\" style=\"flex-basis:80px\"><\/div>\n<\/div>\n\n\n\n<div style=\"height:100px\" aria-hidden=\"true\" class=\"wp-block-spacer\"><\/div>\n\n\n\n<div class=\"wp-block-group is-style-rounded has-gray-light-background-color has-background is-layout-constrained wp-block-group-is-layout-constrained\">\n<div class=\"wp-block-columns is-style-no-margin is-layout-flex wp-container-core-columns-is-layout-9d6595d7 wp-block-columns-is-layout-flex\">\n<div class=\"wp-block-column is-layout-flow wp-block-column-is-layout-flow\">\n<h3 class=\"wp-block-heading has-custom-pink-color has-text-color\">Per saperne di pi\u00f9:<\/h3>\n\n\n\n<div id=\"accordion-block_59b32ce8f8fa139f6ecdc5fd9379b24e\" class=\"block-accordion tab mb-10\">\n    <input type=\"checkbox\" id=\"tab-block_59b32ce8f8fa139f6ecdc5fd9379b24e\" >\n    <label class=\"flex flex-col tab-label\" for=\"tab-block_59b32ce8f8fa139f6ecdc5fd9379b24e\">\n        <span class=\"border-t-[3px] pr-10 border-t-primary pt-4 cursor-pointer font-display title\">Scopri di pi\u00f9 sullo zucchero e gli zuccheri aggiunti<\/span>\n            <\/label>\n    <div class=\"tab-content\">\n        \n\n<p>Articolo in <a href=\"https:\/\/www.d-journal.ch\/ernaehrung-und-kueche-rezepte-keine\/zucker-ist-nicht-gleich-zucker-und-zucker-heisst-nicht-immer-zucker\/\" target=\"_blank\" rel=\"noreferrer noopener\">D-journal<\/a><\/p>\n\n\n\n<p>Documentazione di <a href=\"https:\/\/gesundheitsfoerderung.ch\/kantonale-aktionsprogramme\/themen-und-publikationen\/themen\/zucker-suessgetraenke-suessstoffe\" target=\"_blank\" rel=\"noreferrer noopener\">Promozione Salute Svizzera<\/a><\/p>\n\n\n\n<p>L&#8217;<a href=\"https:\/\/yuka.io\/\" target=\"_blank\" rel=\"noreferrer noopener\">app Yuka<\/a> ti fornisce informazioni sulla composizione degli alimenti scansionando il codice a barre.<\/p>\n\n\n    <\/div>\n<\/div>\n\n\n\n\n\n\n<div id=\"accordion-block_dc6639817270974dd8ff299d62fca61a\" class=\"block-accordion tab mb-10\">\n    <input type=\"checkbox\" id=\"tab-block_dc6639817270974dd8ff299d62fca61a\" >\n    <label class=\"flex flex-col tab-label\" for=\"tab-block_dc6639817270974dd8ff299d62fca61a\">\n        <span class=\"border-t-[3px] pr-10 border-t-primary pt-4 cursor-pointer font-display title\">SRF &#8211; Video sullo zucchero<\/span>\n            <\/label>\n    <div class=\"tab-content\">\n        \n\n<p><a href=\"https:\/\/www.srf.ch\/wissen\/gesundheit\/dok-film-zucker-die-suesse-droge\" target=\"_blank\" rel=\"noreferrer noopener\">Zucchero: la dolce droga<\/a><\/p>\n\n\n\n<p><a href=\"https:\/\/www.srf.ch\/wissen\/gesundheit\/experiment-zuckerfrei-1-3-einen-monat-ohne-extrazucker-das-experiment-beginnt\" target=\"_blank\" rel=\"noreferrer noopener\">Un mese senza zucchero extra<\/a><\/p>\n\n\n\n<p><a href=\"https:\/\/www.srf.ch\/play\/tv\/kultur-webvideos\/video\/versteckter-zucker---die-groessten-zuckerfallen?urn=urn:srf:video:359713cd-99dc-419a-87a5-8278baf7462e\" target=\"_blank\" rel=\"noreferrer noopener\">Zucchero nascosto: le pi\u00f9 grandi trappole dello zucchero<\/a><\/p>\n\n\n    <\/div>\n<\/div>\n\n\n\n\n\n\n<div id=\"accordion-block_b8ef6345cacce066cce3c0fd42de1910\" class=\"block-accordion tab mb-10\">\n    <input type=\"checkbox\" id=\"tab-block_b8ef6345cacce066cce3c0fd42de1910\" >\n    <label class=\"flex flex-col tab-label\" for=\"tab-block_b8ef6345cacce066cce3c0fd42de1910\">\n        <span class=\"border-t-[3px] pr-10 border-t-primary pt-4 cursor-pointer font-display title\">Rapporto ARTE<\/span>\n            <\/label>\n    <div class=\"tab-content\">\n        \n\n<p><a href=\"https:\/\/www.youtube.com\/watch?v=FFZKDAnIiy8\"><\/a><a href=\"https:\/\/youtu.be\/Lq4F8aSX0RY?si=4CvGwvvDo7mK7aUl\" target=\"_blank\" rel=\"noreferrer noopener\">Lo zucchero ci rende stupidi?<\/a><\/p>\n\n\n    <\/div>\n<\/div>\n\n\n\n<\/div>\n\n\n\n<div class=\"wp-block-column is-layout-flow wp-block-column-is-layout-flow\">\n<h3 class=\"wp-block-heading has-custom-pink-color has-text-color\">Hai bisogno di aiuto?  <\/h3>\n\n\n\n<div id=\"accordion-block_1f4e15ade81aafd8843b4b88ff7a4902\" class=\"block-accordion tab mb-10\">\n    <input type=\"checkbox\" id=\"tab-block_1f4e15ade81aafd8843b4b88ff7a4902\" >\n    <label class=\"flex flex-col tab-label\" for=\"tab-block_1f4e15ade81aafd8843b4b88ff7a4902\">\n        <span class=\"border-t-[3px] pr-10 border-t-primary pt-4 cursor-pointer font-display title\">Centro per l&#8217;obesit\u00e0<\/span>\n            <\/label>\n    <div class=\"tab-content\">\n        \n\n<p><a href=\"https:\/\/uebergewicht-experten.ch\/\" target=\"_blank\" rel=\"noreferrer noopener\">Trova<\/a> un esperto: nelle vicinanze.<\/p>\n\n\n    <\/div>\n<\/div>\n\n\n\n\n\n\n<div id=\"accordion-block_40fc563392ef068a4ea427d8ced71f0c\" class=\"block-accordion tab mb-10\">\n    <input type=\"checkbox\" id=\"tab-block_40fc563392ef068a4ea427d8ced71f0c\" >\n    <label class=\"flex flex-col tab-label\" for=\"tab-block_40fc563392ef068a4ea427d8ced71f0c\">\n        <span class=\"border-t-[3px] pr-10 border-t-primary pt-4 cursor-pointer font-display title\">Alleanza svizzera contro l&#8217;obesit\u00e0<\/span>\n            <\/label>\n    <div class=\"tab-content\">\n        \n\n<p>Al <a href=\"https:\/\/www.allianzadipositasschweiz.ch\/adipositas\/adipositas-in-der-schweiz\" target=\"_blank\" rel=\"noreferrer noopener\">sito web<\/a><\/p>\n\n\n\n<p><a href=\"https:\/\/hcp-locator-mlplfhud-app.azurewebsites.net\/api\/file\/resources\/prepare-to-visit-guide\/prepare.de.pdf\" target=\"_blank\" rel=\"noreferrer noopener\">Domande<\/a> che puoi fare a un esperto al primo appuntamento.<\/p>\n\n\n    <\/div>\n<\/div>\n\n\n\n\n\n\n<div id=\"accordion-block_40574c679bf1b136924bf0594bdacb89\" class=\"block-accordion tab mb-10\">\n    <input type=\"checkbox\" id=\"tab-block_40574c679bf1b136924bf0594bdacb89\" >\n    <label class=\"flex flex-col tab-label\" for=\"tab-block_40574c679bf1b136924bf0594bdacb89\">\n        <span class=\"border-t-[3px] pr-10 border-t-primary pt-4 cursor-pointer font-display title\">Bulimia Anoressia<\/span>\n            <\/label>\n    <div class=\"tab-content\">\n        \n\n<p><a href=\"https:\/\/sges-ssta-ssda.ch\/\" target=\"_blank\" rel=\"noreferrer noopener\">Societ\u00e0 svizzera per i disturbi alimentari (SGES)<\/a><\/p>\n\n\n    <\/div>\n<\/div>\n\n\n\n\n\n\n<div id=\"accordion-block_535b9c0e51a35c957770228c6bfabb0f\" class=\"block-accordion tab mb-10\">\n    <input type=\"checkbox\" id=\"tab-block_535b9c0e51a35c957770228c6bfabb0f\" >\n    <label class=\"flex flex-col tab-label\" for=\"tab-block_535b9c0e51a35c957770228c6bfabb0f\">\n        <span class=\"border-t-[3px] pr-10 border-t-primary pt-4 cursor-pointer font-display title\">Hai bisogno di ulteriori informazioni?<\/span>\n            <\/label>\n    <div class=\"tab-content\">\n        \n\n<p>Contattaci a <a href=\"mailto:info@maybeless-sugar.ch\" target=\"_blank\" rel=\"noreferrer noopener\">info@maybeless-sugar.ch<\/a><\/p>\n\n\n    <\/div>\n<\/div>\n\n\n\n<\/div>\n<\/div>\n<\/div>\n\n\n\n<div style=\"height:100px\" aria-hidden=\"true\" class=\"wp-block-spacer\"><\/div>\n\n\n\n<h2 class=\"wp-block-heading has-custom-pink-color has-text-color\">Materiale didattico sullo zucchero<\/h2>\n\n\n\n<p>&gt;Societ\u00e0 Svizzera di Nutrizione (SGE): <a href=\"https:\/\/maybeless-sugar.ch\/wp-content\/uploads\/2024\/05\/SSN_Merkblatt_Zuckerarten-und-zugesetzter_Zucker-2021.pdf\" target=\"_blank\" rel=\"noreferrer noopener\">Zucchero aggiunto: quanto e dove?<\/a><\/p>\n\n\n\n<p>&gt;Societ\u00e0 Svizzera di Nutrizione (SGE):<mark style=\"background-color:rgba(0, 0, 0, 0)\" class=\"has-inline-color has-secondary-color\"> <\/mark><a href=\"https:\/\/maybeless-sugar.ch\/wp-content\/uploads\/2024\/05\/SGE_Poster-Zucker-2.pdf\" target=\"_blank\" rel=\"noreferrer noopener\">Poster Zuccheri aggiunti: quali, quanti, dove e quantit\u00e0 massima consigliata?<\/a><\/p>\n\n\n\n<p>&gt;Promozione Salute Svizzera:<mark style=\"background-color:rgba(0, 0, 0, 0)\" class=\"has-inline-color has-secondary-color\"> <\/mark><a href=\"https:\/\/maybeless-sugar.ch\/wp-content\/uploads\/2024\/05\/GFCH_Zucker_weniger_ist_mehr.pdf\" target=\"_blank\" rel=\"noreferrer noopener\">Zucchero e zuccheri aggiunti: Cosa, dove e quanto? Alternative? <\/a><\/p>\n\n\n\n<p>&gt;Ufficio federale per la sicurezza alimentare e veterinaria (FSVO): <a href=\"https:\/\/maybeless-sugar.ch\/wp-content\/uploads\/2023\/05\/jeu-sucres-scaled-e1685461368373.jpg\" target=\"_blank\" rel=\"noreferrer noopener\">&#8220;<\/a><a href=\"https:\/\/maybeless-sugar.ch\/wp-content\/uploads\/2024\/05\/Leitfaden-zur-Definition-und-Berechnung-des-zugesetzten-Zuckers.pdf\" target=\"_blank\" rel=\"noreferrer noopener\">Linee guida per la definizione e il calcolo dei sostituti dello zucchero<\/a> (FSVO)<a href=\"https:\/\/maybeless-sugar.ch\/wp-content\/uploads\/2023\/05\/jeu-sucres-scaled-e1685461368373.jpg\" target=\"_blank\" rel=\"noreferrer noopener\">&#8220;.<\/a><\/p>\n\n\n\n<p>&gt;MAYbe Less Sugar: <a href=\"https:\/\/maybeless-sugar.ch\/wp-content\/uploads\/2024\/05\/MAYBELESSSUGAR_product_list_DE-1.pdf\" target=\"_blank\" rel=\"noreferrer noopener\">elenco dei prodotti del calcolatore online e quantit\u00e0 di zuccheri aggiunti<\/a><\/p>\n\n\n\n<div style=\"height:100px\" aria-hidden=\"true\" class=\"wp-block-spacer\"><\/div>\n\n\n\n<p><\/p>\n","protected":false},"excerpt":{"rendered":"<p>Come posso continuare a cambiare le mie abitudini su dopo MAYbe Less Sugar? In che modo la partecipazione a mi aiuter\u00e0 a vivere in modo pi\u00f9 sano in futuro? Grazie a MAYbe Less Sugar, puoi vedere quali alimenti e marche contengono meno zuccheri aggiunti e continuare ad acquistarli. MAYbe Less Sugar ti aiuta con consigli, [&hellip;]<\/p>\n","protected":false},"author":7241,"featured_media":0,"parent":0,"menu_order":0,"comment_status":"closed","ping_status":"closed","template":"","meta":{"_acf_changed":false,"footnotes":""},"class_list":["post-5146","page","type-page","status-publish","hentry"],"acf":[],"yoast_head":"<!-- This site is optimized with the Yoast SEO plugin v27.5 - https:\/\/yoast.com\/product\/yoast-seo-wordpress\/ -->\n<title>E dopo? - Maybeless sugar<\/title>\n<meta name=\"robots\" content=\"index, follow, max-snippet:-1, max-image-preview:large, max-video-preview:-1\" \/>\n<link rel=\"canonical\" href=\"https:\/\/maybeless-sugar.ch\/it\/e-dopo\/\" \/>\n<meta property=\"og:locale\" content=\"it_IT\" \/>\n<meta property=\"og:type\" content=\"article\" \/>\n<meta property=\"og:title\" content=\"E dopo? - Maybeless sugar\" \/>\n<meta property=\"og:description\" content=\"Come posso continuare a cambiare le mie abitudini su dopo MAYbe Less Sugar? In che modo la partecipazione a mi aiuter\u00e0 a vivere in modo pi\u00f9 sano in futuro? Grazie a MAYbe Less Sugar, puoi vedere quali alimenti e marche contengono meno zuccheri aggiunti e continuare ad acquistarli. MAYbe Less Sugar ti aiuta con consigli, [&hellip;]\" \/>\n<meta property=\"og:url\" content=\"https:\/\/maybeless-sugar.ch\/it\/e-dopo\/\" \/>\n<meta property=\"og:site_name\" content=\"Maybeless sugar\" \/>\n<meta property=\"article:modified_time\" content=\"2025-03-10T15:09:41+00:00\" \/>\n<meta name=\"twitter:card\" content=\"summary_large_image\" \/>\n<meta name=\"twitter:label1\" content=\"Tempo di lettura stimato\" \/>\n\t<meta name=\"twitter:data1\" content=\"3 minuti\" \/>\n<script type=\"application\/ld+json\" class=\"yoast-schema-graph\">{\"@context\":\"https:\\\/\\\/schema.org\",\"@graph\":[{\"@type\":\"WebPage\",\"@id\":\"https:\\\/\\\/maybeless-sugar.ch\\\/it\\\/e-dopo\\\/\",\"url\":\"https:\\\/\\\/maybeless-sugar.ch\\\/it\\\/e-dopo\\\/\",\"name\":\"E dopo? - Maybeless sugar\",\"isPartOf\":{\"@id\":\"https:\\\/\\\/maybeless-sugar.ch\\\/it\\\/#website\"},\"primaryImageOfPage\":{\"@id\":\"https:\\\/\\\/maybeless-sugar.ch\\\/it\\\/e-dopo\\\/#primaryimage\"},\"image\":{\"@id\":\"https:\\\/\\\/maybeless-sugar.ch\\\/it\\\/e-dopo\\\/#primaryimage\"},\"thumbnailUrl\":\"https:\\\/\\\/maybeless-sugar.ch\\\/wp-content\\\/uploads\\\/2023\\\/05\\\/hexagon-check-solid-white.svg\",\"datePublished\":\"2023-02-05T13:18:12+00:00\",\"dateModified\":\"2025-03-10T15:09:41+00:00\",\"breadcrumb\":{\"@id\":\"https:\\\/\\\/maybeless-sugar.ch\\\/it\\\/e-dopo\\\/#breadcrumb\"},\"inLanguage\":\"it-IT\",\"potentialAction\":[{\"@type\":\"ReadAction\",\"target\":[\"https:\\\/\\\/maybeless-sugar.ch\\\/it\\\/e-dopo\\\/\"]}]},{\"@type\":\"ImageObject\",\"inLanguage\":\"it-IT\",\"@id\":\"https:\\\/\\\/maybeless-sugar.ch\\\/it\\\/e-dopo\\\/#primaryimage\",\"url\":\"https:\\\/\\\/maybeless-sugar.ch\\\/wp-content\\\/uploads\\\/2023\\\/05\\\/hexagon-check-solid-white.svg\",\"contentUrl\":\"https:\\\/\\\/maybeless-sugar.ch\\\/wp-content\\\/uploads\\\/2023\\\/05\\\/hexagon-check-solid-white.svg\"},{\"@type\":\"BreadcrumbList\",\"@id\":\"https:\\\/\\\/maybeless-sugar.ch\\\/it\\\/e-dopo\\\/#breadcrumb\",\"itemListElement\":[{\"@type\":\"ListItem\",\"position\":1,\"name\":\"Home\",\"item\":\"https:\\\/\\\/maybeless-sugar.ch\\\/it\\\/\"},{\"@type\":\"ListItem\",\"position\":2,\"name\":\"E dopo?\"}]},{\"@type\":\"WebSite\",\"@id\":\"https:\\\/\\\/maybeless-sugar.ch\\\/it\\\/#website\",\"url\":\"https:\\\/\\\/maybeless-sugar.ch\\\/it\\\/\",\"name\":\"Maybeless sugar\",\"description\":\"Doux mois de mai moins sucr\u00e9\",\"publisher\":{\"@id\":\"https:\\\/\\\/maybeless-sugar.ch\\\/it\\\/#organization\"},\"potentialAction\":[{\"@type\":\"SearchAction\",\"target\":{\"@type\":\"EntryPoint\",\"urlTemplate\":\"https:\\\/\\\/maybeless-sugar.ch\\\/it\\\/?s={search_term_string}\"},\"query-input\":{\"@type\":\"PropertyValueSpecification\",\"valueRequired\":true,\"valueName\":\"search_term_string\"}}],\"inLanguage\":\"it-IT\"},{\"@type\":\"Organization\",\"@id\":\"https:\\\/\\\/maybeless-sugar.ch\\\/it\\\/#organization\",\"name\":\"Maybeless sugar\",\"url\":\"https:\\\/\\\/maybeless-sugar.ch\\\/it\\\/\",\"logo\":{\"@type\":\"ImageObject\",\"inLanguage\":\"it-IT\",\"@id\":\"https:\\\/\\\/maybeless-sugar.ch\\\/it\\\/#\\\/schema\\\/logo\\\/image\\\/\",\"url\":\"https:\\\/\\\/maybeless-sugar.ch\\\/wp-content\\\/uploads\\\/2025\\\/03\\\/MAYBELESSSUGAR_logo_ita_v_w-2.png\",\"contentUrl\":\"https:\\\/\\\/maybeless-sugar.ch\\\/wp-content\\\/uploads\\\/2025\\\/03\\\/MAYBELESSSUGAR_logo_ita_v_w-2.png\",\"width\":2043,\"height\":1494,\"caption\":\"Maybeless sugar\"},\"image\":{\"@id\":\"https:\\\/\\\/maybeless-sugar.ch\\\/it\\\/#\\\/schema\\\/logo\\\/image\\\/\"}}]}<\/script>\n<!-- \/ Yoast SEO plugin. -->","yoast_head_json":{"title":"E dopo? - Maybeless sugar","robots":{"index":"index","follow":"follow","max-snippet":"max-snippet:-1","max-image-preview":"max-image-preview:large","max-video-preview":"max-video-preview:-1"},"canonical":"https:\/\/maybeless-sugar.ch\/it\/e-dopo\/","og_locale":"it_IT","og_type":"article","og_title":"E dopo? - Maybeless sugar","og_description":"Come posso continuare a cambiare le mie abitudini su dopo MAYbe Less Sugar? In che modo la partecipazione a mi aiuter\u00e0 a vivere in modo pi\u00f9 sano in futuro? Grazie a MAYbe Less Sugar, puoi vedere quali alimenti e marche contengono meno zuccheri aggiunti e continuare ad acquistarli. MAYbe Less Sugar ti aiuta con consigli, [&hellip;]","og_url":"https:\/\/maybeless-sugar.ch\/it\/e-dopo\/","og_site_name":"Maybeless sugar","article_modified_time":"2025-03-10T15:09:41+00:00","twitter_card":"summary_large_image","twitter_misc":{"Tempo di lettura stimato":"3 minuti"},"schema":{"@context":"https:\/\/schema.org","@graph":[{"@type":"WebPage","@id":"https:\/\/maybeless-sugar.ch\/it\/e-dopo\/","url":"https:\/\/maybeless-sugar.ch\/it\/e-dopo\/","name":"E dopo? - Maybeless sugar","isPartOf":{"@id":"https:\/\/maybeless-sugar.ch\/it\/#website"},"primaryImageOfPage":{"@id":"https:\/\/maybeless-sugar.ch\/it\/e-dopo\/#primaryimage"},"image":{"@id":"https:\/\/maybeless-sugar.ch\/it\/e-dopo\/#primaryimage"},"thumbnailUrl":"https:\/\/maybeless-sugar.ch\/wp-content\/uploads\/2023\/05\/hexagon-check-solid-white.svg","datePublished":"2023-02-05T13:18:12+00:00","dateModified":"2025-03-10T15:09:41+00:00","breadcrumb":{"@id":"https:\/\/maybeless-sugar.ch\/it\/e-dopo\/#breadcrumb"},"inLanguage":"it-IT","potentialAction":[{"@type":"ReadAction","target":["https:\/\/maybeless-sugar.ch\/it\/e-dopo\/"]}]},{"@type":"ImageObject","inLanguage":"it-IT","@id":"https:\/\/maybeless-sugar.ch\/it\/e-dopo\/#primaryimage","url":"https:\/\/maybeless-sugar.ch\/wp-content\/uploads\/2023\/05\/hexagon-check-solid-white.svg","contentUrl":"https:\/\/maybeless-sugar.ch\/wp-content\/uploads\/2023\/05\/hexagon-check-solid-white.svg"},{"@type":"BreadcrumbList","@id":"https:\/\/maybeless-sugar.ch\/it\/e-dopo\/#breadcrumb","itemListElement":[{"@type":"ListItem","position":1,"name":"Home","item":"https:\/\/maybeless-sugar.ch\/it\/"},{"@type":"ListItem","position":2,"name":"E dopo?"}]},{"@type":"WebSite","@id":"https:\/\/maybeless-sugar.ch\/it\/#website","url":"https:\/\/maybeless-sugar.ch\/it\/","name":"Maybeless sugar","description":"Doux mois de mai moins sucr\u00e9","publisher":{"@id":"https:\/\/maybeless-sugar.ch\/it\/#organization"},"potentialAction":[{"@type":"SearchAction","target":{"@type":"EntryPoint","urlTemplate":"https:\/\/maybeless-sugar.ch\/it\/?s={search_term_string}"},"query-input":{"@type":"PropertyValueSpecification","valueRequired":true,"valueName":"search_term_string"}}],"inLanguage":"it-IT"},{"@type":"Organization","@id":"https:\/\/maybeless-sugar.ch\/it\/#organization","name":"Maybeless sugar","url":"https:\/\/maybeless-sugar.ch\/it\/","logo":{"@type":"ImageObject","inLanguage":"it-IT","@id":"https:\/\/maybeless-sugar.ch\/it\/#\/schema\/logo\/image\/","url":"https:\/\/maybeless-sugar.ch\/wp-content\/uploads\/2025\/03\/MAYBELESSSUGAR_logo_ita_v_w-2.png","contentUrl":"https:\/\/maybeless-sugar.ch\/wp-content\/uploads\/2025\/03\/MAYBELESSSUGAR_logo_ita_v_w-2.png","width":2043,"height":1494,"caption":"Maybeless sugar"},"image":{"@id":"https:\/\/maybeless-sugar.ch\/it\/#\/schema\/logo\/image\/"}}]}},"_links":{"self":[{"href":"https:\/\/maybeless-sugar.ch\/it\/wp-json\/wp\/v2\/pages\/5146","targetHints":{"allow":["GET"]}}],"collection":[{"href":"https:\/\/maybeless-sugar.ch\/it\/wp-json\/wp\/v2\/pages"}],"about":[{"href":"https:\/\/maybeless-sugar.ch\/it\/wp-json\/wp\/v2\/types\/page"}],"author":[{"embeddable":true,"href":"https:\/\/maybeless-sugar.ch\/it\/wp-json\/wp\/v2\/users\/7241"}],"replies":[{"embeddable":true,"href":"https:\/\/maybeless-sugar.ch\/it\/wp-json\/wp\/v2\/comments?post=5146"}],"version-history":[{"count":0,"href":"https:\/\/maybeless-sugar.ch\/it\/wp-json\/wp\/v2\/pages\/5146\/revisions"}],"wp:attachment":[{"href":"https:\/\/maybeless-sugar.ch\/it\/wp-json\/wp\/v2\/media?parent=5146"}],"curies":[{"name":"wp","href":"https:\/\/api.w.org\/{rel}","templated":true}]}}