{"id":9345,"date":"2025-04-29T10:54:44","date_gmt":"2025-04-29T08:54:44","guid":{"rendered":"https:\/\/maybeless-sugar.ch\/concorso-meno-zucchero-2025\/"},"modified":"2026-05-06T10:19:14","modified_gmt":"2026-05-06T08:19:14","slug":"concorso-meno-zucchero-2025","status":"publish","type":"page","link":"https:\/\/maybeless-sugar.ch\/it\/concorso-meno-zucchero-2025\/","title":{"rendered":"Concorso &#8220;Meno zucchero&#8221; 2025"},"content":{"rendered":"\n<p class=\"has-text-align-center has-custom-green-color has-gray-light-background-color has-text-color has-background has-link-color has-regular-font-size wp-elements-012f8363fc7413164d214dd189e65f5d\">Partecipa all&#8217;azione &#8220;MAYbe Less Sugar&#8221; e prova a vincere un premio: crea un account, utilizza il calcolatore di zuccheri per 5 giorni e parteciperai automaticamente alla nostra estrazione!  <em>Buona fortuna!<\/em><\/p>\n\n<div style=\"height:20px\" aria-hidden=\"true\" class=\"wp-block-spacer\"><\/div>\n\n<h2 class=\"wp-block-heading\">Premi in palio<\/h2>\n\n<div style=\"height:30px\" aria-hidden=\"true\" class=\"wp-block-spacer\"><\/div>\n\n<h3 class=\"wp-block-heading\">1x Ettolitro di acqua minerale Eptinger (100 litri)<\/h3>\n\n<div class=\"wp-block-media-text has-media-on-the-right is-stacked-on-mobile\" style=\"grid-template-columns:auto 22%\"><div class=\"wp-block-media-text__content\">\n<p class=\"has-text-align-left\">Mineralquelle Eptingen AG \u00e8 un&#8217;azienda familiare svizzera ricca di tradizione. L&#8217;acqua minerale pi\u00f9 ricca di minerali viene imbottigliata a Eptingen, nel cantone di Basilea Campagna, da oltre 125 anni. <\/p>\n\n\n\n<figure class=\"wp-block-image aligncenter size-full is-resized\"><a href=\"https:\/\/www.eptinger.ch\/\" target=\"_blank\" rel=\" noreferrer noopener\"><img decoding=\"async\" width=\"887\" height=\"341\" src=\"https:\/\/maybeless-sugar.ch\/wp-content\/uploads\/2025\/03\/eptinger-logo.png\" alt=\"\" class=\"wp-image-5645\" style=\"width:205px;height:auto\" srcset=\"https:\/\/maybeless-sugar.ch\/wp-content\/uploads\/2025\/03\/eptinger-logo.png 887w, https:\/\/maybeless-sugar.ch\/wp-content\/uploads\/2025\/03\/eptinger-logo-300x115.png 300w, https:\/\/maybeless-sugar.ch\/wp-content\/uploads\/2025\/03\/eptinger-logo-768x295.png 768w\" sizes=\"(max-width: 887px) 100vw, 887px\" \/><\/a><\/figure>\n<\/div><figure class=\"wp-block-media-text__media\"><img decoding=\"async\" width=\"729\" height=\"1024\" src=\"https:\/\/maybeless-sugar.ch\/wp-content\/uploads\/2025\/03\/bild-eptinger-729x1024.jpg\" alt=\"\" class=\"wp-image-5641 size-full\" srcset=\"https:\/\/maybeless-sugar.ch\/wp-content\/uploads\/2025\/03\/bild-eptinger-729x1024.jpg 729w, https:\/\/maybeless-sugar.ch\/wp-content\/uploads\/2025\/03\/bild-eptinger-214x300.jpg 214w, https:\/\/maybeless-sugar.ch\/wp-content\/uploads\/2025\/03\/bild-eptinger-768x1078.jpg 768w, https:\/\/maybeless-sugar.ch\/wp-content\/uploads\/2025\/03\/bild-eptinger.jpg 909w\" sizes=\"(max-width: 729px) 100vw, 729px\" \/><\/figure><\/div>\n\n<div style=\"height:30px\" aria-hidden=\"true\" class=\"wp-block-spacer\"><\/div>\n\n<h3 class=\"wp-block-heading\">2 pass giornalieri per il comprensorio sciistico di Corviglia (St. Moritz)<\/h3>\n\n<p>(valido fino alla fine della stagione invernale 2025\/2026)<\/p>\n\n<div class=\"wp-block-media-text is-stacked-on-mobile\" style=\"grid-template-columns:39% auto\"><figure class=\"wp-block-media-text__media\"><img decoding=\"async\" width=\"1024\" height=\"683\" src=\"https:\/\/maybeless-sugar.ch\/wp-content\/uploads\/2025\/03\/bild-st.-moritz-1024x683.jpg\" alt=\"\" class=\"wp-image-5650 size-full\" srcset=\"https:\/\/maybeless-sugar.ch\/wp-content\/uploads\/2025\/03\/bild-st.-moritz-1024x683.jpg 1024w, https:\/\/maybeless-sugar.ch\/wp-content\/uploads\/2025\/03\/bild-st.-moritz-300x200.jpg 300w, https:\/\/maybeless-sugar.ch\/wp-content\/uploads\/2025\/03\/bild-st.-moritz-768x512.jpg 768w, https:\/\/maybeless-sugar.ch\/wp-content\/uploads\/2025\/03\/bild-st.-moritz-1536x1025.jpg 1536w, https:\/\/maybeless-sugar.ch\/wp-content\/uploads\/2025\/03\/bild-st.-moritz.jpg 1920w\" sizes=\"(max-width: 1024px) 100vw, 1024px\" \/><\/figure><div class=\"wp-block-media-text__content\">\n<p>Engadin St. Moritz Mountains AG \u00e8 una societ\u00e0 di impianti di risalita che gestisce le funivie e le attivit\u00e0 di montagna a Corviglia e Muottas Muragl, nell&#8217;alta valle pi\u00f9 bella dei Grigioni: l&#8217;Engadina. Mentre Corviglia \u00e8 un vero e proprio paradiso per gli appassionati di sport invernali, mountain bike ed escursionismo, Muottas Muragl \u00e8 apprezzato dagli epicurei attivi per le sue viste panoramiche e la sua gastronomia.  <\/p>\n\n\n\n<div class=\"wp-block-columns is-layout-flex wp-container-core-columns-is-layout-9d6595d7 wp-block-columns-is-layout-flex\">\n<div class=\"wp-block-column is-vertically-aligned-bottom is-layout-flow wp-block-column-is-layout-flow\">\n<p>Engadin St. Moritz Mountains AG \/ Federico Sette <\/p>\n<\/div>\n\n\n\n<div class=\"wp-block-column is-layout-flow wp-block-column-is-layout-flow\">\n<figure class=\"wp-block-image aligncenter size-large is-resized\"><a href=\"https:\/\/www.mountains.ch\/en\/\" target=\"_blank\" rel=\" noreferrer noopener\"><img decoding=\"async\" width=\"1024\" height=\"341\" src=\"https:\/\/maybeless-sugar.ch\/wp-content\/uploads\/2025\/03\/logo-st.-moritz-1024x341.png\" alt=\"\" class=\"wp-image-5654\" style=\"width:244px;height:auto\" srcset=\"https:\/\/maybeless-sugar.ch\/wp-content\/uploads\/2025\/03\/logo-st.-moritz-1024x341.png 1024w, https:\/\/maybeless-sugar.ch\/wp-content\/uploads\/2025\/03\/logo-st.-moritz-300x100.png 300w, https:\/\/maybeless-sugar.ch\/wp-content\/uploads\/2025\/03\/logo-st.-moritz-768x256.png 768w, https:\/\/maybeless-sugar.ch\/wp-content\/uploads\/2025\/03\/logo-st.-moritz-1536x512.png 1536w, https:\/\/maybeless-sugar.ch\/wp-content\/uploads\/2025\/03\/logo-st.-moritz-2048x682.png 2048w\" sizes=\"(max-width: 1024px) 100vw, 1024px\" \/><\/a><\/figure>\n<\/div>\n<\/div>\n<\/div><\/div>\n\n<div style=\"height:30px\" aria-hidden=\"true\" class=\"wp-block-spacer\"><\/div>\n\n<h3 class=\"wp-block-heading\">3x buoni Bookfactory del valore di 50 CHF ciascuno<\/h3>\n\n<div class=\"wp-block-media-text has-media-on-the-right is-stacked-on-mobile\" style=\"grid-template-columns:auto 35%\"><div class=\"wp-block-media-text__content\">\n<p>I capitoli pi\u00f9 belli della vita &#8211; un album fotografico da Bookfactory! Immortala le tue avventure con i prodotti fotografici di alta qualit\u00e0 di Bookfactory. Bookfactory produce i tuoi prodotti con la massima cura in Svizzera.  <\/p>\n\n\n\n<figure class=\"wp-block-image aligncenter size-large is-resized\"><a href=\"https:\/\/www.bookfactory.ch\/fr\" target=\"_blank\" rel=\" noreferrer noopener\"><img decoding=\"async\" width=\"1024\" height=\"724\" src=\"https:\/\/maybeless-sugar.ch\/wp-content\/uploads\/2025\/03\/logo-bookfactory-1024x724.png\" alt=\"\" class=\"wp-image-5664\" style=\"width:224px;height:auto\" srcset=\"https:\/\/maybeless-sugar.ch\/wp-content\/uploads\/2025\/03\/logo-bookfactory-1024x724.png 1024w, https:\/\/maybeless-sugar.ch\/wp-content\/uploads\/2025\/03\/logo-bookfactory-300x212.png 300w, https:\/\/maybeless-sugar.ch\/wp-content\/uploads\/2025\/03\/logo-bookfactory-768x543.png 768w, https:\/\/maybeless-sugar.ch\/wp-content\/uploads\/2025\/03\/logo-bookfactory-1536x1086.png 1536w, https:\/\/maybeless-sugar.ch\/wp-content\/uploads\/2025\/03\/logo-bookfactory-2048x1448.png 2048w\" sizes=\"(max-width: 1024px) 100vw, 1024px\" \/><\/a><\/figure>\n<\/div><figure class=\"wp-block-media-text__media\"><img decoding=\"async\" width=\"660\" height=\"450\" src=\"https:\/\/maybeless-sugar.ch\/wp-content\/uploads\/2025\/03\/bild-bookfactory.jpg\" alt=\"\" class=\"wp-image-5660 size-full\" srcset=\"https:\/\/maybeless-sugar.ch\/wp-content\/uploads\/2025\/03\/bild-bookfactory.jpg 660w, https:\/\/maybeless-sugar.ch\/wp-content\/uploads\/2025\/03\/bild-bookfactory-300x205.jpg 300w\" sizes=\"(max-width: 660px) 100vw, 660px\" \/><\/figure><\/div>\n\n<div style=\"height:30px\" aria-hidden=\"true\" class=\"wp-block-spacer\"><\/div>\n\n<h3 class=\"wp-block-heading\">1x Buono da 50 CHF per Veloplus<\/h3>\n\n<div class=\"wp-block-media-text is-stacked-on-mobile\" style=\"grid-template-columns:43% auto\"><figure class=\"wp-block-media-text__media\"><img decoding=\"async\" width=\"1024\" height=\"502\" src=\"https:\/\/maybeless-sugar.ch\/wp-content\/uploads\/2025\/03\/bild-veloplus-1024x502.jpg\" alt=\"\" class=\"wp-image-5668 size-full\" srcset=\"https:\/\/maybeless-sugar.ch\/wp-content\/uploads\/2025\/03\/bild-veloplus-1024x502.jpg 1024w, https:\/\/maybeless-sugar.ch\/wp-content\/uploads\/2025\/03\/bild-veloplus-300x147.jpg 300w, https:\/\/maybeless-sugar.ch\/wp-content\/uploads\/2025\/03\/bild-veloplus-768x376.jpg 768w, https:\/\/maybeless-sugar.ch\/wp-content\/uploads\/2025\/03\/bild-veloplus-1536x752.jpg 1536w, https:\/\/maybeless-sugar.ch\/wp-content\/uploads\/2025\/03\/bild-veloplus.jpg 1760w\" sizes=\"(max-width: 1024px) 100vw, 1024px\" \/><\/figure><div class=\"wp-block-media-text__content\">\n<p class=\"has-text-align-left\">Veloplus \u00e8 il numero 1 in Svizzera per gli accessori per biciclette, le biciclette e le bici elettriche. Dal 1987 Veloplus \u00e8 sinonimo di fiducia, qualit\u00e0, innovazione, durata e passione per il ciclismo. Veloplus \u00e8 disponibile in 11 punti vendita in Svizzera: Basilea, Berna, Bienne, Emmenbr\u00fccke, Ostermundigen, San Gallo, Steinhausen, Wetzikon, Winterthur, Zurigo HB e Zurigo Oerlikon.  <\/p>\n\n\n\n<figure class=\"wp-block-image aligncenter size-full is-resized\"><a href=\"https:\/\/www.veloplus.ch\/\" target=\"_blank\" rel=\" noreferrer noopener\"><img decoding=\"async\" width=\"284\" height=\"109\" src=\"https:\/\/maybeless-sugar.ch\/wp-content\/uploads\/2025\/03\/logo-veloplus.jpg\" alt=\"\" class=\"wp-image-5672\" style=\"width:156px;height:auto\"\/><\/a><\/figure>\n<\/div><\/div>\n\n<div style=\"height:100px\" aria-hidden=\"true\" class=\"wp-block-spacer\"><\/div>\n\n<h3 class=\"wp-block-heading\">Disclaimer e condizioni di partecipazione<\/h3>\n\n<p>Il concorso dura fino alla fine di maggio 2025. I vincitori saranno avvisati via e-mail entro il 9 giugno 2025 e dovranno rispondere entro 72 ore. Se il vincitore non risponde all&#8217;e-mail di notifica del premio entro il periodo sopra indicato, perder\u00e0 il diritto al premio. Partecipando a un concorso, i partecipanti accettano anche i seguenti termini e condizioni generali di partecipazione:   <\/p>\n\n<ul class=\"wp-block-list\">\n<li>Il concorso \u00e8 organizzato da diab\u00e8tevaud.<\/li>\n\n\n\n<li>Possono partecipare solo le persone fisiche di et\u00e0 pari o superiore ai 18 anni e residenti in Svizzera.<\/li>\n\n\n\n<li>Non sar\u00e0 avviata alcuna corrispondenza in merito al concorso. Si esclude qualsiasi ricorso legale. <\/li>\n\n\n\n<li>Il pagamento in contanti o la sostituzione del premio non sono possibili. Se il premio viene inviato per posta, diab\u00e8tevaud non si assume alcuna responsabilit\u00e0 per la consegna della posta. <\/li>\n\n\n\n<li>diab\u00e8tevaud utilizza i dati personali solo ai fini del concorso.<\/li>\n<\/ul>\n\n<p><\/p>\n","protected":false},"excerpt":{"rendered":"<p>Partecipa all&#8217;azione &#8220;MAYbe Less Sugar&#8221; e prova a vincere un premio: crea un account, utilizza il calcolatore di zuccheri per 5 giorni e parteciperai automaticamente alla nostra estrazione! Buona fortuna! Premi in palio 1x Ettolitro di acqua minerale Eptinger (100 litri) 2 pass giornalieri per il comprensorio sciistico di Corviglia (St. Moritz) (valido fino alla [&hellip;]<\/p>\n","protected":false},"author":11124,"featured_media":0,"parent":0,"menu_order":0,"comment_status":"closed","ping_status":"closed","template":"","meta":{"_acf_changed":false,"footnotes":""},"class_list":["post-9345","page","type-page","status-publish","hentry"],"acf":[],"yoast_head":"<!-- This site is optimized with the Yoast SEO plugin v27.5 - https:\/\/yoast.com\/product\/yoast-seo-wordpress\/ -->\n<title>Concorso &quot;Meno zucchero&quot; 2025 - Maybeless sugar<\/title>\n<meta name=\"robots\" content=\"index, follow, max-snippet:-1, max-image-preview:large, max-video-preview:-1\" \/>\n<link rel=\"canonical\" href=\"https:\/\/maybeless-sugar.ch\/it\/concorso-meno-zucchero-2025\/\" \/>\n<meta property=\"og:locale\" content=\"it_IT\" \/>\n<meta property=\"og:type\" content=\"article\" \/>\n<meta property=\"og:title\" content=\"Concorso &quot;Meno zucchero&quot; 2025 - Maybeless sugar\" \/>\n<meta property=\"og:description\" content=\"Partecipa all&#8217;azione &#8220;MAYbe Less Sugar&#8221; e prova a vincere un premio: crea un account, utilizza il calcolatore di zuccheri per 5 giorni e parteciperai automaticamente alla nostra estrazione! Buona fortuna! Premi in palio 1x Ettolitro di acqua minerale Eptinger (100 litri) 2 pass giornalieri per il comprensorio sciistico di Corviglia (St. Moritz) (valido fino alla [&hellip;]\" \/>\n<meta property=\"og:url\" content=\"https:\/\/maybeless-sugar.ch\/it\/concorso-meno-zucchero-2025\/\" \/>\n<meta property=\"og:site_name\" content=\"Maybeless sugar\" \/>\n<meta property=\"article:modified_time\" content=\"2026-05-06T08:19:14+00:00\" \/>\n<meta property=\"og:image\" content=\"https:\/\/maybeless-sugar.ch\/wp-content\/uploads\/2025\/03\/eptinger-logo.png\" \/>\n\t<meta property=\"og:image:width\" content=\"887\" \/>\n\t<meta property=\"og:image:height\" content=\"341\" \/>\n\t<meta property=\"og:image:type\" content=\"image\/png\" \/>\n<meta name=\"twitter:card\" content=\"summary_large_image\" \/>\n<meta name=\"twitter:label1\" content=\"Tempo di lettura stimato\" \/>\n\t<meta name=\"twitter:data1\" content=\"2 minuti\" \/>\n<script type=\"application\/ld+json\" class=\"yoast-schema-graph\">{\"@context\":\"https:\\\/\\\/schema.org\",\"@graph\":[{\"@type\":\"WebPage\",\"@id\":\"https:\\\/\\\/maybeless-sugar.ch\\\/it\\\/concorso-meno-zucchero-2025\\\/\",\"url\":\"https:\\\/\\\/maybeless-sugar.ch\\\/it\\\/concorso-meno-zucchero-2025\\\/\",\"name\":\"Concorso \\\"Meno zucchero\\\" 2025 - Maybeless sugar\",\"isPartOf\":{\"@id\":\"https:\\\/\\\/maybeless-sugar.ch\\\/it\\\/#website\"},\"primaryImageOfPage\":{\"@id\":\"https:\\\/\\\/maybeless-sugar.ch\\\/it\\\/concorso-meno-zucchero-2025\\\/#primaryimage\"},\"image\":{\"@id\":\"https:\\\/\\\/maybeless-sugar.ch\\\/it\\\/concorso-meno-zucchero-2025\\\/#primaryimage\"},\"thumbnailUrl\":\"https:\\\/\\\/maybeless-sugar.ch\\\/wp-content\\\/uploads\\\/2025\\\/03\\\/eptinger-logo.png\",\"datePublished\":\"2025-04-29T08:54:44+00:00\",\"dateModified\":\"2026-05-06T08:19:14+00:00\",\"breadcrumb\":{\"@id\":\"https:\\\/\\\/maybeless-sugar.ch\\\/it\\\/concorso-meno-zucchero-2025\\\/#breadcrumb\"},\"inLanguage\":\"it-IT\",\"potentialAction\":[{\"@type\":\"ReadAction\",\"target\":[\"https:\\\/\\\/maybeless-sugar.ch\\\/it\\\/concorso-meno-zucchero-2025\\\/\"]}]},{\"@type\":\"ImageObject\",\"inLanguage\":\"it-IT\",\"@id\":\"https:\\\/\\\/maybeless-sugar.ch\\\/it\\\/concorso-meno-zucchero-2025\\\/#primaryimage\",\"url\":\"https:\\\/\\\/maybeless-sugar.ch\\\/wp-content\\\/uploads\\\/2025\\\/03\\\/eptinger-logo.png\",\"contentUrl\":\"https:\\\/\\\/maybeless-sugar.ch\\\/wp-content\\\/uploads\\\/2025\\\/03\\\/eptinger-logo.png\"},{\"@type\":\"BreadcrumbList\",\"@id\":\"https:\\\/\\\/maybeless-sugar.ch\\\/it\\\/concorso-meno-zucchero-2025\\\/#breadcrumb\",\"itemListElement\":[{\"@type\":\"ListItem\",\"position\":1,\"name\":\"Home\",\"item\":\"https:\\\/\\\/maybeless-sugar.ch\\\/it\\\/\"},{\"@type\":\"ListItem\",\"position\":2,\"name\":\"Concorso \u00ab\u00a0Meno zucchero\u00a0\u00bb 2025\"}]},{\"@type\":\"WebSite\",\"@id\":\"https:\\\/\\\/maybeless-sugar.ch\\\/it\\\/#website\",\"url\":\"https:\\\/\\\/maybeless-sugar.ch\\\/it\\\/\",\"name\":\"Maybeless sugar\",\"description\":\"Doux mois de mai moins sucr\u00e9\",\"publisher\":{\"@id\":\"https:\\\/\\\/maybeless-sugar.ch\\\/it\\\/#organization\"},\"potentialAction\":[{\"@type\":\"SearchAction\",\"target\":{\"@type\":\"EntryPoint\",\"urlTemplate\":\"https:\\\/\\\/maybeless-sugar.ch\\\/it\\\/?s={search_term_string}\"},\"query-input\":{\"@type\":\"PropertyValueSpecification\",\"valueRequired\":true,\"valueName\":\"search_term_string\"}}],\"inLanguage\":\"it-IT\"},{\"@type\":\"Organization\",\"@id\":\"https:\\\/\\\/maybeless-sugar.ch\\\/it\\\/#organization\",\"name\":\"Maybeless sugar\",\"url\":\"https:\\\/\\\/maybeless-sugar.ch\\\/it\\\/\",\"logo\":{\"@type\":\"ImageObject\",\"inLanguage\":\"it-IT\",\"@id\":\"https:\\\/\\\/maybeless-sugar.ch\\\/it\\\/#\\\/schema\\\/logo\\\/image\\\/\",\"url\":\"https:\\\/\\\/maybeless-sugar.ch\\\/wp-content\\\/uploads\\\/2025\\\/03\\\/MAYBELESSSUGAR_logo_ita_v_w-2.png\",\"contentUrl\":\"https:\\\/\\\/maybeless-sugar.ch\\\/wp-content\\\/uploads\\\/2025\\\/03\\\/MAYBELESSSUGAR_logo_ita_v_w-2.png\",\"width\":2043,\"height\":1494,\"caption\":\"Maybeless sugar\"},\"image\":{\"@id\":\"https:\\\/\\\/maybeless-sugar.ch\\\/it\\\/#\\\/schema\\\/logo\\\/image\\\/\"}}]}<\/script>\n<!-- \/ Yoast SEO plugin. -->","yoast_head_json":{"title":"Concorso \"Meno zucchero\" 2025 - Maybeless sugar","robots":{"index":"index","follow":"follow","max-snippet":"max-snippet:-1","max-image-preview":"max-image-preview:large","max-video-preview":"max-video-preview:-1"},"canonical":"https:\/\/maybeless-sugar.ch\/it\/concorso-meno-zucchero-2025\/","og_locale":"it_IT","og_type":"article","og_title":"Concorso \"Meno zucchero\" 2025 - Maybeless sugar","og_description":"Partecipa all&#8217;azione &#8220;MAYbe Less Sugar&#8221; e prova a vincere un premio: crea un account, utilizza il calcolatore di zuccheri per 5 giorni e parteciperai automaticamente alla nostra estrazione! Buona fortuna! Premi in palio 1x Ettolitro di acqua minerale Eptinger (100 litri) 2 pass giornalieri per il comprensorio sciistico di Corviglia (St. Moritz) (valido fino alla [&hellip;]","og_url":"https:\/\/maybeless-sugar.ch\/it\/concorso-meno-zucchero-2025\/","og_site_name":"Maybeless sugar","article_modified_time":"2026-05-06T08:19:14+00:00","og_image":[{"width":887,"height":341,"url":"https:\/\/maybeless-sugar.ch\/wp-content\/uploads\/2025\/03\/eptinger-logo.png","type":"image\/png"}],"twitter_card":"summary_large_image","twitter_misc":{"Tempo di lettura stimato":"2 minuti"},"schema":{"@context":"https:\/\/schema.org","@graph":[{"@type":"WebPage","@id":"https:\/\/maybeless-sugar.ch\/it\/concorso-meno-zucchero-2025\/","url":"https:\/\/maybeless-sugar.ch\/it\/concorso-meno-zucchero-2025\/","name":"Concorso \"Meno zucchero\" 2025 - Maybeless sugar","isPartOf":{"@id":"https:\/\/maybeless-sugar.ch\/it\/#website"},"primaryImageOfPage":{"@id":"https:\/\/maybeless-sugar.ch\/it\/concorso-meno-zucchero-2025\/#primaryimage"},"image":{"@id":"https:\/\/maybeless-sugar.ch\/it\/concorso-meno-zucchero-2025\/#primaryimage"},"thumbnailUrl":"https:\/\/maybeless-sugar.ch\/wp-content\/uploads\/2025\/03\/eptinger-logo.png","datePublished":"2025-04-29T08:54:44+00:00","dateModified":"2026-05-06T08:19:14+00:00","breadcrumb":{"@id":"https:\/\/maybeless-sugar.ch\/it\/concorso-meno-zucchero-2025\/#breadcrumb"},"inLanguage":"it-IT","potentialAction":[{"@type":"ReadAction","target":["https:\/\/maybeless-sugar.ch\/it\/concorso-meno-zucchero-2025\/"]}]},{"@type":"ImageObject","inLanguage":"it-IT","@id":"https:\/\/maybeless-sugar.ch\/it\/concorso-meno-zucchero-2025\/#primaryimage","url":"https:\/\/maybeless-sugar.ch\/wp-content\/uploads\/2025\/03\/eptinger-logo.png","contentUrl":"https:\/\/maybeless-sugar.ch\/wp-content\/uploads\/2025\/03\/eptinger-logo.png"},{"@type":"BreadcrumbList","@id":"https:\/\/maybeless-sugar.ch\/it\/concorso-meno-zucchero-2025\/#breadcrumb","itemListElement":[{"@type":"ListItem","position":1,"name":"Home","item":"https:\/\/maybeless-sugar.ch\/it\/"},{"@type":"ListItem","position":2,"name":"Concorso \u00ab\u00a0Meno zucchero\u00a0\u00bb 2025"}]},{"@type":"WebSite","@id":"https:\/\/maybeless-sugar.ch\/it\/#website","url":"https:\/\/maybeless-sugar.ch\/it\/","name":"Maybeless sugar","description":"Doux mois de mai moins sucr\u00e9","publisher":{"@id":"https:\/\/maybeless-sugar.ch\/it\/#organization"},"potentialAction":[{"@type":"SearchAction","target":{"@type":"EntryPoint","urlTemplate":"https:\/\/maybeless-sugar.ch\/it\/?s={search_term_string}"},"query-input":{"@type":"PropertyValueSpecification","valueRequired":true,"valueName":"search_term_string"}}],"inLanguage":"it-IT"},{"@type":"Organization","@id":"https:\/\/maybeless-sugar.ch\/it\/#organization","name":"Maybeless sugar","url":"https:\/\/maybeless-sugar.ch\/it\/","logo":{"@type":"ImageObject","inLanguage":"it-IT","@id":"https:\/\/maybeless-sugar.ch\/it\/#\/schema\/logo\/image\/","url":"https:\/\/maybeless-sugar.ch\/wp-content\/uploads\/2025\/03\/MAYBELESSSUGAR_logo_ita_v_w-2.png","contentUrl":"https:\/\/maybeless-sugar.ch\/wp-content\/uploads\/2025\/03\/MAYBELESSSUGAR_logo_ita_v_w-2.png","width":2043,"height":1494,"caption":"Maybeless sugar"},"image":{"@id":"https:\/\/maybeless-sugar.ch\/it\/#\/schema\/logo\/image\/"}}]}},"_links":{"self":[{"href":"https:\/\/maybeless-sugar.ch\/it\/wp-json\/wp\/v2\/pages\/9345","targetHints":{"allow":["GET"]}}],"collection":[{"href":"https:\/\/maybeless-sugar.ch\/it\/wp-json\/wp\/v2\/pages"}],"about":[{"href":"https:\/\/maybeless-sugar.ch\/it\/wp-json\/wp\/v2\/types\/page"}],"author":[{"embeddable":true,"href":"https:\/\/maybeless-sugar.ch\/it\/wp-json\/wp\/v2\/users\/11124"}],"replies":[{"embeddable":true,"href":"https:\/\/maybeless-sugar.ch\/it\/wp-json\/wp\/v2\/comments?post=9345"}],"version-history":[{"count":1,"href":"https:\/\/maybeless-sugar.ch\/it\/wp-json\/wp\/v2\/pages\/9345\/revisions"}],"predecessor-version":[{"id":9346,"href":"https:\/\/maybeless-sugar.ch\/it\/wp-json\/wp\/v2\/pages\/9345\/revisions\/9346"}],"wp:attachment":[{"href":"https:\/\/maybeless-sugar.ch\/it\/wp-json\/wp\/v2\/media?parent=9345"}],"curies":[{"name":"wp","href":"https:\/\/api.w.org\/{rel}","templated":true}]}}