{"id":6957,"date":"2023-03-30T06:43:06","date_gmt":"2023-03-30T04:43:06","guid":{"rendered":"https:\/\/maybeless-sugar.ch\/termos-e-condicoes-gerais\/"},"modified":"2026-04-21T08:57:06","modified_gmt":"2026-04-21T06:57:06","slug":"termos-e-condicoes-gerais","status":"publish","type":"page","link":"https:\/\/maybeless-sugar.ch\/pt-pt\/termos-e-condicoes-gerais\/","title":{"rendered":"Termos e condi\u00e7\u00f5es gerais"},"content":{"rendered":"\n<p><strong>Informa\u00e7\u00e3o jur\u00eddica<\/strong><\/p>\n\n<h3 class=\"wp-block-heading\">Exclus\u00e3o de responsabilidade<\/h3>\n\n<p>O conte\u00fado deste s\u00edtio Web constitui uma oferta de informa\u00e7\u00e3o n\u00e3o vinculativa. Embora verifiquemos regularmente a exatid\u00e3o e a atualidade das informa\u00e7\u00f5es nele contidas, n\u00e3o assumimos qualquer responsabilidade, na medida do permitido por lei, por quaisquer consequ\u00eancias indesej\u00e1veis decorrentes da utiliza\u00e7\u00e3o destas informa\u00e7\u00f5es. Em particular, n\u00e3o aceitamos qualquer responsabilidade pela indisponibilidade da nossa oferta online ou por quaisquer danos (por exemplo, devido a interrup\u00e7\u00f5es de liga\u00e7\u00e3o ou malware) resultantes da utiliza\u00e7\u00e3o do nosso s\u00edtio Web.  <\/p>\n\n<p>O nosso site cont\u00e9m links para ofertas de terceiros. A utiliza\u00e7\u00e3o destes links \u00e9 da sua inteira responsabilidade. N\u00e3o nos responsabilizamos pelo conte\u00fado desses outros sites.  <\/p>\n\n<h3 class=\"wp-block-heading\">Estat\u00edsticas<\/h3>\n\n<p>As avalia\u00e7\u00f5es estat\u00edsticas ajudam-nos a melhorar a nossa oferta na Internet. Para este efeito, tratamos dados sobre a utiliza\u00e7\u00e3o deste site de forma anonimizada e comunicamo-los a terceiros (ver abaixo a sec\u00e7\u00e3o \u00abAvalia\u00e7\u00e3o an\u00f3nima dos comportamentos de utiliza\u00e7\u00e3o\u00bb). Os restantes dados gerados durante a utiliza\u00e7\u00e3o deste site, como, por exemplo, as informa\u00e7\u00f5es inseridas nos formul\u00e1rios de contacto, s\u00e3o tratados apenas na medida do necess\u00e1rio para fornecer o servi\u00e7o que solicita. Estes dados n\u00e3o s\u00e3o comunicados a terceiros.   <\/p>\n\n<h3 class=\"wp-block-heading\">E-mail e formul\u00e1rio de contacto<\/h3>\n\n<p>O acesso a este site e a introdu\u00e7\u00e3o de informa\u00e7\u00f5es nos formul\u00e1rios de contacto ou noutros campos de preenchimento s\u00e3o encriptados. Tal n\u00e3o acontece, geralmente, com o correio eletr\u00f3nico. Por esse motivo, n\u00e3o se exclui a possibilidade de os e-mails que enviar ao projeto MAYbe Less Sugar poderem ser lidos ou alterados por terceiros. No entanto, o correio eletr\u00f3nico continua a ser um meio de comunica\u00e7\u00e3o comum.   <\/p>\n\n<p>Ao enviar um pedido por e-mail ou atrav\u00e9s do formul\u00e1rio de contacto, declara aceitar que lhe respondamos por correio eletr\u00f3nico. Se desejar receber uma resposta de outra forma, solicitamos que o especifique no seu pedido e indique como podemos contact\u00e1-lo (por exemplo, n\u00famero de telefone ou endere\u00e7o postal). <\/p>\n\n<h3 class=\"wp-block-heading\">Processamento an\u00f3nimo de dados de utiliza\u00e7\u00e3o<\/h3>\n\n<p>Este s\u00edtio Web utiliza o Google Analytics, um servi\u00e7o de an\u00e1lise da Web fornecido pela Google Inc (&#8220;Google&#8221;).  O Google Analytics utiliza cookies, que s\u00e3o ficheiros de texto guardados no seu computador e que permitem analisar a sua utiliza\u00e7\u00e3o do site. As informa\u00e7\u00f5es geradas pelos cookies sobre a sua utiliza\u00e7\u00e3o deste site s\u00e3o, por norma, transmitidas e armazenadas num servidor da Google nos EUA. No caso de a anonimiza\u00e7\u00e3o de IP estar ativa neste site, o seu endere\u00e7o IP ser\u00e1 primeiro encurtado pela Google dentro dos Estados-Membros da Uni\u00e3o Europeia e dos Estados signat\u00e1rios do Acordo sobre o Espa\u00e7o Econ\u00f3mico Europeu. Em casos muito raros, o endere\u00e7o IP completo \u00e9 transmitido para o servidor nos EUA e s\u00f3 depois encurtado. Sob instru\u00e7\u00e3o do operador deste site, a Google utilizar\u00e1 estas informa\u00e7\u00f5es para avaliar a utiliza\u00e7\u00e3o do site, elaborar relat\u00f3rios sobre as atividades do mesmo e fornecer outros servi\u00e7os relacionados com a utiliza\u00e7\u00e3o do site e da Internet. Estas informa\u00e7\u00f5es destinam-se ao operador deste site. O endere\u00e7o IP transmitido pelo seu navegador no \u00e2mbito do Google Analytics n\u00e3o \u00e9 associado a outros dados da Google. Pode impedir o armazenamento de cookies atrav\u00e9s de uma configura\u00e7\u00e3o no software do seu navegador. Alertamos, no entanto, que isso poder\u00e1 impedir a utiliza\u00e7\u00e3o de todas as fun\u00e7\u00f5es deste site. Pode, al\u00e9m disso, impedir a recolha dos dados gerados pelo cookie sobre a sua utiliza\u00e7\u00e3o deste site (incluindo o endere\u00e7o IP), bem como o tratamento desses dados pela Google, ao descarregar e instalar o suplemento (plugin) dispon\u00edvel no link seguinte.         <\/p>\n\n<p>A liga\u00e7\u00e3o atual \u00e9 <a href=\"http:\/\/tools.google.com\/dlpage\/gaoptout?hl=fr\">https:\/\/tools.google.com\/dlpage\/gaoptout?hl=fr<\/a><\/p>\n\n<p>Condi\u00e7\u00f5es do Google Analytics: http: <a href=\"http:\/\/www.google.com\/analytics\/terms\/fr.html\">\/\/www.google.com\/analytics\/terms\/fr.html<\/a><\/p>\n\n<h3 class=\"wp-block-heading\">Newsletter<\/h3>\n\n<p>Para o envio da newsletter, recolhemos o seu endere\u00e7o de correio eletr\u00f3nico no momento da sua inscri\u00e7\u00e3o. Estas informa\u00e7\u00f5es s\u00e3o utilizadas exclusivamente para as finalidades da newsletter. <\/p>\n\n<p>Al\u00e9m disso, \u00e9 necess\u00e1rio um &#8220;double opt-in&#8221; para o registo. Isto significa que, para al\u00e9m da introdu\u00e7\u00e3o dos dados, o endere\u00e7o de correio eletr\u00f3nico tamb\u00e9m tem de ser confirmado clicando numa hiperliga\u00e7\u00e3o numa mensagem de correio eletr\u00f3nico correspondente. Isto garante que os dados tamb\u00e9m s\u00e3o introduzidos pelo propriet\u00e1rio da tua identidade. \u00c9 sempre poss\u00edvel anular a subscri\u00e7\u00e3o do boletim informativo sem aviso pr\u00e9vio e sem necessidade de indicar os motivos. Para anular a subscri\u00e7\u00e3o, basta clicar na liga\u00e7\u00e3o de anula\u00e7\u00e3o da subscri\u00e7\u00e3o que se encontra na parte inferior de cada newsletter.    <\/p>\n\n<p>As newsletters s\u00e3o enviadas atrav\u00e9s da &#8220;Infomaniak&#8221;. Uma plataforma de envio de newsletters, uma sociedade de direito su\u00ed\u00e7o com sede em Genebra, Rue Eug\u00e8ne Marziano 25, 1227 Les Acacias (GE).  Os endere\u00e7os de correio eletr\u00f3nico e outros dados dos nossos subscritores aqui descritos s\u00e3o armazenados nos servidores da Infomaniak. A Infomaniak utiliza estas informa\u00e7\u00f5es para enviar e avaliar a newsletter em nosso nome. A Infomaniak tamb\u00e9m utiliza estas informa\u00e7\u00f5es para avaliar o desempenho e otimizar os seus pr\u00f3prios servi\u00e7os. Os dados n\u00e3o ser\u00e3o transmitidos a terceiros ou utilizados para fins de marketing. A Infomaniak compromete-se a cumprir os regulamentos europeus de prote\u00e7\u00e3o de dados.    <\/p>\n\n<p>Al\u00e9m disso, ao utilizar a Infomaniak, aceita automaticamente a &#8220;Adenda sobre o tratamento de dados&#8221; (ADP). Ao faz\u00ea-lo, a Infomaniak compromete-se a cumprir os regulamentos europeus de prote\u00e7\u00e3o de dados, a proteger os dados dos nossos subscritores e, acima de tudo, a n\u00e3o os transmitir a terceiros. Podes consultar a pol\u00edtica de privacidade da Infomaniak <a href=\"https:\/\/www.infomaniak.com\/fr\/cgv\/politique-de-confidentialite\">aqui<\/a>.  <\/p>\n\n<h3 class=\"wp-block-heading\">Propriedade intelectual<\/h3>\n\n<p>As imagens e os sons deste s\u00edtio Web s\u00e3o propriedade da Trivial Mass. A sua utiliza\u00e7\u00e3o \u00e9, por conseguinte, proibida fora da promo\u00e7\u00e3o da campanha MAYbe Less Sugar pelos parceiros e pelos meios de comunica\u00e7\u00e3o social.   <\/p>\n\n<h3 class=\"wp-block-heading\">Contacto para perguntas<\/h3>\n\n<p>Se tiver alguma d\u00favida ou pedido sobre este assunto, entre em contacto com a trivial mass, cujos dados de contacto est\u00e3o dispon\u00edveis atrav\u00e9s da liga\u00e7\u00e3o no rodap\u00e9 da p\u00e1gina.<\/p>\n\n<h2 class=\"wp-block-heading\">Impressiona<\/h2>\n\n<p><strong>Textos<\/strong>: <a href=\"\/pt-pt\/?page_id=6781\">Talvez menos a\u00e7\u00facar<\/a> <\/p>\n\n<p><strong>Conceito da campanha<\/strong>: A campanha MAYbe Less Sugar foi desenvolvida pela diab\u00e8tevaud em colabora\u00e7\u00e3o com a Unisant\u00e9 e foi inspirada na campanha Dry January.<\/p>\n\n<p><strong>Desenvolvimento Web<\/strong>: <a href=\"https:\/\/trivialmass.ch\/\">massa trivial<\/a><\/p>\n\n<p><strong><a href=\"https:\/\/dryjanuary.ch\/fr\/impressum\">Contacta-nos por e-mail<\/a> <\/strong><a href=\"mailto:contact@trivialmass.ch\">contact@trivialmass.ch<\/a> <\/p>\n\n<div style=\"height:100px\" aria-hidden=\"true\" class=\"wp-block-spacer\"><\/div>\n\n<!-- Start CookieYes cookie policy -->\n<style>\n  a.cky-banner-element {\n    padding: 8px 30px;\n    background: #f8f9fa;\n    color: #858a8f;\n    border: 1px solid #dee2e6;\n    box-sizing: border-box;\n    border-radius: 2px;\n    cursor: pointer\n  }\n<\/style>\n<h1 class=\"cookie-policy-h1\">Pol\u00edtica de cookies<\/h1>\n<div class=\"cookie-policy-date-container\">\n  <p>Data efetiva: 25 de setembro de 2025<\/p>\n  <p>\u00daltima atualiza\u00e7\u00e3o: 25 de setembro de 2025<\/p>\n<\/div> <h2>O que s\u00e3o cookies ?<\/h2>\n<div class=\"cookie-policy-p\">\n  <p>Esta pol\u00edtica explica o que s\u00e3o cookies, como os utilizamos, que tipos de cookies utilizamos (ou seja, as informa\u00e7\u00f5es que recolhemos utilizando cookies e como essas informa\u00e7\u00f5es s\u00e3o utilizadas) e como gerir as suas defini\u00e7\u00f5es de cookies.<\/p>\n  <p>Os cookies s\u00e3o pequenos ficheiros de texto utilizados para armazenar pequenas informa\u00e7\u00f5es. S\u00e3o guardados no seu dispositivo quando carrega um Web site no seu browser. Os cookies ajudam-nos a garantir que o Web site funciona corretamente, a refor\u00e7ar a seguran\u00e7a, a melhorar a experi\u00eancia do utilizador e a analisar o desempenho, a fim de identificar elementos funcionais e \u00e1reas em que s\u00e3o necess\u00e1rias melhorias.  <\/p>\n<\/div> <h2>Como \u00e9 que utilizamos os cookies?<\/h2>\n<div class=\"cookie-policy-p\">\n  <p>Tal como a maioria dos servi\u00e7os em linha, o nosso s\u00edtio Web utiliza cookies pr\u00f3prios e cookies de terceiros para diversos fins. Os cookies pr\u00f3prios s\u00e3o principalmente necess\u00e1rios para que o s\u00edtio Web funcione corretamente e n\u00e3o recolhem quaisquer dados pessoais identific\u00e1veis. <\/p>\n  <p>Os cookies de terceiros utilizados no nosso s\u00edtio Web ajudam-nos principalmente a compreender o desempenho do site, a acompanhar a forma como interage com ele, a manter a seguran\u00e7a dos nossos servi\u00e7os, a apresentar publicidade relevante e a melhorar a sua experi\u00eancia geral de utilizador, optimizando simultaneamente a velocidade das suas futuras intera\u00e7\u00f5es com o nosso s\u00edtio.<\/p>\n<\/div> <h2>Tipos de cookies que utilizamos<\/h2>\n<div class=\"cky-audit-table-element\"><\/div> <h2 style=\"margin-bottom: 20px\">Gerir as prefer\u00eancias de cookies<\/h2><a class=\"cky-banner-element\">Prefer\u00eancias de consentimento<\/a><br\/><div>\n  <p>Pode alterar as suas defini\u00e7\u00f5es de cookies a qualquer momento clicando no bot\u00e3o \u00abPrefer\u00eancias de consentimento\u00bb acima. Isto permitir-lhe-\u00e1 regressar ao banner de consentimento de cookies, atualizar as suas prefer\u00eancias ou retirar imediatamente o seu consentimento.  <\/p>\n  <p>Al\u00e9m disso, diferentes navegadores oferecem diversos m\u00e9todos para bloquear e eliminar os cookies utilizados pelos sites. Pode ajustar as defini\u00e7\u00f5es do seu navegador para bloquear ou eliminar os cookies. Encontrar\u00e1 abaixo links para documentos de suporte sobre como gerir e eliminar os cookies nos principais navegadores.  <\/p>\n  <p>Cromo: <a target=\"_blank\" rel=\"noopener noreferrer\" href=\"https:\/\/support.google.com\/accounts\/answer\/32050\">https:\/\/support.google.com\/accounts\/answer\/32050<\/a><\/p>\n  <p>Safari: <a target=\"_blank\" rel=\"noopener noreferrer\" href=\"https:\/\/support.apple.com\/en-in\/guide\/safari\/sfri11471\/mac\">https:\/\/support.apple.com\/en-in\/guide\/safari\/sfri11471\/mac<\/a><\/p>\n  <p>Firefox: <a target=\"_blank\" rel=\"noopener noreferrer\" href=\"https:\/\/support.mozilla.org\/en-US\/kb\/clear-cookies-and-site-data-firefox?redirectslug=delete-cookies-remove-info-websites-stored&#038;redirectlocale=en-US\">https:\/\/support.mozilla.org\/en-US\/kb\/clear-cookies-and-site-data-firefox?redirectslug=delete-cookies-remove-info-websites-stored&#038;redirectlocale=en-US<\/a><\/p>\n  <p>Internet Explorer: <a target=\"_blank\" rel=\"noopener noreferrer\" href=\"https:\/\/support.microsoft.com\/en-us\/topic\/how-to-delete-cookie-files-in-internet-explorer-bca9446f-d873-78de-77ba-d42645fa52fc\">https:\/\/support.microsoft.com\/en-us\/topic\/how-to-delete-cookie-files-in-internet-explorer-bca9446f-d873-78de-77ba-d42645fa52fc<\/a><\/p>\n  <p>Se utilizar outro browser, consulte a respetiva documenta\u00e7\u00e3o oficial.<\/p>\n<\/div> <p class=\"cookie-policy-p\">  Pol\u00edtica de cookies gerada por <a target=\"_blank\" rel=\"noopener noreferrer\" href=\"https:\/\/www.cookieyes.com\/?utm_source=CP&#038;utm_medium=footer&#038;utm_campaign=UW\">CookieYes &#8211; Gerador de pol\u00edtica de cookies<\/a><\/p>\n<!-- End CookieYes cookie policy -->\n","protected":false},"excerpt":{"rendered":"<p>Informa\u00e7\u00e3o jur\u00eddica Exclus\u00e3o de responsabilidade O conte\u00fado deste s\u00edtio Web constitui uma oferta de informa\u00e7\u00e3o n\u00e3o vinculativa. Embora verifiquemos regularmente a exatid\u00e3o e a atualidade das informa\u00e7\u00f5es nele contidas, n\u00e3o assumimos qualquer responsabilidade, na medida do permitido por lei, por quaisquer consequ\u00eancias indesej\u00e1veis decorrentes da utiliza\u00e7\u00e3o destas informa\u00e7\u00f5es. Em particular, n\u00e3o aceitamos qualquer responsabilidade pela [&hellip;]<\/p>\n","protected":false},"author":7241,"featured_media":0,"parent":0,"menu_order":0,"comment_status":"closed","ping_status":"closed","template":"","meta":{"_acf_changed":false,"footnotes":""},"class_list":["post-6957","page","type-page","status-publish","hentry"],"acf":[],"yoast_head":"<!-- This site is optimized with the Yoast SEO plugin v27.5 - https:\/\/yoast.com\/product\/yoast-seo-wordpress\/ -->\n<title>Termos e condi\u00e7\u00f5es gerais - Maybeless sugar<\/title>\n<meta name=\"robots\" content=\"index, follow, max-snippet:-1, max-image-preview:large, max-video-preview:-1\" \/>\n<link rel=\"canonical\" href=\"https:\/\/maybeless-sugar.ch\/pt-pt\/termos-e-condicoes-gerais\/\" \/>\n<meta property=\"og:locale\" content=\"pt_PT\" \/>\n<meta property=\"og:type\" content=\"article\" \/>\n<meta property=\"og:title\" content=\"Termos e condi\u00e7\u00f5es gerais - Maybeless sugar\" \/>\n<meta property=\"og:description\" content=\"Informa\u00e7\u00e3o jur\u00eddica Exclus\u00e3o de responsabilidade O conte\u00fado deste s\u00edtio Web constitui uma oferta de informa\u00e7\u00e3o n\u00e3o vinculativa. Embora verifiquemos regularmente a exatid\u00e3o e a atualidade das informa\u00e7\u00f5es nele contidas, n\u00e3o assumimos qualquer responsabilidade, na medida do permitido por lei, por quaisquer consequ\u00eancias indesej\u00e1veis decorrentes da utiliza\u00e7\u00e3o destas informa\u00e7\u00f5es. Em particular, n\u00e3o aceitamos qualquer responsabilidade pela [&hellip;]\" \/>\n<meta property=\"og:url\" content=\"https:\/\/maybeless-sugar.ch\/pt-pt\/termos-e-condicoes-gerais\/\" \/>\n<meta property=\"og:site_name\" content=\"Maybeless sugar\" \/>\n<meta property=\"article:modified_time\" content=\"2026-04-21T06:57:06+00:00\" \/>\n<meta name=\"twitter:card\" content=\"summary_large_image\" \/>\n<meta name=\"twitter:label1\" content=\"Tempo estimado de leitura\" \/>\n\t<meta name=\"twitter:data1\" content=\"7 minutos\" \/>\n<script type=\"application\/ld+json\" class=\"yoast-schema-graph\">{\"@context\":\"https:\\\/\\\/schema.org\",\"@graph\":[{\"@type\":\"WebPage\",\"@id\":\"https:\\\/\\\/maybeless-sugar.ch\\\/pt-pt\\\/termos-e-condicoes-gerais\\\/\",\"url\":\"https:\\\/\\\/maybeless-sugar.ch\\\/pt-pt\\\/termos-e-condicoes-gerais\\\/\",\"name\":\"Termos e condi\u00e7\u00f5es gerais - Maybeless sugar\",\"isPartOf\":{\"@id\":\"https:\\\/\\\/maybeless-sugar.ch\\\/pt-pt\\\/#website\"},\"datePublished\":\"2023-03-30T04:43:06+00:00\",\"dateModified\":\"2026-04-21T06:57:06+00:00\",\"breadcrumb\":{\"@id\":\"https:\\\/\\\/maybeless-sugar.ch\\\/pt-pt\\\/termos-e-condicoes-gerais\\\/#breadcrumb\"},\"inLanguage\":\"pt-PT\",\"potentialAction\":[{\"@type\":\"ReadAction\",\"target\":[\"https:\\\/\\\/maybeless-sugar.ch\\\/pt-pt\\\/termos-e-condicoes-gerais\\\/\"]}]},{\"@type\":\"BreadcrumbList\",\"@id\":\"https:\\\/\\\/maybeless-sugar.ch\\\/pt-pt\\\/termos-e-condicoes-gerais\\\/#breadcrumb\",\"itemListElement\":[{\"@type\":\"ListItem\",\"position\":1,\"name\":\"Home\",\"item\":\"https:\\\/\\\/maybeless-sugar.ch\\\/pt-pt\\\/\"},{\"@type\":\"ListItem\",\"position\":2,\"name\":\"Termos e condi\u00e7\u00f5es gerais\"}]},{\"@type\":\"WebSite\",\"@id\":\"https:\\\/\\\/maybeless-sugar.ch\\\/pt-pt\\\/#website\",\"url\":\"https:\\\/\\\/maybeless-sugar.ch\\\/pt-pt\\\/\",\"name\":\"Maybeless sugar\",\"description\":\"Doux mois de mai moins sucr\u00e9\",\"publisher\":{\"@id\":\"https:\\\/\\\/maybeless-sugar.ch\\\/pt-pt\\\/#organization\"},\"potentialAction\":[{\"@type\":\"SearchAction\",\"target\":{\"@type\":\"EntryPoint\",\"urlTemplate\":\"https:\\\/\\\/maybeless-sugar.ch\\\/pt-pt\\\/?s={search_term_string}\"},\"query-input\":{\"@type\":\"PropertyValueSpecification\",\"valueRequired\":true,\"valueName\":\"search_term_string\"}}],\"inLanguage\":\"pt-PT\"},{\"@type\":\"Organization\",\"@id\":\"https:\\\/\\\/maybeless-sugar.ch\\\/pt-pt\\\/#organization\",\"name\":\"Maybeless sugar\",\"url\":\"https:\\\/\\\/maybeless-sugar.ch\\\/pt-pt\\\/\",\"logo\":{\"@type\":\"ImageObject\",\"inLanguage\":\"pt-PT\",\"@id\":\"https:\\\/\\\/maybeless-sugar.ch\\\/pt-pt\\\/#\\\/schema\\\/logo\\\/image\\\/\",\"url\":\"https:\\\/\\\/maybeless-sugar.ch\\\/wp-content\\\/uploads\\\/2023\\\/02\\\/logo-white.svg\",\"contentUrl\":\"https:\\\/\\\/maybeless-sugar.ch\\\/wp-content\\\/uploads\\\/2023\\\/02\\\/logo-white.svg\",\"width\":129,\"height\":81,\"caption\":\"Maybeless sugar\"},\"image\":{\"@id\":\"https:\\\/\\\/maybeless-sugar.ch\\\/pt-pt\\\/#\\\/schema\\\/logo\\\/image\\\/\"}}]}<\/script>\n<!-- \/ Yoast SEO plugin. -->","yoast_head_json":{"title":"Termos e condi\u00e7\u00f5es gerais - Maybeless sugar","robots":{"index":"index","follow":"follow","max-snippet":"max-snippet:-1","max-image-preview":"max-image-preview:large","max-video-preview":"max-video-preview:-1"},"canonical":"https:\/\/maybeless-sugar.ch\/pt-pt\/termos-e-condicoes-gerais\/","og_locale":"pt_PT","og_type":"article","og_title":"Termos e condi\u00e7\u00f5es gerais - Maybeless sugar","og_description":"Informa\u00e7\u00e3o jur\u00eddica Exclus\u00e3o de responsabilidade O conte\u00fado deste s\u00edtio Web constitui uma oferta de informa\u00e7\u00e3o n\u00e3o vinculativa. Embora verifiquemos regularmente a exatid\u00e3o e a atualidade das informa\u00e7\u00f5es nele contidas, n\u00e3o assumimos qualquer responsabilidade, na medida do permitido por lei, por quaisquer consequ\u00eancias indesej\u00e1veis decorrentes da utiliza\u00e7\u00e3o destas informa\u00e7\u00f5es. Em particular, n\u00e3o aceitamos qualquer responsabilidade pela [&hellip;]","og_url":"https:\/\/maybeless-sugar.ch\/pt-pt\/termos-e-condicoes-gerais\/","og_site_name":"Maybeless sugar","article_modified_time":"2026-04-21T06:57:06+00:00","twitter_card":"summary_large_image","twitter_misc":{"Tempo estimado de leitura":"7 minutos"},"schema":{"@context":"https:\/\/schema.org","@graph":[{"@type":"WebPage","@id":"https:\/\/maybeless-sugar.ch\/pt-pt\/termos-e-condicoes-gerais\/","url":"https:\/\/maybeless-sugar.ch\/pt-pt\/termos-e-condicoes-gerais\/","name":"Termos e condi\u00e7\u00f5es gerais - Maybeless sugar","isPartOf":{"@id":"https:\/\/maybeless-sugar.ch\/pt-pt\/#website"},"datePublished":"2023-03-30T04:43:06+00:00","dateModified":"2026-04-21T06:57:06+00:00","breadcrumb":{"@id":"https:\/\/maybeless-sugar.ch\/pt-pt\/termos-e-condicoes-gerais\/#breadcrumb"},"inLanguage":"pt-PT","potentialAction":[{"@type":"ReadAction","target":["https:\/\/maybeless-sugar.ch\/pt-pt\/termos-e-condicoes-gerais\/"]}]},{"@type":"BreadcrumbList","@id":"https:\/\/maybeless-sugar.ch\/pt-pt\/termos-e-condicoes-gerais\/#breadcrumb","itemListElement":[{"@type":"ListItem","position":1,"name":"Home","item":"https:\/\/maybeless-sugar.ch\/pt-pt\/"},{"@type":"ListItem","position":2,"name":"Termos e condi\u00e7\u00f5es gerais"}]},{"@type":"WebSite","@id":"https:\/\/maybeless-sugar.ch\/pt-pt\/#website","url":"https:\/\/maybeless-sugar.ch\/pt-pt\/","name":"Maybeless sugar","description":"Doux mois de mai moins sucr\u00e9","publisher":{"@id":"https:\/\/maybeless-sugar.ch\/pt-pt\/#organization"},"potentialAction":[{"@type":"SearchAction","target":{"@type":"EntryPoint","urlTemplate":"https:\/\/maybeless-sugar.ch\/pt-pt\/?s={search_term_string}"},"query-input":{"@type":"PropertyValueSpecification","valueRequired":true,"valueName":"search_term_string"}}],"inLanguage":"pt-PT"},{"@type":"Organization","@id":"https:\/\/maybeless-sugar.ch\/pt-pt\/#organization","name":"Maybeless sugar","url":"https:\/\/maybeless-sugar.ch\/pt-pt\/","logo":{"@type":"ImageObject","inLanguage":"pt-PT","@id":"https:\/\/maybeless-sugar.ch\/pt-pt\/#\/schema\/logo\/image\/","url":"https:\/\/maybeless-sugar.ch\/wp-content\/uploads\/2023\/02\/logo-white.svg","contentUrl":"https:\/\/maybeless-sugar.ch\/wp-content\/uploads\/2023\/02\/logo-white.svg","width":129,"height":81,"caption":"Maybeless sugar"},"image":{"@id":"https:\/\/maybeless-sugar.ch\/pt-pt\/#\/schema\/logo\/image\/"}}]}},"_links":{"self":[{"href":"https:\/\/maybeless-sugar.ch\/pt-pt\/wp-json\/wp\/v2\/pages\/6957","targetHints":{"allow":["GET"]}}],"collection":[{"href":"https:\/\/maybeless-sugar.ch\/pt-pt\/wp-json\/wp\/v2\/pages"}],"about":[{"href":"https:\/\/maybeless-sugar.ch\/pt-pt\/wp-json\/wp\/v2\/types\/page"}],"author":[{"embeddable":true,"href":"https:\/\/maybeless-sugar.ch\/pt-pt\/wp-json\/wp\/v2\/users\/7241"}],"replies":[{"embeddable":true,"href":"https:\/\/maybeless-sugar.ch\/pt-pt\/wp-json\/wp\/v2\/comments?post=6957"}],"version-history":[{"count":5,"href":"https:\/\/maybeless-sugar.ch\/pt-pt\/wp-json\/wp\/v2\/pages\/6957\/revisions"}],"predecessor-version":[{"id":9024,"href":"https:\/\/maybeless-sugar.ch\/pt-pt\/wp-json\/wp\/v2\/pages\/6957\/revisions\/9024"}],"wp:attachment":[{"href":"https:\/\/maybeless-sugar.ch\/pt-pt\/wp-json\/wp\/v2\/media?parent=6957"}],"curies":[{"name":"wp","href":"https:\/\/api.w.org\/{rel}","templated":true}]}}