{"id":7046,"date":"2024-04-28T16:04:19","date_gmt":"2024-04-28T14:04:19","guid":{"rendered":"https:\/\/maybeless-sugar.ch\/ligacoes-uteis\/"},"modified":"2026-04-21T12:00:06","modified_gmt":"2026-04-21T10:00:06","slug":"ligacoes-uteis","status":"publish","type":"page","link":"https:\/\/maybeless-sugar.ch\/pt-pt\/ligacoes-uteis\/","title":{"rendered":"Links \u00fateis"},"content":{"rendered":"\n<div class=\"wp-block-group is-style-rounded has-gray-light-background-color has-background is-layout-constrained wp-block-group-is-layout-constrained\">\n<div class=\"wp-block-columns is-style-no-margin is-layout-flex wp-container-core-columns-is-layout-9d6595d7 wp-block-columns-is-layout-flex\">\n<div class=\"wp-block-column is-layout-flow wp-block-column-is-layout-flow\">\n<h3 class=\"wp-block-heading has-custom-pink-color has-text-color\">Descobre mais:<\/h3>\n\n\n\n<div id=\"accordion-block_30b0c320bee98bc9a15e41a38e886692\" class=\"block-accordion tab mb-10\">\n    <input type=\"checkbox\" id=\"tab-block_30b0c320bee98bc9a15e41a38e886692\" >\n    <label class=\"flex flex-col tab-label\" for=\"tab-block_30b0c320bee98bc9a15e41a38e886692\">\n        <span class=\"border-t-[3px] pr-10 border-t-primary pt-4 cursor-pointer font-display title\">Descobre mais sobre os a\u00e7\u00facares e os a\u00e7\u00facares adicionados<\/span>\n            <\/label>\n    <div class=\"tab-content\">\n        \n\n<p><a href=\"https:\/\/maybeless-sugar.ch\/wp-content\/uploads\/2023\/03\/Guide-pour-la-definition-et-le-calcul-des-sucres-ajoutes-4.pdf\">Guia<\/a> para a defini\u00e7\u00e3o e c\u00e1lculo dos a\u00e7\u00facares adicionados de acordo com a OSAV<\/p>\n\n\n\n<p><a href=\"https:\/\/www.sge-ssn.ch\/media\/Feuille_d_info_les_sucres-et-les_sucres_ajoutes-2021.pdf\">Sociedade Su\u00ed\u00e7a de Nutri\u00e7\u00e3o<\/a><\/p>\n\n\n\n<p><a href=\"https:\/\/yuka.io\/\">Yuka<\/a>: esta aplica\u00e7\u00e3o fornece informa\u00e7\u00f5es sobre a qualidade nutricional dos produtos atrav\u00e9s da leitura do seu c\u00f3digo de barras<\/p>\n\n\n    <\/div>\n<\/div>\n\n\n\n\n\n\n<div id=\"accordion-block_3322778700698c2f51eb264332740627\" class=\"block-accordion tab mb-10\">\n    <input type=\"checkbox\" id=\"tab-block_3322778700698c2f51eb264332740627\" >\n    <label class=\"flex flex-col tab-label\" for=\"tab-block_3322778700698c2f51eb264332740627\">\n        <span class=\"border-t-[3px] pr-10 border-t-primary pt-4 cursor-pointer font-display title\">Descoberta da RTS  <\/span>\n                    <span class=\"subtitle\">O a\u00e7\u00facar e a sa\u00fade<\/span>\n            <\/label>\n    <div class=\"tab-content\">\n        \n\n<p><a href=\"https:\/\/www.rts.ch\/decouverte\/sante-et-medecine\/corps-humain\/le-sucre\/\">Descoberta da RTS<\/a><\/p>\n\n\n    <\/div>\n<\/div>\n\n\n\n\n\n\n<div id=\"accordion-block_7b85d524637dcce4719202132559cb9c\" class=\"block-accordion tab mb-10\">\n    <input type=\"checkbox\" id=\"tab-block_7b85d524637dcce4719202132559cb9c\" >\n    <label class=\"flex flex-col tab-label\" for=\"tab-block_7b85d524637dcce4719202132559cb9c\">\n        <span class=\"border-t-[3px] pr-10 border-t-primary pt-4 cursor-pointer font-display title\">Document\u00e1rios<\/span>\n            <\/label>\n    <div class=\"tab-content\">\n        \n\n<p><a href=\"https:\/\/www.youtube.com\/watch?v=FFZKDAnIiy8\">Link: Sugarland<\/a><\/p>\n\n\n\n<p><a href=\"https:\/\/www.youtube.com\/watch?v=kODhfdlUjLs\" target=\"_blank\" rel=\"noreferrer noopener\">Link: Todos viciados: a armadilha dos alimentos ultra-processados | ARTE<\/a><\/p>\n\n\n\n<p><\/p>\n\n\n    <\/div>\n<\/div>\n\n\n\n<\/div>\n\n\n\n<div class=\"wp-block-column is-layout-flow wp-block-column-is-layout-flow\">\n<h3 class=\"wp-block-heading has-custom-pink-color has-text-color\">Precisas de ajuda? <\/h3>\n\n\n\n<div id=\"accordion-block_8359cd6206a3659b13c6aabebe184116\" class=\"block-accordion tab mb-10\">\n    <input type=\"checkbox\" id=\"tab-block_8359cd6206a3659b13c6aabebe184116\" >\n    <label class=\"flex flex-col tab-label\" for=\"tab-block_8359cd6206a3659b13c6aabebe184116\">\n        <span class=\"border-t-[3px] pr-10 border-t-primary pt-4 cursor-pointer font-display title\">Centro de Obesidade &#8211; RHNe<\/span>\n            <\/label>\n    <div class=\"tab-content\">\n        \n\n<p>Entra em <a href=\"https:\/\/www.rhne.ch\/centre-de-l-obesite\" target=\"_blank\" rel=\"noreferrer noopener\">contacto!<\/a> <\/p>\n\n\n    <\/div>\n<\/div>\n\n\n\n\n\n\n<div id=\"accordion-block_1eec4c1c9d623062232f404cc04acd03\" class=\"block-accordion tab mb-10\">\n    <input type=\"checkbox\" id=\"tab-block_1eec4c1c9d623062232f404cc04acd03\" >\n    <label class=\"flex flex-col tab-label\" for=\"tab-block_1eec4c1c9d623062232f404cc04acd03\">\n        <span class=\"border-t-[3px] pr-10 border-t-primary pt-4 cursor-pointer font-display title\">Centro de Obesidade &#8211; CHUV<\/span>\n            <\/label>\n    <div class=\"tab-content\">\n        \n\n<p>Entra <a href=\"https:\/\/www.chuv.ch\/fr\/obesite\/\" target=\"_blank\" rel=\"noreferrer noopener\">em contacto!<\/a><\/p>\n\n\n    <\/div>\n<\/div>\n\n\n\n\n\n\n<div id=\"accordion-block_b687e394d519bd2f0ab0de80054d976f\" class=\"block-accordion tab mb-10\">\n    <input type=\"checkbox\" id=\"tab-block_b687e394d519bd2f0ab0de80054d976f\" >\n    <label class=\"flex flex-col tab-label\" for=\"tab-block_b687e394d519bd2f0ab0de80054d976f\">\n        <span class=\"border-t-[3px] pr-10 border-t-primary pt-4 cursor-pointer font-display title\">Associa\u00e7\u00e3o de bulimia e anorexia<\/span>\n            <\/label>\n    <div class=\"tab-content\">\n        \n\n<p>Entra <a href=\"https:\/\/boulimie-anorexie.ch\/\" target=\"_blank\" rel=\"noreferrer noopener\">em contacto!<\/a><\/p>\n\n\n    <\/div>\n<\/div>\n\n\n\n\n\n\n<div id=\"accordion-block_ec33598e98a858e5f6525bf0be10f67e\" class=\"block-accordion tab mb-10\">\n    <input type=\"checkbox\" id=\"tab-block_ec33598e98a858e5f6525bf0be10f67e\" >\n    <label class=\"flex flex-col tab-label\" for=\"tab-block_ec33598e98a858e5f6525bf0be10f67e\">\n        <span class=\"border-t-[3px] pr-10 border-t-primary pt-4 cursor-pointer font-display title\">Precisas de mais informa\u00e7\u00f5es?<\/span>\n            <\/label>\n    <div class=\"tab-content\">\n        \n\n<p>Contacta MAYbe Less Sugar: <a href=\"mailto:info@maybeless-sugar.ch\">info@maybeless-sugar.ch<\/a> <\/p>\n\n\n    <\/div>\n<\/div>\n\n\n\n<\/div>\n<\/div>\n<\/div>\n\n<div style=\"height:100px\" aria-hidden=\"true\" class=\"wp-block-spacer\"><\/div>\n\n<h2 class=\"wp-block-heading has-custom-pink-color has-text-color has-link-color wp-elements-f2041ef8ac1b3a2ec499d900fc595e24\">Documentos educativos sobre os a\u00e7\u00facares (em franc\u00eas)<\/h2>\n\n<p><a href=\"https:\/\/maybeless-sugar.ch\/wp-content\/uploads\/2023\/05\/Sucres-et-sucres-ajoutes_SSN-2021.pdf\" target=\"_blank\" rel=\"noreferrer noopener\"><\/a><a href=\"https:\/\/maybeless-sugar.ch\/wp-content\/uploads\/2023\/05\/Sucres-et-sucres-ajoutes_SSN-2021.pdf\">A\u00e7\u00facares adicionados: quantos e onde? (documento da SSN-2021)<\/a><\/p>\n\n<p><a href=\"https:\/\/maybeless-sugar.ch\/wp-content\/uploads\/2023\/05\/Alternatives-aux-produits-avec-sucre-ajoute.pdf\" target=\"_blank\" rel=\"noreferrer noopener\">A\u00e7\u00facar e a\u00e7\u00facar adicionado: o qu\u00ea, onde e quanto? Alternativas? <\/a> (documento de PSS)<\/p>\n\n<p><a href=\"https:\/\/maybeless-sugar.ch\/wp-content\/uploads\/2023\/05\/Guide-pour-la-definition-et-le-calcul-des-sucres-ajoutes-7-1.pdf\">Guia para a defini\u00e7\u00e3o e c\u00e1lculo dos a\u00e7\u00facares adicionados<\/a> (documento OSAV)<\/p>\n\n<p><a href=\"https:\/\/maybeless-sugar.ch\/wp-content\/uploads\/2023\/05\/jeu-sucres-scaled-e1685461368373.jpg\" target=\"_blank\" rel=\"noreferrer noopener\">Jogo FRC &#8220;Quantos cubos de a\u00e7\u00facar tem este produto?<\/a><\/p>\n\n<p><a href=\"https:\/\/maybeless-sugar.ch\/wp-content\/uploads\/2023\/05\/MAYBELESSSUGAR_product_list-web-1.pdf\">Lista de produtos inclu\u00eddos na calculadora MAYbe Less Sugar e quantidade de a\u00e7\u00facar adicionado<\/a><\/p>\n\n<p><a href=\"https:\/\/maybeless-sugar.ch\/wp-content\/uploads\/2023\/05\/Poster-sucres-ajoutes-combien-ou-et-quantites-max-.pdf\" target=\"_blank\" rel=\"noreferrer noopener\">Poster A\u00e7\u00facares adicionados: o qu\u00ea, quanto, onde e quantidades m\u00e1ximas recomendadas?<\/a> (documento SSN)<\/p>\n\n<p><a href=\"https:\/\/maybeless-sugar.ch\/wp-content\/uploads\/2023\/05\/Sucres-et-sucres-ajoutes_SSN-2021.pdf\">A\u00e7\u00facares adicionados : quantos e onde ?<\/a>  (documento SSN-2021)<\/p>\n\n<div style=\"height:100px\" aria-hidden=\"true\" class=\"wp-block-spacer\"><\/div>\n\n<p><\/p>\n","protected":false},"excerpt":{"rendered":"<p>Descobre mais: Precisas de ajuda? Documentos educativos sobre os a\u00e7\u00facares (em franc\u00eas) A\u00e7\u00facares adicionados: quantos e onde? (documento da SSN-2021) A\u00e7\u00facar e a\u00e7\u00facar adicionado: o qu\u00ea, onde e quanto? Alternativas? (documento de PSS) Guia para a defini\u00e7\u00e3o e c\u00e1lculo dos a\u00e7\u00facares adicionados (documento OSAV) Jogo FRC &#8220;Quantos cubos de a\u00e7\u00facar tem este produto? Lista de [&hellip;]<\/p>\n","protected":false},"author":7200,"featured_media":0,"parent":0,"menu_order":0,"comment_status":"closed","ping_status":"closed","template":"","meta":{"_acf_changed":false,"footnotes":""},"class_list":["post-7046","page","type-page","status-publish","hentry"],"acf":[],"yoast_head":"<!-- This site is optimized with the Yoast SEO plugin v26.5 - https:\/\/yoast.com\/wordpress\/plugins\/seo\/ -->\n<title>Links \u00fateis - Maybeless sugar<\/title>\n<meta name=\"robots\" content=\"index, follow, max-snippet:-1, max-image-preview:large, max-video-preview:-1\" \/>\n<link rel=\"canonical\" href=\"https:\/\/maybeless-sugar.ch\/pt-pt\/ligacoes-uteis\/\" \/>\n<meta property=\"og:locale\" content=\"pt_PT\" \/>\n<meta property=\"og:type\" content=\"article\" \/>\n<meta property=\"og:title\" content=\"Links \u00fateis - Maybeless sugar\" \/>\n<meta property=\"og:description\" content=\"Descobre mais: Precisas de ajuda? Documentos educativos sobre os a\u00e7\u00facares (em franc\u00eas) A\u00e7\u00facares adicionados: quantos e onde? (documento da SSN-2021) A\u00e7\u00facar e a\u00e7\u00facar adicionado: o qu\u00ea, onde e quanto? Alternativas? (documento de PSS) Guia para a defini\u00e7\u00e3o e c\u00e1lculo dos a\u00e7\u00facares adicionados (documento OSAV) Jogo FRC &#8220;Quantos cubos de a\u00e7\u00facar tem este produto? Lista de [&hellip;]\" \/>\n<meta property=\"og:url\" content=\"https:\/\/maybeless-sugar.ch\/pt-pt\/ligacoes-uteis\/\" \/>\n<meta property=\"og:site_name\" content=\"Maybeless sugar\" \/>\n<meta property=\"article:modified_time\" content=\"2026-04-21T10:00:06+00:00\" \/>\n<meta name=\"twitter:card\" content=\"summary_large_image\" \/>\n<meta name=\"twitter:label1\" content=\"Tempo estimado de leitura\" \/>\n\t<meta name=\"twitter:data1\" content=\"1 minuto\" \/>\n<script type=\"application\/ld+json\" class=\"yoast-schema-graph\">{\"@context\":\"https:\/\/schema.org\",\"@graph\":[{\"@type\":\"WebPage\",\"@id\":\"https:\/\/maybeless-sugar.ch\/pt-pt\/ligacoes-uteis\/\",\"url\":\"https:\/\/maybeless-sugar.ch\/pt-pt\/ligacoes-uteis\/\",\"name\":\"Links \u00fateis - Maybeless sugar\",\"isPartOf\":{\"@id\":\"https:\/\/maybeless-sugar.ch\/pt-pt\/#website\"},\"datePublished\":\"2024-04-28T14:04:19+00:00\",\"dateModified\":\"2026-04-21T10:00:06+00:00\",\"breadcrumb\":{\"@id\":\"https:\/\/maybeless-sugar.ch\/pt-pt\/ligacoes-uteis\/#breadcrumb\"},\"inLanguage\":\"pt-PT\",\"potentialAction\":[{\"@type\":\"ReadAction\",\"target\":[\"https:\/\/maybeless-sugar.ch\/pt-pt\/ligacoes-uteis\/\"]}]},{\"@type\":\"BreadcrumbList\",\"@id\":\"https:\/\/maybeless-sugar.ch\/pt-pt\/ligacoes-uteis\/#breadcrumb\",\"itemListElement\":[{\"@type\":\"ListItem\",\"position\":1,\"name\":\"Home\",\"item\":\"https:\/\/maybeless-sugar.ch\/pt-pt\/\"},{\"@type\":\"ListItem\",\"position\":2,\"name\":\"Links \u00fateis\"}]},{\"@type\":\"WebSite\",\"@id\":\"https:\/\/maybeless-sugar.ch\/pt-pt\/#website\",\"url\":\"https:\/\/maybeless-sugar.ch\/pt-pt\/\",\"name\":\"Maybeless sugar\",\"description\":\"Doux mois de mai moins sucr\u00e9\",\"potentialAction\":[{\"@type\":\"SearchAction\",\"target\":{\"@type\":\"EntryPoint\",\"urlTemplate\":\"https:\/\/maybeless-sugar.ch\/pt-pt\/?s={search_term_string}\"},\"query-input\":{\"@type\":\"PropertyValueSpecification\",\"valueRequired\":true,\"valueName\":\"search_term_string\"}}],\"inLanguage\":\"pt-PT\"}]}<\/script>\n<!-- \/ Yoast SEO plugin. -->","yoast_head_json":{"title":"Links \u00fateis - Maybeless sugar","robots":{"index":"index","follow":"follow","max-snippet":"max-snippet:-1","max-image-preview":"max-image-preview:large","max-video-preview":"max-video-preview:-1"},"canonical":"https:\/\/maybeless-sugar.ch\/pt-pt\/ligacoes-uteis\/","og_locale":"pt_PT","og_type":"article","og_title":"Links \u00fateis - Maybeless sugar","og_description":"Descobre mais: Precisas de ajuda? Documentos educativos sobre os a\u00e7\u00facares (em franc\u00eas) A\u00e7\u00facares adicionados: quantos e onde? (documento da SSN-2021) A\u00e7\u00facar e a\u00e7\u00facar adicionado: o qu\u00ea, onde e quanto? Alternativas? (documento de PSS) Guia para a defini\u00e7\u00e3o e c\u00e1lculo dos a\u00e7\u00facares adicionados (documento OSAV) Jogo FRC &#8220;Quantos cubos de a\u00e7\u00facar tem este produto? Lista de [&hellip;]","og_url":"https:\/\/maybeless-sugar.ch\/pt-pt\/ligacoes-uteis\/","og_site_name":"Maybeless sugar","article_modified_time":"2026-04-21T10:00:06+00:00","twitter_card":"summary_large_image","twitter_misc":{"Tempo estimado de leitura":"1 minuto"},"schema":{"@context":"https:\/\/schema.org","@graph":[{"@type":"WebPage","@id":"https:\/\/maybeless-sugar.ch\/pt-pt\/ligacoes-uteis\/","url":"https:\/\/maybeless-sugar.ch\/pt-pt\/ligacoes-uteis\/","name":"Links \u00fateis - Maybeless sugar","isPartOf":{"@id":"https:\/\/maybeless-sugar.ch\/pt-pt\/#website"},"datePublished":"2024-04-28T14:04:19+00:00","dateModified":"2026-04-21T10:00:06+00:00","breadcrumb":{"@id":"https:\/\/maybeless-sugar.ch\/pt-pt\/ligacoes-uteis\/#breadcrumb"},"inLanguage":"pt-PT","potentialAction":[{"@type":"ReadAction","target":["https:\/\/maybeless-sugar.ch\/pt-pt\/ligacoes-uteis\/"]}]},{"@type":"BreadcrumbList","@id":"https:\/\/maybeless-sugar.ch\/pt-pt\/ligacoes-uteis\/#breadcrumb","itemListElement":[{"@type":"ListItem","position":1,"name":"Home","item":"https:\/\/maybeless-sugar.ch\/pt-pt\/"},{"@type":"ListItem","position":2,"name":"Links \u00fateis"}]},{"@type":"WebSite","@id":"https:\/\/maybeless-sugar.ch\/pt-pt\/#website","url":"https:\/\/maybeless-sugar.ch\/pt-pt\/","name":"Maybeless sugar","description":"Doux mois de mai moins sucr\u00e9","potentialAction":[{"@type":"SearchAction","target":{"@type":"EntryPoint","urlTemplate":"https:\/\/maybeless-sugar.ch\/pt-pt\/?s={search_term_string}"},"query-input":{"@type":"PropertyValueSpecification","valueRequired":true,"valueName":"search_term_string"}}],"inLanguage":"pt-PT"}]}},"_links":{"self":[{"href":"https:\/\/maybeless-sugar.ch\/pt-pt\/wp-json\/wp\/v2\/pages\/7046","targetHints":{"allow":["GET"]}}],"collection":[{"href":"https:\/\/maybeless-sugar.ch\/pt-pt\/wp-json\/wp\/v2\/pages"}],"about":[{"href":"https:\/\/maybeless-sugar.ch\/pt-pt\/wp-json\/wp\/v2\/types\/page"}],"author":[{"embeddable":true,"href":"https:\/\/maybeless-sugar.ch\/pt-pt\/wp-json\/wp\/v2\/users\/7200"}],"replies":[{"embeddable":true,"href":"https:\/\/maybeless-sugar.ch\/pt-pt\/wp-json\/wp\/v2\/comments?post=7046"}],"version-history":[{"count":5,"href":"https:\/\/maybeless-sugar.ch\/pt-pt\/wp-json\/wp\/v2\/pages\/7046\/revisions"}],"predecessor-version":[{"id":9075,"href":"https:\/\/maybeless-sugar.ch\/pt-pt\/wp-json\/wp\/v2\/pages\/7046\/revisions\/9075"}],"wp:attachment":[{"href":"https:\/\/maybeless-sugar.ch\/pt-pt\/wp-json\/wp\/v2\/media?parent=7046"}],"curies":[{"name":"wp","href":"https:\/\/api.w.org\/{rel}","templated":true}]}}