{"id":7068,"date":"2025-09-23T09:31:38","date_gmt":"2025-09-23T07:31:38","guid":{"rendered":"https:\/\/maybeless-sugar.ch\/politica-de-privacidade\/"},"modified":"2026-04-18T13:54:39","modified_gmt":"2026-04-18T11:54:39","slug":"politica-de-privacidade","status":"publish","type":"page","link":"https:\/\/maybeless-sugar.ch\/pt-pt\/politica-de-privacidade\/","title":{"rendered":"Pol\u00edtica de privacidade"},"content":{"rendered":"\n<p>Pol\u00edtica de privacidade<br\/>\u00daltima atualiza\u00e7\u00e3o: 23 de setembro de 2025<br\/>Data de entrada em vigor: 23 de setembro de 2025<\/p>\n\n<p>Esta Pol\u00edtica de Privacidade descreve as pol\u00edticas da Diab\u00e8te Vaud, Avenue de Provence 4, 1007 Lausanne, Su\u00ed\u00e7a, e-mail: <a>info@diabetevaud.ch,<\/a> telefone: 021 657 19 20, relativamente \u00e0 recolha, utiliza\u00e7\u00e3o e divulga\u00e7\u00e3o da sua informa\u00e7\u00e3o quando utiliza o nosso site <a href=\"https:\/\/maybeless-sugar.ch\/pt-pt\/\">(https:\/\/maybeless-sugar.ch)<\/a>(o &#8220;Servi\u00e7o&#8221;).<br\/>Ao aceder ou utilizar o Servi\u00e7o, consente a recolha, utiliza\u00e7\u00e3o e divulga\u00e7\u00e3o da sua informa\u00e7\u00e3o de acordo com esta Pol\u00edtica de Privacidade. Se n\u00e3o consentires, n\u00e3o acedas nem utilizes o Servi\u00e7o. <\/p>\n\n<p>Podemos alterar esta Pol\u00edtica de Privacidade em qualquer altura sem aviso pr\u00e9vio. A vers\u00e3o revista ser\u00e1 publicada no Servi\u00e7o e entrar\u00e1 em vigor 180 dias ap\u00f3s a sua publica\u00e7\u00e3o. A tua utiliza\u00e7\u00e3o continuada do Servi\u00e7o ap\u00f3s esse per\u00edodo constituir\u00e1 a tua aceita\u00e7\u00e3o da Pol\u00edtica revista. Por isso, recomendamos que consultes esta p\u00e1gina regularmente.   <\/p>\n\n<h3 class=\"wp-block-heading\">Informa\u00e7\u00f5es que recolhemos<\/h3>\n\n<p>Recolhemos e processamos as seguintes informa\u00e7\u00f5es pessoais:<\/p>\n\n<ul class=\"wp-block-list\">\n<li>Nome<\/li>\n\n\n\n<li>Endere\u00e7o de correio eletr\u00f3nico<\/li>\n\n\n\n<li>N\u00famero de telem\u00f3vel<\/li>\n\n\n\n<li>Data de nascimento<\/li>\n\n\n\n<li>Endere\u00e7o<\/li>\n\n\n\n<li>Idade<\/li>\n\n\n\n<li>Peso<\/li>\n\n\n\n<li>Qualquer outra informa\u00e7\u00e3o solicitada no formul\u00e1rio<\/li>\n<\/ul>\n\n<p><\/p>\n\n<h3 class=\"wp-block-heading\">Como recolhemos as suas informa\u00e7\u00f5es<\/h3>\n\n<p>Recolhemos as suas informa\u00e7\u00f5es das seguintes formas:<\/p>\n\n<ul class=\"wp-block-list\">\n<li>Quando preenche o formul\u00e1rio de registo ou envia informa\u00e7\u00f5es pessoais<\/li>\n\n\n\n<li>Quando interage com o site<\/li>\n\n\n\n<li>De fontes p\u00fablicas<\/li>\n<\/ul>\n\n<p><\/p>\n\n<h3 class=\"wp-block-heading\">Como utilizamos as suas informa\u00e7\u00f5es<\/h3>\n\n<p>Utilizamos as informa\u00e7\u00f5es recolhidas para os seguintes fins:<\/p>\n\n<ul class=\"wp-block-list\">\n<li>Criar uma conta de utilizador<\/li>\n<\/ul>\n\n<p><\/p>\n\n<p>Se pretendermos utilizar as suas informa\u00e7\u00f5es para outros fins, solicitaremos o seu consentimento pr\u00e9vio e s\u00f3 utilizaremos os seus dados para os fins para os quais deu o seu consentimento, salvo disposi\u00e7\u00e3o legal em contr\u00e1rio.<\/p>\n\n<h3 class=\"wp-block-heading\">Partilhar a sua informa\u00e7\u00e3o<\/h3>\n\n<p>N\u00e3o transferiremos as suas informa\u00e7\u00f5es pessoais para terceiros sem o seu consentimento, exceto nas seguintes circunst\u00e2ncias limitadas:<\/p>\n\n<ul class=\"wp-block-list\">\n<li>An\u00e1lise estat\u00edstica<\/li>\n\n\n\n<li>Recolha e tratamento de dados<\/li>\n<\/ul>\n\n<p><\/p>\n\n<p>Estes terceiros s\u00e3o obrigados a utilizar as informa\u00e7\u00f5es pessoais apenas para os fins para os quais lhes foram transmitidas e a n\u00e3o as conservar por mais tempo do que o necess\u00e1rio.<\/p>\n\n<p>Tamb\u00e9m podemos divulgar as suas informa\u00e7\u00f5es pessoais para:<\/p>\n\n<ol class=\"wp-block-list\">\n<li>Cumprir a lei, um regulamento ou uma decis\u00e3o judicial;<\/li>\n\n\n\n<li>Fazer cumprir os nossos acordos, incluindo a presente Pol\u00edtica de Privacidade;<\/li>\n\n\n\n<li>Responder a reclama\u00e7\u00f5es de que a sua utiliza\u00e7\u00e3o do Servi\u00e7o infringe os direitos de terceiros.<\/li>\n<\/ol>\n\n<p><\/p>\n\n<p>No caso de uma fus\u00e3o ou aquisi\u00e7\u00e3o da nossa empresa, as suas informa\u00e7\u00f5es podem ser transferidas para o novo adquirente.<\/p>\n\n<h3 class=\"wp-block-heading\">Conserva\u00e7\u00e3o das suas informa\u00e7\u00f5es<\/h3>\n\n<p>Conservaremos as tuas informa\u00e7\u00f5es pessoais durante um per\u00edodo de 90 dias a 2 anos ap\u00f3s a elimina\u00e7\u00e3o da tua conta, ou durante o tempo necess\u00e1rio para cumprir os objectivos definidos na presente Pol\u00edtica.<br\/>Alguns dados podem ser conservados durante per\u00edodos mais longos para fins legais, contabil\u00edsticos ou de preven\u00e7\u00e3o de fraudes.<br\/>As informa\u00e7\u00f5es an\u00f3nimas ou agregadas, que n\u00e3o te identificam direta ou indiretamente, podem ser conservadas indefinidamente.<\/p>\n\n<h3 class=\"wp-block-heading\">Os seus direitos<\/h3>\n\n<p>Dependendo da legisla\u00e7\u00e3o aplic\u00e1vel, pode ter o direito de aceder, retificar, apagar ou receber uma c\u00f3pia dos seus dados pessoais, limitar ou opor-se ao seu processamento, solicitar a sua transfer\u00eancia para outra organiza\u00e7\u00e3o ou retirar o seu consentimento. Pode exercer estes direitos escrevendo-nos para <a>info@diabetevaud.ch.<\/a><br\/>Responderemos ao seu pedido em conformidade com a lei. <\/p>\n\n<p>Pode tamb\u00e9m opor-se \u00e0 rece\u00e7\u00e3o de comunica\u00e7\u00f5es de marketing direto ou \u00e0 defini\u00e7\u00e3o de perfis para fins de marketing, contactando-nos no mesmo endere\u00e7o.<\/p>\n\n<p>Tenha em aten\u00e7\u00e3o que a recusa em autorizar a recolha ou o tratamento de determinados dados pode impossibilitar o acesso a determinados servi\u00e7os.<\/p>\n\n<h3 class=\"wp-block-heading\">Cookies e tecnologias semelhantes<\/h3>\n\n<p>Para saber mais sobre a nossa utiliza\u00e7\u00e3o de cookies e as op\u00e7\u00f5es que tem, consulte a nossa <a href=\"https:\/\/maybeless-sugar.ch\/pt-pt\/?page_id=6957\">Pol\u00edtica de Cookies.<\/a><\/p>\n\n<h3 class=\"wp-block-heading\">Seguran\u00e7a<\/h3>\n\n<p>A seguran\u00e7a das suas informa\u00e7\u00f5es \u00e9 importante para n\u00f3s. Tomamos medidas razo\u00e1veis para evitar a perda, a utiliza\u00e7\u00e3o indevida ou a modifica\u00e7\u00e3o n\u00e3o autorizada dos seus dados. No entanto, como nenhum sistema \u00e9 completamente seguro, n\u00e3o podemos garantir a seguran\u00e7a absoluta das tuas informa\u00e7\u00f5es transmitidas atrav\u00e9s do Servi\u00e7o. Por conseguinte, f\u00e1-lo por sua conta e risco.   <\/p>\n\n<h3 class=\"wp-block-heading\">Respons\u00e1vel pela prote\u00e7\u00e3o de dados \/ Queixas<\/h3>\n\n<p>Se tiver alguma quest\u00e3o ou d\u00favida sobre o tratamento dos seus dados, podes contactar o nosso gestor em:<br\/><strong>Diab\u00e8te Vaud<\/strong><br\/>Avenue de Provence 4<br\/>Email: <a>info@diabetevaud.ch<\/a><\/p>\n\n<p>Processaremos os seus pedidos em conformidade com a legisla\u00e7\u00e3o aplic\u00e1vel.<\/p>\n\n<p><\/p>\n","protected":false},"excerpt":{"rendered":"<p>Pol\u00edtica de privacidade\u00daltima atualiza\u00e7\u00e3o: 23 de setembro de 2025Data de entrada em vigor: 23 de setembro de 2025 Esta Pol\u00edtica de Privacidade descreve as pol\u00edticas da Diab\u00e8te Vaud, Avenue de Provence 4, 1007 Lausanne, Su\u00ed\u00e7a, e-mail: info@diabetevaud.ch, telefone: 021 657 19 20, relativamente \u00e0 recolha, utiliza\u00e7\u00e3o e divulga\u00e7\u00e3o da sua informa\u00e7\u00e3o quando utiliza o nosso [&hellip;]<\/p>\n","protected":false},"author":7241,"featured_media":0,"parent":0,"menu_order":0,"comment_status":"closed","ping_status":"closed","template":"","meta":{"_acf_changed":false,"footnotes":""},"class_list":["post-7068","page","type-page","status-publish","hentry"],"acf":[],"yoast_head":"<!-- This site is optimized with the Yoast SEO plugin v26.5 - https:\/\/yoast.com\/wordpress\/plugins\/seo\/ -->\n<title>Pol\u00edtica de privacidade - Maybeless sugar<\/title>\n<meta name=\"robots\" content=\"index, follow, max-snippet:-1, max-image-preview:large, max-video-preview:-1\" \/>\n<link rel=\"canonical\" href=\"https:\/\/maybeless-sugar.ch\/pt-pt\/politica-de-privacidade\/\" \/>\n<meta property=\"og:locale\" content=\"pt_PT\" \/>\n<meta property=\"og:type\" content=\"article\" \/>\n<meta property=\"og:title\" content=\"Pol\u00edtica de privacidade - Maybeless sugar\" \/>\n<meta property=\"og:description\" content=\"Pol\u00edtica de privacidade\u00daltima atualiza\u00e7\u00e3o: 23 de setembro de 2025Data de entrada em vigor: 23 de setembro de 2025 Esta Pol\u00edtica de Privacidade descreve as pol\u00edticas da Diab\u00e8te Vaud, Avenue de Provence 4, 1007 Lausanne, Su\u00ed\u00e7a, e-mail: info@diabetevaud.ch, telefone: 021 657 19 20, relativamente \u00e0 recolha, utiliza\u00e7\u00e3o e divulga\u00e7\u00e3o da sua informa\u00e7\u00e3o quando utiliza o nosso [&hellip;]\" \/>\n<meta property=\"og:url\" content=\"https:\/\/maybeless-sugar.ch\/pt-pt\/politica-de-privacidade\/\" \/>\n<meta property=\"og:site_name\" content=\"Maybeless sugar\" \/>\n<meta property=\"article:modified_time\" content=\"2026-04-18T11:54:39+00:00\" \/>\n<meta name=\"twitter:card\" content=\"summary_large_image\" \/>\n<meta name=\"twitter:label1\" content=\"Tempo estimado de leitura\" \/>\n\t<meta name=\"twitter:data1\" content=\"4 minutos\" \/>\n<script type=\"application\/ld+json\" class=\"yoast-schema-graph\">{\"@context\":\"https:\/\/schema.org\",\"@graph\":[{\"@type\":\"WebPage\",\"@id\":\"https:\/\/maybeless-sugar.ch\/pt-pt\/politica-de-privacidade\/\",\"url\":\"https:\/\/maybeless-sugar.ch\/pt-pt\/politica-de-privacidade\/\",\"name\":\"Pol\u00edtica de privacidade - Maybeless sugar\",\"isPartOf\":{\"@id\":\"https:\/\/maybeless-sugar.ch\/pt-pt\/#website\"},\"datePublished\":\"2025-09-23T07:31:38+00:00\",\"dateModified\":\"2026-04-18T11:54:39+00:00\",\"breadcrumb\":{\"@id\":\"https:\/\/maybeless-sugar.ch\/pt-pt\/politica-de-privacidade\/#breadcrumb\"},\"inLanguage\":\"pt-PT\",\"potentialAction\":[{\"@type\":\"ReadAction\",\"target\":[\"https:\/\/maybeless-sugar.ch\/pt-pt\/politica-de-privacidade\/\"]}]},{\"@type\":\"BreadcrumbList\",\"@id\":\"https:\/\/maybeless-sugar.ch\/pt-pt\/politica-de-privacidade\/#breadcrumb\",\"itemListElement\":[{\"@type\":\"ListItem\",\"position\":1,\"name\":\"Home\",\"item\":\"https:\/\/maybeless-sugar.ch\/pt-pt\/?page_id=7269\"},{\"@type\":\"ListItem\",\"position\":2,\"name\":\"Pol\u00edtica de privacidade\"}]},{\"@type\":\"WebSite\",\"@id\":\"https:\/\/maybeless-sugar.ch\/pt-pt\/#website\",\"url\":\"https:\/\/maybeless-sugar.ch\/pt-pt\/\",\"name\":\"Maybeless sugar\",\"description\":\"Doux mois de mai moins sucr\u00e9\",\"potentialAction\":[{\"@type\":\"SearchAction\",\"target\":{\"@type\":\"EntryPoint\",\"urlTemplate\":\"https:\/\/maybeless-sugar.ch\/pt-pt\/?s={search_term_string}\"},\"query-input\":{\"@type\":\"PropertyValueSpecification\",\"valueRequired\":true,\"valueName\":\"search_term_string\"}}],\"inLanguage\":\"pt-PT\"}]}<\/script>\n<!-- \/ Yoast SEO plugin. -->","yoast_head_json":{"title":"Pol\u00edtica de privacidade - Maybeless sugar","robots":{"index":"index","follow":"follow","max-snippet":"max-snippet:-1","max-image-preview":"max-image-preview:large","max-video-preview":"max-video-preview:-1"},"canonical":"https:\/\/maybeless-sugar.ch\/pt-pt\/politica-de-privacidade\/","og_locale":"pt_PT","og_type":"article","og_title":"Pol\u00edtica de privacidade - Maybeless sugar","og_description":"Pol\u00edtica de privacidade\u00daltima atualiza\u00e7\u00e3o: 23 de setembro de 2025Data de entrada em vigor: 23 de setembro de 2025 Esta Pol\u00edtica de Privacidade descreve as pol\u00edticas da Diab\u00e8te Vaud, Avenue de Provence 4, 1007 Lausanne, Su\u00ed\u00e7a, e-mail: info@diabetevaud.ch, telefone: 021 657 19 20, relativamente \u00e0 recolha, utiliza\u00e7\u00e3o e divulga\u00e7\u00e3o da sua informa\u00e7\u00e3o quando utiliza o nosso [&hellip;]","og_url":"https:\/\/maybeless-sugar.ch\/pt-pt\/politica-de-privacidade\/","og_site_name":"Maybeless sugar","article_modified_time":"2026-04-18T11:54:39+00:00","twitter_card":"summary_large_image","twitter_misc":{"Tempo estimado de leitura":"4 minutos"},"schema":{"@context":"https:\/\/schema.org","@graph":[{"@type":"WebPage","@id":"https:\/\/maybeless-sugar.ch\/pt-pt\/politica-de-privacidade\/","url":"https:\/\/maybeless-sugar.ch\/pt-pt\/politica-de-privacidade\/","name":"Pol\u00edtica de privacidade - Maybeless sugar","isPartOf":{"@id":"https:\/\/maybeless-sugar.ch\/pt-pt\/#website"},"datePublished":"2025-09-23T07:31:38+00:00","dateModified":"2026-04-18T11:54:39+00:00","breadcrumb":{"@id":"https:\/\/maybeless-sugar.ch\/pt-pt\/politica-de-privacidade\/#breadcrumb"},"inLanguage":"pt-PT","potentialAction":[{"@type":"ReadAction","target":["https:\/\/maybeless-sugar.ch\/pt-pt\/politica-de-privacidade\/"]}]},{"@type":"BreadcrumbList","@id":"https:\/\/maybeless-sugar.ch\/pt-pt\/politica-de-privacidade\/#breadcrumb","itemListElement":[{"@type":"ListItem","position":1,"name":"Home","item":"https:\/\/maybeless-sugar.ch\/pt-pt\/?page_id=7269"},{"@type":"ListItem","position":2,"name":"Pol\u00edtica de privacidade"}]},{"@type":"WebSite","@id":"https:\/\/maybeless-sugar.ch\/pt-pt\/#website","url":"https:\/\/maybeless-sugar.ch\/pt-pt\/","name":"Maybeless sugar","description":"Doux mois de mai moins sucr\u00e9","potentialAction":[{"@type":"SearchAction","target":{"@type":"EntryPoint","urlTemplate":"https:\/\/maybeless-sugar.ch\/pt-pt\/?s={search_term_string}"},"query-input":{"@type":"PropertyValueSpecification","valueRequired":true,"valueName":"search_term_string"}}],"inLanguage":"pt-PT"}]}},"_links":{"self":[{"href":"https:\/\/maybeless-sugar.ch\/pt-pt\/wp-json\/wp\/v2\/pages\/7068","targetHints":{"allow":["GET"]}}],"collection":[{"href":"https:\/\/maybeless-sugar.ch\/pt-pt\/wp-json\/wp\/v2\/pages"}],"about":[{"href":"https:\/\/maybeless-sugar.ch\/pt-pt\/wp-json\/wp\/v2\/types\/page"}],"author":[{"embeddable":true,"href":"https:\/\/maybeless-sugar.ch\/pt-pt\/wp-json\/wp\/v2\/users\/7241"}],"replies":[{"embeddable":true,"href":"https:\/\/maybeless-sugar.ch\/pt-pt\/wp-json\/wp\/v2\/comments?post=7068"}],"version-history":[{"count":2,"href":"https:\/\/maybeless-sugar.ch\/pt-pt\/wp-json\/wp\/v2\/pages\/7068\/revisions"}],"predecessor-version":[{"id":8981,"href":"https:\/\/maybeless-sugar.ch\/pt-pt\/wp-json\/wp\/v2\/pages\/7068\/revisions\/8981"}],"wp:attachment":[{"href":"https:\/\/maybeless-sugar.ch\/pt-pt\/wp-json\/wp\/v2\/media?parent=7068"}],"curies":[{"name":"wp","href":"https:\/\/api.w.org\/{rel}","templated":true}]}}