{"id":7280,"date":"2023-02-05T14:17:22","date_gmt":"2023-02-05T13:17:22","guid":{"rendered":"https:\/\/maybeless-sugar.ch\/eu-descubro\/"},"modified":"2026-04-21T11:39:12","modified_gmt":"2026-04-21T09:39:12","slug":"eu-descubro","status":"publish","type":"page","link":"https:\/\/maybeless-sugar.ch\/pt-pt\/eu-descubro\/","title":{"rendered":"Eu descubro"},"content":{"rendered":"\n<div style=\"height:85px\" aria-hidden=\"true\" class=\"wp-block-spacer\"><\/div>\n<h1 class=\"has-text-align-center wp-block-post-title has-text-color has-custom-pink-color\">Eu descubro<\/h1>\n<div style=\"height:130px\" aria-hidden=\"true\" class=\"wp-block-spacer\"><\/div>\n\n<div class=\"wp-block-columns is-style-no-margin is-layout-flex wp-container-core-columns-is-layout-9d6595d7 wp-block-columns-is-layout-flex\">\n<div class=\"wp-block-column is-layout-flow wp-block-column-is-layout-flow\">\n<figure class=\"wp-block-image size-large\"><img decoding=\"async\" width=\"752\" height=\"1024\" src=\"https:\/\/maybeless-sugar.ch\/wp-content\/uploads\/2023\/02\/MBLS_cards-752x1024.png\" alt=\"\" class=\"wp-image-367\" srcset=\"https:\/\/maybeless-sugar.ch\/wp-content\/uploads\/2023\/02\/MBLS_cards-752x1024.png 752w, https:\/\/maybeless-sugar.ch\/wp-content\/uploads\/2023\/02\/MBLS_cards-220x300.png 220w, https:\/\/maybeless-sugar.ch\/wp-content\/uploads\/2023\/02\/MBLS_cards-768x1045.png 768w, https:\/\/maybeless-sugar.ch\/wp-content\/uploads\/2023\/02\/MBLS_cards.png 933w\" sizes=\"(max-width: 752px) 100vw, 752px\" \/><\/figure>\n<\/div>\n\n\n\n<div class=\"wp-block-column is-layout-flow wp-block-column-is-layout-flow\">\n<h2 class=\"wp-block-heading has-custom-pink-color has-text-color\">O que \u00e9<br\/>MAYbe Less Sugar?<\/h2>\n\n\n\n<p>MAYbe Less Sugar \u00e9 uma campanha que decorre na Su\u00ed\u00e7a durante o m\u00eas de maio.<br\/>Convida as pessoas a informarem-se sobre os a\u00e7\u00facares adicionados, onde e quanto consumimos, porqu\u00ea e como reduzi-los.<\/p>\n\n\n\n<div style=\"height:100px\" aria-hidden=\"true\" class=\"wp-block-spacer\"><\/div>\n\n\n\n<h2 class=\"wp-block-heading has-custom-pink-color has-text-color\">Como isso funciona?<\/h2>\n\n\n\n<p>\u00c9 muito simples. Ao inscrever-me no MAYbe Less Sugar, descubro a quantidade de a\u00e7\u00facar adicionado que consumo, posso participar em eventos e receber conselhos e dicas sobre como experimentar comer e beber menos a\u00e7\u00facar. <\/p>\n\n\n\n<p>Ap\u00f3s o sucesso das edi\u00e7\u00f5es anuais desde 2023, vemo-nos em maio de 2026. At\u00e9 l\u00e1, o site e a calculadora on-line continuar\u00e3o dispon\u00edveis para lhe ajudar a descobrir a quantidade de a\u00e7\u00facar adicionado que consomes. E, claro, para experimentar dicas sobre como comer e beber menos a\u00e7\u00facar!  <\/p>\n\n\n\n<div class=\"wp-block-buttons is-layout-flex wp-block-buttons-is-layout-flex\">\n<div class=\"wp-block-button\"><a class=\"wp-block-button__link has-custom-pink-background-color has-background wp-element-button\" href=\"https:\/\/maybeless-sugar.ch\/pt-pt\/calcula-o-meu-consumo\/\">Gostaria de me registar<\/a><\/div>\n<\/div>\n\n\n\n<div style=\"height:50px\" aria-hidden=\"true\" class=\"wp-block-spacer\"><\/div>\n<\/div>\n<\/div>\n\n<h2 class=\"wp-block-heading has-text-align-center tm-fat has-custom-pink-color has-text-color\">Por que<br\/>participar?<\/h2>\n\n<h5 class=\"wp-block-heading has-text-align-center\">Pergunt\u00e1mos \u00e0s pessoas que testaram<\/h5>\n\n<div style=\"height:60px\" aria-hidden=\"true\" class=\"wp-block-spacer\"><\/div>\n\n<div class=\"wp-block-columns is-layout-flex wp-container-core-columns-is-layout-9d6595d7 wp-block-columns-is-layout-flex\">\n<div class=\"wp-block-column is-layout-flow wp-block-column-is-layout-flow\">\n<style>.embed-container { position: relative; padding-bottom: 56.25%; height: 0; overflow: hidden; max-width: 100%; } .embed-container iframe, .embed-container object, .embed-container embed { position: absolute; top: 0; left: 0; width: 100%; height: 100%; }<\/style><div class=\"embed-container\"><iframe src=\"https:\/\/www.youtube.com\/embed\/vlKujm7TuYo\" frameborder=\"0\" allowfullscreen=\"\"><\/iframe><\/div>\n<\/div>\n\n\n\n<div class=\"wp-block-column is-layout-flow wp-block-column-is-layout-flow\">\n<style>.embed-container { position: relative; padding-bottom: 56.25%; height: 0; overflow: hidden; max-width: 100%; } .embed-container iframe, .embed-container object, .embed-container embed { position: absolute; top: 0; left: 0; width: 100%; height: 100%; }<\/style><div class=\"embed-container\"><iframe src=\"https:\/\/www.youtube.com\/embed\/_HYjTAEu2mg\" frameborder=\"0\" allowfullscreen=\"\"><\/iframe><\/div>\n<\/div>\n\n\n\n<div class=\"wp-block-column is-layout-flow wp-block-column-is-layout-flow\">\n<style>.embed-container { position: relative; padding-bottom: 56.25%; height: 0; overflow: hidden; max-width: 100%; } .embed-container iframe, .embed-container object, .embed-container embed { position: absolute; top: 0; left: 0; width: 100%; height: 100%; }<\/style><div class=\"embed-container\"><iframe src=\"https:\/\/www.youtube.com\/embed\/u1Ga21YqKjU\" frameborder=\"0\" allowfullscreen=\"\"><\/iframe><\/div>\n<\/div>\n<\/div>\n<div id=\"block-grid_testimonials-block_73c00740f44a06e1b590212b1e4f668d\" class=\"block-testimonial \">\n\t\t<div class=\"grid grid-cols-1 gap-10 md:grid-cols-2 lg:grid-cols-3\">\n\t\t\t<\/div>\n<\/div>\n<div style=\"height:100px\" aria-hidden=\"true\" class=\"wp-block-spacer\"><\/div>\n\n<h2 class=\"wp-block-heading has-text-align-center tm-fat has-custom-pink-color has-text-color\">Quem pode <br\/>participar?<\/h2>\n\n<p class=\"has-text-align-center\">A campanha MAYbe Less Sugar \u00e9 gratuita e est\u00e1 aberta a todos.<br\/>\u00d3ptimas not\u00edcias! Posso convidar a minha fam\u00edlia, amigos e colegas a participar.   <br\/>Participar em conjunto \u00e9 mais f\u00e1cil e mais motivador.<\/p>\n\n<div style=\"height:20px\" aria-hidden=\"true\" class=\"wp-block-spacer\"><\/div>\n\n<div class=\"wp-block-buttons is-content-justification-center is-layout-flex wp-container-core-buttons-is-layout-16018d1d wp-block-buttons-is-layout-flex\">\n<div class=\"wp-block-button\"><a class=\"wp-block-button__link has-custom-pink-background-color has-background wp-element-button\" href=\"https:\/\/maybeless-sugar.ch\/pt-pt\/calcula-o-meu-consumo\/\">Estou a participar<\/a><\/div>\n<\/div>\n\n<div style=\"height:60px\" aria-hidden=\"true\" class=\"wp-block-spacer\"><\/div>\n\n<div class=\"wp-block-columns alignfull is-style-no-padding is-layout-flex wp-container-core-columns-is-layout-9d6595d7 wp-block-columns-is-layout-flex\">\n<div class=\"wp-block-column has-gray-light-background-color has-background is-layout-flow wp-block-column-is-layout-flow\">\n<div class=\"wp-block-cover\"><span aria-hidden=\"true\" class=\"wp-block-cover__background has-custom-pink-background-color has-background-dim-100 has-background-dim\"><\/span><div class=\"wp-block-cover__inner-container is-layout-flow wp-block-cover-is-layout-flow\">\n<figure class=\"wp-block-image aligncenter size-large is-resized\"><img decoding=\"async\" width=\"387\" height=\"283\" src=\"https:\/\/maybeless-sugar.ch\/wp-content\/uploads\/2023\/02\/MBLS_logo_white-1.svg\" alt=\"\" class=\"wp-image-255\" style=\"width:350px\"\/><\/figure>\n<\/div><\/div>\n<\/div>\n\n\n\n<div class=\"wp-block-column is-layout-flow wp-block-column-is-layout-flow\">\n<div class=\"wp-block-cover p-12\"><span aria-hidden=\"true\" class=\"wp-block-cover__background has-custom-pink-background-color has-background-dim\"><\/span><div class=\"wp-block-cover__inner-container is-layout-flow wp-block-cover-is-layout-flow\">\n<h3 class=\"wp-block-heading has-text-align-center has-custom-pink-color has-text-color\">E se eu tiver uma perturba\u00e7\u00e3o do comportamento alimentar, diabetes, tiver excesso de peso ou obesidade?<\/h3>\n\n\n\n<p class=\"has-text-align-center has-gray-dark-color has-text-color\">N\u00e3o h\u00e1 qualquer perigo em participar. Mas n\u00e3o substitui a ajuda de profissionais de sa\u00fade. E se tiver diabetes, \u00e9 aconselh\u00e1vel falar com o seu m\u00e9dico antes de reduzir o seu consumo em a\u00e7\u00facar. Os contactos s\u00e3o sugeridos na sec\u00e7\u00e3o &#8220;E depois?&#8221;   <\/p>\n\n\n\n<div style=\"height:41px\" aria-hidden=\"true\" class=\"wp-block-spacer\"><\/div>\n\n\n\n<div class=\"wp-block-buttons is-content-justification-center is-layout-flex wp-container-core-buttons-is-layout-16018d1d wp-block-buttons-is-layout-flex\">\n<div class=\"wp-block-button\"><a class=\"wp-block-button__link has-custom-pink-color has-white-background-color has-text-color has-background wp-element-button\" href=\"\/pt-pt\/?page_id=7344\">E depois<\/a><\/div>\n<\/div>\n<\/div><\/div>\n<\/div>\n\n\n\n<div class=\"wp-block-column has-gray-light-background-color has-background is-layout-flow wp-block-column-is-layout-flow\">\n<div class=\"wp-block-cover is-light p-12\"><span aria-hidden=\"true\" class=\"wp-block-cover__background has-gray-light-background-color has-background-dim-100 has-background-dim\"><\/span><div class=\"wp-block-cover__inner-container is-layout-flow wp-block-cover-is-layout-flow\">\n<h3 class=\"wp-block-heading has-text-align-center has-custom-pink-color has-text-color\">A\u00e7\u00facares adicionados:<br\/>o que s\u00e3o?<\/h3>\n\n\n\n<p class=\"has-text-align-center\">Os a\u00e7\u00facares adicionados incluem o a\u00e7\u00facar de mesa (sacarose), a sucrose, a frutose, o xarope de glucose, o mel, <em>o xarope rico em frutose<\/em> e muitos outros a\u00e7\u00facares isolados utilizados como tal ou adicionados na prepara\u00e7\u00e3o ou fabrico de bebidas e alimentos.<\/p>\n\n\n\n<div class=\"wp-block-buttons is-content-justification-center is-layout-flex wp-container-core-buttons-is-layout-16018d1d wp-block-buttons-is-layout-flex\">\n<div class=\"wp-block-button\"><a class=\"wp-block-button__link has-custom-pink-color has-white-background-color has-text-color has-background wp-element-button\" href=\"&lt;!--[CDATA[https:\/\/maybeless-sugar.ch\/tout-savoir\/]]--&gt;\">Tudo o que precisa de saber<\/a><\/div>\n<\/div>\n<\/div><\/div>\n<\/div>\n<\/div>\n\n<div style=\"height:180px\" aria-hidden=\"true\" class=\"wp-block-spacer\"><\/div>\n\n<figure class=\"wp-block-image size-full is-resized is-style-offset-y\"><img decoding=\"async\" width=\"504\" height=\"499\" src=\"https:\/\/maybeless-sugar.ch\/wp-content\/uploads\/2023\/02\/AdobeStock_311426745_retouche.png\" alt=\"\" class=\"wp-image-316\" style=\"width:380px\" srcset=\"https:\/\/maybeless-sugar.ch\/wp-content\/uploads\/2023\/02\/AdobeStock_311426745_retouche.png 504w, https:\/\/maybeless-sugar.ch\/wp-content\/uploads\/2023\/02\/AdobeStock_311426745_retouche-300x297.png 300w, https:\/\/maybeless-sugar.ch\/wp-content\/uploads\/2023\/02\/AdobeStock_311426745_retouche-150x150.png 150w\" sizes=\"(max-width: 504px) 100vw, 504px\" \/><\/figure>\n\n<div class=\"wp-block-group is-style-rounded has-custom-pink-background-color has-background is-layout-constrained wp-block-group-is-layout-constrained\">\n<div style=\"height:100px\" aria-hidden=\"true\" class=\"wp-block-spacer\"><\/div>\n\n\n\n<h2 class=\"wp-block-heading has-text-align-center has-white-color has-text-color\">Quem est\u00e1 por detr\u00e1s de<br\/>MAYbe Less Sugar?<\/h2>\n\n\n\n<p class=\"has-text-align-center has-white-color has-text-color\">MAYbe Less Sugar est\u00e1 a ser lan\u00e7ado por um grande n\u00famero de parceiros<br\/>no sector da sa\u00fade em toda a Su\u00ed\u00e7a.<\/p>\n\n\n\n<div class=\"wp-block-buttons is-content-justification-center is-layout-flex wp-container-core-buttons-is-layout-16018d1d wp-block-buttons-is-layout-flex\">\n<div class=\"wp-block-button\"><a class=\"wp-block-button__link has-custom-pink-color has-white-background-color has-text-color has-background wp-element-button\" href=\"&lt;!--[CDATA[https:\/\/maybeless-sugar.ch\/a-propos-de-nous\/]]--&gt;\">Sobre n\u00f3s<\/a><\/div>\n<\/div>\n\n\n\n<div style=\"height:100px\" aria-hidden=\"true\" class=\"wp-block-spacer\"><\/div>\n<\/div>\n\n<figure class=\"wp-block-image alignright size-large is-resized is-style-offset-y\"><img decoding=\"async\" width=\"904\" height=\"1024\" src=\"https:\/\/maybeless-sugar.ch\/wp-content\/uploads\/2023\/02\/AdobeStock_267728344-reverse-904x1024.png\" alt=\"\" class=\"wp-image-540\" style=\"width:400px\" srcset=\"https:\/\/maybeless-sugar.ch\/wp-content\/uploads\/2023\/02\/AdobeStock_267728344-reverse-904x1024.png 904w, https:\/\/maybeless-sugar.ch\/wp-content\/uploads\/2023\/02\/AdobeStock_267728344-reverse-265x300.png 265w, https:\/\/maybeless-sugar.ch\/wp-content\/uploads\/2023\/02\/AdobeStock_267728344-reverse-768x870.png 768w, https:\/\/maybeless-sugar.ch\/wp-content\/uploads\/2023\/02\/AdobeStock_267728344-reverse-1355x1536.png 1355w, https:\/\/maybeless-sugar.ch\/wp-content\/uploads\/2023\/02\/AdobeStock_267728344-reverse-1807x2048.png 1807w\" sizes=\"(max-width: 904px) 100vw, 904px\" \/><\/figure>\n\n<div style=\"height:250px\" aria-hidden=\"true\" class=\"wp-block-spacer\"><\/div>\n","protected":false},"excerpt":{"rendered":"<p>O que \u00e9MAYbe Less Sugar? MAYbe Less Sugar \u00e9 uma campanha que decorre na Su\u00ed\u00e7a durante o m\u00eas de maio.Convida as pessoas a informarem-se sobre os a\u00e7\u00facares adicionados, onde e quanto consumimos, porqu\u00ea e como reduzi-los. Como isso funciona? \u00c9 muito simples. Ao inscrever-me no MAYbe Less Sugar, descubro a quantidade de a\u00e7\u00facar adicionado que [&hellip;]<\/p>\n","protected":false},"author":7241,"featured_media":0,"parent":0,"menu_order":0,"comment_status":"closed","ping_status":"closed","template":"","meta":{"_acf_changed":false,"footnotes":""},"class_list":["post-7280","page","type-page","status-publish","hentry"],"acf":[],"yoast_head":"<!-- This site is optimized with the Yoast SEO plugin v26.5 - https:\/\/yoast.com\/wordpress\/plugins\/seo\/ -->\n<title>Eu descubro - Maybeless sugar<\/title>\n<meta name=\"robots\" content=\"index, follow, max-snippet:-1, max-image-preview:large, max-video-preview:-1\" \/>\n<link rel=\"canonical\" href=\"https:\/\/maybeless-sugar.ch\/pt-pt\/eu-descubro\/\" \/>\n<meta property=\"og:locale\" content=\"pt_PT\" \/>\n<meta property=\"og:type\" content=\"article\" \/>\n<meta property=\"og:title\" content=\"Eu descubro - Maybeless sugar\" \/>\n<meta property=\"og:description\" content=\"O que \u00e9MAYbe Less Sugar? MAYbe Less Sugar \u00e9 uma campanha que decorre na Su\u00ed\u00e7a durante o m\u00eas de maio.Convida as pessoas a informarem-se sobre os a\u00e7\u00facares adicionados, onde e quanto consumimos, porqu\u00ea e como reduzi-los. Como isso funciona? \u00c9 muito simples. Ao inscrever-me no MAYbe Less Sugar, descubro a quantidade de a\u00e7\u00facar adicionado que [&hellip;]\" \/>\n<meta property=\"og:url\" content=\"https:\/\/maybeless-sugar.ch\/pt-pt\/eu-descubro\/\" \/>\n<meta property=\"og:site_name\" content=\"Maybeless sugar\" \/>\n<meta property=\"article:modified_time\" content=\"2026-04-21T09:39:12+00:00\" \/>\n<meta property=\"og:image\" content=\"https:\/\/maybeless-sugar.ch\/wp-content\/uploads\/2023\/02\/MBLS_cards.png\" \/>\n\t<meta property=\"og:image:width\" content=\"933\" \/>\n\t<meta property=\"og:image:height\" content=\"1270\" \/>\n\t<meta property=\"og:image:type\" content=\"image\/png\" \/>\n<meta name=\"twitter:card\" content=\"summary_large_image\" \/>\n<meta name=\"twitter:label1\" content=\"Tempo estimado de leitura\" \/>\n\t<meta name=\"twitter:data1\" content=\"3 minutos\" \/>\n<script type=\"application\/ld+json\" class=\"yoast-schema-graph\">{\"@context\":\"https:\/\/schema.org\",\"@graph\":[{\"@type\":\"WebPage\",\"@id\":\"https:\/\/maybeless-sugar.ch\/pt-pt\/eu-descubro\/\",\"url\":\"https:\/\/maybeless-sugar.ch\/pt-pt\/eu-descubro\/\",\"name\":\"Eu descubro - Maybeless sugar\",\"isPartOf\":{\"@id\":\"https:\/\/maybeless-sugar.ch\/pt-pt\/#website\"},\"primaryImageOfPage\":{\"@id\":\"https:\/\/maybeless-sugar.ch\/pt-pt\/eu-descubro\/#primaryimage\"},\"image\":{\"@id\":\"https:\/\/maybeless-sugar.ch\/pt-pt\/eu-descubro\/#primaryimage\"},\"thumbnailUrl\":\"https:\/\/maybeless-sugar.ch\/wp-content\/uploads\/2023\/02\/MBLS_cards-752x1024.png\",\"datePublished\":\"2023-02-05T13:17:22+00:00\",\"dateModified\":\"2026-04-21T09:39:12+00:00\",\"breadcrumb\":{\"@id\":\"https:\/\/maybeless-sugar.ch\/pt-pt\/eu-descubro\/#breadcrumb\"},\"inLanguage\":\"pt-PT\",\"potentialAction\":[{\"@type\":\"ReadAction\",\"target\":[\"https:\/\/maybeless-sugar.ch\/pt-pt\/eu-descubro\/\"]}]},{\"@type\":\"ImageObject\",\"inLanguage\":\"pt-PT\",\"@id\":\"https:\/\/maybeless-sugar.ch\/pt-pt\/eu-descubro\/#primaryimage\",\"url\":\"https:\/\/maybeless-sugar.ch\/wp-content\/uploads\/2023\/02\/MBLS_cards-752x1024.png\",\"contentUrl\":\"https:\/\/maybeless-sugar.ch\/wp-content\/uploads\/2023\/02\/MBLS_cards-752x1024.png\"},{\"@type\":\"BreadcrumbList\",\"@id\":\"https:\/\/maybeless-sugar.ch\/pt-pt\/eu-descubro\/#breadcrumb\",\"itemListElement\":[{\"@type\":\"ListItem\",\"position\":1,\"name\":\"Home\",\"item\":\"https:\/\/maybeless-sugar.ch\/pt-pt\/\"},{\"@type\":\"ListItem\",\"position\":2,\"name\":\"Eu descubro\"}]},{\"@type\":\"WebSite\",\"@id\":\"https:\/\/maybeless-sugar.ch\/pt-pt\/#website\",\"url\":\"https:\/\/maybeless-sugar.ch\/pt-pt\/\",\"name\":\"Maybeless sugar\",\"description\":\"Doux mois de mai moins sucr\u00e9\",\"potentialAction\":[{\"@type\":\"SearchAction\",\"target\":{\"@type\":\"EntryPoint\",\"urlTemplate\":\"https:\/\/maybeless-sugar.ch\/pt-pt\/?s={search_term_string}\"},\"query-input\":{\"@type\":\"PropertyValueSpecification\",\"valueRequired\":true,\"valueName\":\"search_term_string\"}}],\"inLanguage\":\"pt-PT\"}]}<\/script>\n<!-- \/ Yoast SEO plugin. -->","yoast_head_json":{"title":"Eu descubro - Maybeless sugar","robots":{"index":"index","follow":"follow","max-snippet":"max-snippet:-1","max-image-preview":"max-image-preview:large","max-video-preview":"max-video-preview:-1"},"canonical":"https:\/\/maybeless-sugar.ch\/pt-pt\/eu-descubro\/","og_locale":"pt_PT","og_type":"article","og_title":"Eu descubro - Maybeless sugar","og_description":"O que \u00e9MAYbe Less Sugar? MAYbe Less Sugar \u00e9 uma campanha que decorre na Su\u00ed\u00e7a durante o m\u00eas de maio.Convida as pessoas a informarem-se sobre os a\u00e7\u00facares adicionados, onde e quanto consumimos, porqu\u00ea e como reduzi-los. Como isso funciona? \u00c9 muito simples. Ao inscrever-me no MAYbe Less Sugar, descubro a quantidade de a\u00e7\u00facar adicionado que [&hellip;]","og_url":"https:\/\/maybeless-sugar.ch\/pt-pt\/eu-descubro\/","og_site_name":"Maybeless sugar","article_modified_time":"2026-04-21T09:39:12+00:00","og_image":[{"width":933,"height":1270,"url":"https:\/\/maybeless-sugar.ch\/wp-content\/uploads\/2023\/02\/MBLS_cards.png","type":"image\/png"}],"twitter_card":"summary_large_image","twitter_misc":{"Tempo estimado de leitura":"3 minutos"},"schema":{"@context":"https:\/\/schema.org","@graph":[{"@type":"WebPage","@id":"https:\/\/maybeless-sugar.ch\/pt-pt\/eu-descubro\/","url":"https:\/\/maybeless-sugar.ch\/pt-pt\/eu-descubro\/","name":"Eu descubro - Maybeless sugar","isPartOf":{"@id":"https:\/\/maybeless-sugar.ch\/pt-pt\/#website"},"primaryImageOfPage":{"@id":"https:\/\/maybeless-sugar.ch\/pt-pt\/eu-descubro\/#primaryimage"},"image":{"@id":"https:\/\/maybeless-sugar.ch\/pt-pt\/eu-descubro\/#primaryimage"},"thumbnailUrl":"https:\/\/maybeless-sugar.ch\/wp-content\/uploads\/2023\/02\/MBLS_cards-752x1024.png","datePublished":"2023-02-05T13:17:22+00:00","dateModified":"2026-04-21T09:39:12+00:00","breadcrumb":{"@id":"https:\/\/maybeless-sugar.ch\/pt-pt\/eu-descubro\/#breadcrumb"},"inLanguage":"pt-PT","potentialAction":[{"@type":"ReadAction","target":["https:\/\/maybeless-sugar.ch\/pt-pt\/eu-descubro\/"]}]},{"@type":"ImageObject","inLanguage":"pt-PT","@id":"https:\/\/maybeless-sugar.ch\/pt-pt\/eu-descubro\/#primaryimage","url":"https:\/\/maybeless-sugar.ch\/wp-content\/uploads\/2023\/02\/MBLS_cards-752x1024.png","contentUrl":"https:\/\/maybeless-sugar.ch\/wp-content\/uploads\/2023\/02\/MBLS_cards-752x1024.png"},{"@type":"BreadcrumbList","@id":"https:\/\/maybeless-sugar.ch\/pt-pt\/eu-descubro\/#breadcrumb","itemListElement":[{"@type":"ListItem","position":1,"name":"Home","item":"https:\/\/maybeless-sugar.ch\/pt-pt\/"},{"@type":"ListItem","position":2,"name":"Eu descubro"}]},{"@type":"WebSite","@id":"https:\/\/maybeless-sugar.ch\/pt-pt\/#website","url":"https:\/\/maybeless-sugar.ch\/pt-pt\/","name":"Maybeless sugar","description":"Doux mois de mai moins sucr\u00e9","potentialAction":[{"@type":"SearchAction","target":{"@type":"EntryPoint","urlTemplate":"https:\/\/maybeless-sugar.ch\/pt-pt\/?s={search_term_string}"},"query-input":{"@type":"PropertyValueSpecification","valueRequired":true,"valueName":"search_term_string"}}],"inLanguage":"pt-PT"}]}},"_links":{"self":[{"href":"https:\/\/maybeless-sugar.ch\/pt-pt\/wp-json\/wp\/v2\/pages\/7280","targetHints":{"allow":["GET"]}}],"collection":[{"href":"https:\/\/maybeless-sugar.ch\/pt-pt\/wp-json\/wp\/v2\/pages"}],"about":[{"href":"https:\/\/maybeless-sugar.ch\/pt-pt\/wp-json\/wp\/v2\/types\/page"}],"author":[{"embeddable":true,"href":"https:\/\/maybeless-sugar.ch\/pt-pt\/wp-json\/wp\/v2\/users\/7241"}],"replies":[{"embeddable":true,"href":"https:\/\/maybeless-sugar.ch\/pt-pt\/wp-json\/wp\/v2\/comments?post=7280"}],"version-history":[{"count":5,"href":"https:\/\/maybeless-sugar.ch\/pt-pt\/wp-json\/wp\/v2\/pages\/7280\/revisions"}],"predecessor-version":[{"id":9069,"href":"https:\/\/maybeless-sugar.ch\/pt-pt\/wp-json\/wp\/v2\/pages\/7280\/revisions\/9069"}],"wp:attachment":[{"href":"https:\/\/maybeless-sugar.ch\/pt-pt\/wp-json\/wp\/v2\/media?parent=7280"}],"curies":[{"name":"wp","href":"https:\/\/api.w.org\/{rel}","templated":true}]}}