{"id":9342,"date":"2025-04-29T10:54:44","date_gmt":"2025-04-29T08:54:44","guid":{"rendered":"https:\/\/maybeless-sugar.ch\/concurso-maybe-less-sugar-2025\/"},"modified":"2026-05-06T10:19:14","modified_gmt":"2026-05-06T08:19:14","slug":"concurso-maybe-less-sugar-2025","status":"publish","type":"page","link":"https:\/\/maybeless-sugar.ch\/pt-pt\/concurso-maybe-less-sugar-2025\/","title":{"rendered":"Concurso &#8220;MAYbe Less Sugar&#8221; 2025"},"content":{"rendered":"\n<p class=\"has-text-align-center has-custom-green-color has-gray-light-background-color has-text-color has-background has-link-color has-regular-font-size wp-elements-92a3516ad0404e1ea9441099c5e424a5\">Participa na a\u00e7\u00e3o &#8220;MAYbe Less Sugar&#8221; e tenta ganhar um pr\u00e9mio: cria uma conta, utiliza a calculadora de a\u00e7\u00facar durante 5 dias e ser\u00e1s automaticamente sorteado!  <em>Boa sorte!<\/em><\/p>\n\n<div style=\"height:20px\" aria-hidden=\"true\" class=\"wp-block-spacer\"><\/div>\n\n<h2 class=\"wp-block-heading\">Pr\u00e9mios a ganhar<\/h2>\n\n<div style=\"height:30px\" aria-hidden=\"true\" class=\"wp-block-spacer\"><\/div>\n\n<h3 class=\"wp-block-heading\">1x Hectolitro de \u00e1gua mineral Eptinger (100 litros)<\/h3>\n\n<div class=\"wp-block-media-text has-media-on-the-right is-stacked-on-mobile\" style=\"grid-template-columns:auto 22%\"><div class=\"wp-block-media-text__content\">\n<p class=\"has-text-align-left\">A Mineralquelle Eptingen AG \u00e9 uma empresa familiar su\u00ed\u00e7a de tradi\u00e7\u00e3o. A \u00e1gua mineral mais rica em minerais \u00e9 engarrafada em Eptingen, no cant\u00e3o de Basel-Landschaft, h\u00e1 mais de 125 anos. <\/p>\n\n\n\n<figure class=\"wp-block-image aligncenter size-full is-resized\"><a href=\"https:\/\/www.eptinger.ch\/\" target=\"_blank\" rel=\" noreferrer noopener\"><img decoding=\"async\" width=\"887\" height=\"341\" src=\"https:\/\/maybeless-sugar.ch\/wp-content\/uploads\/2025\/03\/eptinger-logo.png\" alt=\"\" class=\"wp-image-5645\" style=\"width:205px;height:auto\" srcset=\"https:\/\/maybeless-sugar.ch\/wp-content\/uploads\/2025\/03\/eptinger-logo.png 887w, https:\/\/maybeless-sugar.ch\/wp-content\/uploads\/2025\/03\/eptinger-logo-300x115.png 300w, https:\/\/maybeless-sugar.ch\/wp-content\/uploads\/2025\/03\/eptinger-logo-768x295.png 768w\" sizes=\"(max-width: 887px) 100vw, 887px\" \/><\/a><\/figure>\n<\/div><figure class=\"wp-block-media-text__media\"><img decoding=\"async\" width=\"729\" height=\"1024\" src=\"https:\/\/maybeless-sugar.ch\/wp-content\/uploads\/2025\/03\/bild-eptinger-729x1024.jpg\" alt=\"\" class=\"wp-image-5641 size-full\" srcset=\"https:\/\/maybeless-sugar.ch\/wp-content\/uploads\/2025\/03\/bild-eptinger-729x1024.jpg 729w, https:\/\/maybeless-sugar.ch\/wp-content\/uploads\/2025\/03\/bild-eptinger-214x300.jpg 214w, https:\/\/maybeless-sugar.ch\/wp-content\/uploads\/2025\/03\/bild-eptinger-768x1078.jpg 768w, https:\/\/maybeless-sugar.ch\/wp-content\/uploads\/2025\/03\/bild-eptinger.jpg 909w\" sizes=\"(max-width: 729px) 100vw, 729px\" \/><\/figure><\/div>\n\n<div style=\"height:30px\" aria-hidden=\"true\" class=\"wp-block-spacer\"><\/div>\n\n<h3 class=\"wp-block-heading\">2x passes de um dia para a \u00e1rea de esqui de Corviglia (St. Moritz)<\/h3>\n\n<p>(v\u00e1lido at\u00e9 ao final da \u00e9poca de inverno de 2025\/2026)<\/p>\n\n<div class=\"wp-block-media-text is-stacked-on-mobile\" style=\"grid-template-columns:39% auto\"><figure class=\"wp-block-media-text__media\"><img decoding=\"async\" width=\"1024\" height=\"683\" src=\"https:\/\/maybeless-sugar.ch\/wp-content\/uploads\/2025\/03\/bild-st.-moritz-1024x683.jpg\" alt=\"\" class=\"wp-image-5650 size-full\" srcset=\"https:\/\/maybeless-sugar.ch\/wp-content\/uploads\/2025\/03\/bild-st.-moritz-1024x683.jpg 1024w, https:\/\/maybeless-sugar.ch\/wp-content\/uploads\/2025\/03\/bild-st.-moritz-300x200.jpg 300w, https:\/\/maybeless-sugar.ch\/wp-content\/uploads\/2025\/03\/bild-st.-moritz-768x512.jpg 768w, https:\/\/maybeless-sugar.ch\/wp-content\/uploads\/2025\/03\/bild-st.-moritz-1536x1025.jpg 1536w, https:\/\/maybeless-sugar.ch\/wp-content\/uploads\/2025\/03\/bild-st.-moritz.jpg 1920w\" sizes=\"(max-width: 1024px) 100vw, 1024px\" \/><\/figure><div class=\"wp-block-media-text__content\">\n<p>Engadin St. Moritz Mountains AG \u00e9 uma empresa de elevadores que explora os telef\u00e9ricos e as actividades de montanha em Corviglia e Muottas Muragl, no mais belo vale alto dos Gris\u00f5es: o Engadine. Enquanto Corviglia \u00e9 um verdadeiro para\u00edso para os entusiastas dos desportos de inverno, ciclistas de montanha e caminhantes, Muottas Muragl \u00e9 apreciado pelos epicuristas activos pelas suas vistas panor\u00e2micas e gastronomia.  <\/p>\n\n\n\n<div class=\"wp-block-columns is-layout-flex wp-container-core-columns-is-layout-9d6595d7 wp-block-columns-is-layout-flex\">\n<div class=\"wp-block-column is-vertically-aligned-bottom is-layout-flow wp-block-column-is-layout-flow\">\n<p>Engadin St. Moritz Mountains AG \/ Federico Sette <\/p>\n<\/div>\n\n\n\n<div class=\"wp-block-column is-layout-flow wp-block-column-is-layout-flow\">\n<figure class=\"wp-block-image aligncenter size-large is-resized\"><a href=\"https:\/\/www.mountains.ch\/en\/\" target=\"_blank\" rel=\" noreferrer noopener\"><img decoding=\"async\" width=\"1024\" height=\"341\" src=\"https:\/\/maybeless-sugar.ch\/wp-content\/uploads\/2025\/03\/logo-st.-moritz-1024x341.png\" alt=\"\" class=\"wp-image-5654\" style=\"width:244px;height:auto\" srcset=\"https:\/\/maybeless-sugar.ch\/wp-content\/uploads\/2025\/03\/logo-st.-moritz-1024x341.png 1024w, https:\/\/maybeless-sugar.ch\/wp-content\/uploads\/2025\/03\/logo-st.-moritz-300x100.png 300w, https:\/\/maybeless-sugar.ch\/wp-content\/uploads\/2025\/03\/logo-st.-moritz-768x256.png 768w, https:\/\/maybeless-sugar.ch\/wp-content\/uploads\/2025\/03\/logo-st.-moritz-1536x512.png 1536w, https:\/\/maybeless-sugar.ch\/wp-content\/uploads\/2025\/03\/logo-st.-moritz-2048x682.png 2048w\" sizes=\"(max-width: 1024px) 100vw, 1024px\" \/><\/a><\/figure>\n<\/div>\n<\/div>\n<\/div><\/div>\n\n<div style=\"height:30px\" aria-hidden=\"true\" class=\"wp-block-spacer\"><\/div>\n\n<h3 class=\"wp-block-heading\">3x vales Bookfactory no valor de CHF 50 cada<\/h3>\n\n<div class=\"wp-block-media-text has-media-on-the-right is-stacked-on-mobile\" style=\"grid-template-columns:auto 35%\"><div class=\"wp-block-media-text__content\">\n<p>Os melhores cap\u00edtulos da vida &#8211; um \u00e1lbum de fotografias da Bookfactory! Imortaliza as tuas aventuras em produtos fotogr\u00e1ficos de alta qualidade da Bookfactory. A Bookfactory fabrica os teus produtos com o maior cuidado na Su\u00ed\u00e7a.  <\/p>\n\n\n\n<figure class=\"wp-block-image aligncenter size-large is-resized\"><a href=\"https:\/\/www.bookfactory.ch\/fr\" target=\"_blank\" rel=\" noreferrer noopener\"><img decoding=\"async\" width=\"1024\" height=\"724\" src=\"https:\/\/maybeless-sugar.ch\/wp-content\/uploads\/2025\/03\/logo-bookfactory-1024x724.png\" alt=\"\" class=\"wp-image-5664\" style=\"width:224px;height:auto\" srcset=\"https:\/\/maybeless-sugar.ch\/wp-content\/uploads\/2025\/03\/logo-bookfactory-1024x724.png 1024w, https:\/\/maybeless-sugar.ch\/wp-content\/uploads\/2025\/03\/logo-bookfactory-300x212.png 300w, https:\/\/maybeless-sugar.ch\/wp-content\/uploads\/2025\/03\/logo-bookfactory-768x543.png 768w, https:\/\/maybeless-sugar.ch\/wp-content\/uploads\/2025\/03\/logo-bookfactory-1536x1086.png 1536w, https:\/\/maybeless-sugar.ch\/wp-content\/uploads\/2025\/03\/logo-bookfactory-2048x1448.png 2048w\" sizes=\"(max-width: 1024px) 100vw, 1024px\" \/><\/a><\/figure>\n<\/div><figure class=\"wp-block-media-text__media\"><img decoding=\"async\" width=\"660\" height=\"450\" src=\"https:\/\/maybeless-sugar.ch\/wp-content\/uploads\/2025\/03\/bild-bookfactory.jpg\" alt=\"\" class=\"wp-image-5660 size-full\" srcset=\"https:\/\/maybeless-sugar.ch\/wp-content\/uploads\/2025\/03\/bild-bookfactory.jpg 660w, https:\/\/maybeless-sugar.ch\/wp-content\/uploads\/2025\/03\/bild-bookfactory-300x205.jpg 300w\" sizes=\"(max-width: 660px) 100vw, 660px\" \/><\/figure><\/div>\n\n<div style=\"height:30px\" aria-hidden=\"true\" class=\"wp-block-spacer\"><\/div>\n\n<h3 class=\"wp-block-heading\">1x vale de 50 CHF para Veloplus<\/h3>\n\n<div class=\"wp-block-media-text is-stacked-on-mobile\" style=\"grid-template-columns:43% auto\"><figure class=\"wp-block-media-text__media\"><img decoding=\"async\" width=\"1024\" height=\"502\" src=\"https:\/\/maybeless-sugar.ch\/wp-content\/uploads\/2025\/03\/bild-veloplus-1024x502.jpg\" alt=\"\" class=\"wp-image-5668 size-full\" srcset=\"https:\/\/maybeless-sugar.ch\/wp-content\/uploads\/2025\/03\/bild-veloplus-1024x502.jpg 1024w, https:\/\/maybeless-sugar.ch\/wp-content\/uploads\/2025\/03\/bild-veloplus-300x147.jpg 300w, https:\/\/maybeless-sugar.ch\/wp-content\/uploads\/2025\/03\/bild-veloplus-768x376.jpg 768w, https:\/\/maybeless-sugar.ch\/wp-content\/uploads\/2025\/03\/bild-veloplus-1536x752.jpg 1536w, https:\/\/maybeless-sugar.ch\/wp-content\/uploads\/2025\/03\/bild-veloplus.jpg 1760w\" sizes=\"(max-width: 1024px) 100vw, 1024px\" \/><\/figure><div class=\"wp-block-media-text__content\">\n<p class=\"has-text-align-left\">A Veloplus \u00e9 a n\u00famero 1 na Su\u00ed\u00e7a em acess\u00f3rios para bicicletas, bicicletas e bicicletas el\u00e9ctricas. Desde 1987, a Veloplus \u00e9 sin\u00f3nimo de confian\u00e7a, qualidade, inova\u00e7\u00e3o, durabilidade e paix\u00e3o pelo ciclismo. A Veloplus est\u00e1 dispon\u00edvel em 11 locais na Su\u00ed\u00e7a: Basileia, Berna, Biel, Emmenbr\u00fccke, Ostermundigen, St. Gallen, Steinhausen, Wetzikon, Winterthur, Zurich HB e Zurich Oerlikon.  <\/p>\n\n\n\n<figure class=\"wp-block-image aligncenter size-full is-resized\"><a href=\"https:\/\/www.veloplus.ch\/\" target=\"_blank\" rel=\" noreferrer noopener\"><img decoding=\"async\" width=\"284\" height=\"109\" src=\"https:\/\/maybeless-sugar.ch\/wp-content\/uploads\/2025\/03\/logo-veloplus.jpg\" alt=\"\" class=\"wp-image-5672\" style=\"width:156px;height:auto\"\/><\/a><\/figure>\n<\/div><\/div>\n\n<div style=\"height:100px\" aria-hidden=\"true\" class=\"wp-block-spacer\"><\/div>\n\n<h3 class=\"wp-block-heading\">Declara\u00e7\u00e3o de exonera\u00e7\u00e3o de responsabilidade e condi\u00e7\u00f5es de participa\u00e7\u00e3o<\/h3>\n\n<p>O concurso decorre at\u00e9 ao final de maio de 2025. Os vencedores ser\u00e3o notificados por correio eletr\u00f3nico antes de 9 de junho de 2025 e devem responder no prazo de 72 horas. Se o vencedor n\u00e3o responder \u00e0 mensagem de correio eletr\u00f3nico de notifica\u00e7\u00e3o do pr\u00e9mio dentro do per\u00edodo acima mencionado, perde o direito ao pr\u00e9mio. Ao participar num concurso, os participantes aceitam igualmente as seguintes condi\u00e7\u00f5es gerais de participa\u00e7\u00e3o:   <\/p>\n\n<ul class=\"wp-block-list\">\n<li>O concurso \u00e9 organizado por diab\u00e8tevaud.<\/li>\n\n\n\n<li>S\u00f3 podem participar pessoas singulares com idade igual ou superior a 18 anos e residentes na Su\u00ed\u00e7a.<\/li>\n\n\n\n<li>N\u00e3o ser\u00e1 trocada qualquer correspond\u00eancia relativa ao concurso. Exclui qualquer recurso legal. <\/li>\n\n\n\n<li>N\u00e3o \u00e9 poss\u00edvel o pagamento em dinheiro ou a troca do pr\u00e9mio. Se o pr\u00e9mio for enviado por correio, diab\u00e8tevaud n\u00e3o se responsabiliza pela entrega do correio. <\/li>\n\n\n\n<li>diab\u00e8tevaud s\u00f3 utiliza os dados pessoais para efeitos do concurso.<\/li>\n<\/ul>\n\n<p><\/p>\n","protected":false},"excerpt":{"rendered":"<p>Participa na a\u00e7\u00e3o &#8220;MAYbe Less Sugar&#8221; e tenta ganhar um pr\u00e9mio: cria uma conta, utiliza a calculadora de a\u00e7\u00facar durante 5 dias e ser\u00e1s automaticamente sorteado! Boa sorte! Pr\u00e9mios a ganhar 1x Hectolitro de \u00e1gua mineral Eptinger (100 litros) 2x passes de um dia para a \u00e1rea de esqui de Corviglia (St. Moritz) (v\u00e1lido at\u00e9 [&hellip;]<\/p>\n","protected":false},"author":11124,"featured_media":0,"parent":0,"menu_order":0,"comment_status":"closed","ping_status":"closed","template":"","meta":{"_acf_changed":false,"footnotes":""},"class_list":["post-9342","page","type-page","status-publish","hentry"],"acf":[],"yoast_head":"<!-- This site is optimized with the Yoast SEO plugin v27.5 - https:\/\/yoast.com\/product\/yoast-seo-wordpress\/ -->\n<title>Concurso &quot;MAYbe Less Sugar&quot; 2025 - Maybeless sugar<\/title>\n<meta name=\"robots\" content=\"index, follow, max-snippet:-1, max-image-preview:large, max-video-preview:-1\" \/>\n<link rel=\"canonical\" href=\"https:\/\/maybeless-sugar.ch\/pt-pt\/concurso-maybe-less-sugar-2025\/\" \/>\n<meta property=\"og:locale\" content=\"pt_PT\" \/>\n<meta property=\"og:type\" content=\"article\" \/>\n<meta property=\"og:title\" content=\"Concurso &quot;MAYbe Less Sugar&quot; 2025 - Maybeless sugar\" \/>\n<meta property=\"og:description\" content=\"Participa na a\u00e7\u00e3o &#8220;MAYbe Less Sugar&#8221; e tenta ganhar um pr\u00e9mio: cria uma conta, utiliza a calculadora de a\u00e7\u00facar durante 5 dias e ser\u00e1s automaticamente sorteado! Boa sorte! Pr\u00e9mios a ganhar 1x Hectolitro de \u00e1gua mineral Eptinger (100 litros) 2x passes de um dia para a \u00e1rea de esqui de Corviglia (St. Moritz) (v\u00e1lido at\u00e9 [&hellip;]\" \/>\n<meta property=\"og:url\" content=\"https:\/\/maybeless-sugar.ch\/pt-pt\/concurso-maybe-less-sugar-2025\/\" \/>\n<meta property=\"og:site_name\" content=\"Maybeless sugar\" \/>\n<meta property=\"article:modified_time\" content=\"2026-05-06T08:19:14+00:00\" \/>\n<meta property=\"og:image\" content=\"https:\/\/maybeless-sugar.ch\/wp-content\/uploads\/2025\/03\/eptinger-logo.png\" \/>\n\t<meta property=\"og:image:width\" content=\"887\" \/>\n\t<meta property=\"og:image:height\" content=\"341\" \/>\n\t<meta property=\"og:image:type\" content=\"image\/png\" \/>\n<meta name=\"twitter:card\" content=\"summary_large_image\" \/>\n<meta name=\"twitter:label1\" content=\"Tempo estimado de leitura\" \/>\n\t<meta name=\"twitter:data1\" content=\"2 minutos\" \/>\n<script type=\"application\/ld+json\" class=\"yoast-schema-graph\">{\"@context\":\"https:\\\/\\\/schema.org\",\"@graph\":[{\"@type\":\"WebPage\",\"@id\":\"https:\\\/\\\/maybeless-sugar.ch\\\/pt-pt\\\/concurso-maybe-less-sugar-2025\\\/\",\"url\":\"https:\\\/\\\/maybeless-sugar.ch\\\/pt-pt\\\/concurso-maybe-less-sugar-2025\\\/\",\"name\":\"Concurso \\\"MAYbe Less Sugar\\\" 2025 - Maybeless sugar\",\"isPartOf\":{\"@id\":\"https:\\\/\\\/maybeless-sugar.ch\\\/pt-pt\\\/#website\"},\"primaryImageOfPage\":{\"@id\":\"https:\\\/\\\/maybeless-sugar.ch\\\/pt-pt\\\/concurso-maybe-less-sugar-2025\\\/#primaryimage\"},\"image\":{\"@id\":\"https:\\\/\\\/maybeless-sugar.ch\\\/pt-pt\\\/concurso-maybe-less-sugar-2025\\\/#primaryimage\"},\"thumbnailUrl\":\"https:\\\/\\\/maybeless-sugar.ch\\\/wp-content\\\/uploads\\\/2025\\\/03\\\/eptinger-logo.png\",\"datePublished\":\"2025-04-29T08:54:44+00:00\",\"dateModified\":\"2026-05-06T08:19:14+00:00\",\"breadcrumb\":{\"@id\":\"https:\\\/\\\/maybeless-sugar.ch\\\/pt-pt\\\/concurso-maybe-less-sugar-2025\\\/#breadcrumb\"},\"inLanguage\":\"pt-PT\",\"potentialAction\":[{\"@type\":\"ReadAction\",\"target\":[\"https:\\\/\\\/maybeless-sugar.ch\\\/pt-pt\\\/concurso-maybe-less-sugar-2025\\\/\"]}]},{\"@type\":\"ImageObject\",\"inLanguage\":\"pt-PT\",\"@id\":\"https:\\\/\\\/maybeless-sugar.ch\\\/pt-pt\\\/concurso-maybe-less-sugar-2025\\\/#primaryimage\",\"url\":\"https:\\\/\\\/maybeless-sugar.ch\\\/wp-content\\\/uploads\\\/2025\\\/03\\\/eptinger-logo.png\",\"contentUrl\":\"https:\\\/\\\/maybeless-sugar.ch\\\/wp-content\\\/uploads\\\/2025\\\/03\\\/eptinger-logo.png\"},{\"@type\":\"BreadcrumbList\",\"@id\":\"https:\\\/\\\/maybeless-sugar.ch\\\/pt-pt\\\/concurso-maybe-less-sugar-2025\\\/#breadcrumb\",\"itemListElement\":[{\"@type\":\"ListItem\",\"position\":1,\"name\":\"Home\",\"item\":\"https:\\\/\\\/maybeless-sugar.ch\\\/pt-pt\\\/\"},{\"@type\":\"ListItem\",\"position\":2,\"name\":\"Concurso \u00ab\u00a0MAYbe Less Sugar\u00a0\u00bb 2025\"}]},{\"@type\":\"WebSite\",\"@id\":\"https:\\\/\\\/maybeless-sugar.ch\\\/pt-pt\\\/#website\",\"url\":\"https:\\\/\\\/maybeless-sugar.ch\\\/pt-pt\\\/\",\"name\":\"Maybeless sugar\",\"description\":\"Doux mois de mai moins sucr\u00e9\",\"publisher\":{\"@id\":\"https:\\\/\\\/maybeless-sugar.ch\\\/pt-pt\\\/#organization\"},\"potentialAction\":[{\"@type\":\"SearchAction\",\"target\":{\"@type\":\"EntryPoint\",\"urlTemplate\":\"https:\\\/\\\/maybeless-sugar.ch\\\/pt-pt\\\/?s={search_term_string}\"},\"query-input\":{\"@type\":\"PropertyValueSpecification\",\"valueRequired\":true,\"valueName\":\"search_term_string\"}}],\"inLanguage\":\"pt-PT\"},{\"@type\":\"Organization\",\"@id\":\"https:\\\/\\\/maybeless-sugar.ch\\\/pt-pt\\\/#organization\",\"name\":\"Maybeless sugar\",\"url\":\"https:\\\/\\\/maybeless-sugar.ch\\\/pt-pt\\\/\",\"logo\":{\"@type\":\"ImageObject\",\"inLanguage\":\"pt-PT\",\"@id\":\"https:\\\/\\\/maybeless-sugar.ch\\\/pt-pt\\\/#\\\/schema\\\/logo\\\/image\\\/\",\"url\":\"https:\\\/\\\/maybeless-sugar.ch\\\/wp-content\\\/uploads\\\/2023\\\/02\\\/logo-white.svg\",\"contentUrl\":\"https:\\\/\\\/maybeless-sugar.ch\\\/wp-content\\\/uploads\\\/2023\\\/02\\\/logo-white.svg\",\"width\":129,\"height\":81,\"caption\":\"Maybeless sugar\"},\"image\":{\"@id\":\"https:\\\/\\\/maybeless-sugar.ch\\\/pt-pt\\\/#\\\/schema\\\/logo\\\/image\\\/\"}}]}<\/script>\n<!-- \/ Yoast SEO plugin. -->","yoast_head_json":{"title":"Concurso \"MAYbe Less Sugar\" 2025 - Maybeless sugar","robots":{"index":"index","follow":"follow","max-snippet":"max-snippet:-1","max-image-preview":"max-image-preview:large","max-video-preview":"max-video-preview:-1"},"canonical":"https:\/\/maybeless-sugar.ch\/pt-pt\/concurso-maybe-less-sugar-2025\/","og_locale":"pt_PT","og_type":"article","og_title":"Concurso \"MAYbe Less Sugar\" 2025 - Maybeless sugar","og_description":"Participa na a\u00e7\u00e3o &#8220;MAYbe Less Sugar&#8221; e tenta ganhar um pr\u00e9mio: cria uma conta, utiliza a calculadora de a\u00e7\u00facar durante 5 dias e ser\u00e1s automaticamente sorteado! Boa sorte! Pr\u00e9mios a ganhar 1x Hectolitro de \u00e1gua mineral Eptinger (100 litros) 2x passes de um dia para a \u00e1rea de esqui de Corviglia (St. Moritz) (v\u00e1lido at\u00e9 [&hellip;]","og_url":"https:\/\/maybeless-sugar.ch\/pt-pt\/concurso-maybe-less-sugar-2025\/","og_site_name":"Maybeless sugar","article_modified_time":"2026-05-06T08:19:14+00:00","og_image":[{"width":887,"height":341,"url":"https:\/\/maybeless-sugar.ch\/wp-content\/uploads\/2025\/03\/eptinger-logo.png","type":"image\/png"}],"twitter_card":"summary_large_image","twitter_misc":{"Tempo estimado de leitura":"2 minutos"},"schema":{"@context":"https:\/\/schema.org","@graph":[{"@type":"WebPage","@id":"https:\/\/maybeless-sugar.ch\/pt-pt\/concurso-maybe-less-sugar-2025\/","url":"https:\/\/maybeless-sugar.ch\/pt-pt\/concurso-maybe-less-sugar-2025\/","name":"Concurso \"MAYbe Less Sugar\" 2025 - Maybeless sugar","isPartOf":{"@id":"https:\/\/maybeless-sugar.ch\/pt-pt\/#website"},"primaryImageOfPage":{"@id":"https:\/\/maybeless-sugar.ch\/pt-pt\/concurso-maybe-less-sugar-2025\/#primaryimage"},"image":{"@id":"https:\/\/maybeless-sugar.ch\/pt-pt\/concurso-maybe-less-sugar-2025\/#primaryimage"},"thumbnailUrl":"https:\/\/maybeless-sugar.ch\/wp-content\/uploads\/2025\/03\/eptinger-logo.png","datePublished":"2025-04-29T08:54:44+00:00","dateModified":"2026-05-06T08:19:14+00:00","breadcrumb":{"@id":"https:\/\/maybeless-sugar.ch\/pt-pt\/concurso-maybe-less-sugar-2025\/#breadcrumb"},"inLanguage":"pt-PT","potentialAction":[{"@type":"ReadAction","target":["https:\/\/maybeless-sugar.ch\/pt-pt\/concurso-maybe-less-sugar-2025\/"]}]},{"@type":"ImageObject","inLanguage":"pt-PT","@id":"https:\/\/maybeless-sugar.ch\/pt-pt\/concurso-maybe-less-sugar-2025\/#primaryimage","url":"https:\/\/maybeless-sugar.ch\/wp-content\/uploads\/2025\/03\/eptinger-logo.png","contentUrl":"https:\/\/maybeless-sugar.ch\/wp-content\/uploads\/2025\/03\/eptinger-logo.png"},{"@type":"BreadcrumbList","@id":"https:\/\/maybeless-sugar.ch\/pt-pt\/concurso-maybe-less-sugar-2025\/#breadcrumb","itemListElement":[{"@type":"ListItem","position":1,"name":"Home","item":"https:\/\/maybeless-sugar.ch\/pt-pt\/"},{"@type":"ListItem","position":2,"name":"Concurso \u00ab\u00a0MAYbe Less Sugar\u00a0\u00bb 2025"}]},{"@type":"WebSite","@id":"https:\/\/maybeless-sugar.ch\/pt-pt\/#website","url":"https:\/\/maybeless-sugar.ch\/pt-pt\/","name":"Maybeless sugar","description":"Doux mois de mai moins sucr\u00e9","publisher":{"@id":"https:\/\/maybeless-sugar.ch\/pt-pt\/#organization"},"potentialAction":[{"@type":"SearchAction","target":{"@type":"EntryPoint","urlTemplate":"https:\/\/maybeless-sugar.ch\/pt-pt\/?s={search_term_string}"},"query-input":{"@type":"PropertyValueSpecification","valueRequired":true,"valueName":"search_term_string"}}],"inLanguage":"pt-PT"},{"@type":"Organization","@id":"https:\/\/maybeless-sugar.ch\/pt-pt\/#organization","name":"Maybeless sugar","url":"https:\/\/maybeless-sugar.ch\/pt-pt\/","logo":{"@type":"ImageObject","inLanguage":"pt-PT","@id":"https:\/\/maybeless-sugar.ch\/pt-pt\/#\/schema\/logo\/image\/","url":"https:\/\/maybeless-sugar.ch\/wp-content\/uploads\/2023\/02\/logo-white.svg","contentUrl":"https:\/\/maybeless-sugar.ch\/wp-content\/uploads\/2023\/02\/logo-white.svg","width":129,"height":81,"caption":"Maybeless sugar"},"image":{"@id":"https:\/\/maybeless-sugar.ch\/pt-pt\/#\/schema\/logo\/image\/"}}]}},"_links":{"self":[{"href":"https:\/\/maybeless-sugar.ch\/pt-pt\/wp-json\/wp\/v2\/pages\/9342","targetHints":{"allow":["GET"]}}],"collection":[{"href":"https:\/\/maybeless-sugar.ch\/pt-pt\/wp-json\/wp\/v2\/pages"}],"about":[{"href":"https:\/\/maybeless-sugar.ch\/pt-pt\/wp-json\/wp\/v2\/types\/page"}],"author":[{"embeddable":true,"href":"https:\/\/maybeless-sugar.ch\/pt-pt\/wp-json\/wp\/v2\/users\/11124"}],"replies":[{"embeddable":true,"href":"https:\/\/maybeless-sugar.ch\/pt-pt\/wp-json\/wp\/v2\/comments?post=9342"}],"version-history":[{"count":1,"href":"https:\/\/maybeless-sugar.ch\/pt-pt\/wp-json\/wp\/v2\/pages\/9342\/revisions"}],"predecessor-version":[{"id":9343,"href":"https:\/\/maybeless-sugar.ch\/pt-pt\/wp-json\/wp\/v2\/pages\/9342\/revisions\/9343"}],"wp:attachment":[{"href":"https:\/\/maybeless-sugar.ch\/pt-pt\/wp-json\/wp\/v2\/media?parent=9342"}],"curies":[{"name":"wp","href":"https:\/\/api.w.org\/{rel}","templated":true}]}}