{"id":6948,"date":"2023-03-08T12:54:36","date_gmt":"2023-03-08T11:54:36","guid":{"rendered":"https:\/\/maybeless-sugar.ch\/ditar\/"},"modified":"2026-04-17T14:57:52","modified_gmt":"2026-04-17T12:57:52","slug":"ditar","status":"publish","type":"page","link":"https:\/\/maybeless-sugar.ch\/sq\/ditar\/","title":{"rendered":"Agjenda"},"content":{"rendered":"\n\n\n<p><strong>Gjeni ngjarjet tona n\u00eb agjend\u00ebn n\u00eb fr\u00ebngjisht.<\/strong><\/p>\n\n\n\n<div style=\"height:100px\" aria-hidden=\"true\" class=\"wp-block-spacer\"><\/div>\n\n\n\n<h2 class=\"wp-block-heading\">Rikthim i vitit 2025<\/h2>\n\n\n\n<p>N\u00eb maj t\u00eb vitit 2025, edicioni i 3-t\u00eb i MAYbe Less Sugar u zhvillua n\u00eb t\u00eb gjith\u00eb Zvicr\u00ebn. Faleminderit t\u00eb gjith\u00eb partner\u00ebve dhe njer\u00ebzve t\u00eb p\u00ebrfshir\u00eb p\u00ebr k\u00ebt\u00eb muaj t\u00eb mrekulluesh\u00ebm t\u00eb majit 2025.  <\/p>\n\n\n\n<p>Edicioni i 4-t i MAYbe Less Sugar do t\u00eb zhvillohet n\u00eb maj 2026!<\/p>\n\n\n\n<p>Raporti p\u00ebrfundimtar p\u00ebr edicionin i vitit 2024 mund t\u00eb gjendet <a href=\"https:\/\/maybeless-sugar.ch\/wp-content\/uploads\/2024\/09\/Rapport_Evaluation_MBLS_2024_VF.pdf\">k\u00ebtu<\/a> . <\/p>\n\n\n\n<div style=\"height:100px\" aria-hidden=\"true\" class=\"wp-block-spacer\"><\/div>\n\n\n\n<h2 class=\"wp-block-heading\">Rikthim i vitit 2024 <\/h2>\n\n\n\n<p>\u00c7far\u00eb botimi i dyt\u00eb ! Edicioni i vitit 2024 i MAYbe Less Sugar u zhvillua gjat\u00eb muajit maj 2024 n\u00eb Zvicr\u00ebn fr\u00ebngjishtfol\u00ebse dhe gjermanishtfol\u00ebse, duke arritur mbi 11&#8217;000 njer\u00ebz p\u00ebrmes fushat\u00ebs digjitale dhe 16&#8217;000 njer\u00ebz p\u00ebrmes aktiviteteve. MAYbe Less Sugar nuk do t\u00eb kishte qen\u00eb i mundur pa partner\u00ebt tan\u00eb t\u00eb shumt\u00eb, t\u00eb cil\u00ebt i fal\u00ebnderojm\u00eb sinqerisht p\u00ebr p\u00ebrfshirjen e tyre n\u00eb k\u00ebt\u00eb iniciativ\u00eb t\u00eb sh\u00ebndetit publik. Shihemi n\u00eb maj 2025 p\u00ebr edicionin e tret\u00eb t\u00eb MAYbe Less Sugar.    <\/p>\n\n\n\n<p>Raporti p\u00ebrfundimtar p\u00ebr edicionin i vitit 2024 mund t\u00eb gjendet <a href=\"https:\/\/maybeless-sugar.ch\/wp-content\/uploads\/2024\/09\/Rapport_Evaluation_MBLS_2024_VF.pdf\">k\u00ebtu<\/a> . <\/p>\n\n\n\n<div style=\"height:100px\" aria-hidden=\"true\" class=\"wp-block-spacer\"><\/div>\n\n\n\n<h2 class=\"wp-block-heading\">Rikthim i vitit 2023<\/h2>\n\n\n\n<p>Edicioni i par\u00eb i MAYbe Less Sugar u zhvillua gjat\u00eb muajit maj 2023 n\u00eb Zvicr\u00ebn fr\u00ebngjishtfol\u00ebse &#8211; dhe n\u00eb t\u00eb gjith\u00eb bot\u00ebn, n\u00ebp\u00ebrmjet k\u00ebsaj faqeje interneti dhe fushat\u00ebs n\u00eb mediat sociale.<\/p>\n\n\n\n<p>N\u00eb total, gati <strong>7 000 persona u regjistruan p\u00ebr t\u00eb marr\u00eb pjes\u00eb<\/strong> . Bravo dhe faleminderit juve, si dhe partner\u00ebve t\u00eb MAYbe Less Sugar dhe t\u00eb gjith\u00eb individ\u00ebve dhe organizatave q\u00eb kontribuan n\u00eb suksesin e saj. Ne prezantuam rezultatet fillestare m\u00eb 3 qershor 2023. Kjo iniciativ\u00eb e ka sjell\u00eb sheqerin n\u00eb qend\u00ebr t\u00eb diskutimit dhe ka rritur nd\u00ebrgjegj\u00ebsimin p\u00ebr konsumin e tep\u00ebrt t\u00eb sheqerit, i cili prek nj\u00eb n\u00eb dy persona n\u00eb Zvic\u00ebr.    <\/p>\n\n\n\n<p>Shihni <a href=\"https:\/\/maybeless-sugar.ch\/wp-content\/uploads\/2023\/06\/Communique-de-presse-resultats-MAYbe-Less-Sugar.pdf\" target=\"_blank\" rel=\"noreferrer noopener\">njoftimin p\u00ebr shtyp t\u00eb dat\u00ebs 3 qershor 2023<\/a><\/p>\n\n\n\n<div class=\"wp-block-buttons is-layout-flex wp-block-buttons-is-layout-flex\">\n<div class=\"wp-block-button\"><a class=\"wp-block-button__link wp-element-button\" href=\"https:\/\/youtu.be\/JDbeoepXmUA\" target=\"_blank\" rel=\"noreferrer noopener\">Prezantimi i rezultateve<\/a><\/div>\n<\/div>\n\n\n\n<div style=\"height:100px\" aria-hidden=\"true\" class=\"wp-block-spacer\"><\/div>\n\n\n\n<div class=\"wp-block-buttons is-content-justification-center is-layout-flex wp-container-core-buttons-is-layout-16018d1d wp-block-buttons-is-layout-flex\">\n<div class=\"wp-block-button\"><a class=\"wp-block-button__link wp-element-button\" href=\"\/sq\/?page_id=6963\">Un\u00eb mb\u00ebshtes<\/a><\/div>\n<\/div>\n\n\n\n<div style=\"height:100px\" aria-hidden=\"true\" class=\"wp-block-spacer\"><\/div>\n","protected":false},"excerpt":{"rendered":"<p>Gjeni ngjarjet tona n\u00eb agjend\u00ebn n\u00eb fr\u00ebngjisht. Rikthim i vitit 2025 N\u00eb maj t\u00eb vitit 2025, edicioni i 3-t\u00eb i MAYbe Less Sugar u zhvillua n\u00eb t\u00eb gjith\u00eb Zvicr\u00ebn. Faleminderit t\u00eb gjith\u00eb partner\u00ebve dhe njer\u00ebzve t\u00eb p\u00ebrfshir\u00eb p\u00ebr k\u00ebt\u00eb muaj t\u00eb mrekulluesh\u00ebm t\u00eb majit 2025. Edicioni i 4-t i MAYbe Less Sugar do t\u00eb zhvillohet [&hellip;]<\/p>\n","protected":false},"author":41,"featured_media":8934,"parent":0,"menu_order":0,"comment_status":"closed","ping_status":"closed","template":"","meta":{"_acf_changed":false,"footnotes":""},"class_list":["post-6948","page","type-page","status-publish","has-post-thumbnail","hentry"],"acf":[],"yoast_head":"<!-- This site is optimized with the Yoast SEO plugin v27.5 - https:\/\/yoast.com\/product\/yoast-seo-wordpress\/ -->\n<title>Agjenda - Maybeless sugar<\/title>\n<meta name=\"robots\" content=\"index, follow, max-snippet:-1, max-image-preview:large, max-video-preview:-1\" \/>\n<link rel=\"canonical\" href=\"https:\/\/maybeless-sugar.ch\/sq\/ditar\/\" \/>\n<meta property=\"og:locale\" content=\"sq_AL\" \/>\n<meta property=\"og:type\" content=\"article\" \/>\n<meta property=\"og:title\" content=\"Agjenda - Maybeless sugar\" \/>\n<meta property=\"og:description\" content=\"Gjeni ngjarjet tona n\u00eb agjend\u00ebn n\u00eb fr\u00ebngjisht. Rikthim i vitit 2025 N\u00eb maj t\u00eb vitit 2025, edicioni i 3-t\u00eb i MAYbe Less Sugar u zhvillua n\u00eb t\u00eb gjith\u00eb Zvicr\u00ebn. Faleminderit t\u00eb gjith\u00eb partner\u00ebve dhe njer\u00ebzve t\u00eb p\u00ebrfshir\u00eb p\u00ebr k\u00ebt\u00eb muaj t\u00eb mrekulluesh\u00ebm t\u00eb majit 2025. Edicioni i 4-t i MAYbe Less Sugar do t\u00eb zhvillohet [&hellip;]\" \/>\n<meta property=\"og:url\" content=\"https:\/\/maybeless-sugar.ch\/sq\/ditar\/\" \/>\n<meta property=\"og:site_name\" content=\"Maybeless sugar\" \/>\n<meta property=\"article:modified_time\" content=\"2026-04-17T12:57:52+00:00\" \/>\n<meta property=\"og:image\" content=\"https:\/\/maybeless-sugar.ch\/wp-content\/uploads\/2026\/04\/MAYBELESSSUGAR_logo_w_o.png\" \/>\n\t<meta property=\"og:image:width\" content=\"2134\" \/>\n\t<meta property=\"og:image:height\" content=\"2134\" \/>\n\t<meta property=\"og:image:type\" content=\"image\/png\" \/>\n<meta name=\"twitter:card\" content=\"summary_large_image\" \/>\n<meta name=\"twitter:label1\" content=\"Est. reading time\" \/>\n\t<meta name=\"twitter:data1\" content=\"2 minutes\" \/>\n<script type=\"application\/ld+json\" class=\"yoast-schema-graph\">{\"@context\":\"https:\\\/\\\/schema.org\",\"@graph\":[{\"@type\":\"WebPage\",\"@id\":\"https:\\\/\\\/maybeless-sugar.ch\\\/sq\\\/ditar\\\/\",\"url\":\"https:\\\/\\\/maybeless-sugar.ch\\\/sq\\\/ditar\\\/\",\"name\":\"Agjenda - Maybeless sugar\",\"isPartOf\":{\"@id\":\"https:\\\/\\\/maybeless-sugar.ch\\\/sq\\\/#website\"},\"primaryImageOfPage\":{\"@id\":\"https:\\\/\\\/maybeless-sugar.ch\\\/sq\\\/ditar\\\/#primaryimage\"},\"image\":{\"@id\":\"https:\\\/\\\/maybeless-sugar.ch\\\/sq\\\/ditar\\\/#primaryimage\"},\"thumbnailUrl\":\"https:\\\/\\\/maybeless-sugar.ch\\\/wp-content\\\/uploads\\\/2026\\\/04\\\/MAYBELESSSUGAR_logo_w_o.png\",\"datePublished\":\"2023-03-08T11:54:36+00:00\",\"dateModified\":\"2026-04-17T12:57:52+00:00\",\"breadcrumb\":{\"@id\":\"https:\\\/\\\/maybeless-sugar.ch\\\/sq\\\/ditar\\\/#breadcrumb\"},\"inLanguage\":\"sq-AL\",\"potentialAction\":[{\"@type\":\"ReadAction\",\"target\":[\"https:\\\/\\\/maybeless-sugar.ch\\\/sq\\\/ditar\\\/\"]}]},{\"@type\":\"ImageObject\",\"inLanguage\":\"sq-AL\",\"@id\":\"https:\\\/\\\/maybeless-sugar.ch\\\/sq\\\/ditar\\\/#primaryimage\",\"url\":\"https:\\\/\\\/maybeless-sugar.ch\\\/wp-content\\\/uploads\\\/2026\\\/04\\\/MAYBELESSSUGAR_logo_w_o.png\",\"contentUrl\":\"https:\\\/\\\/maybeless-sugar.ch\\\/wp-content\\\/uploads\\\/2026\\\/04\\\/MAYBELESSSUGAR_logo_w_o.png\",\"width\":2134,\"height\":2134},{\"@type\":\"BreadcrumbList\",\"@id\":\"https:\\\/\\\/maybeless-sugar.ch\\\/sq\\\/ditar\\\/#breadcrumb\",\"itemListElement\":[{\"@type\":\"ListItem\",\"position\":1,\"name\":\"Home\",\"item\":\"https:\\\/\\\/maybeless-sugar.ch\\\/sq\\\/\"},{\"@type\":\"ListItem\",\"position\":2,\"name\":\"Agjenda\"}]},{\"@type\":\"WebSite\",\"@id\":\"https:\\\/\\\/maybeless-sugar.ch\\\/sq\\\/#website\",\"url\":\"https:\\\/\\\/maybeless-sugar.ch\\\/sq\\\/\",\"name\":\"Maybeless sugar\",\"description\":\"Doux mois de mai moins sucr\u00e9\",\"publisher\":{\"@id\":\"https:\\\/\\\/maybeless-sugar.ch\\\/sq\\\/#organization\"},\"potentialAction\":[{\"@type\":\"SearchAction\",\"target\":{\"@type\":\"EntryPoint\",\"urlTemplate\":\"https:\\\/\\\/maybeless-sugar.ch\\\/sq\\\/?s={search_term_string}\"},\"query-input\":{\"@type\":\"PropertyValueSpecification\",\"valueRequired\":true,\"valueName\":\"search_term_string\"}}],\"inLanguage\":\"sq-AL\"},{\"@type\":\"Organization\",\"@id\":\"https:\\\/\\\/maybeless-sugar.ch\\\/sq\\\/#organization\",\"name\":\"Maybeless sugar\",\"url\":\"https:\\\/\\\/maybeless-sugar.ch\\\/sq\\\/\",\"logo\":{\"@type\":\"ImageObject\",\"inLanguage\":\"sq-AL\",\"@id\":\"https:\\\/\\\/maybeless-sugar.ch\\\/sq\\\/#\\\/schema\\\/logo\\\/image\\\/\",\"url\":\"https:\\\/\\\/maybeless-sugar.ch\\\/wp-content\\\/uploads\\\/2023\\\/02\\\/logo-white.svg\",\"contentUrl\":\"https:\\\/\\\/maybeless-sugar.ch\\\/wp-content\\\/uploads\\\/2023\\\/02\\\/logo-white.svg\",\"width\":129,\"height\":81,\"caption\":\"Maybeless sugar\"},\"image\":{\"@id\":\"https:\\\/\\\/maybeless-sugar.ch\\\/sq\\\/#\\\/schema\\\/logo\\\/image\\\/\"}}]}<\/script>\n<!-- \/ Yoast SEO plugin. -->","yoast_head_json":{"title":"Agjenda - Maybeless sugar","robots":{"index":"index","follow":"follow","max-snippet":"max-snippet:-1","max-image-preview":"max-image-preview:large","max-video-preview":"max-video-preview:-1"},"canonical":"https:\/\/maybeless-sugar.ch\/sq\/ditar\/","og_locale":"sq_AL","og_type":"article","og_title":"Agjenda - Maybeless sugar","og_description":"Gjeni ngjarjet tona n\u00eb agjend\u00ebn n\u00eb fr\u00ebngjisht. Rikthim i vitit 2025 N\u00eb maj t\u00eb vitit 2025, edicioni i 3-t\u00eb i MAYbe Less Sugar u zhvillua n\u00eb t\u00eb gjith\u00eb Zvicr\u00ebn. Faleminderit t\u00eb gjith\u00eb partner\u00ebve dhe njer\u00ebzve t\u00eb p\u00ebrfshir\u00eb p\u00ebr k\u00ebt\u00eb muaj t\u00eb mrekulluesh\u00ebm t\u00eb majit 2025. Edicioni i 4-t i MAYbe Less Sugar do t\u00eb zhvillohet [&hellip;]","og_url":"https:\/\/maybeless-sugar.ch\/sq\/ditar\/","og_site_name":"Maybeless sugar","article_modified_time":"2026-04-17T12:57:52+00:00","og_image":[{"width":2134,"height":2134,"url":"https:\/\/maybeless-sugar.ch\/wp-content\/uploads\/2026\/04\/MAYBELESSSUGAR_logo_w_o.png","type":"image\/png"}],"twitter_card":"summary_large_image","twitter_misc":{"Est. reading time":"2 minutes"},"schema":{"@context":"https:\/\/schema.org","@graph":[{"@type":"WebPage","@id":"https:\/\/maybeless-sugar.ch\/sq\/ditar\/","url":"https:\/\/maybeless-sugar.ch\/sq\/ditar\/","name":"Agjenda - Maybeless sugar","isPartOf":{"@id":"https:\/\/maybeless-sugar.ch\/sq\/#website"},"primaryImageOfPage":{"@id":"https:\/\/maybeless-sugar.ch\/sq\/ditar\/#primaryimage"},"image":{"@id":"https:\/\/maybeless-sugar.ch\/sq\/ditar\/#primaryimage"},"thumbnailUrl":"https:\/\/maybeless-sugar.ch\/wp-content\/uploads\/2026\/04\/MAYBELESSSUGAR_logo_w_o.png","datePublished":"2023-03-08T11:54:36+00:00","dateModified":"2026-04-17T12:57:52+00:00","breadcrumb":{"@id":"https:\/\/maybeless-sugar.ch\/sq\/ditar\/#breadcrumb"},"inLanguage":"sq-AL","potentialAction":[{"@type":"ReadAction","target":["https:\/\/maybeless-sugar.ch\/sq\/ditar\/"]}]},{"@type":"ImageObject","inLanguage":"sq-AL","@id":"https:\/\/maybeless-sugar.ch\/sq\/ditar\/#primaryimage","url":"https:\/\/maybeless-sugar.ch\/wp-content\/uploads\/2026\/04\/MAYBELESSSUGAR_logo_w_o.png","contentUrl":"https:\/\/maybeless-sugar.ch\/wp-content\/uploads\/2026\/04\/MAYBELESSSUGAR_logo_w_o.png","width":2134,"height":2134},{"@type":"BreadcrumbList","@id":"https:\/\/maybeless-sugar.ch\/sq\/ditar\/#breadcrumb","itemListElement":[{"@type":"ListItem","position":1,"name":"Home","item":"https:\/\/maybeless-sugar.ch\/sq\/"},{"@type":"ListItem","position":2,"name":"Agjenda"}]},{"@type":"WebSite","@id":"https:\/\/maybeless-sugar.ch\/sq\/#website","url":"https:\/\/maybeless-sugar.ch\/sq\/","name":"Maybeless sugar","description":"Doux mois de mai moins sucr\u00e9","publisher":{"@id":"https:\/\/maybeless-sugar.ch\/sq\/#organization"},"potentialAction":[{"@type":"SearchAction","target":{"@type":"EntryPoint","urlTemplate":"https:\/\/maybeless-sugar.ch\/sq\/?s={search_term_string}"},"query-input":{"@type":"PropertyValueSpecification","valueRequired":true,"valueName":"search_term_string"}}],"inLanguage":"sq-AL"},{"@type":"Organization","@id":"https:\/\/maybeless-sugar.ch\/sq\/#organization","name":"Maybeless sugar","url":"https:\/\/maybeless-sugar.ch\/sq\/","logo":{"@type":"ImageObject","inLanguage":"sq-AL","@id":"https:\/\/maybeless-sugar.ch\/sq\/#\/schema\/logo\/image\/","url":"https:\/\/maybeless-sugar.ch\/wp-content\/uploads\/2023\/02\/logo-white.svg","contentUrl":"https:\/\/maybeless-sugar.ch\/wp-content\/uploads\/2023\/02\/logo-white.svg","width":129,"height":81,"caption":"Maybeless sugar"},"image":{"@id":"https:\/\/maybeless-sugar.ch\/sq\/#\/schema\/logo\/image\/"}}]}},"_links":{"self":[{"href":"https:\/\/maybeless-sugar.ch\/sq\/wp-json\/wp\/v2\/pages\/6948","targetHints":{"allow":["GET"]}}],"collection":[{"href":"https:\/\/maybeless-sugar.ch\/sq\/wp-json\/wp\/v2\/pages"}],"about":[{"href":"https:\/\/maybeless-sugar.ch\/sq\/wp-json\/wp\/v2\/types\/page"}],"author":[{"embeddable":true,"href":"https:\/\/maybeless-sugar.ch\/sq\/wp-json\/wp\/v2\/users\/41"}],"replies":[{"embeddable":true,"href":"https:\/\/maybeless-sugar.ch\/sq\/wp-json\/wp\/v2\/comments?post=6948"}],"version-history":[{"count":5,"href":"https:\/\/maybeless-sugar.ch\/sq\/wp-json\/wp\/v2\/pages\/6948\/revisions"}],"predecessor-version":[{"id":8956,"href":"https:\/\/maybeless-sugar.ch\/sq\/wp-json\/wp\/v2\/pages\/6948\/revisions\/8956"}],"wp:featuredmedia":[{"embeddable":true,"href":"https:\/\/maybeless-sugar.ch\/sq\/wp-json\/wp\/v2\/media\/8934"}],"wp:attachment":[{"href":"https:\/\/maybeless-sugar.ch\/sq\/wp-json\/wp\/v2\/media?parent=6948"}],"curies":[{"name":"wp","href":"https:\/\/api.w.org\/{rel}","templated":true}]}}