{"id":6960,"date":"2023-03-30T06:43:06","date_gmt":"2023-03-30T04:43:06","guid":{"rendered":"https:\/\/maybeless-sugar.ch\/kushtet-dhe-afatet-e-pergjithshme\/"},"modified":"2026-04-01T20:47:46","modified_gmt":"2026-04-01T18:47:46","slug":"kushtet-dhe-afatet-e-pergjithshme","status":"publish","type":"page","link":"https:\/\/maybeless-sugar.ch\/sq\/kushtet-dhe-afatet-e-pergjithshme\/","title":{"rendered":"Kushtet e p\u00ebrgjithshme"},"content":{"rendered":"\n<p><strong>Informacione ligjore<\/strong><\/p>\n\n<h3 class=\"wp-block-heading\">P\u00ebrjashtim nga p\u00ebrgjegj\u00ebsia<\/h3>\n\n<p>P\u00ebrmbajtja e k\u00ebsaj faqeje interneti ofrohet vet\u00ebm p\u00ebr q\u00ebllime informative dhe nuk \u00ebsht\u00eb angazhim. Edhe pse kontrollojm\u00eb rregullisht sakt\u00ebsin\u00eb dhe aktualitetin e informacioneve t\u00eb p\u00ebrfshira k\u00ebtu, ne nuk mbajm\u00eb p\u00ebrgjegj\u00ebsi, sipas p\u00ebrcaktimeve ligjore, p\u00ebr pasojat e pad\u00ebshirueshme q\u00eb mund t\u00eb lindin nga p\u00ebrdorimi i k\u00ebtyre informacioneve. N\u00eb ve\u00e7anti, ne p\u00ebrjashtojm\u00eb p\u00ebrgjegj\u00ebsin\u00eb ton\u00eb n\u00eb rast t\u00eb munges\u00eb disponueshm\u00ebrie e sh\u00ebrbimeve ne internet ose p\u00ebr \u00e7do d\u00ebm (p.sh., p\u00ebr shkak t\u00eb nd\u00ebrprerjeve s\u00eb lidhjes ose programeve keqdash\u00ebse) q\u00eb vjen nga p\u00ebrdorimi i faqes son\u00eb t\u00eb internetit.  <\/p>\n\n<p>Faqja jon\u00eb p\u00ebrmban lidhje interneti me oferta t\u00eb pal\u00ebve t\u00eb tjera. Ju i p\u00ebrdorni k\u00ebto lidhje duke marr\u00eb p\u00ebrsip\u00ebr rrezikun. Ne nuk jemi p\u00ebrgjegj\u00ebs p\u00ebr p\u00ebrmbajtjen e k\u00ebtyre faqeve t\u00eb tjera.  <\/p>\n\n<h3 class=\"wp-block-heading\">Statistikat<\/h3>\n\n<p>Analizat statistikore na ndihmojn\u00eb t\u00eb p\u00ebrmir\u00ebsojm\u00eb sh\u00ebrbimet tona ne internet. P\u00ebr k\u00ebt\u00eb q\u00ebllim, ne p\u00ebrpunojm\u00eb t\u00eb dh\u00ebna mbi p\u00ebrdorimin e faqes s\u00eb internetit n\u00eb m\u00ebnyr\u00eb t\u00eb anonimizuar dhe i ndajm\u00eb ato me pal\u00ebt t\u00eb tjera (shikoni m\u00eb posht\u00eb &#8220;Vler\u00ebsimi anonim i sjelljeve t\u00eb p\u00ebrdoruesit&#8221;). T\u00eb dh\u00ebna t\u00eb tjera t\u00eb gjeneruara gjat\u00eb p\u00ebrdorimit t\u00eb faqes s\u00eb internetit, si\u00e7 jan\u00eb informacionet e regjistruara n\u00eb formular\u00ebt e kontaktit, p\u00ebrpunohen vet\u00ebm kur \u00ebsht\u00eb e nevojshme p\u00ebr t\u00eb ofruar sh\u00ebrbimin q\u00eb ju k\u00ebrkoni. K\u00ebto t\u00eb dh\u00ebna nuk ndahen me pal\u00eb t\u00eb tjera.   <\/p>\n\n<h3 class=\"wp-block-heading\">Email-i (post\u00eb elektronike) dhe formulari i kontakti<\/h3>\n\n<p>Qasja n\u00eb k\u00ebt\u00eb faqe interneti dhe futja e informacioneve n\u00eb formular\u00ebt e kontaktit ose n\u00eb fusha t\u00eb tjera t\u00eb t\u00eb dh\u00ebnave jan t\u00eb koduar. Kjo nuk ndodh me email-in e p\u00ebrgjithsh\u00ebm. Prandaj, nuk p\u00ebjashtohet q\u00eb email-et q\u00eb d\u00ebrgoni n\u00eb projektin MAYbe Less Sugar mund t\u00eb lexohen ose ndryshohen nga pal\u00eb t\u00eb tjera. Megjithat\u00eb, email-i mbetet nj\u00eb mjet i zakonsh\u00ebm komunikimi.   <\/p>\n\n<p>Kur d\u00ebrgoni nj\u00eb k\u00ebrkes\u00eb p\u00ebrmes email-it ose formularit t\u00eb kontaktit, ju pranoni q\u00eb t\u00eb merrni nj\u00eb p\u00ebrgjigje nga ne me email. N\u00ebse d\u00ebshironi t\u00eb merrni nj\u00eb p\u00ebrgjigje n\u00eb nj\u00eb form\u00eb tjet\u00ebr, ju lutemi ta specifikoni n\u00eb k\u00ebrkes\u00ebn tuaj dhe t\u00eb tregoni se si mund t&#8217;ju kontaktojm\u00eb (p.sh., numrin e telefonit ose adres\u00ebn postare). <\/p>\n\n<h3 class=\"wp-block-heading\">P\u00ebrpunimi anonim i t\u00eb dh\u00ebnave t\u00eb p\u00ebrdorimit<\/h3>\n\n<p>Kjo faqe internetit perdor Google Analytics, nj\u00eb sh\u00ebrbim analize interneti i Google inc. (Google). Google Analytics p\u00ebrdor cookies, skedar\u00eb tekstual\u00eb q\u00eb ruhen n\u00eb kompjuterin tuaj dhe lejojn\u00eb analizimin e p\u00ebrdorimit tuaj t\u00eb faqes s\u00eb internetit. Informacionet e gjeneruara nga cookies mbi p\u00ebrdorimin tuaj t\u00eb k\u00ebsaj faqeje zakonish transmetohen dhe ruhen n\u00eb nj\u00eb server t\u00eb Google n\u00eb SHBA. <br\/>N\u00eb rast se anonimizimi i IP-s\u00eb \u00ebsht\u00eb aktivizuar n\u00eb k\u00ebt\u00eb faqe, adresa juja IP do t\u00eb shkurtoret fillimisht nga Google brena vendve t\u00eb Bashkimit Evropian dhe vendeve an\u00ebtare t\u00eb marr\u00ebveshjes p\u00eb zon\u00ebn ekonimike evropiane. N\u00eb raste shum\u00eb t\u00eb ralla, adresa e plot\u00eb IP transmetohet n\u00eb serverin n\u00eb SHBA dhe pastaj shkurtoret. <br\/>Sipas urdhrit t\u00eb administratorit t\u00eb k\u00ebsaj faqeje, Google p\u00ebrdor k\u00ebto infromacion p\u00ebr t\u00eb vler\u00ebsuar p\u00ebrdorimin e faqes, p\u00ebr t\u00eb krijuar raporte mbi aktivitetet e faqes dhe p\u00ebr t\u00eb ofruar sh\u00ebrbime t\u00eb tjera lidhur me p\u00ebrdorimin e faqes s\u00eb internetit. K\u00ebto information jan\u00eb t\u00eb destinuara p\u00ebr administratorin e k\u00ebsaj faqeje. Adresa IP e transmetuar nga shfletuesi juaj n\u00eb kuad\u00ebr t\u00eb Google Analytics nuk lidhet me t\u00eb dh\u00ebna t\u00eb tjera t\u00eb Google. <br\/>Ju mund t\u00eb parandaloni regjistrimin e cookies-ve p\u00ebrmes nj\u00eb reffullimi n\u00eb shfletuesin tuaj. Ju paralajm\u00ebrojm, megjithat\u00eb, se kjo do t\u00eb bllokoj\u00eb p\u00ebrdorimin e t\u00eb gjitha funksioneve t\u00eb k\u00ebsaj faqeje. P\u00ebr m\u00eb tep\u00ebr, mund t\u00eb parandaloni bledhjen e t\u00eb dh\u00ebnave t\u00eb siguruara nga cookie mbi p\u00ebrdorimin tuaj t\u00eb faqes (p\u00ebrfshir\u00eb adres\u00ebn IP) dhe p\u00ebrpunimin e k\u00ebtyre t\u00eb dh\u00ebnave nga Google duke shkarkuar dhe instaluar plugin-in e disponuesh\u00ebm n\u00eb linkun e m\u00ebposht\u00ebm.           <\/p>\n\n<p>Linku aktuale \u00ebsht\u00eb <a href=\"http:\/\/tools.google.com\/dlpage\/gaoptout?hl=fr\">https:\/\/tools.google.com\/dlpage\/gaoptout?hl=fr<\/a><\/p>\n\n<p>Kushtet e Google Analytics: <a href=\"http:\/\/www.google.com\/analytics\/terms\/fr.html\">http:\/\/www.google.com\/analytics\/terms\/fr.html<\/a><\/p>\n\n<h3 class=\"wp-block-heading\">let\u00ebr informative<\/h3>\n\n<p>P\u00ebr t&#8217;ju d\u00ebrguar let\u00ebra informative, ne ruajm\u00eb adres\u00ebn tuaj t\u00eb email-it kur regjistroheni. Ky informacion p\u00ebrdoret vet\u00ebm p\u00ebr q\u00ebllimet e d\u00ebrgimit t\u00eb letr\u00ebn informative. <\/p>\n\n<p>P\u00ebr m\u00eb tep\u00ebr, p\u00ebr regjistrim k\u00ebrkohet nj\u00eb &#8220;zgjedhje e dyfisht\u00eb&#8221;. Kjo do t\u00eb thot\u00eb q\u00eb p\u00ebrve\u00e7 futjes t\u00eb t\u00eb dh\u00ebnave tuaja, adresa juaj e email-it duhet t\u00eb konfirmohet edhe duke klikuar nj\u00eb lidhje n\u00eb nj\u00eb email p\u00ebrkat\u00ebs. Kjo siguron q\u00eb t\u00eb dh\u00ebnat t\u00eb futen edhe nga personi q\u00eb zot\u00ebron identitetin tuaj. Ju gjithmon\u00eb mund t\u00eb \u00e7regjistroheni nga let\u00ebra informative pa njoftim paraprak dhe pa pasur nevoj\u00eb t\u00eb jepni nj\u00eb arsye. P\u00ebr t&#8217;u \u00e7regjistruar, thjesht klikoni linkun e \u00e7regjistrimit qe gjind\u00ebt n\u00eb fund t\u00eb \u00e7do let\u00ebr informative.    <\/p>\n\n<p>Let\u00ebrat informative d\u00ebrgohen n\u00ebp\u00ebrmjet &#8220;Infomaniak&#8221;, nj\u00eb platform\u00eb d\u00ebrgimi leterave informative, nj\u00eb kompani zvicerane \u00ebsht\u00eb et bazuar n\u00eb Gjenev\u00eb, Rue Eug\u00e8ne Marziano 25, 1227 Les Acacias (GE).  Adresat e email-it dhe t\u00eb dh\u00ebnat e tjera t\u00eb pajtimtar\u00ebve t\u00eb p\u00ebrshkruara k\u00ebtu ruhen n\u00eb serverat e Infomaniak. Infomaniak p\u00ebrdor k\u00ebto informacione p\u00ebr t\u00eb d\u00ebrguar dhe vler\u00ebsuar buletinin informativ n\u00eb emrin ton\u00eb. Infomaniak gjithashtu p\u00ebrdor k\u00ebto informacione p\u00ebr t\u00eb vler\u00ebsuar performanc\u00ebn dhe p\u00ebr t\u00eb optimizuar sh\u00ebrbimet e veta. T\u00eb dh\u00ebnat nuk do t\u00eb ndahen me pal\u00eb t\u00eb tjera ose nuk do t\u00eb p\u00ebrdoren p\u00ebr q\u00ebllime marketingu. Infomaniak \u00ebsht\u00eb i p\u00ebrkushtuar t\u00eb p\u00ebrmbush\u00eb rregulloret evropiane t\u00eb mbrojtjes s\u00eb t\u00eb dh\u00ebnave.    <\/p>\n\n<p>P\u00ebr m\u00eb tep\u00ebr, duke p\u00ebrdorur Infomaniak, ne pranojm\u00eb automatikisht Shtojc\u00ebn e P\u00ebrpunimit t\u00eb t\u00eb Dh\u00ebnave (DPA). Duke vepruar k\u00ebshtu, Infomaniak angazhohet t\u00eb p\u00ebrmbush\u00eb rregulloret evropiane t\u00eb mbrojtjes s\u00eb t\u00eb dh\u00ebnave, t\u00eb mbroj\u00eb t\u00eb dh\u00ebnat e pajtimtar\u00ebve tan\u00eb dhe, m\u00eb e r\u00ebnd\u00ebsishmja, t\u00eb mos i ndaj\u00eb ato me pal\u00eb t\u00eb treta. Politika e privat\u00ebsis\u00eb s\u00eb Infomaniak mund t\u00eb konsultohet <a href=\"https:\/\/www.infomaniak.com\/fr\/cgv\/politique-de-confidentialite\">k\u00ebtu<\/a> .  <\/p>\n\n<h3 class=\"wp-block-heading\">Pron\u00ebsia intelektuale<\/h3>\n\n<p>Imazhet dhe tingujt n\u00eb k\u00ebt\u00eb faqe interneti jan\u00eb pron\u00eb e Trivial Mass. Prandaj, p\u00ebrdorimi i tyre \u00ebsht\u00eb i ndaluar, p\u00ebrve\u00e7se p\u00ebr promovimin e fushat\u00ebs MAYbe Less Sugar nga partner\u00ebt dhe mediat.  <\/p>\n\n<h3 class=\"wp-block-heading\">Kontakti n\u00ebse keni ndonj\u00eb pyetje.<\/h3>\n\n<p>N\u00ebse keni ndonj\u00eb pyetje ose k\u00ebrkes\u00eb mbi k\u00ebt\u00eb tem\u00eb, ju lutemi t\u00eb kontaktoni Trivial Mass, t\u00eb dh\u00ebnat e kontaktit t\u00eb t\u00eb cilit jan\u00eb t\u00eb disponueshme n\u00ebp\u00ebrmjet linkut n\u00eb fund t\u00eb faqes.<\/p>\n\n<h2 class=\"wp-block-heading\">T\u00eb dh\u00ebnat e pronarit t\u00eb faqes<\/h2>\n\n<p>Tekstet : <strong><a href=\"https:\/\/maybeless-sugar.ch\/sq\/?page_id=6855\">MAYbe Less Sugar<\/a><\/strong> <\/p>\n\n<p><strong>Koncepti i fushat\u00ebs<\/strong> : Fushata MAYbe Less Sugar u zhvillua nga diab\u00e8tevaud n\u00eb bashk\u00ebpunim me Unisant\u00e9, e frym\u00ebzuar nga fushata Dry January.<\/p>\n\n<p><strong>Zhvillimi i faqes<\/strong> : <a href=\"https:\/\/trivialmass.ch\/\">trivial mass<\/a><\/p>\n\n<p><strong><a href=\"https:\/\/dryjanuary.ch\/fr\/impressum\">Na kontaktoni p\u00ebrmes e-mail<\/a><\/strong> <a href=\"mailto:contact@trivialmass.ch\">n\u00eb adres\u00ebn contact@trivialmass.ch<\/a> <\/p>\n\n<div style=\"height:100px\" aria-hidden=\"true\" class=\"wp-block-spacer\"><\/div>\n\n<!-- Start CookieYes cookie policy -->\n<style>\n  a.cky-banner-element {\n    padding: 8px 30px;\n    background: #f8f9fa;\n    color: #858a8f;\n    border: 1px solid #dee2e6;\n    box-sizing: border-box;\n    border-radius: 2px;\n    cursor: pointer\n  }\n<\/style>\n<h1 class=\"cookie-policy-h1\">Politika e cookie-ve<\/h1>\n<div class=\"cookie-policy-date-container\">\n  <p>Data e hyrjes n\u00eb fuqi: 25 shtator 2025<\/p>\n  <p>P\u00ebrdit\u00ebsuar p\u00ebr her\u00eb t\u00eb fundit: 25 shtator 2025<\/p>\n<\/div> <h2>\u00c7far\u00eb jan\u00eb cookies?<\/h2>\n<div class=\"cookie-policy-p\">\n  <p>Kjo politik\u00eb shpjegon se \u00e7far\u00eb jan\u00eb cookie-t, si i p\u00ebrdorim ato, \u00e7far\u00eb llojesh cookies p\u00ebrdorim (dometh\u00ebn\u00eb, informacionet q\u00eb mbledhim duke p\u00ebrdorur cookie-t dhe si p\u00ebrdorent k\u00ebto informacione) dhe si t\u00eb menaxhoni parametrat e cookie-ve.<\/p>\n  <p>Cookies jan\u00eb skedar\u00eb t\u00eb vegj\u00ebl teksti q\u00eb p\u00ebrdoren p\u00ebr t\u00eb ruajtur pjes\u00eb t\u00eb vogla informacioni. Ato ruhen n\u00eb pajisjen tuaj kur ngarkoni nj\u00eb faqe interneti n\u00eb shfletuesin tuaj. Cookies na ndihmojn\u00eb t\u00eb sigurohemi q\u00eb faqja e internetit t\u00eb funksionoj\u00eb si\u00e7 duhet, t\u00eb rrisim sigurin\u00eb, t\u00eb p\u00ebrmir\u00ebsojm\u00eb p\u00ebrvoj\u00ebn e p\u00ebrdoruesit dhe t\u00eb analizojm\u00eb performanc\u00ebn p\u00ebr t\u00eb identifikuar element\u00ebt funksional\u00eb dhe fushat ku nevojiten p\u00ebrmir\u00ebsime.  <\/p>\n<\/div> <h2>Si i p\u00ebrdorim cookies?<\/h2>\n<div class=\"cookie-policy-p\">\n  <p>Ashtu si shumica e sh\u00ebrbimeve online, faqja jon\u00eb e internetit p\u00ebrdor si cookie-t e t\u00eb pal\u00ebs s\u00eb par\u00eb ashtu edhe cookie-t t\u00eb pal\u00ebs t\u00eb treta p\u00ebr q\u00ebllime t\u00eb ndryshme. Cookie-t e t\u00eb pal\u00ebs s\u00eb par\u00eb jan\u00eb kryesisht t\u00eb nevojshme funksionimin e duhur t\u00eb faqes dhe nuk mbledhin asnj\u00eb te dh\u00ebna q\u00eb mund t\u00eb identifikojn\u00eb personalisht p\u00ebrdorusin. <\/p>\n  <p>Cookie-t e pal\u00ebve t\u00eb treta q\u00eb p\u00ebrdor\u00ebn n\u00eb faqen ton\u00eb t\u00eb internetit na ndihmojn\u00eb kryesisht t\u00eb kuptojm\u00eb performanc\u00ebn e faqes, t\u00eb njekim m\u00ebnyr\u00ebn tuaj t\u00eb p\u00ebrdorimit t\u00eb saj, t\u00eb ruajm\u00eb sigurin\u00eb e sh\u00ebrbimeve tona, t\u00eb shfaqim reklama t\u00eb p\u00ebrshtatuara dhe t\u00eb p\u00ebrmir\u00ebsojm\u00eb p\u00ebrvoj\u00ebn tuaj t\u00eb p\u00ebrgjithshme si p\u00ebrdorues, duke optimizuar gjithashtu shpejt\u00ebsin e nd\u00ebrveprimeve tuaja t\u00eb ardhshme me faqen ton\u00eb.<\/p>\n<\/div> <h2>Llojet e cookie-ve q\u00eb p\u00ebrdorim<\/h2>\n<div class=\"cky-audit-table-element\"><\/div> <h2 style=\"margin-bottom: 20px\">Menaxho preferencat e cookie-ve<\/h2><a class=\"cky-banner-element\">Preferencat e p\u00eblqimit<\/a><br\/><div>\n  <p>Ju mundeni t\u00eb ndryshoni cilesimet e cookie-ve tuaj n\u00eb \u00e7do moment duke klikuar n\u00eb butonin &#8220;preferecat e pelqimit&#8221; m\u00eb posht\u00eb. Cela vous permettra de revenir sur la banni\u00e8re de consentement aux cookies, de mettre \u00e0 jour vos pr\u00e9f\u00e9rences ou de retirer imm\u00e9diatement votre consentement. <\/p>\n  <p>P\u00ebr m\u00eb tep\u00ebr, shfletues t\u00eb ndrysh\u00ebm ofrojn\u00eb metoda t\u00eb ndryshme p\u00ebr bllokimin dhe fshirjen e cookie-ve t\u00eb p\u00ebrdorura nga faqet e internetit. Ju mund t\u00eb rregulloni parametrat e shfletuesit tuaj p\u00ebr t\u00eb bllokuar ose fshir\u00eb cookie-t. M\u00eb posht\u00eb jan\u00eb linkut p\u00ebr dokumente mb\u00ebshtet\u00ebse se si t\u00eb menaxhoni dhe fshini cookie-t n\u00eb shfletuesit kryesor\u00eb t\u00eb internetit.  <\/p>\n  <p>Chrome: <a target=\"_blank\" rel=\"noopener noreferrer\" href=\"https:\/\/support.google.com\/accounts\/answer\/32050\">https:\/\/support.google.com\/accounts\/answer\/32050<\/a><\/p>\n  <p>Safari: <a target=\"_blank\" rel=\"noopener noreferrer\" href=\"https:\/\/support.apple.com\/en-in\/guide\/safari\/sfri11471\/mac\">https:\/\/support.apple.com\/en-in\/guide\/safari\/sfri11471\/mac<\/a><\/p>\n  <p>Firefox: <a target=\"_blank\" rel=\"noopener noreferrer\" href=\"https:\/\/support.mozilla.org\/en-US\/kb\/clear-cookies-and-site-data-firefox?redirectslug=delete-cookies-remove-info-websites-stored&#038;redirectlocale=en-US\">https:\/\/support.mozilla.org\/en-US\/kb\/clear-cookies-and-site-data-firefox?redirectslug=delete-cookies-remove-info-websites-stored&#038;redirectlocale=en-US<\/a><\/p>\n  <p>Internet Explorer: <a target=\"_blank\" rel=\"noopener noreferrer\" href=\"https:\/\/support.microsoft.com\/en-us\/topic\/how-to-delete-cookie-files-in-internet-explorer-bca9446f-d873-78de-77ba-d42645fa52fc\">https:\/\/support.microsoft.com\/en-us\/topic\/how-to-delete-cookie-files-in-internet-explorer-bca9446f-d873-78de-77ba-d42645fa52fc<\/a><\/p>\n  <p>N\u00ebse po p\u00ebrdorni nj\u00eb shfletues tjet\u00ebr, ju lutemi referohuni dokumentacionit t\u00eb tij zyrtar.<\/p>\n<\/div> <p class=\"cookie-policy-p\">  Politika e cookie-ve e gjeneruar nga <a target=\"_blank\" rel=\"noopener noreferrer\" href=\"https:\/\/www.cookieyes.com\/?utm_source=CP&#038;utm_medium=footer&#038;utm_campaign=UW\">CookieYes &#8211; Gjeneratori i Politikave t\u00eb Cookie-ve<\/a><\/p>\n<!-- End CookieYes cookie policy -->\n","protected":false},"excerpt":{"rendered":"<p>Informacione ligjore P\u00ebrjashtim nga p\u00ebrgjegj\u00ebsia P\u00ebrmbajtja e k\u00ebsaj faqeje interneti ofrohet vet\u00ebm p\u00ebr q\u00ebllime informative dhe nuk \u00ebsht\u00eb angazhim. Edhe pse kontrollojm\u00eb rregullisht sakt\u00ebsin\u00eb dhe aktualitetin e informacioneve t\u00eb p\u00ebrfshira k\u00ebtu, ne nuk mbajm\u00eb p\u00ebrgjegj\u00ebsi, sipas p\u00ebrcaktimeve ligjore, p\u00ebr pasojat e pad\u00ebshirueshme q\u00eb mund t\u00eb lindin nga p\u00ebrdorimi i k\u00ebtyre informacioneve. N\u00eb ve\u00e7anti, ne p\u00ebrjashtojm\u00eb [&hellip;]<\/p>\n","protected":false},"author":7241,"featured_media":0,"parent":0,"menu_order":0,"comment_status":"closed","ping_status":"closed","template":"","meta":{"_acf_changed":false,"footnotes":""},"class_list":["post-6960","page","type-page","status-publish","hentry"],"acf":[],"yoast_head":"<!-- This site is optimized with the Yoast SEO plugin v26.5 - https:\/\/yoast.com\/wordpress\/plugins\/seo\/ -->\n<title>Kushtet e p\u00ebrgjithshme - Maybeless sugar<\/title>\n<meta name=\"robots\" content=\"index, follow, max-snippet:-1, max-image-preview:large, max-video-preview:-1\" \/>\n<link rel=\"canonical\" href=\"https:\/\/maybeless-sugar.ch\/sq\/kushtet-dhe-afatet-e-pergjithshme\/\" \/>\n<meta property=\"og:locale\" content=\"sq_AL\" \/>\n<meta property=\"og:type\" content=\"article\" \/>\n<meta property=\"og:title\" content=\"Kushtet e p\u00ebrgjithshme - Maybeless sugar\" \/>\n<meta property=\"og:description\" content=\"Informacione ligjore P\u00ebrjashtim nga p\u00ebrgjegj\u00ebsia P\u00ebrmbajtja e k\u00ebsaj faqeje interneti ofrohet vet\u00ebm p\u00ebr q\u00ebllime informative dhe nuk \u00ebsht\u00eb angazhim. Edhe pse kontrollojm\u00eb rregullisht sakt\u00ebsin\u00eb dhe aktualitetin e informacioneve t\u00eb p\u00ebrfshira k\u00ebtu, ne nuk mbajm\u00eb p\u00ebrgjegj\u00ebsi, sipas p\u00ebrcaktimeve ligjore, p\u00ebr pasojat e pad\u00ebshirueshme q\u00eb mund t\u00eb lindin nga p\u00ebrdorimi i k\u00ebtyre informacioneve. N\u00eb ve\u00e7anti, ne p\u00ebrjashtojm\u00eb [&hellip;]\" \/>\n<meta property=\"og:url\" content=\"https:\/\/maybeless-sugar.ch\/sq\/kushtet-dhe-afatet-e-pergjithshme\/\" \/>\n<meta property=\"og:site_name\" content=\"Maybeless sugar\" \/>\n<meta property=\"article:modified_time\" content=\"2026-04-01T18:47:46+00:00\" \/>\n<meta name=\"twitter:card\" content=\"summary_large_image\" \/>\n<meta name=\"twitter:label1\" content=\"Est. reading time\" \/>\n\t<meta name=\"twitter:data1\" content=\"8 minutes\" \/>\n<script type=\"application\/ld+json\" class=\"yoast-schema-graph\">{\"@context\":\"https:\/\/schema.org\",\"@graph\":[{\"@type\":\"WebPage\",\"@id\":\"https:\/\/maybeless-sugar.ch\/sq\/kushtet-dhe-afatet-e-pergjithshme\/\",\"url\":\"https:\/\/maybeless-sugar.ch\/sq\/kushtet-dhe-afatet-e-pergjithshme\/\",\"name\":\"Kushtet e p\u00ebrgjithshme - Maybeless sugar\",\"isPartOf\":{\"@id\":\"https:\/\/maybeless-sugar.ch\/sq\/#website\"},\"datePublished\":\"2023-03-30T04:43:06+00:00\",\"dateModified\":\"2026-04-01T18:47:46+00:00\",\"breadcrumb\":{\"@id\":\"https:\/\/maybeless-sugar.ch\/sq\/kushtet-dhe-afatet-e-pergjithshme\/#breadcrumb\"},\"inLanguage\":\"sq-AL\",\"potentialAction\":[{\"@type\":\"ReadAction\",\"target\":[\"https:\/\/maybeless-sugar.ch\/sq\/kushtet-dhe-afatet-e-pergjithshme\/\"]}]},{\"@type\":\"BreadcrumbList\",\"@id\":\"https:\/\/maybeless-sugar.ch\/sq\/kushtet-dhe-afatet-e-pergjithshme\/#breadcrumb\",\"itemListElement\":[{\"@type\":\"ListItem\",\"position\":1,\"name\":\"Home\",\"item\":\"https:\/\/maybeless-sugar.ch\/sq\/\"},{\"@type\":\"ListItem\",\"position\":2,\"name\":\"Kushtet e p\u00ebrgjithshme\"}]},{\"@type\":\"WebSite\",\"@id\":\"https:\/\/maybeless-sugar.ch\/sq\/#website\",\"url\":\"https:\/\/maybeless-sugar.ch\/sq\/\",\"name\":\"Maybeless sugar\",\"description\":\"Doux mois de mai moins sucr\u00e9\",\"potentialAction\":[{\"@type\":\"SearchAction\",\"target\":{\"@type\":\"EntryPoint\",\"urlTemplate\":\"https:\/\/maybeless-sugar.ch\/sq\/?s={search_term_string}\"},\"query-input\":{\"@type\":\"PropertyValueSpecification\",\"valueRequired\":true,\"valueName\":\"search_term_string\"}}],\"inLanguage\":\"sq-AL\"}]}<\/script>\n<!-- \/ Yoast SEO plugin. -->","yoast_head_json":{"title":"Kushtet e p\u00ebrgjithshme - Maybeless sugar","robots":{"index":"index","follow":"follow","max-snippet":"max-snippet:-1","max-image-preview":"max-image-preview:large","max-video-preview":"max-video-preview:-1"},"canonical":"https:\/\/maybeless-sugar.ch\/sq\/kushtet-dhe-afatet-e-pergjithshme\/","og_locale":"sq_AL","og_type":"article","og_title":"Kushtet e p\u00ebrgjithshme - Maybeless sugar","og_description":"Informacione ligjore P\u00ebrjashtim nga p\u00ebrgjegj\u00ebsia P\u00ebrmbajtja e k\u00ebsaj faqeje interneti ofrohet vet\u00ebm p\u00ebr q\u00ebllime informative dhe nuk \u00ebsht\u00eb angazhim. Edhe pse kontrollojm\u00eb rregullisht sakt\u00ebsin\u00eb dhe aktualitetin e informacioneve t\u00eb p\u00ebrfshira k\u00ebtu, ne nuk mbajm\u00eb p\u00ebrgjegj\u00ebsi, sipas p\u00ebrcaktimeve ligjore, p\u00ebr pasojat e pad\u00ebshirueshme q\u00eb mund t\u00eb lindin nga p\u00ebrdorimi i k\u00ebtyre informacioneve. N\u00eb ve\u00e7anti, ne p\u00ebrjashtojm\u00eb [&hellip;]","og_url":"https:\/\/maybeless-sugar.ch\/sq\/kushtet-dhe-afatet-e-pergjithshme\/","og_site_name":"Maybeless sugar","article_modified_time":"2026-04-01T18:47:46+00:00","twitter_card":"summary_large_image","twitter_misc":{"Est. reading time":"8 minutes"},"schema":{"@context":"https:\/\/schema.org","@graph":[{"@type":"WebPage","@id":"https:\/\/maybeless-sugar.ch\/sq\/kushtet-dhe-afatet-e-pergjithshme\/","url":"https:\/\/maybeless-sugar.ch\/sq\/kushtet-dhe-afatet-e-pergjithshme\/","name":"Kushtet e p\u00ebrgjithshme - Maybeless sugar","isPartOf":{"@id":"https:\/\/maybeless-sugar.ch\/sq\/#website"},"datePublished":"2023-03-30T04:43:06+00:00","dateModified":"2026-04-01T18:47:46+00:00","breadcrumb":{"@id":"https:\/\/maybeless-sugar.ch\/sq\/kushtet-dhe-afatet-e-pergjithshme\/#breadcrumb"},"inLanguage":"sq-AL","potentialAction":[{"@type":"ReadAction","target":["https:\/\/maybeless-sugar.ch\/sq\/kushtet-dhe-afatet-e-pergjithshme\/"]}]},{"@type":"BreadcrumbList","@id":"https:\/\/maybeless-sugar.ch\/sq\/kushtet-dhe-afatet-e-pergjithshme\/#breadcrumb","itemListElement":[{"@type":"ListItem","position":1,"name":"Home","item":"https:\/\/maybeless-sugar.ch\/sq\/"},{"@type":"ListItem","position":2,"name":"Kushtet e p\u00ebrgjithshme"}]},{"@type":"WebSite","@id":"https:\/\/maybeless-sugar.ch\/sq\/#website","url":"https:\/\/maybeless-sugar.ch\/sq\/","name":"Maybeless sugar","description":"Doux mois de mai moins sucr\u00e9","potentialAction":[{"@type":"SearchAction","target":{"@type":"EntryPoint","urlTemplate":"https:\/\/maybeless-sugar.ch\/sq\/?s={search_term_string}"},"query-input":{"@type":"PropertyValueSpecification","valueRequired":true,"valueName":"search_term_string"}}],"inLanguage":"sq-AL"}]}},"_links":{"self":[{"href":"https:\/\/maybeless-sugar.ch\/sq\/wp-json\/wp\/v2\/pages\/6960","targetHints":{"allow":["GET"]}}],"collection":[{"href":"https:\/\/maybeless-sugar.ch\/sq\/wp-json\/wp\/v2\/pages"}],"about":[{"href":"https:\/\/maybeless-sugar.ch\/sq\/wp-json\/wp\/v2\/types\/page"}],"author":[{"embeddable":true,"href":"https:\/\/maybeless-sugar.ch\/sq\/wp-json\/wp\/v2\/users\/7241"}],"replies":[{"embeddable":true,"href":"https:\/\/maybeless-sugar.ch\/sq\/wp-json\/wp\/v2\/comments?post=6960"}],"version-history":[{"count":2,"href":"https:\/\/maybeless-sugar.ch\/sq\/wp-json\/wp\/v2\/pages\/6960\/revisions"}],"predecessor-version":[{"id":8614,"href":"https:\/\/maybeless-sugar.ch\/sq\/wp-json\/wp\/v2\/pages\/6960\/revisions\/8614"}],"wp:attachment":[{"href":"https:\/\/maybeless-sugar.ch\/sq\/wp-json\/wp\/v2\/media?parent=6960"}],"curies":[{"name":"wp","href":"https:\/\/api.w.org\/{rel}","templated":true}]}}