{"id":7055,"date":"2024-04-28T16:04:19","date_gmt":"2024-04-28T14:04:19","guid":{"rendered":"https:\/\/maybeless-sugar.ch\/lidhje-te-dobishme\/"},"modified":"2026-04-02T15:53:57","modified_gmt":"2026-04-02T13:53:57","slug":"lidhje-te-dobishme","status":"publish","type":"page","link":"https:\/\/maybeless-sugar.ch\/sq\/lidhje-te-dobishme\/","title":{"rendered":"Linket t\u00eb dobishme"},"content":{"rendered":"\n<div class=\"wp-block-group is-style-rounded has-gray-light-background-color has-background is-layout-constrained wp-block-group-is-layout-constrained\">\n<div class=\"wp-block-columns is-style-no-margin is-layout-flex wp-container-core-columns-is-layout-9d6595d7 wp-block-columns-is-layout-flex\">\n<div class=\"wp-block-column is-layout-flow wp-block-column-is-layout-flow\">\n<h3 class=\"wp-block-heading has-custom-pink-color has-text-color\">M\u00ebsoni m\u00eb shum\u00eb rreth k\u00ebsaj teme:<\/h3>\n\n\n\n<div id=\"accordion-block_0b5583ab451d5f388c17b1a9d76e4613\" class=\"block-accordion tab mb-10\">\n    <input type=\"checkbox\" id=\"tab-block_0b5583ab451d5f388c17b1a9d76e4613\" >\n    <label class=\"flex flex-col tab-label\" for=\"tab-block_0b5583ab451d5f388c17b1a9d76e4613\">\n        <span class=\"border-t-[3px] pr-10 border-t-primary pt-4 cursor-pointer font-display title\">M\u00ebsoni m\u00eb shum\u00eb rreth sheqernave dhe sheqernave t\u00eb shtuara<\/span>\n            <\/label>\n    <div class=\"tab-content\">\n        \n\n<p><a href=\"https:\/\/maybeless-sugar.ch\/wp-content\/uploads\/2023\/03\/Guide-pour-la-definition-et-le-calcul-des-sucres-ajoutes-4.pdf\">Udh\u00ebzues<\/a> p\u00ebr p\u00ebrkufizimin dhe llogaritjen e sheqernave t\u00eb shtuara sipas OSAV<\/p>\n\n\n\n<p><a href=\"https:\/\/www.sge-ssn.ch\/media\/Feuille_d_info_les_sucres-et-les_sucres_ajoutes-2021.pdf\">Shoqata Zvicerane e t\u00eb Ushqyerit<\/a><\/p>\n\n\n\n<p><a href=\"https:\/\/yuka.io\/\">Yuka<\/a> : Ky App ofron informacion mbi cil\u00ebsin\u00eb ushqyese t\u00eb produkteve duke skanuar kodin me shirit<\/p>\n\n\n    <\/div>\n<\/div>\n\n\n\n\n\n\n<div id=\"accordion-block_af7a00fc4b006f17352f42124ce1c2f9\" class=\"block-accordion tab mb-10\">\n    <input type=\"checkbox\" id=\"tab-block_af7a00fc4b006f17352f42124ce1c2f9\" >\n    <label class=\"flex flex-col tab-label\" for=\"tab-block_af7a00fc4b006f17352f42124ce1c2f9\">\n        <span class=\"border-t-[3px] pr-10 border-t-primary pt-4 cursor-pointer font-display title\">Zbulimi i RTS-s\u00eb  <\/span>\n                    <span class=\"subtitle\">Sheqeri dhe sh\u00ebndeti<\/span>\n            <\/label>\n    <div class=\"tab-content\">\n        \n\n<p><a href=\"https:\/\/www.rts.ch\/decouverte\/sante-et-medecine\/corps-humain\/le-sucre\/\">Zbulimi i RTS-s\u00eb<\/a><\/p>\n\n\n    <\/div>\n<\/div>\n\n\n\n\n\n\n<div id=\"accordion-block_8a78d0aa9674c55d5f3101324f320da7\" class=\"block-accordion tab mb-10\">\n    <input type=\"checkbox\" id=\"tab-block_8a78d0aa9674c55d5f3101324f320da7\" >\n    <label class=\"flex flex-col tab-label\" for=\"tab-block_8a78d0aa9674c55d5f3101324f320da7\">\n        <span class=\"border-t-[3px] pr-10 border-t-primary pt-4 cursor-pointer font-display title\">Dokumentar\u00eb<\/span>\n            <\/label>\n    <div class=\"tab-content\">\n        \n\n<p><a href=\"https:\/\/www.youtube.com\/watch?v=FFZKDAnIiy8\">Linku: Sugarland<\/a><\/p>\n\n\n\n<p><a href=\"https:\/\/www.youtube.com\/watch?v=kODhfdlUjLs\" target=\"_blank\" rel=\"noreferrer noopener\">Linku: T\u00eb gjith\u00eb t\u00eb varur : kurthi i ushqimeve tej mase t\u00eb <\/a><\/p>\n\n\n\n<p><\/p>\n\n\n    <\/div>\n<\/div>\n\n\n\n<\/div>\n\n\n\n<div class=\"wp-block-column is-layout-flow wp-block-column-is-layout-flow\">\n<h3 class=\"wp-block-heading has-custom-pink-color has-text-color\">Keni nevoj\u00eb p\u00ebr ndihm\u00eb? <\/h3>\n\n\n\n<div id=\"accordion-block_4e5570b8efe9d2e1215323fc47a05ee9\" class=\"block-accordion tab mb-10\">\n    <input type=\"checkbox\" id=\"tab-block_4e5570b8efe9d2e1215323fc47a05ee9\" >\n    <label class=\"flex flex-col tab-label\" for=\"tab-block_4e5570b8efe9d2e1215323fc47a05ee9\">\n        <span class=\"border-t-[3px] pr-10 border-t-primary pt-4 cursor-pointer font-display title\">Qendra e obezitetit &#8211; RHNe<\/span>\n            <\/label>\n    <div class=\"tab-content\">\n        \n\n<p>Un\u00eb <a href=\"https:\/\/www.rhne.ch\/centre-de-l-obesite\" target=\"_blank\" rel=\"noreferrer noopener\">kontaktoj !<\/a> <\/p>\n\n\n    <\/div>\n<\/div>\n\n\n\n\n\n\n<div id=\"accordion-block_d283e01d1378d9bc004e322af1b6440a\" class=\"block-accordion tab mb-10\">\n    <input type=\"checkbox\" id=\"tab-block_d283e01d1378d9bc004e322af1b6440a\" >\n    <label class=\"flex flex-col tab-label\" for=\"tab-block_d283e01d1378d9bc004e322af1b6440a\">\n        <span class=\"border-t-[3px] pr-10 border-t-primary pt-4 cursor-pointer font-display title\">Qendra e obezitetit &#8211; CHUV<\/span>\n            <\/label>\n    <div class=\"tab-content\">\n        \n\n<p>Un\u00eb <a href=\"https:\/\/www.chuv.ch\/fr\/obesite\/\" target=\"_blank\" rel=\"noreferrer noopener\">kontaktoj!<\/a><\/p>\n\n\n    <\/div>\n<\/div>\n\n\n\n\n\n\n<div id=\"accordion-block_5451d3a19f190b5c53e259e08257846c\" class=\"block-accordion tab mb-10\">\n    <input type=\"checkbox\" id=\"tab-block_5451d3a19f190b5c53e259e08257846c\" >\n    <label class=\"flex flex-col tab-label\" for=\"tab-block_5451d3a19f190b5c53e259e08257846c\">\n        <span class=\"border-t-[3px] pr-10 border-t-primary pt-4 cursor-pointer font-display title\">Shoqata e bulimis\u00eb dhe anoreksis\u00eb<\/span>\n            <\/label>\n    <div class=\"tab-content\">\n        \n\n<p>Un\u00eb <a href=\"https:\/\/boulimie-anorexie.ch\/\" target=\"_blank\" rel=\"noreferrer noopener\">kontaktoj!<\/a><\/p>\n\n\n    <\/div>\n<\/div>\n\n\n\n\n\n\n<div id=\"accordion-block_7890dc827acc47245dbb09cd5d463ecf\" class=\"block-accordion tab mb-10\">\n    <input type=\"checkbox\" id=\"tab-block_7890dc827acc47245dbb09cd5d463ecf\" >\n    <label class=\"flex flex-col tab-label\" for=\"tab-block_7890dc827acc47245dbb09cd5d463ecf\">\n        <span class=\"border-t-[3px] pr-10 border-t-primary pt-4 cursor-pointer font-display title\">Keni nevoj\u00eb p\u00ebr informacion?<\/span>\n            <\/label>\n    <div class=\"tab-content\">\n        \n\n<p>Un\u00eb kontaktoj MAYbe Less Sugar: <a href=\"mailto:info@maybeless-sugar.ch\">info@maybeless-sugar.ch<\/a> <\/p>\n\n\n    <\/div>\n<\/div>\n\n\n\n<\/div>\n<\/div>\n<\/div>\n\n<div style=\"height:100px\" aria-hidden=\"true\" class=\"wp-block-spacer\"><\/div>\n\n<h2 class=\"wp-block-heading has-custom-pink-color has-text-color has-link-color wp-elements-f343d429a0e2aaeba1be59af68495f2e\">Materiale edukative rreth sheqernave<\/h2>\n\n<p><a href=\"https:\/\/maybeless-sugar.ch\/wp-content\/uploads\/2023\/05\/Sucres-et-sucres-ajoutes_SSN-2021.pdf\" target=\"_blank\" rel=\"noreferrer noopener\">Sheqerna t\u00eb shtuara: sa<\/a> <a href=\"https:\/\/maybeless-sugar.ch\/wp-content\/uploads\/2023\/05\/Sucres-et-sucres-ajoutes_SSN-2021.pdf\">dhe ku?<\/a> (Dokumenti SSN-2021)<\/p>\n\n<p><a href=\"https:\/\/maybeless-sugar.ch\/wp-content\/uploads\/2023\/05\/Alternatives-aux-produits-avec-sucre-ajoute.pdf\" target=\"_blank\" rel=\"noreferrer noopener\">Sheqernat dhe sheqernat e shtuara: \u00e7far\u00eb, ku dhe sa? Alternativat? <\/a> (Dokumenti PSS)<\/p>\n\n<p><a href=\"https:\/\/maybeless-sugar.ch\/wp-content\/uploads\/2023\/05\/Guide-pour-la-definition-et-le-calcul-des-sucres-ajoutes-7-1.pdf\">Udh\u00ebzues p\u00ebr p\u00ebrkufizimin dhe llogaritjen e sheqernave t\u00eb shtuara<\/a> (dokumenti i OSAV-s\u00eb)<\/p>\n\n<p><a href=\"https:\/\/maybeless-sugar.ch\/wp-content\/uploads\/2023\/05\/jeu-sucres-scaled-e1685461368373.jpg\" target=\"_blank\" rel=\"noreferrer noopener\">Loj\u00ebra FRC: &#8220;Sa cop\u00ebza sheqer ka n\u00eb k\u00ebt\u00eb produkt?&#8221;<\/a><\/p>\n\n<p><a href=\"https:\/\/maybeless-sugar.ch\/wp-content\/uploads\/2023\/05\/MAYBELESSSUGAR_product_list-web-1.pdf\">Lista e produkteve t\u00eb p\u00ebrfshira n\u00eb kalkulatorin MAYbe Less Sugar dhe sasia e sheqerit t\u00eb shtuar<\/a><\/p>\n\n<p><a href=\"https:\/\/maybeless-sugar.ch\/wp-content\/uploads\/2023\/05\/Poster-sucres-ajoutes-combien-ou-et-quantites-max-.pdf\" target=\"_blank\" rel=\"noreferrer noopener\">Pankart\u00eb p\u00ebr sheqernat e shtuara: \u00e7far\u00eb, sa, ku dhe sasit\u00eb maksimale t\u00eb rekomanduara?<\/a> (Dokumenti i SSN-s\u00eb)<\/p>\n\n<p><a href=\"https:\/\/maybeless-sugar.ch\/wp-content\/uploads\/2023\/05\/Sucres-et-sucres-ajoutes_SSN-2021.pdf\">Sheqerna t\u00eb shtuara: sa dhe ku?<\/a> (Dokumenti SSN-2021)<\/p>\n\n<div style=\"height:100px\" aria-hidden=\"true\" class=\"wp-block-spacer\"><\/div>\n\n<p><\/p>\n","protected":false},"excerpt":{"rendered":"<p>M\u00ebsoni m\u00eb shum\u00eb rreth k\u00ebsaj teme: Keni nevoj\u00eb p\u00ebr ndihm\u00eb? Materiale edukative rreth sheqernave Sheqerna t\u00eb shtuara: sa dhe ku? (Dokumenti SSN-2021) Sheqernat dhe sheqernat e shtuara: \u00e7far\u00eb, ku dhe sa? Alternativat? (Dokumenti PSS) Udh\u00ebzues p\u00ebr p\u00ebrkufizimin dhe llogaritjen e sheqernave t\u00eb shtuara (dokumenti i OSAV-s\u00eb) Loj\u00ebra FRC: &#8220;Sa cop\u00ebza sheqer ka n\u00eb k\u00ebt\u00eb produkt?&#8221; [&hellip;]<\/p>\n","protected":false},"author":7200,"featured_media":0,"parent":0,"menu_order":0,"comment_status":"closed","ping_status":"closed","template":"","meta":{"_acf_changed":false,"footnotes":""},"class_list":["post-7055","page","type-page","status-publish","hentry"],"acf":[],"yoast_head":"<!-- This site is optimized with the Yoast SEO plugin v26.5 - https:\/\/yoast.com\/wordpress\/plugins\/seo\/ -->\n<title>Linket t\u00eb dobishme - Maybeless sugar<\/title>\n<meta name=\"robots\" content=\"index, follow, max-snippet:-1, max-image-preview:large, max-video-preview:-1\" \/>\n<link rel=\"canonical\" href=\"https:\/\/maybeless-sugar.ch\/sq\/lidhje-te-dobishme\/\" \/>\n<meta property=\"og:locale\" content=\"sq_AL\" \/>\n<meta property=\"og:type\" content=\"article\" \/>\n<meta property=\"og:title\" content=\"Linket t\u00eb dobishme - Maybeless sugar\" \/>\n<meta property=\"og:description\" content=\"M\u00ebsoni m\u00eb shum\u00eb rreth k\u00ebsaj teme: Keni nevoj\u00eb p\u00ebr ndihm\u00eb? Materiale edukative rreth sheqernave Sheqerna t\u00eb shtuara: sa dhe ku? (Dokumenti SSN-2021) Sheqernat dhe sheqernat e shtuara: \u00e7far\u00eb, ku dhe sa? Alternativat? (Dokumenti PSS) Udh\u00ebzues p\u00ebr p\u00ebrkufizimin dhe llogaritjen e sheqernave t\u00eb shtuara (dokumenti i OSAV-s\u00eb) Loj\u00ebra FRC: &#8220;Sa cop\u00ebza sheqer ka n\u00eb k\u00ebt\u00eb produkt?&#8221; [&hellip;]\" \/>\n<meta property=\"og:url\" content=\"https:\/\/maybeless-sugar.ch\/sq\/lidhje-te-dobishme\/\" \/>\n<meta property=\"og:site_name\" content=\"Maybeless sugar\" \/>\n<meta property=\"article:modified_time\" content=\"2026-04-02T13:53:57+00:00\" \/>\n<meta name=\"twitter:card\" content=\"summary_large_image\" \/>\n<meta name=\"twitter:label1\" content=\"Est. reading time\" \/>\n\t<meta name=\"twitter:data1\" content=\"1 minute\" \/>\n<script type=\"application\/ld+json\" class=\"yoast-schema-graph\">{\"@context\":\"https:\/\/schema.org\",\"@graph\":[{\"@type\":\"WebPage\",\"@id\":\"https:\/\/maybeless-sugar.ch\/sq\/lidhje-te-dobishme\/\",\"url\":\"https:\/\/maybeless-sugar.ch\/sq\/lidhje-te-dobishme\/\",\"name\":\"Linket t\u00eb dobishme - Maybeless sugar\",\"isPartOf\":{\"@id\":\"https:\/\/maybeless-sugar.ch\/sq\/#website\"},\"datePublished\":\"2024-04-28T14:04:19+00:00\",\"dateModified\":\"2026-04-02T13:53:57+00:00\",\"breadcrumb\":{\"@id\":\"https:\/\/maybeless-sugar.ch\/sq\/lidhje-te-dobishme\/#breadcrumb\"},\"inLanguage\":\"sq-AL\",\"potentialAction\":[{\"@type\":\"ReadAction\",\"target\":[\"https:\/\/maybeless-sugar.ch\/sq\/lidhje-te-dobishme\/\"]}]},{\"@type\":\"BreadcrumbList\",\"@id\":\"https:\/\/maybeless-sugar.ch\/sq\/lidhje-te-dobishme\/#breadcrumb\",\"itemListElement\":[{\"@type\":\"ListItem\",\"position\":1,\"name\":\"Home\",\"item\":\"https:\/\/maybeless-sugar.ch\/sq\/?page_id=7279\"},{\"@type\":\"ListItem\",\"position\":2,\"name\":\"Linket t\u00eb dobishme\"}]},{\"@type\":\"WebSite\",\"@id\":\"https:\/\/maybeless-sugar.ch\/sq\/#website\",\"url\":\"https:\/\/maybeless-sugar.ch\/sq\/\",\"name\":\"Maybeless sugar\",\"description\":\"Doux mois de mai moins sucr\u00e9\",\"potentialAction\":[{\"@type\":\"SearchAction\",\"target\":{\"@type\":\"EntryPoint\",\"urlTemplate\":\"https:\/\/maybeless-sugar.ch\/sq\/?s={search_term_string}\"},\"query-input\":{\"@type\":\"PropertyValueSpecification\",\"valueRequired\":true,\"valueName\":\"search_term_string\"}}],\"inLanguage\":\"sq-AL\"}]}<\/script>\n<!-- \/ Yoast SEO plugin. -->","yoast_head_json":{"title":"Linket t\u00eb dobishme - Maybeless sugar","robots":{"index":"index","follow":"follow","max-snippet":"max-snippet:-1","max-image-preview":"max-image-preview:large","max-video-preview":"max-video-preview:-1"},"canonical":"https:\/\/maybeless-sugar.ch\/sq\/lidhje-te-dobishme\/","og_locale":"sq_AL","og_type":"article","og_title":"Linket t\u00eb dobishme - Maybeless sugar","og_description":"M\u00ebsoni m\u00eb shum\u00eb rreth k\u00ebsaj teme: Keni nevoj\u00eb p\u00ebr ndihm\u00eb? Materiale edukative rreth sheqernave Sheqerna t\u00eb shtuara: sa dhe ku? (Dokumenti SSN-2021) Sheqernat dhe sheqernat e shtuara: \u00e7far\u00eb, ku dhe sa? Alternativat? (Dokumenti PSS) Udh\u00ebzues p\u00ebr p\u00ebrkufizimin dhe llogaritjen e sheqernave t\u00eb shtuara (dokumenti i OSAV-s\u00eb) Loj\u00ebra FRC: &#8220;Sa cop\u00ebza sheqer ka n\u00eb k\u00ebt\u00eb produkt?&#8221; [&hellip;]","og_url":"https:\/\/maybeless-sugar.ch\/sq\/lidhje-te-dobishme\/","og_site_name":"Maybeless sugar","article_modified_time":"2026-04-02T13:53:57+00:00","twitter_card":"summary_large_image","twitter_misc":{"Est. reading time":"1 minute"},"schema":{"@context":"https:\/\/schema.org","@graph":[{"@type":"WebPage","@id":"https:\/\/maybeless-sugar.ch\/sq\/lidhje-te-dobishme\/","url":"https:\/\/maybeless-sugar.ch\/sq\/lidhje-te-dobishme\/","name":"Linket t\u00eb dobishme - Maybeless sugar","isPartOf":{"@id":"https:\/\/maybeless-sugar.ch\/sq\/#website"},"datePublished":"2024-04-28T14:04:19+00:00","dateModified":"2026-04-02T13:53:57+00:00","breadcrumb":{"@id":"https:\/\/maybeless-sugar.ch\/sq\/lidhje-te-dobishme\/#breadcrumb"},"inLanguage":"sq-AL","potentialAction":[{"@type":"ReadAction","target":["https:\/\/maybeless-sugar.ch\/sq\/lidhje-te-dobishme\/"]}]},{"@type":"BreadcrumbList","@id":"https:\/\/maybeless-sugar.ch\/sq\/lidhje-te-dobishme\/#breadcrumb","itemListElement":[{"@type":"ListItem","position":1,"name":"Home","item":"https:\/\/maybeless-sugar.ch\/sq\/?page_id=7279"},{"@type":"ListItem","position":2,"name":"Linket t\u00eb dobishme"}]},{"@type":"WebSite","@id":"https:\/\/maybeless-sugar.ch\/sq\/#website","url":"https:\/\/maybeless-sugar.ch\/sq\/","name":"Maybeless sugar","description":"Doux mois de mai moins sucr\u00e9","potentialAction":[{"@type":"SearchAction","target":{"@type":"EntryPoint","urlTemplate":"https:\/\/maybeless-sugar.ch\/sq\/?s={search_term_string}"},"query-input":{"@type":"PropertyValueSpecification","valueRequired":true,"valueName":"search_term_string"}}],"inLanguage":"sq-AL"}]}},"_links":{"self":[{"href":"https:\/\/maybeless-sugar.ch\/sq\/wp-json\/wp\/v2\/pages\/7055","targetHints":{"allow":["GET"]}}],"collection":[{"href":"https:\/\/maybeless-sugar.ch\/sq\/wp-json\/wp\/v2\/pages"}],"about":[{"href":"https:\/\/maybeless-sugar.ch\/sq\/wp-json\/wp\/v2\/types\/page"}],"author":[{"embeddable":true,"href":"https:\/\/maybeless-sugar.ch\/sq\/wp-json\/wp\/v2\/users\/7200"}],"replies":[{"embeddable":true,"href":"https:\/\/maybeless-sugar.ch\/sq\/wp-json\/wp\/v2\/comments?post=7055"}],"version-history":[{"count":5,"href":"https:\/\/maybeless-sugar.ch\/sq\/wp-json\/wp\/v2\/pages\/7055\/revisions"}],"predecessor-version":[{"id":8688,"href":"https:\/\/maybeless-sugar.ch\/sq\/wp-json\/wp\/v2\/pages\/7055\/revisions\/8688"}],"wp:attachment":[{"href":"https:\/\/maybeless-sugar.ch\/sq\/wp-json\/wp\/v2\/media?parent=7055"}],"curies":[{"name":"wp","href":"https:\/\/api.w.org\/{rel}","templated":true}]}}