{"id":7072,"date":"2025-09-23T09:31:38","date_gmt":"2025-09-23T07:31:38","guid":{"rendered":"https:\/\/maybeless-sugar.ch\/politika-e-privatesise\/"},"modified":"2026-04-02T15:51:01","modified_gmt":"2026-04-02T13:51:01","slug":"politika-e-privatesise","status":"publish","type":"page","link":"https:\/\/maybeless-sugar.ch\/sq\/politika-e-privatesise\/","title":{"rendered":"Politika e privat\u00ebsis\u00eb"},"content":{"rendered":"\n<p>Politika e privat\u00ebsis\u00eb<br\/>P\u00ebrdit\u00ebsuar p\u00ebr her\u00eb t\u00eb fundit : 23 shtator 2025<br\/>Data e hyrjes n\u00eb fuqi : 23 shtator 2025<\/p>\n\n<p>Kjo politik\u00eb privat\u00ebsie p\u00ebrshkruan politikat e Diab\u00e8tevaud, Avenue de Provence 4, 1007 Lausanne, Zvic\u00ebr, email: <a>info@diabetevaud.ch<\/a> , telefoni: 021 657 19 20, n\u00eb lidhje me mbledhjen, p\u00ebrdorimin dhe p\u00ebrhapjen e informacionit tuaj kur p\u00ebrdorni faqen ton\u00eb t\u00eb internetit ( <a href=\"https:\/\/maybeless-sugar.ch\/sq\/\">https:\/\/maybeless-sugar.ch<\/a> ) (&#8220;Sh\u00ebrbimi&#8221;).<br\/>Duke hyr\u00eb ose duke p\u00ebrdorur sh\u00ebrbimin, ju pranoni mbledhjen, p\u00ebrdorimin dhe p\u00ebrhapjen e informacioneve tuaja n\u00eb p\u00ebrputhje me k\u00ebt\u00eb politik\u00eb privat\u00ebsie. N\u00ebse nuk jepni p\u00eblqimin, ju lutemi mos hyni ose mos e p\u00ebrdorni sh\u00ebrbimin. <\/p>\n\n<p>Ne mund ta ndryshojm\u00eb politik\u00ebn e privat\u00ebsis\u00eb n\u00eb \u00e7do koh\u00eb pa njoftim paraprak. Versioni i rishikuar do t\u00eb postohet tek sh\u00ebrbimi dhe do t\u00eb hyj\u00eb n\u00eb fuqi 180 dit\u00eb pas postimit t\u00eb tij. P\u00ebrdorimi i vazhduesh\u00ebm i sh\u00ebrbimit nga ana juaj pas k\u00ebsaj periudhe do t\u00eb p\u00ebrb\u00ebj\u00eb pranim t\u00eb politik\u00ebs s\u00eb rishikuar. Prandaj, ju rekomandojm\u00eb q\u00eb ta kontrolloni k\u00ebt\u00eb faqe rregullisht.   <\/p>\n\n<h3 class=\"wp-block-heading\">Informacionet q\u00eb mbledhim<\/h3>\n\n<p>Ne mbledhim dhe p\u00ebrpunojm\u00eb informacionet personale t\u00eb m\u00ebposhtme :<\/p>\n\n<ul class=\"wp-block-list\">\n<li>Emri<\/li>\n\n\n\n<li>Adresa e email-it<\/li>\n\n\n\n<li>Numri i telefonit celular<\/li>\n\n\n\n<li>Data e lindjes<\/li>\n\n\n\n<li>Adresa<\/li>\n\n\n\n<li>Mosha<\/li>\n\n\n\n<li>Pesha<\/li>\n\n\n\n<li>\u00c7do informacion tjet\u00ebr i k\u00ebrkuar n\u00eb formular<\/li>\n<\/ul>\n\n<p><\/p>\n\n<h3 class=\"wp-block-heading\">Si i mbledhim informacionet tuaja<\/h3>\n\n<p>Ne i mbledhim informacionet tuaja n\u00eb m\u00ebnyr\u00ebn e m\u00ebposhtme :<\/p>\n\n<ul class=\"wp-block-list\">\n<li>Kur plot\u00ebsoni formularin e regjistrimit ose d\u00ebrgoni t\u00eb dh\u00ebna personale<\/li>\n\n\n\n<li>Kur nd\u00ebrveproni me faqen e internetit<\/li>\n\n\n\n<li>Nga burime publike<\/li>\n<\/ul>\n\n<p><\/p>\n\n<h3 class=\"wp-block-heading\">Si i p\u00ebrdorim informacionet tuaja<\/h3>\n\n<p>Ne i p\u00ebrdorim informacionet e mbledhura p\u00ebr q\u00ebllimet e m\u00ebposhtme :<\/p>\n\n<ul class=\"wp-block-list\">\n<li>Krijimi i llogaris\u00eb s\u00eb p\u00ebrdoruesit<\/li>\n<\/ul>\n\n<p><\/p>\n\n<p>N\u00ebse d\u00ebshirojm\u00eb t\u00eb p\u00ebrdorim informacionet tuaja p\u00ebr q\u00ebllime t\u00eb tjera, do t\u00eb k\u00ebrkojm\u00eb p\u00eblqimin tuaj paraprak dhe do t&#8217;i p\u00ebrdorim t\u00eb dh\u00ebnat tuaja vet\u00ebm p\u00ebr q\u00ebllimet p\u00ebr t\u00eb cilat keni dh\u00ebn\u00eb p\u00eblqimin tuaj, p\u00ebrve\u00e7 rasteve kur k\u00ebrkohet ndryshe me ligj.<\/p>\n\n<h3 class=\"wp-block-heading\">Ndarja e informacioneve tuaja<\/h3>\n\n<p>Ne nuk do t&#8217;ua transferojm\u00eb informacionet tuaja personale pal\u00ebve t\u00eb treta pa p\u00eblqimin tuaj, p\u00ebrve\u00e7 rasteve t\u00eb kufizuara si n\u00eb vijim:<\/p>\n\n<ul class=\"wp-block-list\">\n<li>Analizat statistikore<\/li>\n\n\n\n<li>Mbledhja dhe p\u00ebrpunimi i t\u00eb dh\u00ebnave<\/li>\n<\/ul>\n\n<p><\/p>\n\n<p>K\u00ebto pal\u00eb t\u00eb treta duhet t\u00eb p\u00ebrdorin informacionet personale vet\u00ebm p\u00ebr q\u00ebllimet p\u00ebr t\u00eb cilat u \u00ebsht\u00eb dh\u00ebn\u00eb dhe t\u00eb mos e ruajn\u00eb at\u00eb p\u00ebrtej periudh\u00ebs s\u00eb nevojshme.<\/p>\n\n<p>Ne gjithashtu mund t\u00eb japim informacionet tuaja personal p\u00ebr :<\/p>\n\n<ol class=\"wp-block-list\">\n<li>T\u00eb respektuar ligjin, nj\u00eb rregullore ose nj\u00eb vendim gjykate ;<\/li>\n\n\n\n<li>P\u00ebr t\u00eb zbatuar marr\u00ebveshjet tona, duke p\u00ebrfshir\u00eb k\u00ebt\u00eb politik\u00eb privat\u00ebsie ;<\/li>\n\n\n\n<li>P\u00ebr t&#8217;iu p\u00ebrgjigjur pretendimeve se p\u00ebrdorimi juaj i sh\u00ebrbimit shkel t\u00eb drejtat e nj\u00eb pale t\u00eb tret\u00eb.<\/li>\n<\/ol>\n\n<p><\/p>\n\n<p>N\u00eb rast t\u00eb bashkimit ose blerjes s\u00eb kompanis\u00eb son\u00eb, informacionet tuaja mund t&#8217;i transferohen pronarit t\u00eb ri.<\/p>\n\n<h3 class=\"wp-block-heading\">Ruajtja e informacioneve tuaja<\/h3>\n\n<p>Ne do t&#8217;i ruajm\u00eb t\u00eb dh\u00ebnat tuaja personale p\u00ebr nj\u00eb periudh\u00eb prej 90 dit\u00ebsh deri n\u00eb 2 vjet pas fshirjes s\u00eb llogaris\u00eb suaj, ose p\u00ebr aq koh\u00eb sa \u00ebsht\u00eb e nevojshme p\u00ebr t\u00eb arritur q\u00ebllimet e p\u00ebrmendura n\u00eb k\u00ebt\u00eb politik\u00eb.<br\/>Disa t\u00eb dh\u00ebna mund t\u00eb mbahen m\u00eb gjat\u00eb p\u00ebr arsye ligjore, kontabil ose parandaluese t\u00eb mashtrimit.<br\/>Informacionet anonime ose t\u00eb p\u00ebrmbledhura, t\u00eb cil\u00ebt nuk lejojn\u00eb identifikimin tuaj drejtp\u00ebrdrejt\u00eb ose jo drejtp\u00ebrdrejt, mund t\u00eb mbahen p\u00ebr nj\u00eb koh\u00eb t\u00eb pacaktuar.<\/p>\n\n<h3 class=\"wp-block-heading\">T\u00eb drejtat tuaja<\/h3>\n\n<p>Sipas ligjit n\u00eb fuqi, ju mund t\u00eb keni t\u00eb drejt\u00eb t\u00eb hyni, t\u00eb korrigjoni, t\u00eb fshini ose t\u00eb merrni nj\u00eb kopje t\u00eb t\u00eb dh\u00ebnave tuaja personale, t\u00eb kufizoni ose t\u00eb kund\u00ebrshtoni p\u00ebrpunimin e tyre, t\u00eb k\u00ebrkoni transferimin e tyre n\u00eb nj\u00eb organizat\u00eb tjet\u00ebr ose t\u00eb t\u00ebrhiqni p\u00eblqimin tuaj. Ju mund t&#8217;i ushtroni k\u00ebto t\u00eb drejta duke na shkruar n\u00eb <a>info@diabetevaud.ch<\/a> .<br\/> Ne do t&#8217;i p\u00ebrgjigjemi k\u00ebrkes\u00ebs suaj n\u00eb p\u00ebrputhje me ligjin. <\/p>\n\n<p>Ju gjithashtu mund t\u00eb kund\u00ebrshtoni marrjen e reklamave t\u00eb marketingut t\u00eb drejtp\u00ebrdrejt\u00eb ose t\u00eb profilizuara p\u00ebr q\u00ebllime marketingu duke na kontaktuar n\u00eb t\u00eb nj\u00ebjt\u00ebn adres\u00eb.<\/p>\n\n<p>Ju lutemi vini re se refuzimi p\u00ebr t\u00eb na lejuar t\u00eb mbledhim ose p\u00ebrpunojm\u00eb t\u00eb dh\u00ebna t\u00eb caktuara mund ta b\u00ebj\u00eb t\u00eb pamundur aksesin n\u00eb sh\u00ebrbime t\u00eb caktuara.<\/p>\n\n<h3 class=\"wp-block-heading\">Cookie-t dhe teknologji t\u00eb ngjashme<\/h3>\n\n<p>P\u00ebr t\u00eb m\u00ebsuar m\u00eb shum\u00eb rreth p\u00ebrdorimit ton\u00eb t\u00eb cookie-ve dhe zgjedhjeve q\u00eb ju ofrohen, ju lutemi shihni p<a href=\"https:\/\/maybeless-sugar.ch\/sq\/kushtet-dhe-afatet-e-pergjithshme\/\">olitik\u00ebn ton\u00eb t\u00eb cookie-ve.<\/a><\/p>\n\n<h3 class=\"wp-block-heading\">Siguria<\/h3>\n\n<p>Siguria e informacioneve tuaja \u00ebsht\u00eb e r\u00ebnd\u00ebsishme p\u00ebr ne. Ne zbatojm\u00eb masa t\u00eb arsyeshme p\u00ebr t\u00eb parandaluar humbjen, keqp\u00ebrdorimin ose ndryshimin e paautorizuar t\u00eb t\u00eb dh\u00ebnave tuaja. Megjithat\u00eb, meqen\u00ebse asnj\u00eb sistem nuk \u00ebsht\u00eb plot\u00ebsisht i sigurt, ne nuk mund t\u00eb garantojm\u00eb sigurin\u00eb absolute t\u00eb informacioneve tuaja t\u00eb transmetuara p\u00ebrmes sh\u00ebrbimit. Prandaj, ju e b\u00ebni k\u00ebt\u00eb me rrezikun tuaj.   <\/p>\n\n<h3 class=\"wp-block-heading\">P\u00ebgjegj\u00ebsi i mbrojtjes s\u00eb t\u00eb dh\u00ebnave \/ Ankesa<\/h3>\n\n<p>N\u00ebse keni ndonj\u00eb pyetje ose shqet\u00ebsim n\u00eb lidhje me p\u00ebrpunimin e t\u00eb dh\u00ebnave tuaja, mund t\u00eb kontaktoni p\u00ebrgjegj\u00ebsin ton\u00eb t\u00eb mbrojtjes s\u00eb t\u00eb dh\u00ebnave n\u00eb:<br\/><strong>Diab\u00e8tevaud<\/strong><br\/>Avenue de Provence 4<br\/>Email: <a>info@diabetevaud.ch<\/a><\/p>\n\n<p>Ne do t&#8217;i trajtojm\u00eb k\u00ebrkesat tuaja n\u00eb p\u00ebrputhje me legjislacionin n\u00eb fuqi.<\/p>\n\n<p><\/p>\n","protected":false},"excerpt":{"rendered":"<p>Politika e privat\u00ebsis\u00ebP\u00ebrdit\u00ebsuar p\u00ebr her\u00eb t\u00eb fundit : 23 shtator 2025Data e hyrjes n\u00eb fuqi : 23 shtator 2025 Kjo politik\u00eb privat\u00ebsie p\u00ebrshkruan politikat e Diab\u00e8tevaud, Avenue de Provence 4, 1007 Lausanne, Zvic\u00ebr, email: info@diabetevaud.ch , telefoni: 021 657 19 20, n\u00eb lidhje me mbledhjen, p\u00ebrdorimin dhe p\u00ebrhapjen e informacionit tuaj kur p\u00ebrdorni faqen ton\u00eb [&hellip;]<\/p>\n","protected":false},"author":7241,"featured_media":0,"parent":0,"menu_order":0,"comment_status":"closed","ping_status":"closed","template":"","meta":{"_acf_changed":false,"footnotes":""},"class_list":["post-7072","page","type-page","status-publish","hentry"],"acf":[],"yoast_head":"<!-- This site is optimized with the Yoast SEO plugin v26.5 - https:\/\/yoast.com\/wordpress\/plugins\/seo\/ -->\n<title>Politika e privat\u00ebsis\u00eb - Maybeless sugar<\/title>\n<meta name=\"robots\" content=\"index, follow, max-snippet:-1, max-image-preview:large, max-video-preview:-1\" \/>\n<link rel=\"canonical\" href=\"https:\/\/maybeless-sugar.ch\/sq\/politika-e-privatesise\/\" \/>\n<meta property=\"og:locale\" content=\"sq_AL\" \/>\n<meta property=\"og:type\" content=\"article\" \/>\n<meta property=\"og:title\" content=\"Politika e privat\u00ebsis\u00eb - Maybeless sugar\" \/>\n<meta property=\"og:description\" content=\"Politika e privat\u00ebsis\u00ebP\u00ebrdit\u00ebsuar p\u00ebr her\u00eb t\u00eb fundit : 23 shtator 2025Data e hyrjes n\u00eb fuqi : 23 shtator 2025 Kjo politik\u00eb privat\u00ebsie p\u00ebrshkruan politikat e Diab\u00e8tevaud, Avenue de Provence 4, 1007 Lausanne, Zvic\u00ebr, email: info@diabetevaud.ch , telefoni: 021 657 19 20, n\u00eb lidhje me mbledhjen, p\u00ebrdorimin dhe p\u00ebrhapjen e informacionit tuaj kur p\u00ebrdorni faqen ton\u00eb [&hellip;]\" \/>\n<meta property=\"og:url\" content=\"https:\/\/maybeless-sugar.ch\/sq\/politika-e-privatesise\/\" \/>\n<meta property=\"og:site_name\" content=\"Maybeless sugar\" \/>\n<meta property=\"article:modified_time\" content=\"2026-04-02T13:51:01+00:00\" \/>\n<meta name=\"twitter:card\" content=\"summary_large_image\" \/>\n<meta name=\"twitter:label1\" content=\"Est. reading time\" \/>\n\t<meta name=\"twitter:data1\" content=\"4 minutes\" \/>\n<script type=\"application\/ld+json\" class=\"yoast-schema-graph\">{\"@context\":\"https:\/\/schema.org\",\"@graph\":[{\"@type\":\"WebPage\",\"@id\":\"https:\/\/maybeless-sugar.ch\/sq\/politika-e-privatesise\/\",\"url\":\"https:\/\/maybeless-sugar.ch\/sq\/politika-e-privatesise\/\",\"name\":\"Politika e privat\u00ebsis\u00eb - Maybeless sugar\",\"isPartOf\":{\"@id\":\"https:\/\/maybeless-sugar.ch\/sq\/#website\"},\"datePublished\":\"2025-09-23T07:31:38+00:00\",\"dateModified\":\"2026-04-02T13:51:01+00:00\",\"breadcrumb\":{\"@id\":\"https:\/\/maybeless-sugar.ch\/sq\/politika-e-privatesise\/#breadcrumb\"},\"inLanguage\":\"sq-AL\",\"potentialAction\":[{\"@type\":\"ReadAction\",\"target\":[\"https:\/\/maybeless-sugar.ch\/sq\/politika-e-privatesise\/\"]}]},{\"@type\":\"BreadcrumbList\",\"@id\":\"https:\/\/maybeless-sugar.ch\/sq\/politika-e-privatesise\/#breadcrumb\",\"itemListElement\":[{\"@type\":\"ListItem\",\"position\":1,\"name\":\"Home\",\"item\":\"https:\/\/maybeless-sugar.ch\/sq\/\"},{\"@type\":\"ListItem\",\"position\":2,\"name\":\"Politika e privat\u00ebsis\u00eb\"}]},{\"@type\":\"WebSite\",\"@id\":\"https:\/\/maybeless-sugar.ch\/sq\/#website\",\"url\":\"https:\/\/maybeless-sugar.ch\/sq\/\",\"name\":\"Maybeless sugar\",\"description\":\"Doux mois de mai moins sucr\u00e9\",\"potentialAction\":[{\"@type\":\"SearchAction\",\"target\":{\"@type\":\"EntryPoint\",\"urlTemplate\":\"https:\/\/maybeless-sugar.ch\/sq\/?s={search_term_string}\"},\"query-input\":{\"@type\":\"PropertyValueSpecification\",\"valueRequired\":true,\"valueName\":\"search_term_string\"}}],\"inLanguage\":\"sq-AL\"}]}<\/script>\n<!-- \/ Yoast SEO plugin. -->","yoast_head_json":{"title":"Politika e privat\u00ebsis\u00eb - Maybeless sugar","robots":{"index":"index","follow":"follow","max-snippet":"max-snippet:-1","max-image-preview":"max-image-preview:large","max-video-preview":"max-video-preview:-1"},"canonical":"https:\/\/maybeless-sugar.ch\/sq\/politika-e-privatesise\/","og_locale":"sq_AL","og_type":"article","og_title":"Politika e privat\u00ebsis\u00eb - Maybeless sugar","og_description":"Politika e privat\u00ebsis\u00ebP\u00ebrdit\u00ebsuar p\u00ebr her\u00eb t\u00eb fundit : 23 shtator 2025Data e hyrjes n\u00eb fuqi : 23 shtator 2025 Kjo politik\u00eb privat\u00ebsie p\u00ebrshkruan politikat e Diab\u00e8tevaud, Avenue de Provence 4, 1007 Lausanne, Zvic\u00ebr, email: info@diabetevaud.ch , telefoni: 021 657 19 20, n\u00eb lidhje me mbledhjen, p\u00ebrdorimin dhe p\u00ebrhapjen e informacionit tuaj kur p\u00ebrdorni faqen ton\u00eb [&hellip;]","og_url":"https:\/\/maybeless-sugar.ch\/sq\/politika-e-privatesise\/","og_site_name":"Maybeless sugar","article_modified_time":"2026-04-02T13:51:01+00:00","twitter_card":"summary_large_image","twitter_misc":{"Est. reading time":"4 minutes"},"schema":{"@context":"https:\/\/schema.org","@graph":[{"@type":"WebPage","@id":"https:\/\/maybeless-sugar.ch\/sq\/politika-e-privatesise\/","url":"https:\/\/maybeless-sugar.ch\/sq\/politika-e-privatesise\/","name":"Politika e privat\u00ebsis\u00eb - Maybeless sugar","isPartOf":{"@id":"https:\/\/maybeless-sugar.ch\/sq\/#website"},"datePublished":"2025-09-23T07:31:38+00:00","dateModified":"2026-04-02T13:51:01+00:00","breadcrumb":{"@id":"https:\/\/maybeless-sugar.ch\/sq\/politika-e-privatesise\/#breadcrumb"},"inLanguage":"sq-AL","potentialAction":[{"@type":"ReadAction","target":["https:\/\/maybeless-sugar.ch\/sq\/politika-e-privatesise\/"]}]},{"@type":"BreadcrumbList","@id":"https:\/\/maybeless-sugar.ch\/sq\/politika-e-privatesise\/#breadcrumb","itemListElement":[{"@type":"ListItem","position":1,"name":"Home","item":"https:\/\/maybeless-sugar.ch\/sq\/"},{"@type":"ListItem","position":2,"name":"Politika e privat\u00ebsis\u00eb"}]},{"@type":"WebSite","@id":"https:\/\/maybeless-sugar.ch\/sq\/#website","url":"https:\/\/maybeless-sugar.ch\/sq\/","name":"Maybeless sugar","description":"Doux mois de mai moins sucr\u00e9","potentialAction":[{"@type":"SearchAction","target":{"@type":"EntryPoint","urlTemplate":"https:\/\/maybeless-sugar.ch\/sq\/?s={search_term_string}"},"query-input":{"@type":"PropertyValueSpecification","valueRequired":true,"valueName":"search_term_string"}}],"inLanguage":"sq-AL"}]}},"_links":{"self":[{"href":"https:\/\/maybeless-sugar.ch\/sq\/wp-json\/wp\/v2\/pages\/7072","targetHints":{"allow":["GET"]}}],"collection":[{"href":"https:\/\/maybeless-sugar.ch\/sq\/wp-json\/wp\/v2\/pages"}],"about":[{"href":"https:\/\/maybeless-sugar.ch\/sq\/wp-json\/wp\/v2\/types\/page"}],"author":[{"embeddable":true,"href":"https:\/\/maybeless-sugar.ch\/sq\/wp-json\/wp\/v2\/users\/7241"}],"replies":[{"embeddable":true,"href":"https:\/\/maybeless-sugar.ch\/sq\/wp-json\/wp\/v2\/comments?post=7072"}],"version-history":[{"count":2,"href":"https:\/\/maybeless-sugar.ch\/sq\/wp-json\/wp\/v2\/pages\/7072\/revisions"}],"predecessor-version":[{"id":8684,"href":"https:\/\/maybeless-sugar.ch\/sq\/wp-json\/wp\/v2\/pages\/7072\/revisions\/8684"}],"wp:attachment":[{"href":"https:\/\/maybeless-sugar.ch\/sq\/wp-json\/wp\/v2\/media?parent=7072"}],"curies":[{"name":"wp","href":"https:\/\/api.w.org\/{rel}","templated":true}]}}