{"id":7279,"date":"2023-02-05T13:24:32","date_gmt":"2023-02-05T12:24:32","guid":{"rendered":"https:\/\/maybeless-sugar.ch\/shtepia-2023\/"},"modified":"2026-04-08T12:03:51","modified_gmt":"2026-04-08T10:03:51","slug":"shtepia-2023","status":"publish","type":"page","link":"https:\/\/maybeless-sugar.ch\/sq\/","title":{"rendered":"Faqja kry\u00ebsore 2023"},"content":{"rendered":"\n<div class=\"wp-block-group alignfull header-wrapper is-layout-constrained wp-block-group-is-layout-constrained\">\n<div class=\"wp-block-group alignfull p-0 is-style-no-padding hero-wrapper has-primary-background-color has-background is-layout-constrained wp-block-group-is-layout-constrained\">\n<figure class=\"wp-block-image aligncenter size-large is-resized is-style-no-margin illustration\"><img decoding=\"async\" width=\"2215\" height=\"1108\" src=\"https:\/\/maybeless-sugar.ch\/wp-content\/uploads\/2025\/03\/kiwi-edited.png\" alt=\"\" class=\"wp-image-5491\" style=\"width:540px;height:undefinedpx\" srcset=\"https:\/\/maybeless-sugar.ch\/wp-content\/uploads\/2025\/03\/kiwi-edited.png 2215w, https:\/\/maybeless-sugar.ch\/wp-content\/uploads\/2025\/03\/kiwi-edited-300x150.png 300w, https:\/\/maybeless-sugar.ch\/wp-content\/uploads\/2025\/03\/kiwi-edited-1024x512.png 1024w, https:\/\/maybeless-sugar.ch\/wp-content\/uploads\/2025\/03\/kiwi-edited-768x384.png 768w, https:\/\/maybeless-sugar.ch\/wp-content\/uploads\/2025\/03\/kiwi-edited-1536x768.png 1536w, https:\/\/maybeless-sugar.ch\/wp-content\/uploads\/2025\/03\/kiwi-edited-2048x1024.png 2048w\" sizes=\"(max-width: 2215px) 100vw, 2215px\" \/><\/figure>\n\n\n\n<div class=\"wp-block-group brand-id is-layout-constrained wp-block-group-is-layout-constrained\">\n<figure class=\"wp-block-image aligncenter size-large is-resized tagline\"><img decoding=\"async\" width=\"387\" height=\"283\" src=\"https:\/\/maybeless-sugar.ch\/wp-content\/uploads\/2023\/02\/MBLS_logo_white-1.svg\" alt=\"\" class=\"wp-image-255\" style=\"width:380px\"\/><\/figure>\n\n\n\n<p class=\"has-text-align-center has-white-color has-text-color\" style=\"font-size:20px\"><strong>Po un\u00eb, sa sheqer konsumoj?<\/strong><\/p>\n<\/div>\n\n\n\n<figure class=\"wp-block-image aligncenter size-full is-resized illustration is-style-no-margin\"><img decoding=\"async\" width=\"2464\" height=\"1143\" src=\"https:\/\/maybeless-sugar.ch\/wp-content\/uploads\/2025\/03\/donut-edited.png\" alt=\"\" class=\"wp-image-5495\" style=\"width:630px;height:auto\" srcset=\"https:\/\/maybeless-sugar.ch\/wp-content\/uploads\/2025\/03\/donut-edited.png 2464w, https:\/\/maybeless-sugar.ch\/wp-content\/uploads\/2025\/03\/donut-edited-300x139.png 300w, https:\/\/maybeless-sugar.ch\/wp-content\/uploads\/2025\/03\/donut-edited-1024x475.png 1024w, https:\/\/maybeless-sugar.ch\/wp-content\/uploads\/2025\/03\/donut-edited-768x356.png 768w, https:\/\/maybeless-sugar.ch\/wp-content\/uploads\/2025\/03\/donut-edited-1536x713.png 1536w, https:\/\/maybeless-sugar.ch\/wp-content\/uploads\/2025\/03\/donut-edited-2048x950.png 2048w\" sizes=\"(max-width: 2464px) 100vw, 2464px\" \/><\/figure>\n<\/div>\n\n\n\n<div id=\"block-competence-block_4c144f9d9647c765356a775691fc81c4\" class=\"block-competence ticker alignfull bg-primary\/30 overflow-hidden\">\n  <ul>\n  \t\t\t<li>\n\t\t\t<div class=\"flex\">\n\t\t\t\t\t\t\t\t\t<a class=\"transition-all duration-300 ease-[cubic-bezier(.34,0,.34,1)] flex items-center px-8 py-8 md:py-12 gap-4 text-3xl md:text-6xl lg:text-8xl font-display text-primary whitespace-nowrap hover:text-white\" href=\"https:\/\/maybeless-sugar.ch\/je-participe\/\">Llogaris konsumin tim<i class=\"text-[130%] mb-[3px] fa-regular fa-arrow-up-right\"><\/i><\/a>\n\t\t\t\t\t\t\t\t\t<a class=\"transition-all duration-300 ease-[cubic-bezier(.34,0,.34,1)] flex items-center px-8 py-8 md:py-12 gap-4 text-3xl md:text-6xl lg:text-8xl font-display text-primary whitespace-nowrap hover:text-white\" href=\"https:\/\/maybeless-sugar.ch\/je-participe\/\">Llogaris konsumin tim<i class=\"text-[130%] mb-[3px] fa-regular fa-arrow-up-right\"><\/i><\/a>\n\t\t\t\t\t\t\t\t\t<a class=\"transition-all duration-300 ease-[cubic-bezier(.34,0,.34,1)] flex items-center px-8 py-8 md:py-12 gap-4 text-3xl md:text-6xl lg:text-8xl font-display text-primary whitespace-nowrap hover:text-white\" href=\"https:\/\/maybeless-sugar.ch\/je-participe\/\">Llogaris konsumin tim<i class=\"text-[130%] mb-[3px] fa-regular fa-arrow-up-right\"><\/i><\/a>\n\t\t\t\t\t\t\t\t\t<a class=\"transition-all duration-300 ease-[cubic-bezier(.34,0,.34,1)] flex items-center px-8 py-8 md:py-12 gap-4 text-3xl md:text-6xl lg:text-8xl font-display text-primary whitespace-nowrap hover:text-white\" href=\"https:\/\/maybeless-sugar.ch\/je-participe\/\">Llogaris konsumin tim<i class=\"text-[130%] mb-[3px] fa-regular fa-arrow-up-right\"><\/i><\/a>\n\t\t\t\t\t\t\t\t\t<a class=\"transition-all duration-300 ease-[cubic-bezier(.34,0,.34,1)] flex items-center px-8 py-8 md:py-12 gap-4 text-3xl md:text-6xl lg:text-8xl font-display text-primary whitespace-nowrap hover:text-white\" href=\"https:\/\/maybeless-sugar.ch\/je-participe\/\">Llogaris konsumin tim<i class=\"text-[130%] mb-[3px] fa-regular fa-arrow-up-right\"><\/i><\/a>\n\t\t\t\t\t\t\t\t\t<a class=\"transition-all duration-300 ease-[cubic-bezier(.34,0,.34,1)] flex items-center px-8 py-8 md:py-12 gap-4 text-3xl md:text-6xl lg:text-8xl font-display text-primary whitespace-nowrap hover:text-white\" href=\"https:\/\/maybeless-sugar.ch\/je-participe\/\">Llogaris konsumin tim<i class=\"text-[130%] mb-[3px] fa-regular fa-arrow-up-right\"><\/i><\/a>\n\t\t\t\t\t\t\t<\/div>\n\t\t<\/li>\n\t    \n  <\/ul>\n\n  <ul aria-hidden=\"true\">\n  \t\t<li>\n\t\t\t<div class=\"flex\">\n\t\t\t\t\t\t\t\t\t<a class=\"transition-all duration-300 ease-[cubic-bezier(.34,0,.34,1)] flex items-center px-8 py-8 md:py-12 gap-4 text-3xl md:text-6xl lg:text-8xl font-display text-primary whitespace-nowrap hover:text-white\" href=\"https:\/\/maybeless-sugar.ch\/je-participe\/\">Llogaris konsumin tim<i class=\"text-[130%] mb-[3px] fa-regular fa-arrow-up-right\"><\/i><\/a>\n\t\t\t\t\t\t\t\t\t<a class=\"transition-all duration-300 ease-[cubic-bezier(.34,0,.34,1)] flex items-center px-8 py-8 md:py-12 gap-4 text-3xl md:text-6xl lg:text-8xl font-display text-primary whitespace-nowrap hover:text-white\" href=\"https:\/\/maybeless-sugar.ch\/je-participe\/\">Llogaris konsumin tim<i class=\"text-[130%] mb-[3px] fa-regular fa-arrow-up-right\"><\/i><\/a>\n\t\t\t\t\t\t\t\t\t<a class=\"transition-all duration-300 ease-[cubic-bezier(.34,0,.34,1)] flex items-center px-8 py-8 md:py-12 gap-4 text-3xl md:text-6xl lg:text-8xl font-display text-primary whitespace-nowrap hover:text-white\" href=\"https:\/\/maybeless-sugar.ch\/je-participe\/\">Llogaris konsumin tim<i class=\"text-[130%] mb-[3px] fa-regular fa-arrow-up-right\"><\/i><\/a>\n\t\t\t\t\t\t\t\t\t<a class=\"transition-all duration-300 ease-[cubic-bezier(.34,0,.34,1)] flex items-center px-8 py-8 md:py-12 gap-4 text-3xl md:text-6xl lg:text-8xl font-display text-primary whitespace-nowrap hover:text-white\" href=\"https:\/\/maybeless-sugar.ch\/je-participe\/\">Llogaris konsumin tim<i class=\"text-[130%] mb-[3px] fa-regular fa-arrow-up-right\"><\/i><\/a>\n\t\t\t\t\t\t\t\t\t<a class=\"transition-all duration-300 ease-[cubic-bezier(.34,0,.34,1)] flex items-center px-8 py-8 md:py-12 gap-4 text-3xl md:text-6xl lg:text-8xl font-display text-primary whitespace-nowrap hover:text-white\" href=\"https:\/\/maybeless-sugar.ch\/je-participe\/\">Llogaris konsumin tim<i class=\"text-[130%] mb-[3px] fa-regular fa-arrow-up-right\"><\/i><\/a>\n\t\t\t\t\t\t\t\t\t<a class=\"transition-all duration-300 ease-[cubic-bezier(.34,0,.34,1)] flex items-center px-8 py-8 md:py-12 gap-4 text-3xl md:text-6xl lg:text-8xl font-display text-primary whitespace-nowrap hover:text-white\" href=\"https:\/\/maybeless-sugar.ch\/je-participe\/\">Llogaris konsumin tim<i class=\"text-[130%] mb-[3px] fa-regular fa-arrow-up-right\"><\/i><\/a>\n\t\t\t\t\t\t\t<\/div>\n\t\t<\/li>\n\t   \n  <\/ul>\n<\/div><\/div>\n\n<div style=\"height:100px\" aria-hidden=\"true\" class=\"wp-block-spacer\"><\/div>\n\n<h2 class=\"relative is-style-fat text-custom-pink\">Mir\u00eb se vini n\u00eb aktivitetin<br\/>MAYbe Less Sugar<\/h2>\n\n<div style=\"height:100px\" aria-hidden=\"true\" class=\"wp-block-spacer\"><\/div>\n\n<figure class=\"wp-block-video\"><video height=\"1080\" style=\"aspect-ratio: 1920 \/ 1080;\" width=\"1920\" autoplay=\"\" controls=\"\" loop=\"\" muted=\"\" preload=\"auto\" src=\"https:\/\/maybeless-sugar.ch\/wp-content\/uploads\/2025\/04\/MBLS_2025_1080p_FR.mp4\" playsinline=\"\"><\/video><\/figure>\n\n<div class=\"wp-block-buttons is-content-justification-center is-layout-flex wp-container-core-buttons-is-layout-16018d1d wp-block-buttons-is-layout-flex\">\n<div class=\"wp-block-button is-style-outline is-style-outline--1\"><a class=\"wp-block-button__link has-text-align-center wp-element-button\" href=\"\/sq\/?page_id=6763#video\">Shikoni videot<\/a><\/div>\n<\/div>\n\n<div style=\"height:100px\" aria-hidden=\"true\" class=\"wp-block-spacer\"><\/div>\n\n<div style=\"height:0px\" aria-hidden=\"true\" class=\"wp-block-spacer\"><\/div>\n\n<div style=\"height:100px\" aria-hidden=\"true\" class=\"wp-block-spacer\"><\/div>\n\n<div class=\"wp-block-group is-style-rounded is-style-no-padding has-primary-background-color has-background is-layout-constrained wp-block-group-is-layout-constrained\">\n<figure class=\"wp-block-image aligncenter size-large is-resized\"><img decoding=\"async\" width=\"1024\" height=\"475\" src=\"https:\/\/maybeless-sugar.ch\/wp-content\/uploads\/2023\/02\/donut-1024x475.png\" alt=\"\" class=\"wp-image-463\" style=\"width:520px;height:undefinedpx\" srcset=\"https:\/\/maybeless-sugar.ch\/wp-content\/uploads\/2023\/02\/donut-1024x475.png 1024w, https:\/\/maybeless-sugar.ch\/wp-content\/uploads\/2023\/02\/donut-300x139.png 300w, https:\/\/maybeless-sugar.ch\/wp-content\/uploads\/2023\/02\/donut-768x356.png 768w, https:\/\/maybeless-sugar.ch\/wp-content\/uploads\/2023\/02\/donut-1536x713.png 1536w, https:\/\/maybeless-sugar.ch\/wp-content\/uploads\/2023\/02\/donut-2048x950.png 2048w\" sizes=\"(max-width: 1024px) 100vw, 1024px\" \/><\/figure>\n\n\n\n<h2 class=\"wp-block-heading has-text-align-center has-white-color has-text-color\">N\u00eb maj, b\u00ebn \u00e7far\u00eb t\u00eb p\u00eblqen?<\/h2>\n\n\n\n<h4 class=\"wp-block-heading has-text-align-center has-white-color has-text-color\">Me MAYbe Less Sugar, po testoj k\u00ebnaq\u00ebsin\u00eb<br\/>e t\u00eb ngr\u00ebnit m\u00eb pak sheqerna t\u00eb shtuara<\/h4>\n\n\n\n<div class=\"wp-block-buttons is-content-justification-center is-layout-flex wp-container-core-buttons-is-layout-16018d1d wp-block-buttons-is-layout-flex\">\n<div class=\"wp-block-button\"><a class=\"wp-block-button__link has-primary-color has-white-background-color has-text-color has-background wp-element-button\" href=\"\/sq\/?page_id=7298\">Un\u00eb zbuloj<\/a><\/div>\n<\/div>\n\n\n\n<div style=\"height:30px\" aria-hidden=\"true\" class=\"wp-block-spacer\"><\/div>\n\n\n\n<figure class=\"wp-block-image aligncenter size-large is-resized is-style-no-margin\"><img decoding=\"async\" width=\"1024\" height=\"512\" src=\"https:\/\/maybeless-sugar.ch\/wp-content\/uploads\/2023\/02\/kiwi-1024x512.png\" alt=\"\" class=\"wp-image-462\" style=\"width:530px;height:undefinedpx\" srcset=\"https:\/\/maybeless-sugar.ch\/wp-content\/uploads\/2023\/02\/kiwi-1024x512.png 1024w, https:\/\/maybeless-sugar.ch\/wp-content\/uploads\/2023\/02\/kiwi-300x150.png 300w, https:\/\/maybeless-sugar.ch\/wp-content\/uploads\/2023\/02\/kiwi-768x384.png 768w, https:\/\/maybeless-sugar.ch\/wp-content\/uploads\/2023\/02\/kiwi-1536x768.png 1536w, https:\/\/maybeless-sugar.ch\/wp-content\/uploads\/2023\/02\/kiwi-2048x1024.png 2048w\" sizes=\"(max-width: 1024px) 100vw, 1024px\" \/><\/figure>\n<\/div>\n\n<div style=\"height:200px\" aria-hidden=\"true\" class=\"wp-block-spacer\"><\/div>\n","protected":false},"excerpt":{"rendered":"<p>Po un\u00eb, sa sheqer konsumoj? Mir\u00eb se vini n\u00eb aktivitetinMAYbe Less Sugar N\u00eb maj, b\u00ebn \u00e7far\u00eb t\u00eb p\u00eblqen? Me MAYbe Less Sugar, po testoj k\u00ebnaq\u00ebsin\u00ebe t\u00eb ngr\u00ebnit m\u00eb pak sheqerna t\u00eb shtuara<\/p>\n","protected":false},"author":7241,"featured_media":0,"parent":0,"menu_order":0,"comment_status":"closed","ping_status":"closed","template":"","meta":{"_acf_changed":false,"footnotes":""},"class_list":["post-7279","page","type-page","status-publish","hentry"],"acf":[],"yoast_head":"<!-- This site is optimized with the Yoast SEO plugin v27.5 - https:\/\/yoast.com\/product\/yoast-seo-wordpress\/ -->\n<title>- Doux mois de mai moins sucr\u00e9<\/title>\n<meta name=\"robots\" content=\"index, follow, max-snippet:-1, max-image-preview:large, max-video-preview:-1\" \/>\n<link rel=\"canonical\" href=\"https:\/\/maybeless-sugar.ch\/sq\/\" \/>\n<meta property=\"og:locale\" content=\"sq_AL\" \/>\n<meta property=\"og:type\" content=\"article\" \/>\n<meta property=\"og:title\" content=\"- Doux mois de mai moins sucr\u00e9\" \/>\n<meta property=\"og:description\" content=\"Po un\u00eb, sa sheqer konsumoj? Mir\u00eb se vini n\u00eb aktivitetinMAYbe Less Sugar N\u00eb maj, b\u00ebn \u00e7far\u00eb t\u00eb p\u00eblqen? Me MAYbe Less Sugar, po testoj k\u00ebnaq\u00ebsin\u00ebe t\u00eb ngr\u00ebnit m\u00eb pak sheqerna t\u00eb shtuara\" \/>\n<meta property=\"og:url\" content=\"https:\/\/maybeless-sugar.ch\/sq\/\" \/>\n<meta property=\"og:site_name\" content=\"Maybeless sugar\" \/>\n<meta property=\"article:modified_time\" content=\"2026-04-08T10:03:51+00:00\" \/>\n<meta property=\"og:image\" content=\"https:\/\/maybeless-sugar.ch\/wp-content\/uploads\/2025\/03\/kiwi-edited.png\" \/>\n\t<meta property=\"og:image:width\" content=\"2215\" \/>\n\t<meta property=\"og:image:height\" content=\"1108\" \/>\n\t<meta property=\"og:image:type\" content=\"image\/png\" \/>\n<meta name=\"twitter:card\" content=\"summary_large_image\" \/>\n<meta name=\"twitter:label1\" content=\"Est. reading time\" \/>\n\t<meta name=\"twitter:data1\" content=\"3 minutes\" \/>\n<script type=\"application\/ld+json\" class=\"yoast-schema-graph\">{\"@context\":\"https:\\\/\\\/schema.org\",\"@graph\":[{\"@type\":\"WebPage\",\"@id\":\"https:\\\/\\\/maybeless-sugar.ch\\\/sq\\\/\",\"url\":\"https:\\\/\\\/maybeless-sugar.ch\\\/sq\\\/\",\"name\":\"- Doux mois de mai moins sucr\u00e9\",\"isPartOf\":{\"@id\":\"https:\\\/\\\/maybeless-sugar.ch\\\/sq\\\/#website\"},\"primaryImageOfPage\":{\"@id\":\"https:\\\/\\\/maybeless-sugar.ch\\\/sq\\\/#primaryimage\"},\"image\":{\"@id\":\"https:\\\/\\\/maybeless-sugar.ch\\\/sq\\\/#primaryimage\"},\"thumbnailUrl\":\"https:\\\/\\\/maybeless-sugar.ch\\\/wp-content\\\/uploads\\\/2025\\\/03\\\/kiwi-edited.png\",\"datePublished\":\"2023-02-05T12:24:32+00:00\",\"dateModified\":\"2026-04-08T10:03:51+00:00\",\"breadcrumb\":{\"@id\":\"https:\\\/\\\/maybeless-sugar.ch\\\/sq\\\/#breadcrumb\"},\"inLanguage\":\"sq-AL\",\"potentialAction\":[{\"@type\":\"ReadAction\",\"target\":[\"https:\\\/\\\/maybeless-sugar.ch\\\/sq\\\/\"]}]},{\"@type\":\"ImageObject\",\"inLanguage\":\"sq-AL\",\"@id\":\"https:\\\/\\\/maybeless-sugar.ch\\\/sq\\\/#primaryimage\",\"url\":\"https:\\\/\\\/maybeless-sugar.ch\\\/wp-content\\\/uploads\\\/2025\\\/03\\\/kiwi-edited.png\",\"contentUrl\":\"https:\\\/\\\/maybeless-sugar.ch\\\/wp-content\\\/uploads\\\/2025\\\/03\\\/kiwi-edited.png\"},{\"@type\":\"BreadcrumbList\",\"@id\":\"https:\\\/\\\/maybeless-sugar.ch\\\/sq\\\/#breadcrumb\",\"itemListElement\":[{\"@type\":\"ListItem\",\"position\":1,\"name\":\"Home\",\"item\":\"https:\\\/\\\/maybeless-sugar.ch\\\/sq\\\/\"},{\"@type\":\"ListItem\",\"position\":2,\"name\":\"Faqja kry\u00ebsore 2023\"}]},{\"@type\":\"WebSite\",\"@id\":\"https:\\\/\\\/maybeless-sugar.ch\\\/sq\\\/#website\",\"url\":\"https:\\\/\\\/maybeless-sugar.ch\\\/sq\\\/\",\"name\":\"Maybeless sugar\",\"description\":\"Doux mois de mai moins sucr\u00e9\",\"potentialAction\":[{\"@type\":\"SearchAction\",\"target\":{\"@type\":\"EntryPoint\",\"urlTemplate\":\"https:\\\/\\\/maybeless-sugar.ch\\\/sq\\\/?s={search_term_string}\"},\"query-input\":{\"@type\":\"PropertyValueSpecification\",\"valueRequired\":true,\"valueName\":\"search_term_string\"}}],\"inLanguage\":\"sq-AL\"}]}<\/script>\n<!-- \/ Yoast SEO plugin. -->","yoast_head_json":{"title":"- Doux mois de mai moins sucr\u00e9","robots":{"index":"index","follow":"follow","max-snippet":"max-snippet:-1","max-image-preview":"max-image-preview:large","max-video-preview":"max-video-preview:-1"},"canonical":"https:\/\/maybeless-sugar.ch\/sq\/","og_locale":"sq_AL","og_type":"article","og_title":"- Doux mois de mai moins sucr\u00e9","og_description":"Po un\u00eb, sa sheqer konsumoj? Mir\u00eb se vini n\u00eb aktivitetinMAYbe Less Sugar N\u00eb maj, b\u00ebn \u00e7far\u00eb t\u00eb p\u00eblqen? Me MAYbe Less Sugar, po testoj k\u00ebnaq\u00ebsin\u00ebe t\u00eb ngr\u00ebnit m\u00eb pak sheqerna t\u00eb shtuara","og_url":"https:\/\/maybeless-sugar.ch\/sq\/","og_site_name":"Maybeless sugar","article_modified_time":"2026-04-08T10:03:51+00:00","og_image":[{"width":2215,"height":1108,"url":"https:\/\/maybeless-sugar.ch\/wp-content\/uploads\/2025\/03\/kiwi-edited.png","type":"image\/png"}],"twitter_card":"summary_large_image","twitter_misc":{"Est. reading time":"3 minutes"},"schema":{"@context":"https:\/\/schema.org","@graph":[{"@type":"WebPage","@id":"https:\/\/maybeless-sugar.ch\/sq\/","url":"https:\/\/maybeless-sugar.ch\/sq\/","name":"- Doux mois de mai moins sucr\u00e9","isPartOf":{"@id":"https:\/\/maybeless-sugar.ch\/sq\/#website"},"primaryImageOfPage":{"@id":"https:\/\/maybeless-sugar.ch\/sq\/#primaryimage"},"image":{"@id":"https:\/\/maybeless-sugar.ch\/sq\/#primaryimage"},"thumbnailUrl":"https:\/\/maybeless-sugar.ch\/wp-content\/uploads\/2025\/03\/kiwi-edited.png","datePublished":"2023-02-05T12:24:32+00:00","dateModified":"2026-04-08T10:03:51+00:00","breadcrumb":{"@id":"https:\/\/maybeless-sugar.ch\/sq\/#breadcrumb"},"inLanguage":"sq-AL","potentialAction":[{"@type":"ReadAction","target":["https:\/\/maybeless-sugar.ch\/sq\/"]}]},{"@type":"ImageObject","inLanguage":"sq-AL","@id":"https:\/\/maybeless-sugar.ch\/sq\/#primaryimage","url":"https:\/\/maybeless-sugar.ch\/wp-content\/uploads\/2025\/03\/kiwi-edited.png","contentUrl":"https:\/\/maybeless-sugar.ch\/wp-content\/uploads\/2025\/03\/kiwi-edited.png"},{"@type":"BreadcrumbList","@id":"https:\/\/maybeless-sugar.ch\/sq\/#breadcrumb","itemListElement":[{"@type":"ListItem","position":1,"name":"Home","item":"https:\/\/maybeless-sugar.ch\/sq\/"},{"@type":"ListItem","position":2,"name":"Faqja kry\u00ebsore 2023"}]},{"@type":"WebSite","@id":"https:\/\/maybeless-sugar.ch\/sq\/#website","url":"https:\/\/maybeless-sugar.ch\/sq\/","name":"Maybeless sugar","description":"Doux mois de mai moins sucr\u00e9","potentialAction":[{"@type":"SearchAction","target":{"@type":"EntryPoint","urlTemplate":"https:\/\/maybeless-sugar.ch\/sq\/?s={search_term_string}"},"query-input":{"@type":"PropertyValueSpecification","valueRequired":true,"valueName":"search_term_string"}}],"inLanguage":"sq-AL"}]}},"_links":{"self":[{"href":"https:\/\/maybeless-sugar.ch\/sq\/wp-json\/wp\/v2\/pages\/7279","targetHints":{"allow":["GET"]}}],"collection":[{"href":"https:\/\/maybeless-sugar.ch\/sq\/wp-json\/wp\/v2\/pages"}],"about":[{"href":"https:\/\/maybeless-sugar.ch\/sq\/wp-json\/wp\/v2\/types\/page"}],"author":[{"embeddable":true,"href":"https:\/\/maybeless-sugar.ch\/sq\/wp-json\/wp\/v2\/users\/7241"}],"replies":[{"embeddable":true,"href":"https:\/\/maybeless-sugar.ch\/sq\/wp-json\/wp\/v2\/comments?post=7279"}],"version-history":[{"count":4,"href":"https:\/\/maybeless-sugar.ch\/sq\/wp-json\/wp\/v2\/pages\/7279\/revisions"}],"predecessor-version":[{"id":8856,"href":"https:\/\/maybeless-sugar.ch\/sq\/wp-json\/wp\/v2\/pages\/7279\/revisions\/8856"}],"wp:attachment":[{"href":"https:\/\/maybeless-sugar.ch\/sq\/wp-json\/wp\/v2\/media?parent=7279"}],"curies":[{"name":"wp","href":"https:\/\/api.w.org\/{rel}","templated":true}]}}