{"id":7298,"date":"2023-02-05T14:17:22","date_gmt":"2023-02-05T13:17:22","guid":{"rendered":"https:\/\/maybeless-sugar.ch\/une-zbuloj\/"},"modified":"2026-04-02T14:35:13","modified_gmt":"2026-04-02T12:35:13","slug":"une-zbuloj","status":"publish","type":"page","link":"https:\/\/maybeless-sugar.ch\/sq\/une-zbuloj\/","title":{"rendered":"Un\u00eb zbuloj"},"content":{"rendered":"\n<div style=\"height:85px\" aria-hidden=\"true\" class=\"wp-block-spacer\"><\/div>\n<h1 class=\"has-text-align-center wp-block-post-title has-text-color has-custom-pink-color\">Un\u00eb zbuloj<\/h1>\n<div style=\"height:130px\" aria-hidden=\"true\" class=\"wp-block-spacer\"><\/div>\n\n<div class=\"wp-block-columns is-style-no-margin is-layout-flex wp-container-core-columns-is-layout-9d6595d7 wp-block-columns-is-layout-flex\">\n<div class=\"wp-block-column is-layout-flow wp-block-column-is-layout-flow\">\n<figure class=\"wp-block-image size-large\"><img decoding=\"async\" width=\"752\" height=\"1024\" src=\"https:\/\/maybeless-sugar.ch\/wp-content\/uploads\/2023\/02\/MBLS_cards-752x1024.png\" alt=\"\" class=\"wp-image-367\" srcset=\"https:\/\/maybeless-sugar.ch\/wp-content\/uploads\/2023\/02\/MBLS_cards-752x1024.png 752w, https:\/\/maybeless-sugar.ch\/wp-content\/uploads\/2023\/02\/MBLS_cards-220x300.png 220w, https:\/\/maybeless-sugar.ch\/wp-content\/uploads\/2023\/02\/MBLS_cards-768x1045.png 768w, https:\/\/maybeless-sugar.ch\/wp-content\/uploads\/2023\/02\/MBLS_cards.png 933w\" sizes=\"(max-width: 752px) 100vw, 752px\" \/><\/figure>\n<\/div>\n\n\n\n<div class=\"wp-block-column is-layout-flow wp-block-column-is-layout-flow\">\n<h2 class=\"wp-block-heading has-custom-pink-color has-text-color\">\u00c7far\u00eb \u00ebsht\u00eb<br\/>MAYbe Less Sugar ?<\/h2>\n\n\n\n<p>\u201cMAYbe Less Sugar\u201d \u00ebsht\u00eb nj\u00eb aktivitet q\u00eb zhvillohet n\u00eb Zvic\u00ebr gjat\u00eb muajit maj.<br\/>I fton njer\u00ebzit t\u00eb m\u00ebsojn\u00eb rreth sheqernave t\u00eb shtuara, ku dhe sa konsumojn\u00eb, pse dhe si ta zvog\u00eblojn\u00eb konsumin e tyre.<\/p>\n\n\n\n<div style=\"height:100px\" aria-hidden=\"true\" class=\"wp-block-spacer\"><\/div>\n\n\n\n<h2 class=\"wp-block-heading has-custom-pink-color has-text-color\">Si<br\/>funksionon?<\/h2>\n\n\n\n<p>\u00cbsht\u00eb shum\u00eb e thjesht\u00eb. Duke u regjistruar n\u00eb MAYbe Less Sugar, zbuloj se sa sheqerna t\u00eb shtuara konsumoj, mund t\u00eb marr pjes\u00eb n\u00eb evente dhe t\u00eb marr k\u00ebshilla dhe njohuri p\u00ebr t\u00eb provuar t\u00eb ngr\u00ebnit dhe t\u00eb pirit me m\u00eb pak sheqer. <\/p>\n\n\n\n<p>Pas suksesit t\u00eb edicioneve vjetore q\u00eb nga viti 2023, do t\u00eb shihemi n\u00eb maj 2026. Deri at\u00ebher\u00eb, faqja e internetit dhe llogarit\u00ebsi online jan\u00eb t\u00eb disponuesh\u00ebm p\u00ebr t&#8217;ju ndihmuar t\u00eb zbuloni se sa sheqerna t\u00eb shtuara konsumoni. Dhe sigurisht, p\u00ebr t\u00eb praktikuar k\u00ebshillat p\u00ebr t\u00eb ngr\u00ebn\u00eb dhe pir\u00eb me m\u00eb pak sheqer!  <\/p>\n\n\n\n<div class=\"wp-block-buttons is-layout-flex wp-block-buttons-is-layout-flex\">\n<div class=\"wp-block-button\"><a class=\"wp-block-button__link has-custom-pink-background-color has-background wp-element-button\" href=\"&lt;!--[CDATA[https:\/\/maybeless-sugar.ch\/je-participe\/]]--&gt;\">Un\u00eb regjistrohem<\/a><\/div>\n<\/div>\n\n\n\n<div style=\"height:50px\" aria-hidden=\"true\" class=\"wp-block-spacer\"><\/div>\n<\/div>\n<\/div>\n\n<h2 class=\"wp-block-heading has-text-align-center tm-fat has-custom-pink-color has-text-color\">Pse<br\/>t\u00eb marr\u00eb pjes\u00eb?<\/h2>\n\n<h5 class=\"wp-block-heading has-text-align-center\">Iu k\u00ebrkuam personave q\u00eb testuan<\/h5>\n\n<div style=\"height:60px\" aria-hidden=\"true\" class=\"wp-block-spacer\"><\/div>\n\n<div class=\"wp-block-columns is-layout-flex wp-container-core-columns-is-layout-9d6595d7 wp-block-columns-is-layout-flex\">\n<div class=\"wp-block-column is-layout-flow wp-block-column-is-layout-flow\">\n<style>.embed-container { position: relative; padding-bottom: 56.25%; height: 0; overflow: hidden; max-width: 100%; } .embed-container iframe, .embed-container object, .embed-container embed { position: absolute; top: 0; left: 0; width: 100%; height: 100%; }<\/style><div class=\"embed-container\"><iframe src=\"https:\/\/www.youtube.com\/embed\/vlKujm7TuYo\" frameborder=\"0\" allowfullscreen=\"\"><\/iframe><\/div>\n<\/div>\n\n\n\n<div class=\"wp-block-column is-layout-flow wp-block-column-is-layout-flow\">\n<style>.embed-container { position: relative; padding-bottom: 56.25%; height: 0; overflow: hidden; max-width: 100%; } .embed-container iframe, .embed-container object, .embed-container embed { position: absolute; top: 0; left: 0; width: 100%; height: 100%; }<\/style><div class=\"embed-container\"><iframe src=\"https:\/\/www.youtube.com\/embed\/_HYjTAEu2mg\" frameborder=\"0\" allowfullscreen=\"\"><\/iframe><\/div>\n<\/div>\n\n\n\n<div class=\"wp-block-column is-layout-flow wp-block-column-is-layout-flow\">\n<style>.embed-container { position: relative; padding-bottom: 56.25%; height: 0; overflow: hidden; max-width: 100%; } .embed-container iframe, .embed-container object, .embed-container embed { position: absolute; top: 0; left: 0; width: 100%; height: 100%; }<\/style><div class=\"embed-container\"><iframe src=\"https:\/\/www.youtube.com\/embed\/u1Ga21YqKjU\" frameborder=\"0\" allowfullscreen=\"\"><\/iframe><\/div>\n<\/div>\n<\/div>\n<div id=\"block-grid_testimonials-block_0827d58977f3f4a772ad472ae378f810\" class=\"block-testimonial \">\n\t\t<div class=\"grid grid-cols-1 gap-10 md:grid-cols-2 lg:grid-cols-3\">\n\t\t\t<\/div>\n<\/div>\n<div style=\"height:100px\" aria-hidden=\"true\" class=\"wp-block-spacer\"><\/div>\n\n<h2 class=\"wp-block-heading has-text-align-center tm-fat has-custom-pink-color has-text-color\">Kush mund<br\/>t\u00eb marr\u00eb pjes\u00eb?<\/h2>\n\n<p class=\"has-text-align-center\">Fushata MAYbe Less Sugar \u00ebsht\u00eb falas dhe e hapur p\u00ebr t\u00eb gjith\u00eb.<br\/> Lajm i mir\u00eb! Mund t\u00eb ftoj familjen, miqt\u00eb dhe koleg\u00ebt e mi t\u00eb marrin pjes\u00eb. <br\/>T\u00eb marrim pjes\u00eb s\u00eb bashku, \u00ebsht\u00eb m\u00eb e leht\u00eb dhe motivon.<\/p>\n\n<div style=\"height:20px\" aria-hidden=\"true\" class=\"wp-block-spacer\"><\/div>\n\n<div class=\"wp-block-buttons is-content-justification-center is-layout-flex wp-container-core-buttons-is-layout-16018d1d wp-block-buttons-is-layout-flex\">\n<div class=\"wp-block-button\"><a class=\"wp-block-button__link has-custom-pink-background-color has-background wp-element-button\" href=\"&lt;!--[CDATA[https:\/\/maybeless-sugar.ch\/je-participe\/]]--&gt;\">Un\u00eb marr pjes\u00eb<\/a><\/div>\n<\/div>\n\n<div style=\"height:60px\" aria-hidden=\"true\" class=\"wp-block-spacer\"><\/div>\n\n<div class=\"wp-block-columns alignfull is-style-no-padding is-layout-flex wp-container-core-columns-is-layout-9d6595d7 wp-block-columns-is-layout-flex\">\n<div class=\"wp-block-column has-gray-light-background-color has-background is-layout-flow wp-block-column-is-layout-flow\">\n<div class=\"wp-block-cover\"><span aria-hidden=\"true\" class=\"wp-block-cover__background has-custom-pink-background-color has-background-dim-100 has-background-dim\"><\/span><div class=\"wp-block-cover__inner-container is-layout-flow wp-block-cover-is-layout-flow\">\n<figure class=\"wp-block-image aligncenter size-large is-resized\"><img decoding=\"async\" width=\"387\" height=\"283\" src=\"https:\/\/maybeless-sugar.ch\/wp-content\/uploads\/2023\/02\/MBLS_logo_white-1.svg\" alt=\"\" class=\"wp-image-255\" style=\"width:350px\"\/><\/figure>\n<\/div><\/div>\n<\/div>\n\n\n\n<div class=\"wp-block-column is-layout-flow wp-block-column-is-layout-flow\">\n<div class=\"wp-block-cover p-12\"><span aria-hidden=\"true\" class=\"wp-block-cover__background has-custom-pink-background-color has-background-dim\"><\/span><div class=\"wp-block-cover__inner-container is-layout-flow wp-block-cover-is-layout-flow\">\n<h3 class=\"wp-block-heading has-text-align-center has-custom-pink-color has-text-color\">Po sikur t\u00eb vuaj nga \u00e7rregullimet e t\u00eb ushqyerit, diabeti, mbipesha ose obeziteti?<\/h3>\n\n\n\n<p class=\"has-text-align-center has-gray-dark-color has-text-color\">Nuk ka asnj\u00eb rrezik nga pjes\u00ebmarrja. Megjithat\u00eb, kjo nuk z\u00ebvend\u00ebson ndihm\u00ebn e profesionist\u00ebve t\u00eb kujdesit sh\u00ebndet\u00ebsor. Dhe n\u00ebse keni diabet, \u00ebsht\u00eb mir\u00eb t\u00eb flisni me mjekun tuaj p\u00ebrpara se t\u00eb zvog\u00ebloni konsumin e sheqerit. Kontaktet jan\u00eb t\u00eb disponuesh\u00ebm n\u00eb seksionin &#8221; Dhe m\u00eb pas ?&#8221;.   <\/p>\n\n\n\n<div style=\"height:41px\" aria-hidden=\"true\" class=\"wp-block-spacer\"><\/div>\n\n\n\n<div class=\"wp-block-buttons is-content-justification-center is-layout-flex wp-container-core-buttons-is-layout-16018d1d wp-block-buttons-is-layout-flex\">\n<div class=\"wp-block-button\"><a class=\"wp-block-button__link has-custom-pink-color has-white-background-color has-text-color has-background wp-element-button\" href=\"https:\/\/maybeless-sugar.ch\/sq\/?page_id=7350\">Dhe m\u00eb pas<\/a><\/div>\n<\/div>\n<\/div><\/div>\n<\/div>\n\n\n\n<div class=\"wp-block-column has-gray-light-background-color has-background is-layout-flow wp-block-column-is-layout-flow\">\n<div class=\"wp-block-cover is-light p-12\"><span aria-hidden=\"true\" class=\"wp-block-cover__background has-gray-light-background-color has-background-dim-100 has-background-dim\"><\/span><div class=\"wp-block-cover__inner-container is-layout-flow wp-block-cover-is-layout-flow\">\n<h3 class=\"wp-block-heading has-text-align-center has-custom-pink-color has-text-color\">Sheqernat e shtuara :<br\/>\u00e7far\u00eb jan\u00eb ?<\/h3>\n\n\n\n<p class=\"has-text-align-center\">Sheqernat e shtuara p\u00ebrfshijn\u00eb sheqerin e tryez\u00ebs (sakaroz\u00ebn), sukroz\u00ebn, fruktoz\u00ebn, shurupin e glukoz\u00ebs, mjaltin, <em>shurupin me p\u00ebrmbajtje t\u00eb lart\u00eb fruktoze<\/em> dhe shum\u00eb sheqerna t\u00eb tjer\u00eb t\u00eb izoluar q\u00eb p\u00ebrdoren si\u00e7 jan\u00eb ose shtohen n\u00eb p\u00ebrgatitjen ose prodhimin e pijeve dhe ushqimit.<\/p>\n\n\n\n<div class=\"wp-block-buttons is-content-justification-center is-layout-flex wp-container-core-buttons-is-layout-16018d1d wp-block-buttons-is-layout-flex\">\n<div class=\"wp-block-button\"><a class=\"wp-block-button__link has-custom-pink-color has-white-background-color has-text-color has-background wp-element-button\" href=\"&lt;!--[CDATA[&lt;!--[CDATA[https:\/\/maybeless-sugar.ch\/tout-savoir\/]]----&gt;]]&amp;gt;\">Gjith\u00e7ka q\u00eb duhet t\u00eb dini<\/a><\/div>\n<\/div>\n<\/div><\/div>\n<\/div>\n<\/div>\n\n<div style=\"height:180px\" aria-hidden=\"true\" class=\"wp-block-spacer\"><\/div>\n\n<figure class=\"wp-block-image size-full is-resized is-style-offset-y\"><img decoding=\"async\" width=\"504\" height=\"499\" src=\"https:\/\/maybeless-sugar.ch\/wp-content\/uploads\/2023\/02\/AdobeStock_311426745_retouche.png\" alt=\"\" class=\"wp-image-316\" style=\"width:380px\" srcset=\"https:\/\/maybeless-sugar.ch\/wp-content\/uploads\/2023\/02\/AdobeStock_311426745_retouche.png 504w, https:\/\/maybeless-sugar.ch\/wp-content\/uploads\/2023\/02\/AdobeStock_311426745_retouche-300x297.png 300w, https:\/\/maybeless-sugar.ch\/wp-content\/uploads\/2023\/02\/AdobeStock_311426745_retouche-150x150.png 150w\" sizes=\"(max-width: 504px) 100vw, 504px\" \/><\/figure>\n\n<div class=\"wp-block-group is-style-rounded has-custom-pink-background-color has-background is-layout-constrained wp-block-group-is-layout-constrained\">\n<div style=\"height:100px\" aria-hidden=\"true\" class=\"wp-block-spacer\"><\/div>\n\n\n\n<h2 class=\"wp-block-heading has-text-align-center has-white-color has-text-color\">Kush \u00ebsht\u00eb pas<br\/>MAYbe Less Sugar ?<\/h2>\n\n\n\n<p class=\"has-text-align-center has-white-color has-text-color\">MAYbe Less Sugar \u00ebsht\u00eb nisur nga nj\u00eb num\u00ebr i madh partner\u00ebsh t\u00eb<br\/>sh\u00ebndetit nga e gjith\u00eb Zvicra<\/p>\n\n\n\n<div class=\"wp-block-buttons is-content-justification-center is-layout-flex wp-container-core-buttons-is-layout-16018d1d wp-block-buttons-is-layout-flex\">\n<div class=\"wp-block-button\"><a class=\"wp-block-button__link has-custom-pink-color has-white-background-color has-text-color has-background wp-element-button\" href=\"https:\/\/maybeless-sugar.ch\/sq\/?page_id=6855\">Rreth Nesh<\/a><\/div>\n<\/div>\n\n\n\n<div style=\"height:100px\" aria-hidden=\"true\" class=\"wp-block-spacer\"><\/div>\n<\/div>\n\n<figure class=\"wp-block-image alignright size-large is-resized is-style-offset-y\"><img decoding=\"async\" width=\"904\" height=\"1024\" src=\"https:\/\/maybeless-sugar.ch\/wp-content\/uploads\/2023\/02\/AdobeStock_267728344-reverse-904x1024.png\" alt=\"\" class=\"wp-image-540\" style=\"width:400px\" srcset=\"https:\/\/maybeless-sugar.ch\/wp-content\/uploads\/2023\/02\/AdobeStock_267728344-reverse-904x1024.png 904w, https:\/\/maybeless-sugar.ch\/wp-content\/uploads\/2023\/02\/AdobeStock_267728344-reverse-265x300.png 265w, https:\/\/maybeless-sugar.ch\/wp-content\/uploads\/2023\/02\/AdobeStock_267728344-reverse-768x870.png 768w, https:\/\/maybeless-sugar.ch\/wp-content\/uploads\/2023\/02\/AdobeStock_267728344-reverse-1355x1536.png 1355w, https:\/\/maybeless-sugar.ch\/wp-content\/uploads\/2023\/02\/AdobeStock_267728344-reverse-1807x2048.png 1807w\" sizes=\"(max-width: 904px) 100vw, 904px\" \/><\/figure>\n\n<div style=\"height:250px\" aria-hidden=\"true\" class=\"wp-block-spacer\"><\/div>\n","protected":false},"excerpt":{"rendered":"<p>\u00c7far\u00eb \u00ebsht\u00ebMAYbe Less Sugar ? \u201cMAYbe Less Sugar\u201d \u00ebsht\u00eb nj\u00eb aktivitet q\u00eb zhvillohet n\u00eb Zvic\u00ebr gjat\u00eb muajit maj.I fton njer\u00ebzit t\u00eb m\u00ebsojn\u00eb rreth sheqernave t\u00eb shtuara, ku dhe sa konsumojn\u00eb, pse dhe si ta zvog\u00eblojn\u00eb konsumin e tyre. Sifunksionon? \u00cbsht\u00eb shum\u00eb e thjesht\u00eb. Duke u regjistruar n\u00eb MAYbe Less Sugar, zbuloj se sa sheqerna t\u00eb [&hellip;]<\/p>\n","protected":false},"author":7241,"featured_media":0,"parent":0,"menu_order":0,"comment_status":"closed","ping_status":"closed","template":"","meta":{"_acf_changed":false,"footnotes":""},"class_list":["post-7298","page","type-page","status-publish","hentry"],"acf":[],"yoast_head":"<!-- This site is optimized with the Yoast SEO plugin v26.5 - https:\/\/yoast.com\/wordpress\/plugins\/seo\/ -->\n<title>Un\u00eb zbuloj - Maybeless sugar<\/title>\n<meta name=\"robots\" content=\"index, follow, max-snippet:-1, max-image-preview:large, max-video-preview:-1\" \/>\n<link rel=\"canonical\" href=\"https:\/\/maybeless-sugar.ch\/sq\/une-zbuloj\/\" \/>\n<meta property=\"og:locale\" content=\"sq_AL\" \/>\n<meta property=\"og:type\" content=\"article\" \/>\n<meta property=\"og:title\" content=\"Un\u00eb zbuloj - Maybeless sugar\" \/>\n<meta property=\"og:description\" content=\"\u00c7far\u00eb \u00ebsht\u00ebMAYbe Less Sugar ? \u201cMAYbe Less Sugar\u201d \u00ebsht\u00eb nj\u00eb aktivitet q\u00eb zhvillohet n\u00eb Zvic\u00ebr gjat\u00eb muajit maj.I fton njer\u00ebzit t\u00eb m\u00ebsojn\u00eb rreth sheqernave t\u00eb shtuara, ku dhe sa konsumojn\u00eb, pse dhe si ta zvog\u00eblojn\u00eb konsumin e tyre. Sifunksionon? \u00cbsht\u00eb shum\u00eb e thjesht\u00eb. Duke u regjistruar n\u00eb MAYbe Less Sugar, zbuloj se sa sheqerna t\u00eb [&hellip;]\" \/>\n<meta property=\"og:url\" content=\"https:\/\/maybeless-sugar.ch\/sq\/une-zbuloj\/\" \/>\n<meta property=\"og:site_name\" content=\"Maybeless sugar\" \/>\n<meta property=\"article:modified_time\" content=\"2026-04-02T12:35:13+00:00\" \/>\n<meta property=\"og:image\" content=\"https:\/\/maybeless-sugar.ch\/wp-content\/uploads\/2023\/02\/MBLS_cards-752x1024.png\" \/>\n<meta name=\"twitter:card\" content=\"summary_large_image\" \/>\n<meta name=\"twitter:label1\" content=\"Est. reading time\" \/>\n\t<meta name=\"twitter:data1\" content=\"2 minutes\" \/>\n<script type=\"application\/ld+json\" class=\"yoast-schema-graph\">{\"@context\":\"https:\/\/schema.org\",\"@graph\":[{\"@type\":\"WebPage\",\"@id\":\"https:\/\/maybeless-sugar.ch\/sq\/une-zbuloj\/\",\"url\":\"https:\/\/maybeless-sugar.ch\/sq\/une-zbuloj\/\",\"name\":\"Un\u00eb zbuloj - Maybeless sugar\",\"isPartOf\":{\"@id\":\"https:\/\/maybeless-sugar.ch\/sq\/#website\"},\"primaryImageOfPage\":{\"@id\":\"https:\/\/maybeless-sugar.ch\/sq\/une-zbuloj\/#primaryimage\"},\"image\":{\"@id\":\"https:\/\/maybeless-sugar.ch\/sq\/une-zbuloj\/#primaryimage\"},\"thumbnailUrl\":\"https:\/\/maybeless-sugar.ch\/wp-content\/uploads\/2023\/02\/MBLS_cards-752x1024.png\",\"datePublished\":\"2023-02-05T13:17:22+00:00\",\"dateModified\":\"2026-04-02T12:35:13+00:00\",\"breadcrumb\":{\"@id\":\"https:\/\/maybeless-sugar.ch\/sq\/une-zbuloj\/#breadcrumb\"},\"inLanguage\":\"sq-AL\",\"potentialAction\":[{\"@type\":\"ReadAction\",\"target\":[\"https:\/\/maybeless-sugar.ch\/sq\/une-zbuloj\/\"]}]},{\"@type\":\"ImageObject\",\"inLanguage\":\"sq-AL\",\"@id\":\"https:\/\/maybeless-sugar.ch\/sq\/une-zbuloj\/#primaryimage\",\"url\":\"https:\/\/maybeless-sugar.ch\/wp-content\/uploads\/2023\/02\/MBLS_cards-752x1024.png\",\"contentUrl\":\"https:\/\/maybeless-sugar.ch\/wp-content\/uploads\/2023\/02\/MBLS_cards-752x1024.png\"},{\"@type\":\"BreadcrumbList\",\"@id\":\"https:\/\/maybeless-sugar.ch\/sq\/une-zbuloj\/#breadcrumb\",\"itemListElement\":[{\"@type\":\"ListItem\",\"position\":1,\"name\":\"Home\",\"item\":\"https:\/\/maybeless-sugar.ch\/sq\/?page_id=7279\"},{\"@type\":\"ListItem\",\"position\":2,\"name\":\"Un\u00eb zbuloj\"}]},{\"@type\":\"WebSite\",\"@id\":\"https:\/\/maybeless-sugar.ch\/sq\/#website\",\"url\":\"https:\/\/maybeless-sugar.ch\/sq\/\",\"name\":\"Maybeless sugar\",\"description\":\"Doux mois de mai moins sucr\u00e9\",\"potentialAction\":[{\"@type\":\"SearchAction\",\"target\":{\"@type\":\"EntryPoint\",\"urlTemplate\":\"https:\/\/maybeless-sugar.ch\/sq\/?s={search_term_string}\"},\"query-input\":{\"@type\":\"PropertyValueSpecification\",\"valueRequired\":true,\"valueName\":\"search_term_string\"}}],\"inLanguage\":\"sq-AL\"}]}<\/script>\n<!-- \/ Yoast SEO plugin. -->","yoast_head_json":{"title":"Un\u00eb zbuloj - Maybeless sugar","robots":{"index":"index","follow":"follow","max-snippet":"max-snippet:-1","max-image-preview":"max-image-preview:large","max-video-preview":"max-video-preview:-1"},"canonical":"https:\/\/maybeless-sugar.ch\/sq\/une-zbuloj\/","og_locale":"sq_AL","og_type":"article","og_title":"Un\u00eb zbuloj - Maybeless sugar","og_description":"\u00c7far\u00eb \u00ebsht\u00ebMAYbe Less Sugar ? \u201cMAYbe Less Sugar\u201d \u00ebsht\u00eb nj\u00eb aktivitet q\u00eb zhvillohet n\u00eb Zvic\u00ebr gjat\u00eb muajit maj.I fton njer\u00ebzit t\u00eb m\u00ebsojn\u00eb rreth sheqernave t\u00eb shtuara, ku dhe sa konsumojn\u00eb, pse dhe si ta zvog\u00eblojn\u00eb konsumin e tyre. Sifunksionon? \u00cbsht\u00eb shum\u00eb e thjesht\u00eb. Duke u regjistruar n\u00eb MAYbe Less Sugar, zbuloj se sa sheqerna t\u00eb [&hellip;]","og_url":"https:\/\/maybeless-sugar.ch\/sq\/une-zbuloj\/","og_site_name":"Maybeless sugar","article_modified_time":"2026-04-02T12:35:13+00:00","og_image":[{"url":"https:\/\/maybeless-sugar.ch\/wp-content\/uploads\/2023\/02\/MBLS_cards-752x1024.png","type":"","width":"","height":""}],"twitter_card":"summary_large_image","twitter_misc":{"Est. reading time":"2 minutes"},"schema":{"@context":"https:\/\/schema.org","@graph":[{"@type":"WebPage","@id":"https:\/\/maybeless-sugar.ch\/sq\/une-zbuloj\/","url":"https:\/\/maybeless-sugar.ch\/sq\/une-zbuloj\/","name":"Un\u00eb zbuloj - Maybeless sugar","isPartOf":{"@id":"https:\/\/maybeless-sugar.ch\/sq\/#website"},"primaryImageOfPage":{"@id":"https:\/\/maybeless-sugar.ch\/sq\/une-zbuloj\/#primaryimage"},"image":{"@id":"https:\/\/maybeless-sugar.ch\/sq\/une-zbuloj\/#primaryimage"},"thumbnailUrl":"https:\/\/maybeless-sugar.ch\/wp-content\/uploads\/2023\/02\/MBLS_cards-752x1024.png","datePublished":"2023-02-05T13:17:22+00:00","dateModified":"2026-04-02T12:35:13+00:00","breadcrumb":{"@id":"https:\/\/maybeless-sugar.ch\/sq\/une-zbuloj\/#breadcrumb"},"inLanguage":"sq-AL","potentialAction":[{"@type":"ReadAction","target":["https:\/\/maybeless-sugar.ch\/sq\/une-zbuloj\/"]}]},{"@type":"ImageObject","inLanguage":"sq-AL","@id":"https:\/\/maybeless-sugar.ch\/sq\/une-zbuloj\/#primaryimage","url":"https:\/\/maybeless-sugar.ch\/wp-content\/uploads\/2023\/02\/MBLS_cards-752x1024.png","contentUrl":"https:\/\/maybeless-sugar.ch\/wp-content\/uploads\/2023\/02\/MBLS_cards-752x1024.png"},{"@type":"BreadcrumbList","@id":"https:\/\/maybeless-sugar.ch\/sq\/une-zbuloj\/#breadcrumb","itemListElement":[{"@type":"ListItem","position":1,"name":"Home","item":"https:\/\/maybeless-sugar.ch\/sq\/?page_id=7279"},{"@type":"ListItem","position":2,"name":"Un\u00eb zbuloj"}]},{"@type":"WebSite","@id":"https:\/\/maybeless-sugar.ch\/sq\/#website","url":"https:\/\/maybeless-sugar.ch\/sq\/","name":"Maybeless sugar","description":"Doux mois de mai moins sucr\u00e9","potentialAction":[{"@type":"SearchAction","target":{"@type":"EntryPoint","urlTemplate":"https:\/\/maybeless-sugar.ch\/sq\/?s={search_term_string}"},"query-input":{"@type":"PropertyValueSpecification","valueRequired":true,"valueName":"search_term_string"}}],"inLanguage":"sq-AL"}]}},"_links":{"self":[{"href":"https:\/\/maybeless-sugar.ch\/sq\/wp-json\/wp\/v2\/pages\/7298","targetHints":{"allow":["GET"]}}],"collection":[{"href":"https:\/\/maybeless-sugar.ch\/sq\/wp-json\/wp\/v2\/pages"}],"about":[{"href":"https:\/\/maybeless-sugar.ch\/sq\/wp-json\/wp\/v2\/types\/page"}],"author":[{"embeddable":true,"href":"https:\/\/maybeless-sugar.ch\/sq\/wp-json\/wp\/v2\/users\/7241"}],"replies":[{"embeddable":true,"href":"https:\/\/maybeless-sugar.ch\/sq\/wp-json\/wp\/v2\/comments?post=7298"}],"version-history":[{"count":2,"href":"https:\/\/maybeless-sugar.ch\/sq\/wp-json\/wp\/v2\/pages\/7298\/revisions"}],"predecessor-version":[{"id":8641,"href":"https:\/\/maybeless-sugar.ch\/sq\/wp-json\/wp\/v2\/pages\/7298\/revisions\/8641"}],"wp:attachment":[{"href":"https:\/\/maybeless-sugar.ch\/sq\/wp-json\/wp\/v2\/media?parent=7298"}],"curies":[{"name":"wp","href":"https:\/\/api.w.org\/{rel}","templated":true}]}}