{"id":9350,"date":"2025-04-29T10:54:44","date_gmt":"2025-04-29T08:54:44","guid":{"rendered":"https:\/\/maybeless-sugar.ch\/konkursi-mund-te-jete-me-pak-sheqer-2025\/"},"modified":"2026-05-06T10:19:15","modified_gmt":"2026-05-06T08:19:15","slug":"konkursi-mund-te-jete-me-pak-sheqer-2025","status":"publish","type":"page","link":"https:\/\/maybeless-sugar.ch\/sq\/konkursi-mund-te-jete-me-pak-sheqer-2025\/","title":{"rendered":"Konkursi \u201cMund t\u00eb jet\u00eb m\u00eb pak sheqer\u201d 2025"},"content":{"rendered":"\n<p class=\"has-text-align-center has-custom-green-color has-gray-light-background-color has-text-color has-background has-link-color has-regular-font-size wp-elements-2dcbb6825f20e56d359f7e16fc72cc41\">Bashkohuni n\u00eb fushat\u00ebn &#8220;MUND t\u00eb keni m\u00eb pak sheqer&#8221; dhe p\u00ebrpiquni t\u00eb fitoni nj\u00eb \u00e7mim: krijoni nj\u00eb llogari, p\u00ebrdorni kalkulatorin e sheqerit p\u00ebr 5 dit\u00eb dhe do t\u00eb futeni automatikisht n\u00eb shortin ton\u00eb t\u00eb \u00e7mimeve!  <em>Pa\u00e7 fat!<\/em><\/p>\n\n<div style=\"height:20px\" aria-hidden=\"true\" class=\"wp-block-spacer\"><\/div>\n\n<h2 class=\"wp-block-heading\">\u00c7mime p\u00ebr t&#8217;u fituar<\/h2>\n\n<div style=\"height:30px\" aria-hidden=\"true\" class=\"wp-block-spacer\"><\/div>\n\n<h3 class=\"wp-block-heading\">1 x Hektolit\u00ebr uj\u00eb mineral Eptinger (100 litra)<\/h3>\n\n<div class=\"wp-block-media-text has-media-on-the-right is-stacked-on-mobile\" style=\"grid-template-columns:auto 22%\"><div class=\"wp-block-media-text__content\">\n<p class=\"has-text-align-left\">Mineralquelle Eptingen AG \u00ebsht\u00eb nj\u00eb biznes familjar zviceran i zhytur n\u00eb tradit\u00eb. P\u00ebr m\u00eb shum\u00eb se 125 vjet, uji mineral m\u00eb i pasur me minerale \u00ebsht\u00eb ambalazhuar n\u00eb Eptingen, n\u00eb kantonin e Basel-Landschaft. <\/p>\n\n\n\n<figure class=\"wp-block-image aligncenter size-full is-resized\"><a href=\"https:\/\/www.eptinger.ch\/\" target=\"_blank\" rel=\" noreferrer noopener\"><img decoding=\"async\" width=\"887\" height=\"341\" src=\"https:\/\/maybeless-sugar.ch\/wp-content\/uploads\/2025\/03\/eptinger-logo.png\" alt=\"\" class=\"wp-image-5645\" style=\"width:205px;height:auto\" srcset=\"https:\/\/maybeless-sugar.ch\/wp-content\/uploads\/2025\/03\/eptinger-logo.png 887w, https:\/\/maybeless-sugar.ch\/wp-content\/uploads\/2025\/03\/eptinger-logo-300x115.png 300w, https:\/\/maybeless-sugar.ch\/wp-content\/uploads\/2025\/03\/eptinger-logo-768x295.png 768w\" sizes=\"(max-width: 887px) 100vw, 887px\" \/><\/a><\/figure>\n<\/div><figure class=\"wp-block-media-text__media\"><img decoding=\"async\" width=\"729\" height=\"1024\" src=\"https:\/\/maybeless-sugar.ch\/wp-content\/uploads\/2025\/03\/bild-eptinger-729x1024.jpg\" alt=\"\" class=\"wp-image-5641 size-full\" srcset=\"https:\/\/maybeless-sugar.ch\/wp-content\/uploads\/2025\/03\/bild-eptinger-729x1024.jpg 729w, https:\/\/maybeless-sugar.ch\/wp-content\/uploads\/2025\/03\/bild-eptinger-214x300.jpg 214w, https:\/\/maybeless-sugar.ch\/wp-content\/uploads\/2025\/03\/bild-eptinger-768x1078.jpg 768w, https:\/\/maybeless-sugar.ch\/wp-content\/uploads\/2025\/03\/bild-eptinger.jpg 909w\" sizes=\"(max-width: 729px) 100vw, 729px\" \/><\/figure><\/div>\n\n<div style=\"height:30px\" aria-hidden=\"true\" class=\"wp-block-spacer\"><\/div>\n\n<h3 class=\"wp-block-heading\">2 bileta ditore p\u00ebr zon\u00ebn e skive Corviglia (St. Moritz)<\/h3>\n\n<p>(e vlefshme deri n\u00eb fund t\u00eb sezonit dim\u00ebror 2025\/2026)<\/p>\n\n<div class=\"wp-block-media-text is-stacked-on-mobile\" style=\"grid-template-columns:39% auto\"><figure class=\"wp-block-media-text__media\"><img decoding=\"async\" width=\"1024\" height=\"683\" src=\"https:\/\/maybeless-sugar.ch\/wp-content\/uploads\/2025\/03\/bild-st.-moritz-1024x683.jpg\" alt=\"\" class=\"wp-image-5650 size-full\" srcset=\"https:\/\/maybeless-sugar.ch\/wp-content\/uploads\/2025\/03\/bild-st.-moritz-1024x683.jpg 1024w, https:\/\/maybeless-sugar.ch\/wp-content\/uploads\/2025\/03\/bild-st.-moritz-300x200.jpg 300w, https:\/\/maybeless-sugar.ch\/wp-content\/uploads\/2025\/03\/bild-st.-moritz-768x512.jpg 768w, https:\/\/maybeless-sugar.ch\/wp-content\/uploads\/2025\/03\/bild-st.-moritz-1536x1025.jpg 1536w, https:\/\/maybeless-sugar.ch\/wp-content\/uploads\/2025\/03\/bild-st.-moritz.jpg 1920w\" sizes=\"(max-width: 1024px) 100vw, 1024px\" \/><\/figure><div class=\"wp-block-media-text__content\">\n<p>Engadin St. Moritz Mountains AG \u00ebsht\u00eb nj\u00eb kompani ashensor\u00eb q\u00eb operon teleferik\u00eb dhe aktivitete malore n\u00eb vendpushimet Corviglia dhe Muottas Muragl n\u00eb Engadine, lugin\u00ebn m\u00eb t\u00eb bukur t\u00eb lart\u00eb n\u00eb Graub\u00fcnden. Nd\u00ebrsa Corviglia \u00ebsht\u00eb nj\u00eb parajs\u00eb e v\u00ebrtet\u00eb p\u00ebr entuziast\u00ebt e sporteve dim\u00ebrore, \u00e7iklist\u00ebt malor\u00eb dhe alpinist\u00ebt, Muottas Muragl \u00ebsht\u00eb popullor me epikurian\u00ebt aktiv\u00eb p\u00ebr pamjet panoramike dhe gastronomin\u00eb e saj.  <\/p>\n\n\n\n<div class=\"wp-block-columns is-layout-flex wp-container-core-columns-is-layout-9d6595d7 wp-block-columns-is-layout-flex\">\n<div class=\"wp-block-column is-vertically-aligned-bottom is-layout-flow wp-block-column-is-layout-flow\">\n<p>Engadin St. Moritz Mountains AG \/ Federico Sette <\/p>\n<\/div>\n\n\n\n<div class=\"wp-block-column is-layout-flow wp-block-column-is-layout-flow\">\n<figure class=\"wp-block-image aligncenter size-large is-resized\"><a href=\"https:\/\/www.mountains.ch\/en\/\" target=\"_blank\" rel=\" noreferrer noopener\"><img decoding=\"async\" width=\"1024\" height=\"341\" src=\"https:\/\/maybeless-sugar.ch\/wp-content\/uploads\/2025\/03\/logo-st.-moritz-1024x341.png\" alt=\"\" class=\"wp-image-5654\" style=\"width:244px;height:auto\" srcset=\"https:\/\/maybeless-sugar.ch\/wp-content\/uploads\/2025\/03\/logo-st.-moritz-1024x341.png 1024w, https:\/\/maybeless-sugar.ch\/wp-content\/uploads\/2025\/03\/logo-st.-moritz-300x100.png 300w, https:\/\/maybeless-sugar.ch\/wp-content\/uploads\/2025\/03\/logo-st.-moritz-768x256.png 768w, https:\/\/maybeless-sugar.ch\/wp-content\/uploads\/2025\/03\/logo-st.-moritz-1536x512.png 1536w, https:\/\/maybeless-sugar.ch\/wp-content\/uploads\/2025\/03\/logo-st.-moritz-2048x682.png 2048w\" sizes=\"(max-width: 1024px) 100vw, 1024px\" \/><\/a><\/figure>\n<\/div>\n<\/div>\n<\/div><\/div>\n\n<div style=\"height:30px\" aria-hidden=\"true\" class=\"wp-block-spacer\"><\/div>\n\n<h3 class=\"wp-block-heading\">3 kupon\u00eb Bookfactory me vler\u00eb 50 CHF secili<\/h3>\n\n<div class=\"wp-block-media-text has-media-on-the-right is-stacked-on-mobile\" style=\"grid-template-columns:auto 35%\"><div class=\"wp-block-media-text__content\">\n<p>Kapitujt m\u00eb t\u00eb bukur t\u00eb jet\u00ebs \u2013 nj\u00eb album fotografish nga Bookfactory! P\u00ebrjet\u00ebsoni aventurat tuaja me produkte fotografike me cil\u00ebsi t\u00eb lart\u00eb nga Bookfactory. Bookfactory prodhon produktet tuaja me kujdesin m\u00eb t\u00eb madh n\u00eb Zvic\u00ebr.  <\/p>\n\n\n\n<figure class=\"wp-block-image aligncenter size-large is-resized\"><a href=\"https:\/\/www.bookfactory.ch\/fr\" target=\"_blank\" rel=\" noreferrer noopener\"><img decoding=\"async\" width=\"1024\" height=\"724\" src=\"https:\/\/maybeless-sugar.ch\/wp-content\/uploads\/2025\/03\/logo-bookfactory-1024x724.png\" alt=\"\" class=\"wp-image-5664\" style=\"width:224px;height:auto\" srcset=\"https:\/\/maybeless-sugar.ch\/wp-content\/uploads\/2025\/03\/logo-bookfactory-1024x724.png 1024w, https:\/\/maybeless-sugar.ch\/wp-content\/uploads\/2025\/03\/logo-bookfactory-300x212.png 300w, https:\/\/maybeless-sugar.ch\/wp-content\/uploads\/2025\/03\/logo-bookfactory-768x543.png 768w, https:\/\/maybeless-sugar.ch\/wp-content\/uploads\/2025\/03\/logo-bookfactory-1536x1086.png 1536w, https:\/\/maybeless-sugar.ch\/wp-content\/uploads\/2025\/03\/logo-bookfactory-2048x1448.png 2048w\" sizes=\"(max-width: 1024px) 100vw, 1024px\" \/><\/a><\/figure>\n<\/div><figure class=\"wp-block-media-text__media\"><img decoding=\"async\" width=\"660\" height=\"450\" src=\"https:\/\/maybeless-sugar.ch\/wp-content\/uploads\/2025\/03\/bild-bookfactory.jpg\" alt=\"\" class=\"wp-image-5660 size-full\" srcset=\"https:\/\/maybeless-sugar.ch\/wp-content\/uploads\/2025\/03\/bild-bookfactory.jpg 660w, https:\/\/maybeless-sugar.ch\/wp-content\/uploads\/2025\/03\/bild-bookfactory-300x205.jpg 300w\" sizes=\"(max-width: 660px) 100vw, 660px\" \/><\/figure><\/div>\n\n<div style=\"height:30px\" aria-hidden=\"true\" class=\"wp-block-spacer\"><\/div>\n\n<h3 class=\"wp-block-heading\">1x CHF 50.- kupon n\u00eb Veloplus<\/h3>\n\n<div class=\"wp-block-media-text is-stacked-on-mobile\" style=\"grid-template-columns:43% auto\"><figure class=\"wp-block-media-text__media\"><img decoding=\"async\" width=\"1024\" height=\"502\" src=\"https:\/\/maybeless-sugar.ch\/wp-content\/uploads\/2025\/03\/bild-veloplus-1024x502.jpg\" alt=\"\" class=\"wp-image-5668 size-full\" srcset=\"https:\/\/maybeless-sugar.ch\/wp-content\/uploads\/2025\/03\/bild-veloplus-1024x502.jpg 1024w, https:\/\/maybeless-sugar.ch\/wp-content\/uploads\/2025\/03\/bild-veloplus-300x147.jpg 300w, https:\/\/maybeless-sugar.ch\/wp-content\/uploads\/2025\/03\/bild-veloplus-768x376.jpg 768w, https:\/\/maybeless-sugar.ch\/wp-content\/uploads\/2025\/03\/bild-veloplus-1536x752.jpg 1536w, https:\/\/maybeless-sugar.ch\/wp-content\/uploads\/2025\/03\/bild-veloplus.jpg 1760w\" sizes=\"(max-width: 1024px) 100vw, 1024px\" \/><\/figure><div class=\"wp-block-media-text__content\">\n<p class=\"has-text-align-left\">Veloplus \u00ebsht\u00eb shit\u00ebsi num\u00ebr nj\u00eb me pakic\u00eb i aksesor\u00ebve p\u00ebr bi\u00e7ikleta, bi\u00e7ikletave dhe bi\u00e7ikletave elektrike n\u00eb Zvic\u00ebr. Q\u00eb nga viti 1987, Veloplus ka qen\u00eb simbol i besimit, cil\u00ebsis\u00eb, inovacionit, q\u00ebndrueshm\u00ebris\u00eb dhe pasionit p\u00ebr \u00e7iklizmin. Veloplus \u00ebsht\u00eb i disponuesh\u00ebm n\u00eb 11 lokacione n\u00eb t\u00eb gjith\u00eb Zvicr\u00ebn: Bazel, Bern\u00eb, Biel\/Bienne, Emmenbr\u00fccke, Ostermundigen, St. Gallen, Steinhausen, Wetzikon, Winterthur, Zurich HB dhe Zurich Oerlikon.  <\/p>\n\n\n\n<figure class=\"wp-block-image aligncenter size-full is-resized\"><a href=\"https:\/\/www.veloplus.ch\/\" target=\"_blank\" rel=\" noreferrer noopener\"><img decoding=\"async\" width=\"284\" height=\"109\" src=\"https:\/\/maybeless-sugar.ch\/wp-content\/uploads\/2025\/03\/logo-veloplus.jpg\" alt=\"\" class=\"wp-image-5672\" style=\"width:156px;height:auto\"\/><\/a><\/figure>\n<\/div><\/div>\n\n<div style=\"height:100px\" aria-hidden=\"true\" class=\"wp-block-spacer\"><\/div>\n\n<h3 class=\"wp-block-heading\">Mohim p\u00ebrgjegj\u00ebsie dhe kushte pjes\u00ebmarrjeje<\/h3>\n\n<p>Konkursi zgjat deri n\u00eb fund t\u00eb majit 2025. Fituesit do t\u00eb njoftohen me email para dat\u00ebs 9 qershor 2025 dhe duhet ta k\u00ebrkojn\u00eb \u00e7mimin e tyre brenda 72 or\u00ebve. N\u00ebse fituesi nuk i p\u00ebrgjigjet njoftimit me email brenda afatit t\u00eb lartp\u00ebrmendur, ai do t\u00eb humbas\u00eb t\u00eb drejt\u00ebn e tij p\u00ebr \u00e7mimin. Duke marr\u00eb pjes\u00eb n\u00eb konkurs, pjes\u00ebmarr\u00ebsit gjithashtu bien dakord me termat dhe kushtet e m\u00ebposhtme:   <\/p>\n\n<ul class=\"wp-block-list\">\n<li>Organizatori i k\u00ebtij konkursi \u00ebsht\u00eb Diabetes Vaud.<\/li>\n\n\n\n<li>Vet\u00ebm personat fizik\u00eb t\u00eb mosh\u00ebs 18 vje\u00e7 e lart q\u00eb banojn\u00eb n\u00eb Zvic\u00ebr lejohen t\u00eb marrin pjes\u00eb.<\/li>\n\n\n\n<li>Nuk do t\u00eb ket\u00eb korrespondenc\u00eb n\u00eb lidhje me konkursin. P\u00ebrjashtohen t\u00eb gjitha mjetet ligjore. <\/li>\n\n\n\n<li>Pagesa n\u00eb para t\u00eb gatshme ose shk\u00ebmbimi i \u00e7mimit nuk \u00ebsht\u00eb i mundur. N\u00ebse \u00e7mimi d\u00ebrgohet me post\u00eb, Diab\u00e8te Vaud nuk mban p\u00ebrgjegj\u00ebsi p\u00ebr dor\u00ebzimin e post\u00ebs. <\/li>\n\n\n\n<li>diab\u00e8tevaud p\u00ebrdor t\u00eb dh\u00ebnat personale vet\u00ebm p\u00ebr q\u00ebllimet e konkursit.<\/li>\n<\/ul>\n\n<p><\/p>\n","protected":false},"excerpt":{"rendered":"<p>Bashkohuni n\u00eb fushat\u00ebn &#8220;MUND t\u00eb keni m\u00eb pak sheqer&#8221; dhe p\u00ebrpiquni t\u00eb fitoni nj\u00eb \u00e7mim: krijoni nj\u00eb llogari, p\u00ebrdorni kalkulatorin e sheqerit p\u00ebr 5 dit\u00eb dhe do t\u00eb futeni automatikisht n\u00eb shortin ton\u00eb t\u00eb \u00e7mimeve! Pa\u00e7 fat! \u00c7mime p\u00ebr t&#8217;u fituar 1 x Hektolit\u00ebr uj\u00eb mineral Eptinger (100 litra) 2 bileta ditore p\u00ebr zon\u00ebn e [&hellip;]<\/p>\n","protected":false},"author":11124,"featured_media":0,"parent":0,"menu_order":0,"comment_status":"closed","ping_status":"closed","template":"","meta":{"_acf_changed":false,"footnotes":""},"class_list":["post-9350","page","type-page","status-publish","hentry"],"acf":[],"yoast_head":"<!-- This site is optimized with the Yoast SEO plugin v27.5 - https:\/\/yoast.com\/product\/yoast-seo-wordpress\/ -->\n<title>Konkursi \u201cMund t\u00eb jet\u00eb m\u00eb pak sheqer\u201d 2025 - Maybeless sugar<\/title>\n<meta name=\"robots\" content=\"index, follow, max-snippet:-1, max-image-preview:large, max-video-preview:-1\" \/>\n<link rel=\"canonical\" href=\"https:\/\/maybeless-sugar.ch\/sq\/konkursi-mund-te-jete-me-pak-sheqer-2025\/\" \/>\n<meta property=\"og:locale\" content=\"sq_AL\" \/>\n<meta property=\"og:type\" content=\"article\" \/>\n<meta property=\"og:title\" content=\"Konkursi \u201cMund t\u00eb jet\u00eb m\u00eb pak sheqer\u201d 2025 - Maybeless sugar\" \/>\n<meta property=\"og:description\" content=\"Bashkohuni n\u00eb fushat\u00ebn &#8220;MUND t\u00eb keni m\u00eb pak sheqer&#8221; dhe p\u00ebrpiquni t\u00eb fitoni nj\u00eb \u00e7mim: krijoni nj\u00eb llogari, p\u00ebrdorni kalkulatorin e sheqerit p\u00ebr 5 dit\u00eb dhe do t\u00eb futeni automatikisht n\u00eb shortin ton\u00eb t\u00eb \u00e7mimeve! Pa\u00e7 fat! \u00c7mime p\u00ebr t&#8217;u fituar 1 x Hektolit\u00ebr uj\u00eb mineral Eptinger (100 litra) 2 bileta ditore p\u00ebr zon\u00ebn e [&hellip;]\" \/>\n<meta property=\"og:url\" content=\"https:\/\/maybeless-sugar.ch\/sq\/konkursi-mund-te-jete-me-pak-sheqer-2025\/\" \/>\n<meta property=\"og:site_name\" content=\"Maybeless sugar\" \/>\n<meta property=\"article:modified_time\" content=\"2026-05-06T08:19:15+00:00\" \/>\n<meta property=\"og:image\" content=\"https:\/\/maybeless-sugar.ch\/wp-content\/uploads\/2025\/03\/eptinger-logo.png\" \/>\n\t<meta property=\"og:image:width\" content=\"887\" \/>\n\t<meta property=\"og:image:height\" content=\"341\" \/>\n\t<meta property=\"og:image:type\" content=\"image\/png\" \/>\n<meta name=\"twitter:card\" content=\"summary_large_image\" \/>\n<meta name=\"twitter:label1\" content=\"Est. reading time\" \/>\n\t<meta name=\"twitter:data1\" content=\"2 minutes\" \/>\n<script type=\"application\/ld+json\" class=\"yoast-schema-graph\">{\"@context\":\"https:\\\/\\\/schema.org\",\"@graph\":[{\"@type\":\"WebPage\",\"@id\":\"https:\\\/\\\/maybeless-sugar.ch\\\/sq\\\/konkursi-mund-te-jete-me-pak-sheqer-2025\\\/\",\"url\":\"https:\\\/\\\/maybeless-sugar.ch\\\/sq\\\/konkursi-mund-te-jete-me-pak-sheqer-2025\\\/\",\"name\":\"Konkursi \u201cMund t\u00eb jet\u00eb m\u00eb pak sheqer\u201d 2025 - Maybeless sugar\",\"isPartOf\":{\"@id\":\"https:\\\/\\\/maybeless-sugar.ch\\\/sq\\\/#website\"},\"primaryImageOfPage\":{\"@id\":\"https:\\\/\\\/maybeless-sugar.ch\\\/sq\\\/konkursi-mund-te-jete-me-pak-sheqer-2025\\\/#primaryimage\"},\"image\":{\"@id\":\"https:\\\/\\\/maybeless-sugar.ch\\\/sq\\\/konkursi-mund-te-jete-me-pak-sheqer-2025\\\/#primaryimage\"},\"thumbnailUrl\":\"https:\\\/\\\/maybeless-sugar.ch\\\/wp-content\\\/uploads\\\/2025\\\/03\\\/eptinger-logo.png\",\"datePublished\":\"2025-04-29T08:54:44+00:00\",\"dateModified\":\"2026-05-06T08:19:15+00:00\",\"breadcrumb\":{\"@id\":\"https:\\\/\\\/maybeless-sugar.ch\\\/sq\\\/konkursi-mund-te-jete-me-pak-sheqer-2025\\\/#breadcrumb\"},\"inLanguage\":\"sq-AL\",\"potentialAction\":[{\"@type\":\"ReadAction\",\"target\":[\"https:\\\/\\\/maybeless-sugar.ch\\\/sq\\\/konkursi-mund-te-jete-me-pak-sheqer-2025\\\/\"]}]},{\"@type\":\"ImageObject\",\"inLanguage\":\"sq-AL\",\"@id\":\"https:\\\/\\\/maybeless-sugar.ch\\\/sq\\\/konkursi-mund-te-jete-me-pak-sheqer-2025\\\/#primaryimage\",\"url\":\"https:\\\/\\\/maybeless-sugar.ch\\\/wp-content\\\/uploads\\\/2025\\\/03\\\/eptinger-logo.png\",\"contentUrl\":\"https:\\\/\\\/maybeless-sugar.ch\\\/wp-content\\\/uploads\\\/2025\\\/03\\\/eptinger-logo.png\"},{\"@type\":\"BreadcrumbList\",\"@id\":\"https:\\\/\\\/maybeless-sugar.ch\\\/sq\\\/konkursi-mund-te-jete-me-pak-sheqer-2025\\\/#breadcrumb\",\"itemListElement\":[{\"@type\":\"ListItem\",\"position\":1,\"name\":\"Home\",\"item\":\"https:\\\/\\\/maybeless-sugar.ch\\\/sq\\\/\"},{\"@type\":\"ListItem\",\"position\":2,\"name\":\"Konkursi \u201cMund t\u00eb jet\u00eb m\u00eb pak sheqer\u201d 2025\"}]},{\"@type\":\"WebSite\",\"@id\":\"https:\\\/\\\/maybeless-sugar.ch\\\/sq\\\/#website\",\"url\":\"https:\\\/\\\/maybeless-sugar.ch\\\/sq\\\/\",\"name\":\"Maybeless sugar\",\"description\":\"Doux mois de mai moins sucr\u00e9\",\"publisher\":{\"@id\":\"https:\\\/\\\/maybeless-sugar.ch\\\/sq\\\/#organization\"},\"potentialAction\":[{\"@type\":\"SearchAction\",\"target\":{\"@type\":\"EntryPoint\",\"urlTemplate\":\"https:\\\/\\\/maybeless-sugar.ch\\\/sq\\\/?s={search_term_string}\"},\"query-input\":{\"@type\":\"PropertyValueSpecification\",\"valueRequired\":true,\"valueName\":\"search_term_string\"}}],\"inLanguage\":\"sq-AL\"},{\"@type\":\"Organization\",\"@id\":\"https:\\\/\\\/maybeless-sugar.ch\\\/sq\\\/#organization\",\"name\":\"Maybeless sugar\",\"url\":\"https:\\\/\\\/maybeless-sugar.ch\\\/sq\\\/\",\"logo\":{\"@type\":\"ImageObject\",\"inLanguage\":\"sq-AL\",\"@id\":\"https:\\\/\\\/maybeless-sugar.ch\\\/sq\\\/#\\\/schema\\\/logo\\\/image\\\/\",\"url\":\"https:\\\/\\\/maybeless-sugar.ch\\\/wp-content\\\/uploads\\\/2023\\\/02\\\/logo-white.svg\",\"contentUrl\":\"https:\\\/\\\/maybeless-sugar.ch\\\/wp-content\\\/uploads\\\/2023\\\/02\\\/logo-white.svg\",\"width\":129,\"height\":81,\"caption\":\"Maybeless sugar\"},\"image\":{\"@id\":\"https:\\\/\\\/maybeless-sugar.ch\\\/sq\\\/#\\\/schema\\\/logo\\\/image\\\/\"}}]}<\/script>\n<!-- \/ Yoast SEO plugin. -->","yoast_head_json":{"title":"Konkursi \u201cMund t\u00eb jet\u00eb m\u00eb pak sheqer\u201d 2025 - Maybeless sugar","robots":{"index":"index","follow":"follow","max-snippet":"max-snippet:-1","max-image-preview":"max-image-preview:large","max-video-preview":"max-video-preview:-1"},"canonical":"https:\/\/maybeless-sugar.ch\/sq\/konkursi-mund-te-jete-me-pak-sheqer-2025\/","og_locale":"sq_AL","og_type":"article","og_title":"Konkursi \u201cMund t\u00eb jet\u00eb m\u00eb pak sheqer\u201d 2025 - Maybeless sugar","og_description":"Bashkohuni n\u00eb fushat\u00ebn &#8220;MUND t\u00eb keni m\u00eb pak sheqer&#8221; dhe p\u00ebrpiquni t\u00eb fitoni nj\u00eb \u00e7mim: krijoni nj\u00eb llogari, p\u00ebrdorni kalkulatorin e sheqerit p\u00ebr 5 dit\u00eb dhe do t\u00eb futeni automatikisht n\u00eb shortin ton\u00eb t\u00eb \u00e7mimeve! Pa\u00e7 fat! \u00c7mime p\u00ebr t&#8217;u fituar 1 x Hektolit\u00ebr uj\u00eb mineral Eptinger (100 litra) 2 bileta ditore p\u00ebr zon\u00ebn e [&hellip;]","og_url":"https:\/\/maybeless-sugar.ch\/sq\/konkursi-mund-te-jete-me-pak-sheqer-2025\/","og_site_name":"Maybeless sugar","article_modified_time":"2026-05-06T08:19:15+00:00","og_image":[{"width":887,"height":341,"url":"https:\/\/maybeless-sugar.ch\/wp-content\/uploads\/2025\/03\/eptinger-logo.png","type":"image\/png"}],"twitter_card":"summary_large_image","twitter_misc":{"Est. reading time":"2 minutes"},"schema":{"@context":"https:\/\/schema.org","@graph":[{"@type":"WebPage","@id":"https:\/\/maybeless-sugar.ch\/sq\/konkursi-mund-te-jete-me-pak-sheqer-2025\/","url":"https:\/\/maybeless-sugar.ch\/sq\/konkursi-mund-te-jete-me-pak-sheqer-2025\/","name":"Konkursi \u201cMund t\u00eb jet\u00eb m\u00eb pak sheqer\u201d 2025 - Maybeless sugar","isPartOf":{"@id":"https:\/\/maybeless-sugar.ch\/sq\/#website"},"primaryImageOfPage":{"@id":"https:\/\/maybeless-sugar.ch\/sq\/konkursi-mund-te-jete-me-pak-sheqer-2025\/#primaryimage"},"image":{"@id":"https:\/\/maybeless-sugar.ch\/sq\/konkursi-mund-te-jete-me-pak-sheqer-2025\/#primaryimage"},"thumbnailUrl":"https:\/\/maybeless-sugar.ch\/wp-content\/uploads\/2025\/03\/eptinger-logo.png","datePublished":"2025-04-29T08:54:44+00:00","dateModified":"2026-05-06T08:19:15+00:00","breadcrumb":{"@id":"https:\/\/maybeless-sugar.ch\/sq\/konkursi-mund-te-jete-me-pak-sheqer-2025\/#breadcrumb"},"inLanguage":"sq-AL","potentialAction":[{"@type":"ReadAction","target":["https:\/\/maybeless-sugar.ch\/sq\/konkursi-mund-te-jete-me-pak-sheqer-2025\/"]}]},{"@type":"ImageObject","inLanguage":"sq-AL","@id":"https:\/\/maybeless-sugar.ch\/sq\/konkursi-mund-te-jete-me-pak-sheqer-2025\/#primaryimage","url":"https:\/\/maybeless-sugar.ch\/wp-content\/uploads\/2025\/03\/eptinger-logo.png","contentUrl":"https:\/\/maybeless-sugar.ch\/wp-content\/uploads\/2025\/03\/eptinger-logo.png"},{"@type":"BreadcrumbList","@id":"https:\/\/maybeless-sugar.ch\/sq\/konkursi-mund-te-jete-me-pak-sheqer-2025\/#breadcrumb","itemListElement":[{"@type":"ListItem","position":1,"name":"Home","item":"https:\/\/maybeless-sugar.ch\/sq\/"},{"@type":"ListItem","position":2,"name":"Konkursi \u201cMund t\u00eb jet\u00eb m\u00eb pak sheqer\u201d 2025"}]},{"@type":"WebSite","@id":"https:\/\/maybeless-sugar.ch\/sq\/#website","url":"https:\/\/maybeless-sugar.ch\/sq\/","name":"Maybeless sugar","description":"Doux mois de mai moins sucr\u00e9","publisher":{"@id":"https:\/\/maybeless-sugar.ch\/sq\/#organization"},"potentialAction":[{"@type":"SearchAction","target":{"@type":"EntryPoint","urlTemplate":"https:\/\/maybeless-sugar.ch\/sq\/?s={search_term_string}"},"query-input":{"@type":"PropertyValueSpecification","valueRequired":true,"valueName":"search_term_string"}}],"inLanguage":"sq-AL"},{"@type":"Organization","@id":"https:\/\/maybeless-sugar.ch\/sq\/#organization","name":"Maybeless sugar","url":"https:\/\/maybeless-sugar.ch\/sq\/","logo":{"@type":"ImageObject","inLanguage":"sq-AL","@id":"https:\/\/maybeless-sugar.ch\/sq\/#\/schema\/logo\/image\/","url":"https:\/\/maybeless-sugar.ch\/wp-content\/uploads\/2023\/02\/logo-white.svg","contentUrl":"https:\/\/maybeless-sugar.ch\/wp-content\/uploads\/2023\/02\/logo-white.svg","width":129,"height":81,"caption":"Maybeless sugar"},"image":{"@id":"https:\/\/maybeless-sugar.ch\/sq\/#\/schema\/logo\/image\/"}}]}},"_links":{"self":[{"href":"https:\/\/maybeless-sugar.ch\/sq\/wp-json\/wp\/v2\/pages\/9350","targetHints":{"allow":["GET"]}}],"collection":[{"href":"https:\/\/maybeless-sugar.ch\/sq\/wp-json\/wp\/v2\/pages"}],"about":[{"href":"https:\/\/maybeless-sugar.ch\/sq\/wp-json\/wp\/v2\/types\/page"}],"author":[{"embeddable":true,"href":"https:\/\/maybeless-sugar.ch\/sq\/wp-json\/wp\/v2\/users\/11124"}],"replies":[{"embeddable":true,"href":"https:\/\/maybeless-sugar.ch\/sq\/wp-json\/wp\/v2\/comments?post=9350"}],"version-history":[{"count":1,"href":"https:\/\/maybeless-sugar.ch\/sq\/wp-json\/wp\/v2\/pages\/9350\/revisions"}],"predecessor-version":[{"id":9352,"href":"https:\/\/maybeless-sugar.ch\/sq\/wp-json\/wp\/v2\/pages\/9350\/revisions\/9352"}],"wp:attachment":[{"href":"https:\/\/maybeless-sugar.ch\/sq\/wp-json\/wp\/v2\/media?parent=9350"}],"curies":[{"name":"wp","href":"https:\/\/api.w.org\/{rel}","templated":true}]}}